{"id":903,"date":"2022-12-19T07:06:01","date_gmt":"2022-12-19T07:06:01","guid":{"rendered":"https:\/\/westmodernclinic.com\/?page_id=903"},"modified":"2023-09-04T09:37:35","modified_gmt":"2023-09-04T09:37:35","slug":"misyon-vizyon","status":"publish","type":"page","link":"https:\/\/westmodernclinic.com\/tr\/misyon-vizyon\/","title":{"rendered":"Misyon &#8211; Vizyon"},"content":{"rendered":"<div class=\"wpb-content-wrapper\"><p>[vc_row pix_particles_check=&#8221;&#8221; el_class=&#8221;sayfa about-us-text metin-edit&#8221;][vc_column][vc_column_text]<\/p>\n<h2><strong>Misyonumuz<\/strong><\/h2>\n<p><strong>WestModern Klinik<\/strong> olarak misyonumuz, t\u0131bbi etik de\u011ferlere k\u0131ymet vererek hasta memnuniyetini en \u00fcst seviyede tutmakt\u0131r. Klini\u011fimizde sundu\u011fumuz t\u00fcm sa\u011fl\u0131k hizmetlerimizde her zaman etik davran\u0131\u015flarda bulunuyoruz. Bizler i\u00e7in \u00f6nemli olan hastalar\u0131m\u0131z\u0131n sonsuz memnuniyetidir. Dolay\u0131s\u0131yla tedavilerimizi uygularken hastalar\u0131m\u0131z\u0131 riske atacak t\u00fcrden faaliyetlerden kesinlikle ka\u00e7\u0131n\u0131yoruz.<\/p>\n<p>Hem T\u00fcrkiye\u2019de hem de yurtd\u0131\u015f\u0131nda bulunan hastalar\u0131m\u0131za e\u015fit derecede kaliteli ve g\u00fcvenilir sa\u011fl\u0131k hizmeti sunuyoruz. <strong>Estetik cerrahi<\/strong> s\u00f6z konusu oldu\u011funda her daim tedavinin sebeplerini ve tedavi sonras\u0131 en yak\u0131n sonu\u00e7lar\u0131 hastalar\u0131m\u0131z ile payla\u015f\u0131yoruz.<\/p>\n<h3>WestModern Klinik Memnuniyeti<\/h3>\n<p><strong>Sa\u00e7 ekimi<\/strong>, a\u011f\u0131z ve di\u015f sa\u011fl\u0131\u011f\u0131 ve di\u011fer t\u00fcm estetik prosed\u00fcrlerde hastalar\u0131m\u0131z\u0131n ihtiya\u00e7lar\u0131na y\u00f6nelik ki\u015fisel tedavi planlar\u0131 olu\u015fturuyoruz. <strong>Burun esteti\u011fi<\/strong> ve obezite ile alakal\u0131 prosed\u00fcrlerde tedaviden sonra olu\u015fmas\u0131 muhtemel t\u00fcm riskleri \u00f6nceden ifade ediyoruz. Hastalar\u0131m\u0131z\u0131n tedaviden sonra memnuniyetlerini s\u00fcrd\u00fcrmeleri i\u00e7in gerekli olan t\u00fcm \u00f6nlemleri al\u0131yoruz.<\/p>\n<p><strong>WestModern Klinik<\/strong> olarak bizler, hem yurti\u00e7indeki hem de yurtd\u0131\u015f\u0131ndaki t\u00fcm hastalar\u0131m\u0131za e\u015fit davran\u0131\u015flarda bulunuyoruz. Gerek maddi gerekse manevi y\u00f6nden hastalar\u0131m\u0131z\u0131 her daim etik de\u011ferler i\u00e7erisinde tedavi etmeyi tercih ediyoruz.<\/p>\n<p>Bizim i\u00e7in \u00f6ncelik her zaman hasta memnuniyeti olmu\u015ftur. Klini\u011fimizin kuruldu\u011fu g\u00fcnden bug\u00fcne dek memnuniyet ilkesinden tek bir g\u00fcn dahi vazge\u00e7mi\u015f de\u011filiz. Hasta memnuniyeti, bizim en \u00f6nemli misyonlar\u0131m\u0131z\u0131nda biridir. Hem misyonumuzda hem de vizyonumuzda hasta memnuniyetinin yeri ilk s\u0131rad\u0131r.<\/p>\n<h3><span lang=\"tr\">WestModern Klinik Misyonlar\u0131<\/span><\/h3>\n<p><strong>WestModern Klinik<\/strong> olarak bizler a\u015fa\u011f\u0131daki de\u011ferleri kendimize misyon etmi\u015f bulunuyoruz. Bu de\u011ferlerimiz sayesinde hastalar\u0131m\u0131z\u0131n klini\u011fimizden memnun ayr\u0131lmas\u0131n\u0131 garanti ediyoruz. \u0130\u015fte, klini\u011fimizin misyon edindi\u011fi ba\u015fl\u0131ca de\u011ferler:<\/p>\n<ul>\n<li>Hasta memnuniyeti ve g\u00fcvenilir sa\u011fl\u0131k hizmetleri<\/li>\n<li>Kaliteli sa\u011fl\u0131k hizmeti garantisi<\/li>\n<li>G\u00fcvenilir \u00e7al\u0131\u015fma ve hizmet alan\u0131<\/li>\n<li>T\u0131bbi etik kurallara %100 ba\u011fl\u0131l\u0131k<\/li>\n<li>Hasta haklar\u0131na sayg\u0131<\/li>\n<li>\u00c7al\u0131\u015fan haklar\u0131na sayg\u0131<\/li>\n<li>Yeniliklere her daim a\u00e7\u0131k olmak<\/li>\n<li>T\u0131bbi teknolojileri deneyimlemek ve gerekti\u011fi alanda kullanmak<\/li>\n<li>Yeni tedavi y\u00f6ntemlerini yak\u0131ndan takip etmek<\/li>\n<li>Estetik alan\u0131nda her daim geli\u015fme g\u00f6stermeye \u00e7al\u0131\u015fmak<\/li>\n<li>\u0130nsani de\u011ferleri \u00f6nemsemek ve her \u015feyden \u00fcst\u00fcn tutmak<\/li>\n<li>Maddi kayg\u0131lardan ziyade manevi kayg\u0131lar\u0131 \u00f6n planda tutmak<\/li>\n<\/ul>\n<h2><strong>Vizyonumuz<\/strong><\/h2>\n<p>WestModern Klinik olarak vizyonumuz, her zaman sa\u011fl\u0131k alan\u0131nda en iyisini hedeflemektir. Bunun i\u00e7in de klinik olarak t\u0131bbi alandaki t\u00fcm yenilikleri yak\u0131ndan takip ediyoruz. Yenilikleri yak\u0131nen takip etmek ve sundu\u011fumuz hizmetleri yeni t\u0131bbi teknolojiler ile tan\u0131\u015ft\u0131rmak bizim hem vizyonumuzda hem de misyonumuzda yer almaktad\u0131r.<\/p>\n<p>S\u00f6z konusu estetik cerrahi oldu\u011funda akla gelen bir klinik olarak bizler, t\u0131p d\u00fcnyas\u0131nda her daim en iyisini hedefliyoruz. Etik \u00e7er\u00e7eveye uygun olarak y\u00fcr\u00fctt\u00fc\u011f\u00fcm\u00fcz sa\u011fl\u0131k hizmetlerimiz ile yak\u0131n zamanda t\u00fcm d\u00fcnyada tan\u0131n\u0131r olmak istiyoruz. Hali haz\u0131rda bulunan uluslararas\u0131 ba\u015far\u0131lar\u0131m\u0131z\u0131 daha da ileri bir seviyeye \u00e7ekmeyi kendimize vizyon belliyoruz.<\/p>\n<h3><span lang=\"tr\">WestModern Klinik ile Gelece\u011fe<\/span><\/h3>\n<p><strong>WestModern Klinik<\/strong> ile t\u0131p d\u00fcnyas\u0131nda kendisine yer edinen en yeni geli\u015fmeleri tan\u0131man\u0131z m\u00fcmk\u00fcnd\u00fcr. T\u0131bbi a\u00e7\u0131dan g\u00fcvenilir ve kan\u0131tlanm\u0131\u015f olan en yeni tedavi tekniklerini hastalar\u0131m\u0131z ile bulu\u015fturuyoruz. \u00d6zellikle de <strong>sa\u00e7 ekimi<\/strong> gibi s\u00fcrekli geli\u015fen alanlarda en iyisini ve en yenisini sizlere sunmak i\u00e7in \u00e7abal\u0131yoruz.<\/p>\n<p>Klini\u011fimizde <strong>burun esteti\u011fi<\/strong> gibi di\u011fer plastik cerrahi alanlar\u0131nda da her zaman en yenilik\u00e7i y\u00f6ntemleri uygulamay\u0131 tercih ediyoruz. Hastalar\u0131m\u0131z\u0131n memnuniyeti ve g\u00fcvenilir sa\u011fl\u0131k hizmeti alabilmesi bizler i\u00e7in \u00e7ok \u00f6nemlidir. Kaliteden asla \u00f6d\u00fcn vermeden ihtiyac\u0131n\u0131z olan t\u00fcm tedavi tekniklerini sizlere sunuyoruz.<\/p>\n<p><strong>WestModern Klinik<\/strong>, gerek cerrahi gerekse de cerrahi i\u015flem gerektirmeyen prosed\u00fcrlerde her daim g\u00fcvenilir bir \u00e7izgide ilerlemektedir. A\u011f\u0131z ve di\u015f sa\u011fl\u0131\u011f\u0131 gibi \u00f6nemli noktalarda da geli\u015fmi\u015f t\u00fcm t\u0131bbi teknolojileri sizlerle bulu\u015fturmaya gayret ediyoruz.<\/p>\n<h3>WestModern Klini\u2019in \u00d6nc\u00fc Vizyonu<\/h3>\n<p><strong>WestModern Klinik<\/strong>, hem ulusal hem de uluslararas\u0131 pop\u00fclerli\u011fe sahip estetik kliniklerinden biridir. Her hastaya e\u015fit ve g\u00fcvenilir hizmet veren klini\u011fimizde her daim geli\u015fime ve yenili\u011fe a\u00e7\u0131k olan hekimler g\u00f6rev yapmaktad\u0131r. T\u0131bbi de\u011ferlerden vazge\u00e7meden verdi\u011fimiz sa\u011fl\u0131k hizmetlerinde her zaman en iyisini hedefliyoruz ve hedeflemeye de devam edece\u011fiz.<\/p>\n<p>S\u00f6z konusu estetik kayg\u0131lar\u0131n\u0131z oldu\u011funda bizim yenilik\u00e7i tedavi metotlar\u0131m\u0131zdan faydalanabilirsiniz. Kan\u0131tlanm\u0131\u015f, ba\u015far\u0131l\u0131, kaliteli ve %100 g\u00fcvenilir sa\u011fl\u0131k hizmetleri ile her daim size hizmet vermeye devam edece\u011fiz.[\/vc_column_text][\/vc_column][\/vc_row]<\/p>\n<\/div>","protected":false},"excerpt":{"rendered":"<p>[vc_row pix_particles_check=&#8221;&#8221; el_class=&#8221;sayfa about-us-text metin-edit&#8221;][vc_column][vc_column_text] Misyonumuz WestModern Klinik olarak misyonumuz, t\u0131bbi etik de\u011ferlere k\u0131ymet vererek hasta memnuniyetini en \u00fcst seviyede tutmakt\u0131r. Klini\u011fimizde sundu\u011fumuz t\u00fcm sa\u011fl\u0131k hizmetlerimizde her zaman etik davran\u0131\u015flarda bulunuyoruz. Bizler i\u00e7in \u00f6nemli olan hastalar\u0131m\u0131z\u0131n sonsuz memnuniyetidir. Dolay\u0131s\u0131yla tedavilerimizi&#8230;<\/p>\n","protected":false},"author":1,"featured_media":0,"parent":0,"menu_order":0,"comment_status":"closed","ping_status":"closed","template":"","meta":{"inline_featured_image":false,"footnotes":""},"class_list":["post-903","page","type-page","status-publish","hentry"],"_links":{"self":[{"href":"https:\/\/westmodernclinic.com\/tr\/wp-json\/wp\/v2\/pages\/903","targetHints":{"allow":["GET"]}}],"collection":[{"href":"https:\/\/westmodernclinic.com\/tr\/wp-json\/wp\/v2\/pages"}],"about":[{"href":"https:\/\/westmodernclinic.com\/tr\/wp-json\/wp\/v2\/types\/page"}],"author":[{"embeddable":true,"href":"https:\/\/westmodernclinic.com\/tr\/wp-json\/wp\/v2\/users\/1"}],"replies":[{"embeddable":true,"href":"https:\/\/westmodernclinic.com\/tr\/wp-json\/wp\/v2\/comments?post=903"}],"version-history":[{"count":8,"href":"https:\/\/westmodernclinic.com\/tr\/wp-json\/wp\/v2\/pages\/903\/revisions"}],"predecessor-version":[{"id":2044,"href":"https:\/\/westmodernclinic.com\/tr\/wp-json\/wp\/v2\/pages\/903\/revisions\/2044"}],"wp:attachment":[{"href":"https:\/\/westmodernclinic.com\/tr\/wp-json\/wp\/v2\/media?parent=903"}],"curies":[{"name":"wp","href":"https:\/\/api.w.org\/{rel}","templated":true}]}}