{"id":2629,"date":"2024-01-25T19:34:20","date_gmt":"2024-01-25T19:34:20","guid":{"rendered":"https:\/\/westmodernclinic.com\/graft-calculation-tool\/"},"modified":"2024-01-25T19:56:27","modified_gmt":"2024-01-25T19:56:27","slug":"greft-hesaplama-araci","status":"publish","type":"page","link":"https:\/\/westmodernclinic.com\/tr\/greft-hesaplama-araci\/","title":{"rendered":"Greft Hesaplama Arac\u0131"},"content":{"rendered":"<div class=\"wpb-content-wrapper\"><p>[vc_row pix_particles_check=&#8221;&#8221;][vc_column][vc_column_text]<\/p>\n<p data-sourcepos=\"24:1-24:263\">Sa\u00e7 ekimi, g\u00fcn\u00fcm\u00fczde sa\u00e7 d\u00f6k\u00fclmesi sorununu \u00e7\u00f6zmek i\u00e7in en yayg\u0131n kullan\u0131lan y\u00f6ntemlerden biridir. Sa\u00e7 ekimi yapt\u0131rmak isteyen ki\u015filerin, ihtiya\u00e7 duyduklar\u0131 greft say\u0131s\u0131n\u0131 do\u011fru bir \u015fekilde hesaplamalar\u0131 \u00f6nemlidir. Bu, sa\u00e7 ekiminin ba\u015far\u0131s\u0131 i\u00e7in b\u00fcy\u00fck \u00f6nem ta\u015f\u0131r.<\/p>\n<p data-sourcepos=\"26:1-26:293\">Greft hesaplama i\u015flemi, sa\u00e7 ekimi uzmanlar\u0131 taraf\u0131ndan yap\u0131labilece\u011fi gibi, online olarak da yap\u0131labilir. <strong>Online greft hesaplama arac\u0131<\/strong>, kullan\u0131c\u0131lar\u0131n sa\u00e7 d\u00f6k\u00fclmesini g\u00f6steren foto\u011fraflar\u0131n\u0131 y\u00fcklemelerini ve gerekli bilgileri girmelerini sa\u011flayarak, ihtiya\u00e7 duyulan greft say\u0131s\u0131n\u0131 hesaplar.<\/p>\n<p data-sourcepos=\"28:1-28:211\"><strong>WestModern Clinic<\/strong>&#8216;in greft hesaplama arac\u0131, sa\u00e7 d\u00f6k\u00fclmesini g\u00f6steren foto\u011fraflar\u0131n\u0131z\u0131 y\u00fcklemenize ve gerekli bilgileri girmenize gerek kalmadan, ihtiya\u00e7 duyulan greft say\u0131s\u0131n\u0131 h\u0131zl\u0131 ve kolay bir \u015fekilde hesaplar.<\/p>\n<p>[\/vc_column_text][vc_column_text]<iframe loading=\"lazy\" style=\"width: 100%; height: 1200px; border: none;\" src=\"https:\/\/westmodernclinic.com\/greft-hesap\/indextr.html\" width=\"300\" height=\"150\"><\/iframe>[\/vc_column_text][\/vc_column][\/vc_row]<\/p>\n<\/div>","protected":false},"excerpt":{"rendered":"<p>[vc_row pix_particles_check=&#8221;&#8221;][vc_column][vc_column_text] Sa\u00e7 ekimi, g\u00fcn\u00fcm\u00fczde sa\u00e7 d\u00f6k\u00fclmesi sorununu \u00e7\u00f6zmek i\u00e7in en yayg\u0131n kullan\u0131lan y\u00f6ntemlerden biridir. Sa\u00e7 ekimi yapt\u0131rmak isteyen ki\u015filerin, ihtiya\u00e7 duyduklar\u0131 greft say\u0131s\u0131n\u0131 do\u011fru bir \u015fekilde hesaplamalar\u0131 \u00f6nemlidir. Bu, sa\u00e7 ekiminin ba\u015far\u0131s\u0131 i\u00e7in b\u00fcy\u00fck \u00f6nem ta\u015f\u0131r. Greft hesaplama i\u015flemi,&#8230;<\/p>\n","protected":false},"author":1,"featured_media":0,"parent":0,"menu_order":0,"comment_status":"closed","ping_status":"closed","template":"","meta":{"inline_featured_image":false,"footnotes":""},"class_list":["post-2629","page","type-page","status-publish","hentry"],"_links":{"self":[{"href":"https:\/\/westmodernclinic.com\/tr\/wp-json\/wp\/v2\/pages\/2629","targetHints":{"allow":["GET"]}}],"collection":[{"href":"https:\/\/westmodernclinic.com\/tr\/wp-json\/wp\/v2\/pages"}],"about":[{"href":"https:\/\/westmodernclinic.com\/tr\/wp-json\/wp\/v2\/types\/page"}],"author":[{"embeddable":true,"href":"https:\/\/westmodernclinic.com\/tr\/wp-json\/wp\/v2\/users\/1"}],"replies":[{"embeddable":true,"href":"https:\/\/westmodernclinic.com\/tr\/wp-json\/wp\/v2\/comments?post=2629"}],"version-history":[{"count":3,"href":"https:\/\/westmodernclinic.com\/tr\/wp-json\/wp\/v2\/pages\/2629\/revisions"}],"predecessor-version":[{"id":2633,"href":"https:\/\/westmodernclinic.com\/tr\/wp-json\/wp\/v2\/pages\/2629\/revisions\/2633"}],"wp:attachment":[{"href":"https:\/\/westmodernclinic.com\/tr\/wp-json\/wp\/v2\/media?parent=2629"}],"curies":[{"name":"wp","href":"https:\/\/api.w.org\/{rel}","templated":true}]}}