{"id":241,"date":"2022-11-06T12:24:41","date_gmt":"2022-11-06T12:24:41","guid":{"rendered":"https:\/\/westmodernclinic.com\/our-services\/"},"modified":"2022-12-19T06:18:19","modified_gmt":"2022-12-19T06:18:19","slug":"hizmetlerimiz","status":"publish","type":"page","link":"https:\/\/westmodernclinic.com\/tr\/hizmetlerimiz\/","title":{"rendered":"Hizmetlerimiz"},"content":{"rendered":"<div class=\"wpb-content-wrapper\"><p>[vc_section full_width=&#8221;stretch_row&#8221; pix_over_visibility=&#8221;&#8221; responsive_css=&#8221;{&#8220;pix_res_sm_pb&#8220;:&#8220;20&#8220;,&#8220;pix_res_md_pb&#8220;:&#8220;20&#8220;}&#8221; css=&#8221;.vc_custom_1671425749357{padding-top: 60px !important;padding-bottom: 60px !important;background-color: #f8f9fa !important;border-radius: 10px !important;}&#8221; el_id=&#8221;pix_section_services&#8221; el_class=&#8221;service-height-auto&#8221;][vc_row pix_particles_check=&#8221;&#8221; responsive_css=&#8221;{&#8220;pix_res_sm_pb&#8220;:&#8220;40&#8220;,&#8220;pix_res_md_pb&#8220;:&#8220;40&#8220;}&#8221; css=&#8221;.vc_custom_1671425398425{padding-bottom: 50px !important;}&#8221;][vc_column]<div class=\"pix-element-div w-100 text-center\"><span class=\"pix-badge-element h6 d-inline-flex mr-1 animate-in\" data-anim-type=\"fade-in-up\" data-anim-delay=\"0\"><span class=\"badge font-weight-bold secondary-font  bg-primary  vc_custom_1671424808990  \" style=\" \"><span class=\"text-white\" style=\"\">WestModern Clinic<\/span><\/span><\/span><\/div><div id=\"el1603925735052-9e8ebf61-2524\" class=\"pix-highlighted-element text-center  vc_custom_1671425008182\"><div class=\"d-inline-block\" style=\"max-width:600px;\"><h2 class=\"pix-highlighted-items \" style=\"\" data-anim-type=\"\" data-anim-delay=\"0\"><span id=\"el1603925735052-9e8ebf61-2524-0\"  class=\"\"><span   class=\"pix-highlighted-text  pix-highlight-item font-weight-normal  heading-font text-heading-default\">M\u00fc\u015fterilerimize <\/span><\/span><span id=\"el1603925735052-9e8ebf61-2524-1\"  class=\"\"><span   class=\"pix-highlighted-text  pix-highlight-item font-weight-normal  font-weight-bold heading-font text-primary\">Sa\u011flad\u0131\u011f\u0131m\u0131z<\/span><\/span><span id=\"el1603925735052-9e8ebf61-2524-2\"  class=\"\"><span   class=\"pix-highlighted-text  pix-highlight-item font-weight-normal  heading-font text-heading-default\"> Hizmetler<\/span><\/span><\/h2><\/div><\/div>[\/vc_column][\/vc_row][vc_row pix_particles_check=&#8221;&#8221;][vc_column width=&#8221;1\/3&#8243;]<a   href=\"\/tr\/sac-ekimi\/\" class=\" fly\"><div class=\"card   vc_custom_1671425044254  rounded-lg  overflow-hidden shadow-sm shadow-hover fly-sm animate-in \" data-anim-delay=\"100\" data-anim-type=\"fade-in-up\"><img decoding=\"async\" class=\"w-100\"   srcset=\"https:\/\/westmodernclinic.com\/wp-content\/uploads\/2022\/12\/Sac-Ekimi-300x169.jpg 300w, https:\/\/westmodernclinic.com\/wp-content\/uploads\/2022\/12\/Sac-Ekimi-1024x576.jpg 1024w, https:\/\/westmodernclinic.com\/wp-content\/uploads\/2022\/12\/Sac-Ekimi-768x432.jpg 768w, https:\/\/westmodernclinic.com\/wp-content\/uploads\/2022\/12\/Sac-Ekimi.jpg 1060w\" src=\"https:\/\/westmodernclinic.com\/wp-content\/uploads\/2022\/12\/Sac-Ekimi.jpg\" alt=\"Sa\u00e7 Ekimi\"><div class=\"pix-card-content bg-white\"><div class=\"card-body\"><div class=\"d-flex justify-content-between align-items-center font-weight-bold text-heading-default h6 heading-font\"><div style=\"\" class=\"card-title mb-0 font-weight-bold text-heading-default h6 heading-font\">Sa\u00e7 Ekimi<\/div><div style=\"\" class=\"font-weight-bold text-heading-default\"><svg class=\"pixfort-icon \" width=\"24\" height=\"24\"  data-name=\"Line\/pixfort-icon-arrow-right-2\" viewBox=\"2 2 20 20\"><polyline fill=\"none\" stroke=\"var(--pf-icon-color)\" stroke-linecap=\"round\" stroke-linejoin=\"round\" stroke-width=\"var(--pf-icon-stroke-width)\" points=\"9.5 17 14.5 12 9.5 7\"\/><\/svg><\/div><\/div><\/div><\/div><\/div><\/a>[\/vc_column][vc_column width=&#8221;1\/3&#8243; content_align=&#8221;text-center&#8221;]<a   href=\"\/tr\/dis-tedavisi\/\" class=\" fly\"><div class=\"card   vc_custom_1671425074428  rounded-lg  overflow-hidden shadow-sm shadow-hover fly-sm animate-in \" data-anim-delay=\"200\" data-anim-type=\"fade-in-up\"><img decoding=\"async\" class=\"w-100\"   srcset=\"https:\/\/westmodernclinic.com\/wp-content\/uploads\/2022\/12\/Dis-Tedavisi-300x200.jpg 300w, https:\/\/westmodernclinic.com\/wp-content\/uploads\/2022\/12\/Dis-Tedavisi-1024x683.jpg 1024w, https:\/\/westmodernclinic.com\/wp-content\/uploads\/2022\/12\/Dis-Tedavisi-768x512.jpg 768w, https:\/\/westmodernclinic.com\/wp-content\/uploads\/2022\/12\/Dis-Tedavisi.jpg 1060w\" src=\"https:\/\/westmodernclinic.com\/wp-content\/uploads\/2022\/12\/Dis-Tedavisi.jpg\" alt=\"Di\u015f Tedavisi\"><div class=\"pix-card-content bg-white\"><div class=\"card-body\"><div class=\"d-flex justify-content-between align-items-center font-weight-bold text-heading-default h6 heading-font\"><div style=\"\" class=\"card-title mb-0 font-weight-bold text-heading-default h6 heading-font\">Di\u015f Tedavisi<\/div><div style=\"\" class=\"font-weight-bold text-heading-default\"><svg class=\"pixfort-icon \" width=\"24\" height=\"24\"  data-name=\"Line\/pixfort-icon-arrow-right-2\" viewBox=\"2 2 20 20\"><polyline fill=\"none\" stroke=\"var(--pf-icon-color)\" stroke-linecap=\"round\" stroke-linejoin=\"round\" stroke-width=\"var(--pf-icon-stroke-width)\" points=\"9.5 17 14.5 12 9.5 7\"\/><\/svg><\/div><\/div><\/div><\/div><\/div><\/a>[\/vc_column][vc_column width=&#8221;1\/3&#8243;]<a   href=\"\/tr\/estetik-ameliyatlar\/\" class=\" fly\"><div class=\"card   vc_custom_1671425094600  rounded-lg  overflow-hidden shadow-sm shadow-hover fly-sm animate-in \" data-anim-delay=\"300\" data-anim-type=\"fade-in-up\"><img decoding=\"async\" class=\"w-100\"   srcset=\"https:\/\/westmodernclinic.com\/wp-content\/uploads\/2022\/12\/Estetik-Ameliyatlar-300x200.jpg 300w, https:\/\/westmodernclinic.com\/wp-content\/uploads\/2022\/12\/Estetik-Ameliyatlar-1024x683.jpg 1024w, https:\/\/westmodernclinic.com\/wp-content\/uploads\/2022\/12\/Estetik-Ameliyatlar-768x512.jpg 768w, https:\/\/westmodernclinic.com\/wp-content\/uploads\/2022\/12\/Estetik-Ameliyatlar.jpg 1060w\" src=\"https:\/\/westmodernclinic.com\/wp-content\/uploads\/2022\/12\/Estetik-Ameliyatlar.jpg\" alt=\"Estetik Ameliyatlar\"><div class=\"pix-card-content bg-white\"><div class=\"card-body\"><div class=\"d-flex justify-content-between align-items-center font-weight-bold text-heading-default h6 heading-font\"><div style=\"\" class=\"card-title mb-0 font-weight-bold text-heading-default h6 heading-font\">Estetik Ameliyatlar<\/div><div style=\"\" class=\"font-weight-bold text-heading-default\"><svg class=\"pixfort-icon \" width=\"24\" height=\"24\"  data-name=\"Line\/pixfort-icon-arrow-right-2\" viewBox=\"2 2 20 20\"><polyline fill=\"none\" stroke=\"var(--pf-icon-color)\" stroke-linecap=\"round\" stroke-linejoin=\"round\" stroke-width=\"var(--pf-icon-stroke-width)\" points=\"9.5 17 14.5 12 9.5 7\"\/><\/svg><\/div><\/div><\/div><\/div><\/div><\/a>[\/vc_column][\/vc_row][vc_row pix_particles_check=&#8221;&#8221;][vc_column width=&#8221;1\/3&#8243;]<a   href=\"\/tr\/burun-ameliyatlari\/\" class=\" fly\"><div class=\"card   vc_custom_1671425117126  rounded-lg  overflow-hidden shadow-sm shadow-hover fly-sm animate-in \" data-anim-delay=\"100\" data-anim-type=\"fade-in-up\"><img decoding=\"async\" class=\"w-100\"   srcset=\"https:\/\/westmodernclinic.com\/wp-content\/uploads\/2022\/12\/Burun-Ameliyatlari-300x180.jpg 300w, https:\/\/westmodernclinic.com\/wp-content\/uploads\/2022\/12\/Burun-Ameliyatlari-1024x614.jpg 1024w, https:\/\/westmodernclinic.com\/wp-content\/uploads\/2022\/12\/Burun-Ameliyatlari-768x461.jpg 768w, https:\/\/westmodernclinic.com\/wp-content\/uploads\/2022\/12\/Burun-Ameliyatlari.jpg 1060w\" src=\"https:\/\/westmodernclinic.com\/wp-content\/uploads\/2022\/12\/Burun-Ameliyatlari.jpg\" alt=\"Burun Ameliyatlar\u0131\"><div class=\"pix-card-content bg-white\"><div class=\"card-body\"><div class=\"d-flex justify-content-between align-items-center font-weight-bold text-heading-default h6 heading-font\"><div style=\"\" class=\"card-title mb-0 font-weight-bold text-heading-default h6 heading-font\">Burun Ameliyatlar\u0131<\/div><div style=\"\" class=\"font-weight-bold text-heading-default\"><svg class=\"pixfort-icon \" width=\"24\" height=\"24\"  data-name=\"Line\/pixfort-icon-arrow-right-2\" viewBox=\"2 2 20 20\"><polyline fill=\"none\" stroke=\"var(--pf-icon-color)\" stroke-linecap=\"round\" stroke-linejoin=\"round\" stroke-width=\"var(--pf-icon-stroke-width)\" points=\"9.5 17 14.5 12 9.5 7\"\/><\/svg><\/div><\/div><\/div><\/div><\/div><\/a>[\/vc_column][vc_column width=&#8221;1\/3&#8243; content_align=&#8221;text-center&#8221;]<a   href=\"\/tr\/obezite-ameliyatlari\/\" class=\" fly\"><div class=\"card   vc_custom_1671425149050  rounded-lg  overflow-hidden shadow-sm shadow-hover fly-sm animate-in \" data-anim-delay=\"200\" data-anim-type=\"fade-in-up\"><img decoding=\"async\" class=\"w-100\"   srcset=\"https:\/\/westmodernclinic.com\/wp-content\/uploads\/2022\/12\/Obezite-Ameliyatlari-300x157.jpg 300w, https:\/\/westmodernclinic.com\/wp-content\/uploads\/2022\/12\/Obezite-Ameliyatlari-1024x536.jpg 1024w, https:\/\/westmodernclinic.com\/wp-content\/uploads\/2022\/12\/Obezite-Ameliyatlari-768x402.jpg 768w, https:\/\/westmodernclinic.com\/wp-content\/uploads\/2022\/12\/Obezite-Ameliyatlari.jpg 1060w\" src=\"https:\/\/westmodernclinic.com\/wp-content\/uploads\/2022\/12\/Obezite-Ameliyatlari.jpg\" alt=\"Obezite Ameliyatlar\u0131\"><div class=\"pix-card-content bg-white\"><div class=\"card-body\"><div class=\"d-flex justify-content-between align-items-center font-weight-bold text-heading-default h6 heading-font\"><div style=\"\" class=\"card-title mb-0 font-weight-bold text-heading-default h6 heading-font\">Obezite Ameliyatlar\u0131<\/div><div style=\"\" class=\"font-weight-bold text-heading-default\"><svg class=\"pixfort-icon \" width=\"24\" height=\"24\"  data-name=\"Line\/pixfort-icon-arrow-right-2\" viewBox=\"2 2 20 20\"><polyline fill=\"none\" stroke=\"var(--pf-icon-color)\" stroke-linecap=\"round\" stroke-linejoin=\"round\" stroke-width=\"var(--pf-icon-stroke-width)\" points=\"9.5 17 14.5 12 9.5 7\"\/><\/svg><\/div><\/div><\/div><\/div><\/div><\/a>[\/vc_column][\/vc_row][\/vc_section][vc_row pix_particles_check=&#8221;&#8221; el_class=&#8221;metin-edit&#8221;][vc_column][vc_column_text]<strong>West Modern Klinik<\/strong>, estetik kayg\u0131lar\u0131 bulunan ki\u015filere ya da tamamen sa\u011fl\u0131ksal nedenlerden dolay\u0131 estetik uygulamalar\u0131n\u0131 tercih edenlere hizmet sa\u011fl\u0131yor. S\u00f6z konusu sa\u011fl\u0131k hizmetleri oldu\u011funda klini\u011fimiz estetik, sa\u00e7 ekimi ve di\u015f sa\u011fl\u0131\u011f\u0131 kapsam\u0131nda hastalar\u0131m\u0131za tedavi imkanlar\u0131 sunuyor. <strong>Estetik cerrahi<\/strong> i\u015flemlerinde uzman hekimlerle \u00e7al\u0131\u015fan klini\u011fimiz, hem yurti\u00e7inde hem de yurtd\u0131\u015f\u0131nda sayg\u0131n bir konumda bulunuyor.<\/p>\n<h2>West Modern Klinik Sa\u011fl\u0131k Kaliteli Sa\u011fl\u0131k Hizmetleri<\/h2>\n<p><strong>West Modern Klinik<\/strong>, donan\u0131ml\u0131 sa\u011fl\u0131k hizmetleri ile her daim en yeni tedavi metotlar\u0131n\u0131 sunan bir kliniktir. Kan\u0131tlanm\u0131\u015f, ba\u015far\u0131l\u0131, kaliteli ve g\u00fcvenilir sa\u011fl\u0131k hizmetleri i\u00e7in klini\u011fimize ba\u015fvurabilirsiniz. Hizmet kalitesinden asla \u00f6d\u00fcn vermeyen klini\u011fimizde alanlar\u0131nda uzmanla\u015fm\u0131\u015f olan donan\u0131ml\u0131 hekimler yer almaktad\u0131r.<\/p>\n<p>Uzman hekim kadrosunu se\u00e7erken ince eleyip s\u0131k dokuyan klini\u011fimizde tedaviniz %100 ba\u015far\u0131 oran\u0131 ile ger\u00e7ekle\u015ftirilecektir. \u00dcstelik klini\u011fimizde sa\u011flad\u0131\u011f\u0131m\u0131z t\u00fcm estetik tedavilerde her daim y\u00fcksek t\u0131bbi etik de\u011ferleri ile hizmet veriyoruz. \u00d6nceli\u011fimiz her zaman hastalar\u0131m\u0131z\u0131n memnuniyetidir. Bunu sa\u011flamak i\u00e7in de hastalar\u0131m\u0131z\u0131n t\u00fcm gereksinimlerine yan\u0131t veriyoruz.<\/p>\n<h3>West Modern Klinik Sa\u011fl\u0131k Hizmetleri<\/h3>\n<p><strong>West Modern Klinik<\/strong> taraf\u0131ndan verilen sa\u011fl\u0131k hizmetleri estetik prosed\u00fcrleri kapsar. Buna ek olarak sa\u00e7 ekimi ve a\u011f\u0131z ve di\u015f sa\u011fl\u0131\u011f\u0131na y\u00f6nelik de klini\u011fimizin sundu\u011fu tedavi imkanlar\u0131ndan faydalanman\u0131z m\u00fcmk\u00fcnd\u00fcr. Obezite problemi ile sava\u015fmak durumunda kald\u0131\u011f\u0131n\u0131zda bu sorunu yenebilmek i\u00e7in de klini\u011fimize ba\u015fvurabilirsiniz.<\/p>\n<p>Klini\u011fimiz ile ileti\u015fime ge\u00e7erek hizmetlerimiz hakk\u0131nda geni\u015f kapsaml\u0131 bilgi sahibi olabilirsiniz. Tedavilerimiz i\u00e7in uygun aday olup olmad\u0131\u011f\u0131n\u0131za uzman hekimlerimizin g\u00f6r\u00fc\u015fleri do\u011frultusunda karar veriyoruz. Hayat\u0131n\u0131z\u0131 riske atacak ba\u015far\u0131 oran\u0131 d\u00fc\u015f\u00fck olan prosed\u00fcrleri uygulamay\u0131 kesinlikle reddediyoruz.[\/vc_column_text][\/vc_column][\/vc_row]<\/p>\n<\/div>","protected":false},"excerpt":{"rendered":"<p>[vc_section full_width=&#8221;stretch_row&#8221; pix_over_visibility=&#8221;&#8221; responsive_css=&#8221;{&#8220;pix_res_sm_pb&#8220;:&#8220;20&#8220;,&#8220;pix_res_md_pb&#8220;:&#8220;20&#8220;}&#8221; css=&#8221;.vc_custom_1671425749357{padding-top: 60px !important;padding-bottom: 60px !important;background-color: #f8f9fa !important;border-radius: 10px !important;}&#8221; el_id=&#8221;pix_section_services&#8221; el_class=&#8221;service-height-auto&#8221;][vc_row pix_particles_check=&#8221;&#8221; responsive_css=&#8221;{&#8220;pix_res_sm_pb&#8220;:&#8220;40&#8220;,&#8220;pix_res_md_pb&#8220;:&#8220;40&#8220;}&#8221; css=&#8221;.vc_custom_1671425398425{padding-bottom: 50px !important;}&#8221;][vc_column][\/vc_column][\/vc_row][vc_row pix_particles_check=&#8221;&#8221;][vc_column width=&#8221;1\/3&#8243;][\/vc_column][vc_column width=&#8221;1\/3&#8243; content_align=&#8221;text-center&#8221;][\/vc_column][vc_column width=&#8221;1\/3&#8243;][\/vc_column][\/vc_row][vc_row pix_particles_check=&#8221;&#8221;][vc_column width=&#8221;1\/3&#8243;][\/vc_column][vc_column width=&#8221;1\/3&#8243; content_align=&#8221;text-center&#8221;][\/vc_column][\/vc_row][\/vc_section][vc_row pix_particles_check=&#8221;&#8221; el_class=&#8221;metin-edit&#8221;][vc_column][vc_column_text]West Modern Klinik, estetik kayg\u0131lar\u0131 bulunan ki\u015filere ya da tamamen&#8230;<\/p>\n","protected":false},"author":1,"featured_media":0,"parent":0,"menu_order":0,"comment_status":"closed","ping_status":"closed","template":"","meta":{"inline_featured_image":false,"footnotes":""},"class_list":["post-241","page","type-page","status-publish","hentry"],"_links":{"self":[{"href":"https:\/\/westmodernclinic.com\/tr\/wp-json\/wp\/v2\/pages\/241","targetHints":{"allow":["GET"]}}],"collection":[{"href":"https:\/\/westmodernclinic.com\/tr\/wp-json\/wp\/v2\/pages"}],"about":[{"href":"https:\/\/westmodernclinic.com\/tr\/wp-json\/wp\/v2\/types\/page"}],"author":[{"embeddable":true,"href":"https:\/\/westmodernclinic.com\/tr\/wp-json\/wp\/v2\/users\/1"}],"replies":[{"embeddable":true,"href":"https:\/\/westmodernclinic.com\/tr\/wp-json\/wp\/v2\/comments?post=241"}],"version-history":[{"count":8,"href":"https:\/\/westmodernclinic.com\/tr\/wp-json\/wp\/v2\/pages\/241\/revisions"}],"predecessor-version":[{"id":864,"href":"https:\/\/westmodernclinic.com\/tr\/wp-json\/wp\/v2\/pages\/241\/revisions\/864"}],"wp:attachment":[{"href":"https:\/\/westmodernclinic.com\/tr\/wp-json\/wp\/v2\/media?parent=241"}],"curies":[{"name":"wp","href":"https:\/\/api.w.org\/{rel}","templated":true}]}}