{"id":235,"date":"2022-11-06T16:09:41","date_gmt":"2022-11-06T16:09:41","guid":{"rendered":"https:\/\/westmodernclinic.com\/obezite-ameliyatlari\/sleeve-gastrectomy\/"},"modified":"2022-12-19T04:04:52","modified_gmt":"2022-12-19T04:04:52","slug":"gastrektomi-kolu","status":"publish","type":"page","link":"https:\/\/westmodernclinic.com\/tr\/obezite-ameliyatlari\/gastrektomi-kolu\/","title":{"rendered":"Gastrektomi Kolu"},"content":{"rendered":"<h1><img loading=\"lazy\" decoding=\"async\" class=\"aligncenter size-full wp-image-518\" src=\"https:\/\/westmodernclinic.com\/wp-content\/uploads\/2022\/11\/Gastrektomi-Kolu.jpg\" alt=\"\" width=\"1060\" height=\"596\" srcset=\"https:\/\/westmodernclinic.com\/wp-content\/uploads\/2022\/11\/Gastrektomi-Kolu.jpg 1060w, https:\/\/westmodernclinic.com\/wp-content\/uploads\/2022\/11\/Gastrektomi-Kolu-300x169.jpg 300w, https:\/\/westmodernclinic.com\/wp-content\/uploads\/2022\/11\/Gastrektomi-Kolu-1024x576.jpg 1024w, https:\/\/westmodernclinic.com\/wp-content\/uploads\/2022\/11\/Gastrektomi-Kolu-768x432.jpg 768w\" sizes=\"auto, (max-width: 1060px) 100vw, 1060px\" \/>Gastrektomi Kolu Nedir? Gastrektomi Ameliyat\u0131 Nas\u0131l Yap\u0131l\u0131r?<\/h1>\n<p><strong>Gastrektomi kolu<\/strong> cerrahi bir operasyon olup, son y\u0131llarda \u00e7ok fazla \u00f6ne \u00e7\u0131kan tedavi \u00e7e\u015fitlerimden bir tanesidir. \u00d6zellikle obezite ve mide kanserinin tedavisinde s\u0131kl\u0131kla ba\u015fvurulan bir y\u00f6ntemdir.<\/p>\n<p>Westmodernclinic olarak b\u00fcnyemizde <strong>gastrektomi kolu<\/strong> ba\u015fta olmak \u00fczere daha bir\u00e7ok alanda profesyonel uygulamalar yap\u0131yoruz. Avrupa\u2019daki ba\u015far\u0131m\u0131z\u0131 \u0130stanbul\u2019da a\u00e7t\u0131\u011f\u0131m\u0131z klini\u011fimizde s\u00fcrd\u00fcrmeye devam ediyoruz. Ayr\u0131ca Sizlere kaliteli ve profesyonel hizmet sunman\u0131n gururunu ya\u015farken, gastrektomi ameliyat\u0131 gibi \u00f6nemli bir operasyon i\u00e7in de bize g\u00fcvenebilirsiniz.<\/p>\n<h2>Gastrektomi Kolu Nedir?<\/h2>\n<p><strong>Gastrektomi nedir? <\/strong>Gastrektomi kolu kavram\u0131 g\u00fcn\u00fcm\u00fczde s\u0131kl\u0131kla obezite hastalar\u0131n\u0131n kar\u015f\u0131s\u0131na \u00e7\u0131kan bir tedavi \u00e7e\u015fididir. Riskli bir tedavi oldu\u011fu i\u00e7in mutlaka i\u015finde ba\u015far\u0131l\u0131 olan yerlerde bu operasyon yap\u0131lmal\u0131d\u0131r. Westmodernclinic en ba\u015far\u0131l\u0131 firmalar\u0131n ba\u015f\u0131nda geldi\u011finden g\u00f6n\u00fcl rahatl\u0131\u011f\u0131 ile klini\u011fimizi tercih edebilirsiniz.<\/p>\n<p>Gastrektomi bir t\u00fcr ameliyat olup, bu uygulamada \u00f6nceden midede belirlenen b\u00f6lgenin bir b\u00f6l\u00fcm\u00fc ya da midenin tamam\u0131 al\u0131narak operasyon tamamlan\u0131r. Kilo vermek isteyenlerin bu ameliyata ba\u015fvurmak istemeleri \u00e7ok fazla kilolardan kal\u0131c\u0131 olarak kurtulmak istemelerinden dolay\u0131d\u0131r. <strong>Gastrektomi kolu <\/strong>tamamland\u0131ktan sonra fazla kilolar kal\u0131c\u0131 olarak giderilmi\u015f olur.<\/p>\n<h3>Gastrektomi Kolu \u00c7e\u015fitleri Nelerdir?<\/h3>\n<p><strong>Gastrektomi \u00e7e\u015fitleri <\/strong>ki\u015finin b\u00fcnyesine ve midesinin yap\u0131s\u0131na uygun olarak se\u00e7ilip yap\u0131l\u0131r. Toplamda 3 adet olan gastrektomi kolu \u00e7e\u015fitleri olduk\u00e7a pop\u00fcler olan uygulamalard\u0131r.<\/p>\n<p>Peki, gastrektomi \u00e7e\u015fitleri nelerdir?<\/p>\n<ul>\n<li>Subtotal gastrektomi,<\/li>\n<li>Total gastrektomi<\/li>\n<li>Parsiyel gastrektomi<\/li>\n<li>Sleeve gastrektomi<\/li>\n<\/ul>\n<p>\u00dcstte yer alan gastrektomi isimleri yap\u0131lacak m\u00fcdahaleye g\u00f6re se\u00e7ilerek hastaya anestezi alt\u0131nda uygulan\u0131r. Ayr\u0131ca klini\u011fimizde fazla kilolar\u0131ndan mustarip olan herkes i\u00e7in \u00f6zel hizmet veren birimlerimiz bulunuyor. Sizde fazla kilolar\u0131n\u0131zdan kurtulmak i\u00e7in gastrektomi yapt\u0131rmak istiyorsan\u0131z \u0130stanbul\u2019da bulunan klini\u011fimizi ziyaret edebilirsiniz.<\/p>\n<h3>Subtotal Gastrektomi Nedir?<\/h3>\n<p>Mide t\u00fcm\u00f6r\u00fcnden kaynakl\u0131 olarak mideye yay\u0131lan t\u00fcm\u00f6r\u00fcn tespit edilmesi sonras\u0131 neredeyse midenin tamam\u0131na yak\u0131n\u0131 al\u0131n\u0131r. Mide t\u00fcm\u00f6r\u00fcn\u00fcn k\u00f6t\u00fc huylu oldu\u011fu durumlarda en fazla ba\u015fvurulan bu y\u00f6ntem ile kanserli h\u00fccreler v\u00fccuttan uzakla\u015ft\u0131r\u0131lm\u0131\u015f olur. Midenin iyile\u015fme oran\u0131 bu y\u00f6ntem ile daha y\u00fcksektir.<\/p>\n<p>Subtotal <strong>gastrektomi ameliyat\u0131<\/strong> iki t\u00fcr olup, bu y\u00f6ntemler hastan\u0131n durumuna ve hastal\u0131\u011f\u0131n geli\u015fimine g\u00f6re tercih edilmektedir. Bu ameliyatlardan ilki terap\u00f6tik laparotomi yani a\u00e7\u0131k y\u00f6ntem olup, ikincisi ise laparoskopik yani kapal\u0131 y\u00f6ntemdir. Yaran\u0131n iyile\u015fmesi kapal\u0131 y\u00f6ntemde daha h\u0131zl\u0131, a\u00e7\u0131k da ise \u00e7ok daha uzun oldu\u011fu i\u00e7in b\u00fcy\u00fck dezavantaj sa\u011flar.<\/p>\n<h3>Total Gastrektomi Nedir?<\/h3>\n<p>Total gastrektomi \u00e7ok ciddi bir operasyon olup, midenin tamamen al\u0131nmas\u0131 ile sonu\u00e7lanan bir m\u00fcdahaledir. Mide lenf bezleri ile beraber kar\u0131n b\u00f6lgesinden \u00e7\u0131kart\u0131l\u0131r. \u0130nce ba\u011f\u0131rsaktan yeni bir mide olu\u015fturulur ve yemek borusu ile birle\u015ftirmek i\u00e7in yukar\u0131ya \u00e7ekilir. \u0130\u015flem bu a\u015famadan sonra son bulur ve hasta uzun bir s\u00fcre kontrol alt\u0131nda tutulur.<\/p>\n<h3>Parsiyel Gastrektomi Nedir?<\/h3>\n<p>Parsiyel gastrektomi kolu midenin alt k\u0131sm\u0131n\u0131n \u00e7\u0131kar\u0131lmas\u0131na t\u0131p dilinde verilen isimdir. Daha \u00e7ok mide kanseri tedavisinde ya da obezite tedavisinde bu y\u00f6ntemden yararlan\u0131l\u0131r. \u0130\u015flemi yapacak olan cerrah \u00f6ncelikle kar\u0131n b\u00f6lgesine kesi yapar ve mideye ula\u015f\u0131r. Sonras\u0131nda lenf d\u00fc\u011f\u00fcmleri ile beraber midenin alt k\u0131sm\u0131n\u0131 \u00e7\u0131kar\u0131r.<\/p>\n<p>Parsiyel <strong>gastrektomi kolu<\/strong> s\u0131ras\u0131nda kalan mide \u00fcst k\u0131sma ve sonras\u0131nda ince ba\u011f\u0131rsa\u011fa ba\u011flanarak operasyon sonlan\u0131r. Ameliyat sonras\u0131nda hata kesinlikle g\u00f6zetim alt\u0131nda tutulmal\u0131 ve \u00e7ok iyi bak\u0131lmal\u0131d\u0131r.<\/p>\n<h3>Gastrektomi Sonras\u0131 Beslenme Nas\u0131l Olmal\u0131d\u0131r?<\/h3>\n<p><strong>Gastrektomi kolu ameliyat\u0131<\/strong> sonras\u0131nda beslenmenin nas\u0131l olaca\u011f\u0131 hastalar taraf\u0131ndan en fazla merak edilen konular\u0131n ba\u015f\u0131nda geliyor. \u00c7ok \u00f6nemli ve riskli bir ameliyat oldu\u011fundan dolay\u0131 hangi t\u00fcr yiyeceklerin tercih edilece\u011fi merak edilmektedir.<\/p>\n<p>Gastrektomi sonras\u0131 beslenme nas\u0131l olur?<\/p>\n<ul>\n<li>\u0130lk haftalarda sadece s\u0131v\u0131 ile beslenme olmal\u0131,<\/li>\n<li>Hastan\u0131n durumuna g\u00f6re p\u00fcre tarz\u0131 beslenmeye ge\u00e7ilmeli,<\/li>\n<li>\u0130yile\u015fme artarsa kat\u0131 yiyeceklere ge\u00e7ilmeli,<\/li>\n<li>Y\u00fcksek kalorili g\u0131dalar tercih edilmeli,<\/li>\n<li>Protein a\u00e7\u0131s\u0131ndan zengin olan besinler al\u0131nmal\u0131,<\/li>\n<li>\u015eeker miktar\u0131 \u00e7ok d\u00fc\u015f\u00fck olmal\u0131,<\/li>\n<li>Normal ya\u011f oran\u0131na dikkat edilmeli,<\/li>\n<li>Besinler \u00e7ok iyi \u00e7i\u011fnenmeli ve \u00e7i\u011fnenmeden hi\u00e7bir besin yutulmamal\u0131d\u0131r.<\/li>\n<\/ul>\n<p>\u00dcstte yer alan beslenme gastrektomi sonras\u0131nda uyulmas\u0131 gereken \u00f6nerilerdir. Doktorlar taraf\u0131ndan ameliyat sonras\u0131nda hastalara haz\u0131rlanan programda bu bilgiler yer almaktad\u0131r. Sizde klini\u011fimizde bu \u00f6nemli ameliyat\u0131 olabilir ve k\u0131sa s\u00fcrede sa\u011fl\u0131\u011f\u0131n\u0131za kavu\u015fabilirsiniz.<\/p>\n<h3>Gastrektomi Sonras\u0131 Komplikasyonlar Nelerdir?<\/h3>\n<p>Gastrektomi komplikasyonlar\u0131 belli durumlarda ortaya \u00e7\u0131kabilmektedir. Bu durum hastan\u0131n b\u00fcnyesine ya da hastal\u0131\u011f\u0131n ilerlemesine g\u00f6re kendini g\u00f6steren komplikasyonlard\u0131r.<\/p>\n<p><strong>Gastrektomi kolu komplikasyonlar\u0131<\/strong> i\u00e7in okumaya devam edin:<\/p>\n<ul>\n<li>Kar\u0131n i\u00e7inde apse,<\/li>\n<li>Kanama,<\/li>\n<li>Z\u0131mba hatt\u0131 boyunca s\u0131z\u0131nt\u0131 olu\u015fmas\u0131,<\/li>\n<li>Mide de darl\u0131k ya\u015fanmas\u0131,<\/li>\n<li>Beslenmede yetersizlik ya\u015fanmas\u0131,<\/li>\n<li>Bulant\u0131,<\/li>\n<li>Kusma,<\/li>\n<\/ul>\n<p>\u00dcstte yer alan komplikasyonlar \u00e7ok ciddi olup, kesinlikle ihmal edilmemeli ve tedaviyi ger\u00e7ekle\u015ftiren doktor ile ileti\u015fime ge\u00e7ilmelidir.<\/p>\n","protected":false},"excerpt":{"rendered":"<p>Gastrektomi Kolu Nedir? Gastrektomi Ameliyat\u0131 Nas\u0131l Yap\u0131l\u0131r? Gastrektomi kolu cerrahi bir operasyon olup, son y\u0131llarda \u00e7ok fazla \u00f6ne \u00e7\u0131kan tedavi \u00e7e\u015fitlerimden bir tanesidir. \u00d6zellikle obezite ve mide kanserinin tedavisinde s\u0131kl\u0131kla ba\u015fvurulan bir y\u00f6ntemdir. Westmodernclinic olarak b\u00fcnyemizde gastrektomi kolu ba\u015fta olmak&#8230;<\/p>\n","protected":false},"author":1,"featured_media":518,"parent":229,"menu_order":0,"comment_status":"closed","ping_status":"closed","template":"templates\/template-right-sidebar.php","meta":{"inline_featured_image":false,"footnotes":""},"class_list":["post-235","page","type-page","status-publish","has-post-thumbnail","hentry"],"_links":{"self":[{"href":"https:\/\/westmodernclinic.com\/tr\/wp-json\/wp\/v2\/pages\/235","targetHints":{"allow":["GET"]}}],"collection":[{"href":"https:\/\/westmodernclinic.com\/tr\/wp-json\/wp\/v2\/pages"}],"about":[{"href":"https:\/\/westmodernclinic.com\/tr\/wp-json\/wp\/v2\/types\/page"}],"author":[{"embeddable":true,"href":"https:\/\/westmodernclinic.com\/tr\/wp-json\/wp\/v2\/users\/1"}],"replies":[{"embeddable":true,"href":"https:\/\/westmodernclinic.com\/tr\/wp-json\/wp\/v2\/comments?post=235"}],"version-history":[{"count":3,"href":"https:\/\/westmodernclinic.com\/tr\/wp-json\/wp\/v2\/pages\/235\/revisions"}],"predecessor-version":[{"id":520,"href":"https:\/\/westmodernclinic.com\/tr\/wp-json\/wp\/v2\/pages\/235\/revisions\/520"}],"up":[{"embeddable":true,"href":"https:\/\/westmodernclinic.com\/tr\/wp-json\/wp\/v2\/pages\/229"}],"wp:featuredmedia":[{"embeddable":true,"href":"https:\/\/westmodernclinic.com\/tr\/wp-json\/wp\/v2\/media\/518"}],"wp:attachment":[{"href":"https:\/\/westmodernclinic.com\/tr\/wp-json\/wp\/v2\/media?parent=235"}],"curies":[{"name":"wp","href":"https:\/\/api.w.org\/{rel}","templated":true}]}}