{"id":232,"date":"2022-11-06T16:05:35","date_gmt":"2022-11-06T16:05:35","guid":{"rendered":"https:\/\/westmodernclinic.com\/obezite-ameliyatlari\/gastric-balloon\/"},"modified":"2022-12-19T04:05:10","modified_gmt":"2022-12-19T04:05:10","slug":"mide-balonu","status":"publish","type":"page","link":"https:\/\/westmodernclinic.com\/tr\/obezite-ameliyatlari\/mide-balonu\/","title":{"rendered":"Mide Balonu"},"content":{"rendered":"<h1><img loading=\"lazy\" decoding=\"async\" class=\"aligncenter size-full wp-image-510\" src=\"https:\/\/westmodernclinic.com\/wp-content\/uploads\/2022\/11\/Mide-Balonu.jpg\" alt=\"\" width=\"1060\" height=\"596\" srcset=\"https:\/\/westmodernclinic.com\/wp-content\/uploads\/2022\/11\/Mide-Balonu.jpg 1060w, https:\/\/westmodernclinic.com\/wp-content\/uploads\/2022\/11\/Mide-Balonu-300x169.jpg 300w, https:\/\/westmodernclinic.com\/wp-content\/uploads\/2022\/11\/Mide-Balonu-1024x576.jpg 1024w, https:\/\/westmodernclinic.com\/wp-content\/uploads\/2022\/11\/Mide-Balonu-768x432.jpg 768w\" sizes=\"auto, (max-width: 1060px) 100vw, 1060px\" \/>Mide Balonu Nedir? Mide Balonu Fiyat 2022!<\/h1>\n<p><strong>Mide balonu<\/strong> obezite tedavisinde en fazla ba\u015fvurulan cerrahi uygulama gerektirmeyen bir y\u00f6ntemdir. \u00d6zellikle fazla kilolar\u0131 olanlara egzersiz ve diyet programlar\u0131 sonras\u0131 mide balonu tedavisi \u00f6nerilir.<\/p>\n<p><strong>Mide balonu<\/strong> profesyonellik isteyen tedavi oldu\u011fu i\u00e7in herhangi bir yerde yap\u0131lmas\u0131 ciddi sa\u011fl\u0131k sorunlar\u0131 do\u011furabilir. Bu noktada Westmodernclinic\u2019i g\u00f6n\u00fcl rahatl\u0131\u011f\u0131 ile tercih edebilirsiniz. Klini\u011fimiz uzun y\u0131llard\u0131r yurt d\u0131\u015f\u0131nda hizmet veren bir klinik olup, hizmetlerimize \u0130stanbul\u2019da yeni a\u00e7t\u0131\u011f\u0131m\u0131z klini\u011fimizde devam ediyoruz. Sizde profesyonel hizmet almak istiyorsan\u0131z bizi tercih edebilirsiniz.<\/p>\n<h2>Mide Balonu Nedir?<\/h2>\n<p>Bir di\u011fer ismi gastrik balon olan mide balonu fazla kilolar\u0131ndan kurtulmak isteyenlere tavsiye edilen kilo verme y\u00f6ntemidir. Ge\u00e7ici s\u00fcre ile mideye yerle\u015ftirilir ve sonradan \u015fi\u015firilir. T\u0131bbi bir cihaz olup, obeziteyle ba\u015f etmenin en iyi y\u00f6ntemlerinden bir tanesidir.<\/p>\n<p><strong>Gastrik balonu<\/strong> mideye yerle\u015ftirildikten sonra en fazla 1 sene midede kald\u0131ktan sonra \u00e7\u0131kar\u0131lmas\u0131 gerekir. E\u011fer dikkatli \u015fekilde doktor kontrolleri yap\u0131lmazsa mide kanamas\u0131, ba\u011f\u0131rsak t\u0131kan\u0131kl\u0131\u011f\u0131 ve mide delinmesi gibi komplikasyonlar olabilir. Westmodernclinic\u2019de bu tedaviyi yapt\u0131rd\u0131\u011f\u0131n\u0131zda doktorlar\u0131m\u0131z sizinle tedavinin her an\u0131nda yan\u0131n\u0131zda olur ve olu\u015facak t\u00fcm k\u00f6t\u00fc durumlar i\u00e7in \u00f6nlem al\u0131r.<\/p>\n<h3>Mide Balonu Nas\u0131l Tak\u0131l\u0131r?<\/h3>\n<p>Mideye yerle\u015ftirilen balon sayesinde porsiyonlar\u0131n\u0131z daha sa\u011fl\u0131kl\u0131, d\u00fczenli olurken, yeme s\u0131kl\u0131\u011f\u0131nda da azalma olur. Bu sayede daha az yedi\u011finiz halde daha fazla tokluk hissedeceksiniz. Dolay\u0131s\u0131yla kilo vermeye ba\u015flayacaks\u0131n\u0131z hem de yemek yedi\u011finiz halde fazla kilolar\u0131n\u0131zdan kurtulmu\u015f olacaks\u0131n\u0131z.<\/p>\n<p>Mideye tak\u0131lan balon silikon polimerden ve jelatin kaps\u00fcl gibi \u00e7e\u015fitli olabilmektedir. Balon hastaya yap\u0131lan anestezi i\u015flemi sonras\u0131 endoskopi e\u015fli\u011finde mideye bal\u0131n materyali yerle\u015ftirilir. Ard\u0131ndan yava\u015f\u00e7a \u015fi\u015firilir ve tedavi son bulur. Hasta \u00e7ok k\u0131sa s\u00fcrede taburcu olur ve hayat\u0131na kald\u0131\u011f\u0131 yerden devam eder.<\/p>\n<h3>Mide Balonu Fiyat 2022 Bilgisi Nedir?<\/h3>\n<p>Gastrik balon obezite ba\u015fta olmak \u00fczere, k\u00f6t\u00fc yeme al\u0131\u015fkanl\u0131\u011f\u0131 olan ki\u015filer de dahil pek \u00e7ok rahats\u0131zl\u0131kta kullan\u0131lmaktad\u0131r. Kullan\u0131m\u0131 sonras\u0131 ba\u015far\u0131 oran\u0131 %90 olan bu \u00f6nemli tedavinin mutlaka profesyonel hizmet veren yerlerde yap\u0131lmas\u0131 gerekir. Bu sayede olu\u015fabilecek komplikasyonlar\u0131n da \u00f6n\u00fcne ge\u00e7ilmi\u015f olunur.<\/p>\n<p>Westmodernclinic hastalar\u0131 i\u00e7in hem tedavi \u00f6ncesinde hem de tedavi sonras\u0131nda yard\u0131mc\u0131 olur. Hastan\u0131n t\u0131bbi hikayesini \u00f6\u011frendikten sonra ger\u00e7ek nedeni saptar ve sonras\u0131nda en uygun tedaviyi uygular. Mideye balon tak\u0131lmas\u0131 da bu tedavilerden bir tanesi olup, hasta muayene edilmeden kesin bir fiyatland\u0131rma yap\u0131lamamaktad\u0131r. Sizde \u0130stanbul\u2019daki klini\u011fimize gelerek muayene olup, fiyat alabilirsiniz.<\/p>\n<h3>Yutulabilir Mide Balonu Fiyat\u0131 2022 Y\u0131l\u0131 \u0130\u00e7in Nedir?<\/h3>\n<p>T\u0131ptaki teknoloji ilerledik\u00e7e art\u0131k cerrahi i\u015flemlere ve anesteziye ihtiya\u00e7 gittik\u00e7e azalmaktad\u0131r. Mide i\u00e7in yutulabilir \u015fekilde tasarlanm\u0131\u015f balon endoskopi, anestezi olmaks\u0131z\u0131n uygulan\u0131r. Su ile birlikte yutulur ve mideye indi\u011finde kendili\u011finden \u015fi\u015fer. Bu sayede tokluk hissi de beraberinde gelmi\u015f olur ve hasta k\u0131sa s\u00fcrede kilo vermeye ba\u015flar.<\/p>\n<p><strong>Yutulan mide balonu fiyat\u0131 <\/strong>nedir? 2022 y\u0131l\u0131 i\u00e7in ekonomideki de\u011fi\u015fimlere ba\u011fl\u0131 olarak de\u011fi\u015fiklik g\u00f6steren bir konudur. \u00d6zellikle her hasta i\u00e7in farkl\u0131 boyutlarda olan balonlar\u0131n kalitesi ve uygulayan doktor ve klinik fark\u0131na ba\u011fl\u0131 olarak fiyatlar\u0131 da de\u011fi\u015fmektedir. Bu uygulama i\u00e7inde klini\u011fimizi ziyaret edebilir ve profesyonel daha bir\u00e7ok hizmetimizden makul fiyatlarla yararlanabilirsiniz.<\/p>\n<h3>Yutulabilir Mide Balonu Yorumlar\u0131 Nelerdir?<\/h3>\n<p><strong>Mide balonu takt\u0131ranlar <\/strong>bu uygulama i\u00e7in hem olumlu hem de olumsuz yorumalar da bulunmu\u015flard\u0131r. Bu yorumlara bakarak mideye tak\u0131lacak balon hakk\u0131nda gerekli olan her t\u00fcrl\u00fc bilgiyi de \u00f6\u011frenmi\u015f olursunuz.<\/p>\n<p>Peki, mideye tak\u0131lan balon i\u00e7in yorumlar nelerdir?<\/p>\n<ul>\n<li>Doktora gitti\u011fimde obezite sorunum oldu\u011funu \u00f6\u011frendim ve diyet programlar\u0131na y\u00f6nlendirildim. \u0130ki ay sonunda daha da kilo ald\u0131\u011f\u0131m\u0131 fark ettim ve doktorumda ayn\u0131 g\u00f6r\u00fc\u015fteydi. Bunun \u00fczerine mideme balon tak\u0131lmas\u0131n\u0131 tavsiye etti kabul ettim. \u0130ki haftada kontroll\u00fc olarak 5 kilo verdim.<\/li>\n<li>Ameliyat \u00e7ekincesi olan obezite sorunu olanlar teredd\u00fcts\u00fcz bu uygulamay\u0131 yapt\u0131r\u0131n. \u00d6zellikle Westmodernclinic\u2019den bu tedavi al\u0131n derim. Her konuda profesyonel davran\u0131yorlar, \u00fcstelik tedavi s\u00fcrecinde motive etmeleri yan\u0131nda makul fiyatlar\u0131yla da olduk\u00e7a iyiler.<\/li>\n<li>Cerrahi m\u00fcdahalede belli olan risklerin \u00f6n\u00fcne ge\u00e7mek i\u00e7in olduk\u00e7a iyi olan gastrik balonu kilo sorununuz varsa kesinlikle yapt\u0131r\u0131n.<\/li>\n<li>En yak\u0131n arkada\u015f\u0131m yapt\u0131rd\u0131 maalesef i\u015ftah\u0131 kesilmedi. San\u0131r\u0131m her b\u00fcnyede ayn\u0131 olumlu etkiyi yaratm\u0131yor.<\/li>\n<li>Ailemde 4 ki\u015fi takt\u0131rd\u0131k \u00fc\u00e7 ki\u015fide olduk\u00e7a etkili oldu bende ise s\u00fcrekli mide yanmas\u0131na, kramplar ve bulant\u0131ya neden oldu.<\/li>\n<\/ul>\n<p>Yukar\u0131da midesine zay\u0131flamak i\u00e7in balon takt\u0131ranlar\u0131n yorumlar\u0131 yer al\u0131yor. Sizde bu yorumlar\u0131 okuyarak bilgi sahibi olabilir ve klini\u011fimizde bize akl\u0131n\u0131za tak\u0131lan t\u00fcm sorular\u0131 sorabilir ve tedaviden yararlanabilirsiniz.<\/p>\n","protected":false},"excerpt":{"rendered":"<p>Mide Balonu Nedir? Mide Balonu Fiyat 2022! Mide balonu obezite tedavisinde en fazla ba\u015fvurulan cerrahi uygulama gerektirmeyen bir y\u00f6ntemdir. \u00d6zellikle fazla kilolar\u0131 olanlara egzersiz ve diyet programlar\u0131 sonras\u0131 mide balonu tedavisi \u00f6nerilir. Mide balonu profesyonellik isteyen tedavi oldu\u011fu i\u00e7in herhangi&#8230;<\/p>\n","protected":false},"author":1,"featured_media":510,"parent":229,"menu_order":0,"comment_status":"closed","ping_status":"closed","template":"templates\/template-right-sidebar.php","meta":{"inline_featured_image":false,"footnotes":""},"class_list":["post-232","page","type-page","status-publish","has-post-thumbnail","hentry"],"_links":{"self":[{"href":"https:\/\/westmodernclinic.com\/tr\/wp-json\/wp\/v2\/pages\/232","targetHints":{"allow":["GET"]}}],"collection":[{"href":"https:\/\/westmodernclinic.com\/tr\/wp-json\/wp\/v2\/pages"}],"about":[{"href":"https:\/\/westmodernclinic.com\/tr\/wp-json\/wp\/v2\/types\/page"}],"author":[{"embeddable":true,"href":"https:\/\/westmodernclinic.com\/tr\/wp-json\/wp\/v2\/users\/1"}],"replies":[{"embeddable":true,"href":"https:\/\/westmodernclinic.com\/tr\/wp-json\/wp\/v2\/comments?post=232"}],"version-history":[{"count":4,"href":"https:\/\/westmodernclinic.com\/tr\/wp-json\/wp\/v2\/pages\/232\/revisions"}],"predecessor-version":[{"id":512,"href":"https:\/\/westmodernclinic.com\/tr\/wp-json\/wp\/v2\/pages\/232\/revisions\/512"}],"up":[{"embeddable":true,"href":"https:\/\/westmodernclinic.com\/tr\/wp-json\/wp\/v2\/pages\/229"}],"wp:featuredmedia":[{"embeddable":true,"href":"https:\/\/westmodernclinic.com\/tr\/wp-json\/wp\/v2\/media\/510"}],"wp:attachment":[{"href":"https:\/\/westmodernclinic.com\/tr\/wp-json\/wp\/v2\/media?parent=232"}],"curies":[{"name":"wp","href":"https:\/\/api.w.org\/{rel}","templated":true}]}}