{"id":229,"date":"2022-11-06T16:04:44","date_gmt":"2022-11-06T16:04:44","guid":{"rendered":"https:\/\/westmodernclinic.com\/obesity-surgeries\/"},"modified":"2022-12-19T04:04:17","modified_gmt":"2022-12-19T04:04:17","slug":"obezite-ameliyatlari","status":"publish","type":"page","link":"https:\/\/westmodernclinic.com\/tr\/obezite-ameliyatlari\/","title":{"rendered":"Obezite Ameliyatlar\u0131"},"content":{"rendered":"<h1><img loading=\"lazy\" decoding=\"async\" class=\"aligncenter size-full wp-image-502\" src=\"https:\/\/westmodernclinic.com\/wp-content\/uploads\/2022\/11\/Obezite-Ameliyatlari.jpg\" alt=\"\" width=\"1060\" height=\"555\" srcset=\"https:\/\/westmodernclinic.com\/wp-content\/uploads\/2022\/11\/Obezite-Ameliyatlari.jpg 1060w, https:\/\/westmodernclinic.com\/wp-content\/uploads\/2022\/11\/Obezite-Ameliyatlari-300x157.jpg 300w, https:\/\/westmodernclinic.com\/wp-content\/uploads\/2022\/11\/Obezite-Ameliyatlari-1024x536.jpg 1024w, https:\/\/westmodernclinic.com\/wp-content\/uploads\/2022\/11\/Obezite-Ameliyatlari-768x402.jpg 768w\" sizes=\"auto, (max-width: 1060px) 100vw, 1060px\" \/>Obezite Ameliyatlar\u0131 Nelerdir? Obezite Ameliyatlar\u0131 Fiyatlar\u0131 Nedir?<\/h1>\n<p><strong>Obezite ameliyatlar\u0131<\/strong>, sa\u011fl\u0131ks\u0131z ya\u015fam\u0131n ve genetik fakt\u00f6rlerin etkisi ile g\u00fcn ge\u00e7tik\u00e7e artan kilo sorununa kar\u015f\u0131 yap\u0131lmakta olan \u00f6nemli bir ameliyatt\u0131r. \u00d6zellikle normal \u015fartlarda kilo veremeyen ki\u015filerin ba\u015fvurdu\u011fu bu geli\u015fmi\u015f cerrahi y\u00f6ntem sayesinde k\u0131sa s\u00fcrede fazla kilolar\u0131n\u0131 vermi\u015f olurlar.<\/p>\n<p>Westmodernclinic olarak <strong>obezite ameliyatlar\u0131<\/strong> ba\u015fta olmak \u00fczere daha bir\u00e7ok hizmeti profesyonel olarak bizden alabilirsiniz. Ayr\u0131ca \u0130stanbul\u2019daki klini\u011fimize hem yurt i\u00e7inden hem de yurt d\u0131\u015f\u0131ndan ula\u015fabilir istedi\u011finiz tedaviden yararlanabilirsiniz.<\/p>\n<h2>Obezite Ameliyatlar\u0131 Nedir?<\/h2>\n<p><strong>Obezite ameliyat\u0131 nedir<\/strong>? Kilo sorunu ile m\u00fccadele eden ki\u015filerin sa\u011fl\u0131\u011f\u0131n\u0131 tehdit eden fazla kilolar\u0131ndan kurtulmak i\u00e7in en son tercih etti\u011fi ameliyatlard\u0131r. Daha \u00e7ok diyet, ila\u00e7 tedavisi ve egzersiz denemesinin ba\u015far\u0131s\u0131z olmas\u0131 sonras\u0131 obezite ameliyat\u0131na ba\u015fvurulur.<\/p>\n<p>Obezite cerrahisi kesinlikle \u00e7ok iyi hastanelerden al\u0131nmas\u0131 gereken bir tedavidir. \u00c7\u00fcnk\u00fc v\u00fccut i\u00e7inde geli\u015febilecek herhangi bir komplikasyonda \u00f6l\u00fcmle sonu\u00e7lanabilecek kadar olumsuz sonu\u00e7lar ortaya \u00e7\u0131kabilir. Bu nedenle obezite i\u00e7in yap\u0131lacak ameliyat iyi yerlerde yapt\u0131r\u0131lmal\u0131d\u0131r. Bu noktada Westmodernclinic\u2019i g\u00f6n\u00fcl rahatl\u0131\u011f\u0131 ile tercih edebilir, obezite ameliyat\u0131 olabilirsiniz.<\/p>\n<h3>Obezite Ameliyatlar\u0131 \u00c7e\u015fitleri Nelerdir?<\/h3>\n<p>Obezite ameliyat\u0131 \u00e7e\u015fitleri g\u00fcn\u00fcm\u00fczde bir\u00e7ok ki\u015finin merak etti\u011fi konular aras\u0131nda yer al\u0131yor. Herkes i\u00e7in ayn\u0131 cerrahi m\u00fcdahaleye ba\u015fvurmay\u0131p, ki\u015finin b\u00fcnyesine ve kilo durumuna g\u00f6re tercih edilen bu ameliyatlar\u0131n birden fazla \u00e7e\u015fidi bulunuyor.<\/p>\n<p>Peki, <strong>obezite ameliyatlar\u0131 \u00e7e\u015fitleri<\/strong> nelerdir?<\/p>\n<ul>\n<li>Duodenal switch,<\/li>\n<li>Mide bypass\u0131,<\/li>\n<li>Slevee gastrektomi,<\/li>\n<li>Mini mide baypass\u0131,<\/li>\n<li>Gastrik plikasyon,<\/li>\n<li>Mide kelep\u00e7esi,<\/li>\n<\/ul>\n<p>\u00dcstte yer alan ameliyat \u00e7e\u015fitleri ile k\u0131sa s\u00fcrede obezite sorunundan kurtulabilir ve g\u00fcnl\u00fck ya\u015fam\u0131n\u0131za kald\u0131\u011f\u0131n\u0131z yerden devam edebilirsiniz.<\/p>\n<h3>Obezite Ameliyat\u0131 Nas\u0131l Yap\u0131l\u0131r?<\/h3>\n<p>Obezite ameliyat\u0131 klini\u011fimiz taraf\u0131ndan hemen hemen obezite sorunu olan herkese yap\u0131lmaktad\u0131r. Fakat obezite ameliyat\u0131 \u00e7e\u015fidine g\u00f6re farkl\u0131 y\u00f6ntem ve tekniklerle ger\u00e7ekle\u015ftirilir. Daha \u00e7ok mideye yap\u0131lan m\u00fcdahaleler sonras\u0131 hastan\u0131n ameliyat\u0131 tamamlanm\u0131\u015f olur. Ayr\u0131ca cerrahi m\u00fcdahaleler bir ekip taraf\u0131ndan koordineli olarak yap\u0131ld\u0131\u011f\u0131ndan y\u00fcksek ba\u015far\u0131 oran\u0131na sahiptir.<\/p>\n<h3>Obezite Ameliyatlar\u0131 Kimlere Uygulan\u0131r?<\/h3>\n<p>Obezite sorunu ya\u015fayan herkes i\u00e7in ameliyat \u00f6nerilmez fakat ne yapsa fazla kilolar\u0131ndan kurtulamayan ki\u015filere ameliyat \u00f6nerilir. Bu ameliyatlar\u0131n ba\u015far\u0131ya ula\u015fmas\u0131 yine hastan\u0131n elinde olan bir durum oldu\u011fu i\u00e7in ameliyattan sonrada doktorlar\u0131n s\u00f6ylediklerine dikkat edilmesi gerekir.<\/p>\n<p>Obezite i\u00e7in yap\u0131lan ameliyatlar kimlere uygulan\u0131r?<\/p>\n<ul>\n<li>V\u00fccut kitle indeksi oran\u0131 35\u2019in \u00fcst\u00fcnde olan ki\u015filere,<\/li>\n<li>Egzersiz yap\u0131p zay\u0131flayamayanlara,<\/li>\n<li>Medikal tedavi y\u00f6ntemine ba\u015fvurup, sonu\u00e7 alamayanlara,<\/li>\n<li>T\u0131bbi beslenme sonras\u0131 zay\u0131flayamayanlara ameliyatlar yap\u0131l\u0131r.<\/li>\n<\/ul>\n<p>\u00dcstte yer alan nedenler obezite ameliyat\u0131 yap\u0131lmas\u0131 i\u00e7in yeterli olup, hastan\u0131n \u00e7e\u015fitli de\u011ferlendirmelere tabi tutulmas\u0131 sonras\u0131 ameliyat yap\u0131l\u0131r.<\/p>\n<h3>Obezite Ameliyat\u0131 Fiyatlar\u0131 Ne Kadar?<\/h3>\n<p>Obezite ameliyat\u0131 T\u00fcrkiye ve t\u00fcm Avrupa \u00fclkelerinde en fazla tercih edilen cerrahi m\u00fcdahaledir. Obezite tedavilerinde son \u00e7are olarak ba\u015fvurulan cerrahi y\u00f6ntemler olduk\u00e7a \u00e7e\u015fitlidir. Bu nedenle kesin bir fiyat bilgisi vermek m\u00fcmk\u00fcn de\u011fildir.\u00a0 Ayr\u0131ca ameliyatlar\u0131n fiyat\u0131n\u0131 bir\u00e7ok kriter belirledi\u011finden klini\u011fimize gelmeniz ve muayene olman\u0131z fiyat alman\u0131z i\u00e7in yeterli olacakt\u0131r.<\/p>\n<h3>Obezite Cerrahisi SGK Kar\u015f\u0131l\u0131yor Mu?<\/h3>\n<p>Obezite ameliyatlar\u0131n\u0131 devlet kar\u015f\u0131l\u0131yor mu? SGK obezite ameliyat\u0131n\u0131n her t\u00fcrl\u00fc masraf\u0131n\u0131 kar\u015f\u0131lamaktad\u0131r. Fakat devlet hastaneleri i\u00e7in bu durum ge\u00e7erli olup, \u00f6zel hastanelerde anla\u015fma var ise k\u00fc\u00e7\u00fck bir k\u0131sm\u0131n\u0131 SGK kar\u015f\u0131lamaktad\u0131r.<\/p>\n<h3>Obezite Cerrahisi Devlet Hastanesi B\u00fcnyesinde Var m\u0131?<\/h3>\n<p>Obezite cerrahisi fazla kilosu bulunan ki\u015filere \u00e7e\u015fitli cerrahi operasyonlar\u0131n yap\u0131ld\u0131\u011f\u0131 bir b\u00f6l\u00fcmd\u00fcr. Devlet hastanelerinde bu b\u00f6l\u00fcme obezite ve metabolik cerrahi biriminden ula\u015fabilirsiniz. Devlet hastanelerinde yap\u0131lan t\u00fcm m\u00fcdahaleler sigortas\u0131 olan herkes i\u00e7in \u00fccretsizdir.<\/p>\n<h3>Obezite Ameliyatlar\u0131 Sonras\u0131 Nelere Dikkat Edilmeli?<\/h3>\n<p><strong>Obezite ameliyatlar\u0131<\/strong> sonras\u0131 dikkat edilmesi gereken bir\u00e7ok durum bulunuyor. Bu durumlar\u0131n ba\u015f\u0131nda sa\u011fl\u0131kl\u0131 ve oranl\u0131 beslenme gelmekte olup, hastan\u0131n belli s\u00fcre d\u00fczenli olarak tart\u0131lmas\u0131 da sa\u011fl\u0131\u011f\u0131 a\u00e7\u0131s\u0131ndan \u00f6nemlidir.<\/p>\n<p>En klini\u011fimizden al\u0131nan tedavi t\u00fcp mide ameliyat\u0131 olup, bu tedavide midenin %80\u2019lik k\u0131sm\u0131 al\u0131n\u0131r ve fundus da al\u0131nm\u0131\u015f olur. Fundus a\u00e7l\u0131k hormonu salg\u0131layan bir b\u00f6l\u00fcm oldu\u011fu i\u00e7in a\u00e7l\u0131k hissi de otomatik olarak azalm\u0131\u015f olur. Bu noktada beslenmeye dikkat edilmesi ve doktorunuzun \u00f6nerdi\u011fi ya\u015fam tarz\u0131na \u00f6nem verirseniz istedi\u011finiz kilolara d\u00fc\u015febilirsiniz.<\/p>\n<p>Obezite ameliyatlar\u0131ndan \u00e7\u0131kt\u0131ktan sonra bedeni fazla yormayacak egzersizlerden yararlan\u0131lmas\u0131 olduk\u00e7a \u00f6nemlidir. Westmodernclinic olarak ameliyat sonras\u0131nda hastalar\u0131m\u0131za beslenme program\u0131 ve g\u00fcnl\u00fck ya\u015famda kolayl\u0131kla yapaca\u011f\u0131 egzersizleri sunmaktay\u0131z. Bu nedenle istemedi\u011finiz kilolar\u0131n\u0131zdan sa\u011fl\u0131kl\u0131 ve kal\u0131c\u0131 \u015fekilde kurtularak ya\u015fam boyu olmak istedi\u011finiz kilolarda kalabilirsiniz.<\/p>\n","protected":false},"excerpt":{"rendered":"<p>Obezite Ameliyatlar\u0131 Nelerdir? Obezite Ameliyatlar\u0131 Fiyatlar\u0131 Nedir? Obezite ameliyatlar\u0131, sa\u011fl\u0131ks\u0131z ya\u015fam\u0131n ve genetik fakt\u00f6rlerin etkisi ile g\u00fcn ge\u00e7tik\u00e7e artan kilo sorununa kar\u015f\u0131 yap\u0131lmakta olan \u00f6nemli bir ameliyatt\u0131r. \u00d6zellikle normal \u015fartlarda kilo veremeyen ki\u015filerin ba\u015fvurdu\u011fu bu geli\u015fmi\u015f cerrahi y\u00f6ntem sayesinde k\u0131sa&#8230;<\/p>\n","protected":false},"author":1,"featured_media":502,"parent":0,"menu_order":0,"comment_status":"closed","ping_status":"closed","template":"templates\/template-right-sidebar.php","meta":{"inline_featured_image":false,"footnotes":""},"class_list":["post-229","page","type-page","status-publish","has-post-thumbnail","hentry"],"_links":{"self":[{"href":"https:\/\/westmodernclinic.com\/tr\/wp-json\/wp\/v2\/pages\/229","targetHints":{"allow":["GET"]}}],"collection":[{"href":"https:\/\/westmodernclinic.com\/tr\/wp-json\/wp\/v2\/pages"}],"about":[{"href":"https:\/\/westmodernclinic.com\/tr\/wp-json\/wp\/v2\/types\/page"}],"author":[{"embeddable":true,"href":"https:\/\/westmodernclinic.com\/tr\/wp-json\/wp\/v2\/users\/1"}],"replies":[{"embeddable":true,"href":"https:\/\/westmodernclinic.com\/tr\/wp-json\/wp\/v2\/comments?post=229"}],"version-history":[{"count":4,"href":"https:\/\/westmodernclinic.com\/tr\/wp-json\/wp\/v2\/pages\/229\/revisions"}],"predecessor-version":[{"id":743,"href":"https:\/\/westmodernclinic.com\/tr\/wp-json\/wp\/v2\/pages\/229\/revisions\/743"}],"wp:featuredmedia":[{"embeddable":true,"href":"https:\/\/westmodernclinic.com\/tr\/wp-json\/wp\/v2\/media\/502"}],"wp:attachment":[{"href":"https:\/\/westmodernclinic.com\/tr\/wp-json\/wp\/v2\/media?parent=229"}],"curies":[{"name":"wp","href":"https:\/\/api.w.org\/{rel}","templated":true}]}}