{"id":2274,"date":"2023-09-06T12:24:39","date_gmt":"2023-09-06T12:24:39","guid":{"rendered":"https:\/\/westmodernclinic.com\/online-consultation\/"},"modified":"2023-09-06T13:22:57","modified_gmt":"2023-09-06T13:22:57","slug":"online-randevu","status":"publish","type":"page","link":"https:\/\/westmodernclinic.com\/tr\/online-randevu\/","title":{"rendered":"Online Randevu"},"content":{"rendered":"<div class=\"wpb-content-wrapper\"><p>[vc_row pix_particles_check=&#8221;&#8221;][vc_column][vc_column_text]<\/p>\n<h3>Foto\u011fraflar\u0131n\u0131z\u0131 ekleyin\u2026 G\u00f6nderin\u2026 En k\u0131sa s\u00fcrede cevap al\u0131n!<\/h3>\n<p>[\/vc_column_text]\n<div class=\"wpcf7 no-js\" id=\"wpcf7-f2276-o1\" lang=\"en-US\" dir=\"ltr\" data-wpcf7-id=\"2276\">\n<div class=\"screen-reader-response\"><p role=\"status\" aria-live=\"polite\" aria-atomic=\"true\"><\/p> <ul><\/ul><\/div>\n<form action=\"\/tr\/wp-json\/wp\/v2\/pages\/2274#wpcf7-f2276-o1\" method=\"post\" class=\"wpcf7-form init\" aria-label=\"Contact form\" novalidate=\"novalidate\" data-status=\"init\">\n<fieldset class=\"hidden-fields-container\"><input type=\"hidden\" name=\"_wpcf7\" value=\"2276\" \/><input type=\"hidden\" name=\"_wpcf7_version\" value=\"6.1.5\" \/><input type=\"hidden\" name=\"_wpcf7_locale\" value=\"en_US\" \/><input type=\"hidden\" name=\"_wpcf7_unit_tag\" value=\"wpcf7-f2276-o1\" \/><input type=\"hidden\" name=\"_wpcf7_container_post\" value=\"0\" \/><input type=\"hidden\" name=\"_wpcf7_posted_data_hash\" value=\"\" \/>\n<\/fieldset>\n<div class=\"pix-contact7-form\"><div class=\"page-content\">\n\t<div class=\"vc_row wpb_row row\">\n\t\t<div class=\"vc_column_container col-md-4\">\n\t\t\t<div class=\"wpb_wrapper vc_column-inner\">\n\t\t\t\t<p>Ad\u0131n\u0131z (*)<span class=\"wpcf7-form-control-wrap\" data-name=\"adi\"><input size=\"40\" maxlength=\"400\" class=\"wpcf7-form-control wpcf7-text wpcf7-validates-as-required\" aria-required=\"true\" aria-invalid=\"false\" value=\"\" type=\"text\" name=\"adi\" \/><\/span>\n\t\t\t\t<\/p>\n\t\t\t<\/div>\n\t\t<\/div>\n\t\t<div class=\"vc_column_container col-md-4\">\n\t\t\t<div class=\"wpb_wrapper vc_column-inner\">\n\t\t\t\t<p>Soyad\u0131n\u0131z (*)<span class=\"wpcf7-form-control-wrap\" data-name=\"soyadi\"><input size=\"40\" maxlength=\"400\" class=\"wpcf7-form-control wpcf7-text wpcf7-validates-as-required\" aria-required=\"true\" aria-invalid=\"false\" value=\"\" type=\"text\" name=\"soyadi\" \/><\/span>\n\t\t\t\t<\/p>\n\t\t\t<\/div>\n\t\t<\/div>\n\t\t<div class=\"vc_column_container col-md-4\">\n\t\t\t<div class=\"wpb_wrapper vc_column-inner\">\n\t\t\t\t<p>E-postan\u0131z (*)<span class=\"wpcf7-form-control-wrap\" data-name=\"eposta\"><input size=\"40\" maxlength=\"400\" class=\"wpcf7-form-control wpcf7-email wpcf7-validates-as-required wpcf7-text wpcf7-validates-as-email\" aria-required=\"true\" aria-invalid=\"false\" value=\"\" type=\"email\" name=\"eposta\" \/><\/span>\n\t\t\t\t<\/p>\n\t\t\t<\/div>\n\t\t<\/div>\n\t<\/div>\n\t<div class=\"vc_row wpb_row row\">\n\t\t<div class=\"vc_column_container col-md-6\">\n\t\t\t<div class=\"wpb_wrapper vc_column-inner\">\n\t\t\t\t<p>Telefonunuz (*)<span class=\"wpcf7-form-control-wrap\" data-name=\"telefon\"><input size=\"40\" class=\"wpcf7-form-control wpcf7-phonetext wpcf7-validates-as-required wpcf7-text wpcf7-validates-as-phonetext\" data-numberonly=\"true\" aria-required=\"true\" aria-invalid=\"false\" value=\"\" type=\"text\" name=\"telefon\" \/><input type=\"hidden\" name=\"telefon-country-code\" class=\"wpcf7-phonetext-country-code\" \/><\/span>\n\t\t\t\t<\/p>\n\t\t\t<\/div>\n\t\t<\/div>\n\t\t<div class=\"vc_column_container col-md-6\">\n\t\t\t<div class=\"wpb_wrapper vc_column-inner\">\n\t\t\t\t<p>\u00dclkeniz (*)<span class=\"wpcf7-form-control-wrap\" data-name=\"ulke\"><input size=\"40\" class=\"wpcf7-form-control wpcf7-countrytext wpcf7-validates-as-required wpcf7-text wpcf7-validates-as-countrytext\" aria-required=\"true\" aria-invalid=\"false\" value=\"\" type=\"text\" name=\"ulke\" \/><\/span>\n\t\t\t\t<\/p>\n\t\t\t<\/div>\n\t\t<\/div>\n\t<\/div>\n\t<div class=\"vc_row wpb_row row\">\n\t\t<div class=\"vc_column_container col-md-12\">\n\t\t\t<div class=\"wpb_wrapper vc_column-inner\">\n\t\t\t\t<p>Mesaj\u0131n\u0131z<span class=\"wpcf7-form-control-wrap\" data-name=\"mesaj\"><textarea cols=\"40\" rows=\"10\" maxlength=\"2000\" class=\"wpcf7-form-control wpcf7-textarea\" aria-invalid=\"false\" name=\"mesaj\"><\/textarea><\/span>\n\t\t\t\t<\/p>\n\t\t\t<\/div>\n\t\t<\/div>\n\t<\/div>\n\t<div class=\"vc_row wpb_row row\">\n\t\t<div class=\"vc_column_container col-md-12\">\n\t\t\t<div class=\"wpb_wrapper vc_column-inner\">\n\t\t\t\t<p>Foto\u011fraf Se\u00e7in <span class=\"wpcf7-form-control-wrap\" data-name=\"dosya\"><input size=\"40\" class=\"wpcf7-form-control wpcf7-drag-n-drop-file d-none\" aria-invalid=\"false\" type=\"file\" multiple=\"multiple\" data-name=\"dosya\" data-type=\"jpeg|jpg|png\" data-limit=\"20971520\" data-max=\"5\" data-id=\"2276\" data-version=\"free version 1.3.9.7\" accept=\".jpeg, .jpg, .png\" \/><\/span>\n\t\t\t\t<\/p>\n\t\t\t\t<p style=\"color:black;font-size:11px;padding-left:3px;\">Foto\u011fraf Boyutu: 20 MB\n\t\t\t\t<\/p>\n\t\t\t<\/div>\n\t\t<\/div>\n\t<\/div>\n\t<div class=\"vc_row wpb_row row\">\n\t\t<div class=\"vc_column_container col-md-12\">\n\t\t\t<div class=\"wpb_wrapper vc_column-inner\">\n\t\t\t\t<p>Bizi nereden duydunuz? (*)<span class=\"wpcf7-form-control-wrap\" data-name=\"referance\"><select class=\"wpcf7-form-control wpcf7-select wpcf7-validates-as-required\" aria-required=\"true\" aria-invalid=\"false\" name=\"referance\"><option value=\"\">&#8212;Please choose an option&#8212;<\/option><option value=\"Sosyal Medya\">Sosyal Medya<\/option><option value=\"Arkada\u015f Tavsiyesi\">Arkada\u015f Tavsiyesi<\/option><option value=\"Google Arama Motoru\">Google Arama Motoru<\/option><option value=\"Reklamlardan\">Reklamlardan<\/option><option value=\"Di\u011fer\">Di\u011fer<\/option><\/select><\/span>\n\t\t\t\t<\/p>\n\t\t\t<\/div>\n\t\t<\/div>\n\t<\/div>\n\t<div class=\"vc_row wpb_row row\">\n\t\t<div class=\"vc_column_container col-md-12\">\n\t\t\t<div class=\"wpb_wrapper vc_column-inner\">\n\t\t\t\t<p><input class=\"wpcf7-form-control wpcf7-submit has-spinner btn btn-gradient-primary text-white w-100 pix-mt-10 font-weight-bold btn-lg secondary-font\" type=\"submit\" value=\"G\u00f6nder\" \/>\n\t\t\t\t<\/p>\n\t\t\t<\/div>\n\t\t<\/div>\n\t<\/div>\n<\/div><\/div><div class=\"wpcf7-response-output\" aria-hidden=\"true\"><\/div>\n<\/form>\n<\/div>\n[\/vc_column][\/vc_row]<\/p>\n<\/div>","protected":false},"excerpt":{"rendered":"<p>[vc_row pix_particles_check=&#8221;&#8221;][vc_column][vc_column_text] Foto\u011fraflar\u0131n\u0131z\u0131 ekleyin\u2026 G\u00f6nderin\u2026 En k\u0131sa s\u00fcrede cevap al\u0131n! [\/vc_column_text][\/vc_column][\/vc_row]<\/p>\n","protected":false},"author":1,"featured_media":0,"parent":0,"menu_order":0,"comment_status":"closed","ping_status":"closed","template":"","meta":{"inline_featured_image":false,"footnotes":""},"class_list":["post-2274","page","type-page","status-publish","hentry"],"_links":{"self":[{"href":"https:\/\/westmodernclinic.com\/tr\/wp-json\/wp\/v2\/pages\/2274","targetHints":{"allow":["GET"]}}],"collection":[{"href":"https:\/\/westmodernclinic.com\/tr\/wp-json\/wp\/v2\/pages"}],"about":[{"href":"https:\/\/westmodernclinic.com\/tr\/wp-json\/wp\/v2\/types\/page"}],"author":[{"embeddable":true,"href":"https:\/\/westmodernclinic.com\/tr\/wp-json\/wp\/v2\/users\/1"}],"replies":[{"embeddable":true,"href":"https:\/\/westmodernclinic.com\/tr\/wp-json\/wp\/v2\/comments?post=2274"}],"version-history":[{"count":3,"href":"https:\/\/westmodernclinic.com\/tr\/wp-json\/wp\/v2\/pages\/2274\/revisions"}],"predecessor-version":[{"id":2278,"href":"https:\/\/westmodernclinic.com\/tr\/wp-json\/wp\/v2\/pages\/2274\/revisions\/2278"}],"wp:attachment":[{"href":"https:\/\/westmodernclinic.com\/tr\/wp-json\/wp\/v2\/media?parent=2274"}],"curies":[{"name":"wp","href":"https:\/\/api.w.org\/{rel}","templated":true}]}}