{"id":226,"date":"2022-11-06T15:12:33","date_gmt":"2022-11-06T15:12:33","guid":{"rendered":"https:\/\/westmodernclinic.com\/burun-ameliyatlari\/septoplasty\/"},"modified":"2022-12-19T04:05:47","modified_gmt":"2022-12-19T04:05:47","slug":"septoplasti","status":"publish","type":"page","link":"https:\/\/westmodernclinic.com\/tr\/burun-ameliyatlari\/septoplasti\/","title":{"rendered":"Septoplasti"},"content":{"rendered":"<p><strong><img loading=\"lazy\" decoding=\"async\" class=\"aligncenter size-full wp-image-490\" src=\"https:\/\/westmodernclinic.com\/wp-content\/uploads\/2022\/11\/Septoplasti.jpg\" alt=\"\" width=\"1060\" height=\"707\" srcset=\"https:\/\/westmodernclinic.com\/wp-content\/uploads\/2022\/11\/Septoplasti.jpg 1060w, https:\/\/westmodernclinic.com\/wp-content\/uploads\/2022\/11\/Septoplasti-300x200.jpg 300w, https:\/\/westmodernclinic.com\/wp-content\/uploads\/2022\/11\/Septoplasti-1024x683.jpg 1024w, https:\/\/westmodernclinic.com\/wp-content\/uploads\/2022\/11\/Septoplasti-768x512.jpg 768w\" sizes=\"auto, (max-width: 1060px) 100vw, 1060px\" \/>Septoplasti<\/strong>, burun esteti\u011fi i\u00e7in uygulanmakta olan ameliyatlardan biridir. Bu tedavi tamamen doktorlar e\u015fli\u011finde cerrahi operasyonlar do\u011frultusunda ger\u00e7ekle\u015ftirilmektedir. G\u00fcn\u00fcm\u00fczde en yayg\u0131n burun estetik sorunlar\u0131 aras\u0131nda yer alan problemleri \u00e7\u00f6zmek i\u00e7in uygulanan tedavilerden biridir.<\/p>\n<p><strong>Septoplasti ameliyat\u0131<\/strong>, burun k\u0131k\u0131rdaklar\u0131n\u0131n do\u011fru bir \u015fekilde durmamas\u0131 ve e\u011fik bi\u00e7imde durmas\u0131 nedeniyle uygulan\u0131r. Bu uygulama hem solunum problemlerini ortadan kald\u0131r\u0131rken hem de burnun estetik a\u00e7\u0131dan daha g\u00fczel ve sorunsuz g\u00f6r\u00fcnmesini sa\u011flar. Bu sebeple de g\u00fcn\u00fcm\u00fczde s\u0131kl\u0131kla tercih edilen tedaviler aras\u0131nda yer al\u0131r.<\/p>\n<p>Burnun i\u00e7 k\u0131sm\u0131nda bulunan ve burnu ikiye b\u00f6len alanda meydana gelen sorunlar\u0131n giderilmesini sa\u011flayan bu ameliyat, \u00e7ok k\u0131sa s\u00fcreler i\u00e7erisinde olumlu sonu\u00e7lar al\u0131nmas\u0131n\u0131 ve problemlerin ortadan kald\u0131r\u0131lmas\u0131n\u0131 sa\u011flar. Bu tedavi, tamamen alan\u0131nda uzman plastik cerrahiler e\u015fli\u011finde yap\u0131lmaktad\u0131r.<\/p>\n<h2>Septoplasti Nedir?<\/h2>\n<p>Septoplasti, burnun i\u00e7 k\u0131sm\u0131nda bulunan ve burnun ortadan ikiye ayr\u0131lan k\u0131sm\u0131d\u0131r. Bu b\u00f6lgede meydana gelen problemler hem estetik a\u00e7\u0131dan sorun yarat\u0131rken hem de solunum problemleri gibi bir\u00e7ok sorunun ortaya \u00e7\u0131kmas\u0131na da neden olur. Burnun bu b\u00f6lgesinde meydana gelen sorunlara septum deviasyonu ad\u0131 verilir. <strong>Septum deviasyonu<\/strong> meydana gelen bireylere uygulanabilecek en iyi tedavi septoplasti ameliyat\u0131d\u0131r. Di\u011fer bir deyi\u015fle bu tedaviye <strong>k\u0131k\u0131rdak e\u011frili\u011fi ameliyat\u0131<\/strong> ad\u0131 da verilmektedir.<\/p>\n<p>Septum deviasyonuna sahip olan bireylerde nefes alma sorunlar\u0131 ve di\u011fer problemler meydana gelebilirken ayn\u0131 zamanda burun estetik a\u00e7\u0131dan k\u00f6t\u00fc bir g\u00f6r\u00fcnt\u00fcye sahip olabilir. K\u0131k\u0131rdak k\u0131sm\u0131n\u0131n e\u011fri olmas\u0131, bireylerin istedikleri estetik g\u00f6r\u00fcn\u00fcme sahip olmalar\u0131n\u0131 engellemektedir. Bu tip durumlarda ise septoplasti ameliyat\u0131 uygulanmaktad\u0131r. Bu ameliyat sayesinde k\u0131k\u0131rdakta meydana gelen e\u011frilik k\u0131sa s\u00fcre i\u00e7erisinde tedavi edilmekte ve d\u00fczeltilmektedir.<\/p>\n<h3>Septoplasti Ameliyat\u0131 Nas\u0131l Yap\u0131l\u0131r?<\/h3>\n<p><strong>Septoplasti ameliyat\u0131<\/strong>na giden s\u00fcre\u00e7te \u00f6ncelik olarak do\u011fru te\u015fhisin konulmas\u0131 gerekir. Bu sebeple ameliyat olmaya karar vermeden \u00f6nce bir uzman e\u015fli\u011finde muayene olman\u0131z \u015fartt\u0131r. Uzman doktorlar taraf\u0131ndan yap\u0131lacak olan muayenelerin ard\u0131ndan burun b\u00f6lgenizde septum deviasyonu veya k\u0131k\u0131rdak e\u011frili\u011fi bulunuyorsa bu ameliyat uygulanabilir.<\/p>\n<p>Ameliyat s\u0131ras\u0131nda genel anestezi veya lokal anestezi tercih edilebilir. Ancak genel anestezi g\u00fcn\u00fcm\u00fczde daha \u00e7ok tercih edilmektedir. Ameliyat olmak isteyen hastalar\u0131n \u00e7e\u015fitli ve operasyonu engelleyici sa\u011fl\u0131k problemlerinin olmamas\u0131 da \u00f6nem ta\u015f\u0131maktad\u0131r. Ameliyat k\u0131k\u0131rdak probleminin burun i\u00e7erisinden halledilebilece\u011fi durumlarda i\u00e7 k\u0131s\u0131mdan yap\u0131l\u0131r. Ancak i\u00e7erden halledilmeyecek problemler var ise burnun d\u0131\u015f k\u0131sm\u0131ndan operasyon ger\u00e7ekle\u015ftirilmektedir. Bu karar da muayene sonras\u0131nda uzmanlar taraf\u0131ndan verilir ve ard\u0131ndan uygulan\u0131r.<\/p>\n<h3>Septoplasti Ameliyat\u0131 Ne Kadar S\u00fcrer?<\/h3>\n<p><strong>Burun esteti\u011fi ameliyatlar\u0131<\/strong> aras\u0131nda olan bu tedavi, olduk\u00e7a kolay bir operasyon do\u011frultusunda yap\u0131labilmektedir. Ameliyat genel olarak 1 saat ila 1,5 saat aras\u0131nda ger\u00e7ekle\u015fir. Ancak burnun iyile\u015fmesi ve istenen hallere d\u00f6nmesi biraz daha uzun s\u00fcrebilmektedir. Ameliyat sonras\u0131nda iyi bir bak\u0131m ile burun b\u00f6lgesi korunmal\u0131 ve tedavinin ba\u015far\u0131yla sonu\u00e7lanmas\u0131 hedeflenmelidir.<\/p>\n<h3>A\u00e7\u0131k Septoplasti Nedir?<\/h3>\n<p>Burun ameliyatlar\u0131nda ilk olarak kapal\u0131 y\u00f6ntem yani i\u00e7eriden kesi yap\u0131larak tedavi uygulanmaktad\u0131r. Ancak baz\u0131 durumlarda burun b\u00f6lgesi veya b\u00f6lgede meydana gelen problemler kapal\u0131 operasyonlar\u0131n uygulanmas\u0131na m\u00fcsait olmayabilir. Bu tip durumlarda klasik ameliyat se\u00e7ene\u011fi yerine a\u00e7\u0131k operasyonlar tercih edilir.<\/p>\n<p><strong>A\u00e7\u0131k septoplasti<\/strong>, burnun alt b\u00f6lgesinden bir kesi at\u0131larak operasyonun uygulanmas\u0131 anlam\u0131na gelir. Bu operasyon sonras\u0131nda burun b\u00f6lgesinde herhangi bir iz kalmamakta ve operasyon ba\u015far\u0131l\u0131 bir \u015fekilde ger\u00e7ekle\u015ftirilmektedir.<\/p>\n<h3>Septoplasti Belirtileri Nelerdir?<\/h3>\n<p><strong>Septoplasti belirtileri<\/strong> yani di\u011fer bir deyi\u015fle septum deviasyonu belirtileri bir\u00e7ok farkl\u0131 \u015fekilde olabilir. Bu problem do\u011fu\u015ftan olabilece\u011fi gibi daha sonraki d\u00f6nemlerde de meydana gelebilmektedir. Bu sa\u011fl\u0131k ve estetik sorununun belirtileri genel olarak a\u015fa\u011f\u0131daki gibidir;<\/p>\n<ul>\n<li>Burun b\u00f6lgesinden nefes almada zorluk ya\u015famak,<\/li>\n<li>S\u00fcrekli meydana gelen burun t\u0131kan\u0131kl\u0131klar\u0131,<\/li>\n<li>Horlama problemleri,<\/li>\n<li>Kendini aral\u0131klarla tekrarlayan burun kanamas\u0131,<\/li>\n<li>Sin\u00fczit gibi problemlerle s\u0131kl\u0131kla kar\u015f\u0131la\u015fmak,<\/li>\n<li>Ba\u015f a\u011fr\u0131lar\u0131<\/li>\n<li>K\u0131k\u0131rdak b\u00f6lgesinde e\u011frilik<\/li>\n<\/ul>\n<p>Yukar\u0131daki sebepler ve belirtiler meydana geldi\u011finde septum deviasyonu ile kar\u015f\u0131la\u015fm\u0131\u015f olabilirsiniz. Bu tip bir durumda ilk olarak doktor muayenesi ard\u0131ndan da ameliyat olman\u0131z gerekebilir.<\/p>\n<h3>Septoplasti Fiyat\u0131 Ne Kadar?<\/h3>\n<p>Septoplasti fiyat\u0131, her hastaya uygulanacak olan operasyonlar belirlendikten sonra \u015fekillenmektedir. Bunun sebebi hastalar i\u00e7in uygulanacak olan ameliyat ve di\u011fer cerrahi operasyonlar\u0131n birbirinden farkl\u0131 olmas\u0131d\u0131r. \u00d6rne\u011fin a\u00e7\u0131k ve kapal\u0131 y\u00f6ntemler uyguland\u0131\u011f\u0131nda fiyatlar de\u011fi\u015fiklik g\u00f6sterebilir.<\/p>\n<p><strong>Septoplasti fiyat\u0131 2022<\/strong> y\u0131l\u0131nda genel olarak 15 bin TL ile 30 bin TL aras\u0131nda de\u011fi\u015fmektedir. Ancak fiyatlar hastane, doktor se\u00e7imi ve tedavi y\u00f6ntemleri do\u011frultusunda farkl\u0131 olabilir. Bu sebeple net fiyatlar\u0131 \u00f6\u011frenmek i\u00e7in muayene olman\u0131z gerekmektedir.<\/p>\n","protected":false},"excerpt":{"rendered":"<p>Septoplasti, burun esteti\u011fi i\u00e7in uygulanmakta olan ameliyatlardan biridir. Bu tedavi tamamen doktorlar e\u015fli\u011finde cerrahi operasyonlar do\u011frultusunda ger\u00e7ekle\u015ftirilmektedir. G\u00fcn\u00fcm\u00fczde en yayg\u0131n burun estetik sorunlar\u0131 aras\u0131nda yer alan problemleri \u00e7\u00f6zmek i\u00e7in uygulanan tedavilerden biridir. Septoplasti ameliyat\u0131, burun k\u0131k\u0131rdaklar\u0131n\u0131n do\u011fru bir \u015fekilde durmamas\u0131&#8230;<\/p>\n","protected":false},"author":1,"featured_media":490,"parent":220,"menu_order":0,"comment_status":"closed","ping_status":"closed","template":"templates\/template-right-sidebar.php","meta":{"inline_featured_image":false,"footnotes":""},"class_list":["post-226","page","type-page","status-publish","has-post-thumbnail","hentry"],"_links":{"self":[{"href":"https:\/\/westmodernclinic.com\/tr\/wp-json\/wp\/v2\/pages\/226","targetHints":{"allow":["GET"]}}],"collection":[{"href":"https:\/\/westmodernclinic.com\/tr\/wp-json\/wp\/v2\/pages"}],"about":[{"href":"https:\/\/westmodernclinic.com\/tr\/wp-json\/wp\/v2\/types\/page"}],"author":[{"embeddable":true,"href":"https:\/\/westmodernclinic.com\/tr\/wp-json\/wp\/v2\/users\/1"}],"replies":[{"embeddable":true,"href":"https:\/\/westmodernclinic.com\/tr\/wp-json\/wp\/v2\/comments?post=226"}],"version-history":[{"count":3,"href":"https:\/\/westmodernclinic.com\/tr\/wp-json\/wp\/v2\/pages\/226\/revisions"}],"predecessor-version":[{"id":492,"href":"https:\/\/westmodernclinic.com\/tr\/wp-json\/wp\/v2\/pages\/226\/revisions\/492"}],"up":[{"embeddable":true,"href":"https:\/\/westmodernclinic.com\/tr\/wp-json\/wp\/v2\/pages\/220"}],"wp:featuredmedia":[{"embeddable":true,"href":"https:\/\/westmodernclinic.com\/tr\/wp-json\/wp\/v2\/media\/490"}],"wp:attachment":[{"href":"https:\/\/westmodernclinic.com\/tr\/wp-json\/wp\/v2\/media?parent=226"}],"curies":[{"name":"wp","href":"https:\/\/api.w.org\/{rel}","templated":true}]}}