{"id":223,"date":"2022-11-06T15:11:43","date_gmt":"2022-11-06T15:11:43","guid":{"rendered":"https:\/\/westmodernclinic.com\/burun-ameliyatlari\/rhinoplasty\/"},"modified":"2022-12-19T04:06:04","modified_gmt":"2022-12-19T04:06:04","slug":"rinoplasti","status":"publish","type":"page","link":"https:\/\/westmodernclinic.com\/tr\/burun-ameliyatlari\/rinoplasti\/","title":{"rendered":"Rinoplasti"},"content":{"rendered":"<p><strong><img loading=\"lazy\" decoding=\"async\" class=\"aligncenter size-full wp-image-499\" src=\"https:\/\/westmodernclinic.com\/wp-content\/uploads\/2022\/11\/Rinoplasti.jpg\" alt=\"\" width=\"1060\" height=\"709\" srcset=\"https:\/\/westmodernclinic.com\/wp-content\/uploads\/2022\/11\/Rinoplasti.jpg 1060w, https:\/\/westmodernclinic.com\/wp-content\/uploads\/2022\/11\/Rinoplasti-300x201.jpg 300w, https:\/\/westmodernclinic.com\/wp-content\/uploads\/2022\/11\/Rinoplasti-1024x685.jpg 1024w, https:\/\/westmodernclinic.com\/wp-content\/uploads\/2022\/11\/Rinoplasti-768x514.jpg 768w\" sizes=\"auto, (max-width: 1060px) 100vw, 1060px\" \/>Rinoplasti<\/strong>, burun esteti\u011fi veya burun ameliyat\u0131 anlam\u0131na gelir. Burun esteti\u011fi olmak ve yeni bir burna sahip olmak isteyen ki\u015filer, bu tedaviyi tercih edebilir. Bu tedavi, farkl\u0131 y\u00f6ntemler uygulanarak yap\u0131labilir. Ancak genel olarak t\u00fcm burun esteti\u011fi tedavilerinde oldu\u011fu gibi bu da bir ameliyat y\u00f6ntemidir.<\/p>\n<p>Burun de\u011fi\u015fimi i\u00e7in estetik uzmanlar\u0131ndan ve cerrahlar taraf\u0131ndan uygulanabilecek bir\u00e7ok y\u00f6ntem vard\u0131r. Bunlardan biri de burun esteti\u011fi ameliyat\u0131d\u0131r. Rinoplasti, direkt olarak burnu de\u011fi\u015ftirmek i\u00e7in uygulanmakta olan bir operasyondur. Bu operasyon tamamen estetik cerrahlar\u0131 e\u015fli\u011finde ameliyat olarak uygulan\u0131r.<\/p>\n<p><strong>Rinoplasti tedavisi<\/strong> sayesinde hastalar, yeni bir burun g\u00f6r\u00fcn\u00fc\u015f\u00fcne sahip olabilecekleri gibi solunum sorunlar\u0131 ve di\u011fer sa\u011fl\u0131k problemlerinden de kolayl\u0131kla kurtulabilirler. Bu tedavi g\u00fcn\u00fcm\u00fczde uygulanan y\u00f6ntemler ve geli\u015fmi\u015f teknolojiler sayesinde olduk\u00e7a k\u0131sa s\u00fcre i\u00e7erisinde yap\u0131labilmektedir.<\/p>\n<h2>Rinoplasti Nedir? Ne \u0130\u015fe Yarar?<\/h2>\n<p><strong>Rinoplasti<\/strong>, burun esteti\u011fi yapt\u0131rmak isteyen hastalara uygulanan bir cerrahi y\u00f6ntemdir. Bu y\u00f6ntemde hastalar ameliyat olarak yeni bir burna sahip olabilir. Estetik cerrahlar\u0131 taraf\u0131ndan ger\u00e7ekle\u015ftirilen bu y\u00f6ntemde burun kemikleri, k\u0131k\u0131rdaklar\u0131 ve di\u011fer fiziksel sorunlar nedeniyle hastay\u0131 rahats\u0131z eden problemler ortadan kald\u0131r\u0131l\u0131r. Bu sayede hastalar, yeni bir burun g\u00f6r\u00fcn\u00fcm\u00fcne sahip olabilirler.<\/p>\n<p>Y\u00fczde en \u00e7ok ilgi \u00e7eken b\u00f6lgelerin ba\u015f\u0131nda burun gelir. Bu nedenle burun b\u00f6lgesinde var olan ve estetik a\u00e7\u0131dan bireyleri rahats\u0131z eden olumsuz durumlar, bir\u00e7ok soruna neden a\u00e7abilir. Burun b\u00f6lgesi ba\u015fta olmak \u00fczere g\u00fcn\u00fcm\u00fczde bir\u00e7ok estetik problemlerden plastik cerrahiler taraf\u0131ndan uygulanan y\u00f6ntemler ile kurtulabilmek m\u00fcmk\u00fcnd\u00fcr. Burun b\u00f6lgesi i\u00e7in uygulanan ameliyat ve estetik tedavilerinde genellikle operasyonlar ger\u00e7ekle\u015ftirilmektedir.<\/p>\n<h3>Rinoplasti Nas\u0131l Yap\u0131l\u0131r?<\/h3>\n<p>Burun esteti\u011fi, doktor e\u015fli\u011finde ameliyat \u015feklinde yap\u0131l\u0131r. Burun esteti\u011fi yapt\u0131rmak isteyen her hastan\u0131n cerrahi operasyona girmesi \u015fartt\u0131r. <strong>Rinoplasti ameliyat\u0131<\/strong>nda ameliyat s\u00fcrecinden \u00e7ok \u00f6ncesi ve sonras\u0131 \u00f6nemlidir. Hastan\u0131n ameliyata do\u011fru bir \u015fekilde haz\u0131rlanmas\u0131 ve ameliyat\u0131n ard\u0131ndan sonraki s\u00fcre\u00e7lerde tedavi edilen burnu korumas\u0131, estetik i\u015fleminin ba\u015far\u0131l\u0131 olmas\u0131 a\u00e7\u0131s\u0131ndan b\u00fcy\u00fck \u00f6nem ta\u015f\u0131r.<\/p>\n<p>Burun esteti\u011fi ameliyat\u0131nda \u00f6ncelik olarak estetik cerrah hastay\u0131 muayene eder. Kar\u015f\u0131l\u0131kl\u0131 ger\u00e7ekle\u015fen fikir al\u0131\u015fveri\u015fleri do\u011frultusunda burna yap\u0131lacak olan uygulamalar belirlenir. Buna g\u00f6re ameliyat g\u00fcn\u00fc ve di\u011fer tedaviler uygulanmaya ba\u015flan\u0131r. Bu noktada ameliyat \u00f6ncesinde burun derisi, burnun i\u00e7 ve d\u0131\u015f yap\u0131s\u0131 gibi bir\u00e7ok nokta incelenmektedir. E\u011fer ameliyatta basit i\u015flemler yap\u0131lacaksa lokal anestezi, uygulanacak i\u015flemler a\u011f\u0131r ve zorlu ise hasta tamamen anestezi alt\u0131ndayken operasyon ger\u00e7ekle\u015ftirilir.<\/p>\n<p>G\u00fcn\u00fcm\u00fczde hastalar taraf\u0131ndan tercih edilecek iki tip burun ameliyat\u0131 vard\u0131r. Bunlar; a\u00e7\u0131k ve kapal\u0131 rinoplasti tedavisidir.<\/p>\n<h3>Kapal\u0131 Rinoplasti Nedir?<\/h3>\n<p><strong>Kapal\u0131 rinoplasti<\/strong> y\u00f6nteminde burun i\u00e7erisindeki yumu\u015fak dokular\u0131n a\u00e7\u0131lmas\u0131na gerek kalmadan ameliyat ger\u00e7ekle\u015ftirilir. Bu y\u00f6ntem son d\u00f6nemde en \u00e7ok tercih edilen ameliyat se\u00e7eneklerinden biridir. Kapal\u0131 teknik ile uygulanan bu tedavide hastalar\u0131n burunlar\u0131 a\u00e7\u0131lmadan operasyon ger\u00e7ekle\u015ftirilir.<\/p>\n<p><strong>A\u00e7\u0131k rinoplasti<\/strong> ise burnun alt k\u0131sm\u0131nda bulunan deliklerin aras\u0131ndaki kolumella ad\u0131 verilen b\u00f6lgenin a\u00e7\u0131larak esteti\u011fin ger\u00e7ekle\u015ftirilmesidir. \u0130ki y\u00f6ntemden hangisinin uygulanaca\u011f\u0131 genel olarak hasta taraf\u0131ndan tercih edilse de hastan\u0131n tedaviye uygun olmas\u0131 gerekmektedir. Plastik cerrahlar taraf\u0131ndan muayene edilmeden hangi y\u00f6ntemin tercih edilmesine karar vermek m\u00fcmk\u00fcn de\u011fildir.<\/p>\n<h3>Rinoplasti Fiyatlar\u0131 Ne Kadar?<\/h3>\n<p><strong>Rinoplasti fiyatlar\u0131<\/strong>, bir\u00e7ok fakt\u00f6r do\u011frultusunda her hasta i\u00e7in \u00f6zel olarak belirlenmektedir. Bunun sebebi hastan\u0131n burun b\u00f6lgesindeki estetik sorunlar\u0131n\u0131n farkl\u0131 olmas\u0131 ve her hastaya uygulanacak ameliyat y\u00f6nteminin de bu do\u011frultuda de\u011fi\u015fiklik g\u00f6stermesidir. Genele olarak fiyat bilgisi, doktorlar taraf\u0131ndan yap\u0131lacak olan ilk tedavinin ard\u0131ndan belirlenir.<\/p>\n<p>Bu nedenle fiyat bilgisine eri\u015febilmeniz i\u00e7in \u00f6ncelik olarak ilk muayeneyi olmal\u0131 ve uygulanacak tedaviler belirlendikten sonra fiyat almal\u0131s\u0131n\u0131z. <strong>Rinoplasti fiyatlar\u0131 2022<\/strong> y\u0131l\u0131nda genel olarak 35000 TL ile 45000 TL aras\u0131nda \u015fekillenmektedir. Fiyatlar bir\u00e7ok fakt\u00f6r do\u011frultusunda de\u011fi\u015fiklik g\u00f6sterebilir.<\/p>\n<h3>Estetik Burun Ameliyat\u0131 Neden Yap\u0131l\u0131r?<\/h3>\n<p><strong>Estetik burun ameliyat\u0131<\/strong> veya di\u011fer burun esteti\u011fi tedavilerinin tercih edilmesinin bir\u00e7ok sebebi vard\u0131r. Bunlar g\u00fcn\u00fcm\u00fczde genellikle estetik kayg\u0131lar ve problemlerdir. Ancak baz\u0131 durumlarda \u00e7e\u015fitli solunum ve benzer sa\u011fl\u0131k problemleri sebebiyle de burun esteti\u011fi tercih edilebilir. Burun esteti\u011fi tedavisinin tercih edilmesinin nedenleri genel olarak a\u015fa\u011f\u0131daki gibidir;<\/p>\n<ul>\n<li>Do\u011fu\u015ftan burun b\u00f6lgesinde var olan estetiksel problemler<\/li>\n<li>\u00c7ocukluk d\u00f6nemlerinden itibaren geli\u015fimsel \u015fekil bozukluklar\u0131<\/li>\n<li>Yap\u0131sal kaynakl\u0131 bozukluklar<\/li>\n<li>Nefes alamama ve horlama gibi benzer sa\u011fl\u0131k sorunlar\u0131<\/li>\n<li>Burun b\u00fcy\u00fckl\u00fc\u011f\u00fc ve k\u00fc\u00e7\u00fckl\u00fc\u011f\u00fc<\/li>\n<li>Burun g\u00f6r\u00fcn\u00fcm\u00fcnden rahats\u0131zl\u0131k<\/li>\n<li>Burun deliklerinin b\u00fcy\u00fck veya k\u00fc\u00e7\u00fck olmas\u0131<\/li>\n<li>Burun ucu problemleri<\/li>\n<\/ul>\n<p>Yukar\u0131daki nedenler do\u011frultusunda bu problemleri d\u00fczeltmek <strong>amac\u0131yla burun ameliyat\u0131<\/strong> tercih edilmektedir. Burun esteti\u011fi tedavisi, g\u00fcn\u00fcm\u00fczde en \u00e7ok tercih edilen estetik tedavilerinden biridir.<\/p>\n","protected":false},"excerpt":{"rendered":"<p>Rinoplasti, burun esteti\u011fi veya burun ameliyat\u0131 anlam\u0131na gelir. Burun esteti\u011fi olmak ve yeni bir burna sahip olmak isteyen ki\u015filer, bu tedaviyi tercih edebilir. Bu tedavi, farkl\u0131 y\u00f6ntemler uygulanarak yap\u0131labilir. Ancak genel olarak t\u00fcm burun esteti\u011fi tedavilerinde oldu\u011fu gibi bu da&#8230;<\/p>\n","protected":false},"author":1,"featured_media":499,"parent":220,"menu_order":0,"comment_status":"closed","ping_status":"closed","template":"templates\/template-right-sidebar.php","meta":{"inline_featured_image":false,"footnotes":""},"class_list":["post-223","page","type-page","status-publish","has-post-thumbnail","hentry"],"_links":{"self":[{"href":"https:\/\/westmodernclinic.com\/tr\/wp-json\/wp\/v2\/pages\/223","targetHints":{"allow":["GET"]}}],"collection":[{"href":"https:\/\/westmodernclinic.com\/tr\/wp-json\/wp\/v2\/pages"}],"about":[{"href":"https:\/\/westmodernclinic.com\/tr\/wp-json\/wp\/v2\/types\/page"}],"author":[{"embeddable":true,"href":"https:\/\/westmodernclinic.com\/tr\/wp-json\/wp\/v2\/users\/1"}],"replies":[{"embeddable":true,"href":"https:\/\/westmodernclinic.com\/tr\/wp-json\/wp\/v2\/comments?post=223"}],"version-history":[{"count":5,"href":"https:\/\/westmodernclinic.com\/tr\/wp-json\/wp\/v2\/pages\/223\/revisions"}],"predecessor-version":[{"id":501,"href":"https:\/\/westmodernclinic.com\/tr\/wp-json\/wp\/v2\/pages\/223\/revisions\/501"}],"up":[{"embeddable":true,"href":"https:\/\/westmodernclinic.com\/tr\/wp-json\/wp\/v2\/pages\/220"}],"wp:featuredmedia":[{"embeddable":true,"href":"https:\/\/westmodernclinic.com\/tr\/wp-json\/wp\/v2\/media\/499"}],"wp:attachment":[{"href":"https:\/\/westmodernclinic.com\/tr\/wp-json\/wp\/v2\/media?parent=223"}],"curies":[{"name":"wp","href":"https:\/\/api.w.org\/{rel}","templated":true}]}}