{"id":220,"date":"2022-11-06T15:07:03","date_gmt":"2022-11-06T15:07:03","guid":{"rendered":"https:\/\/westmodernclinic.com\/nose-aesthetics\/"},"modified":"2022-12-19T04:05:28","modified_gmt":"2022-12-19T04:05:28","slug":"burun-ameliyatlari","status":"publish","type":"page","link":"https:\/\/westmodernclinic.com\/tr\/burun-ameliyatlari\/","title":{"rendered":"Burun Ameliyatlar\u0131"},"content":{"rendered":"<p><strong><img loading=\"lazy\" decoding=\"async\" class=\"aligncenter size-full wp-image-477\" src=\"https:\/\/westmodernclinic.com\/wp-content\/uploads\/2022\/11\/Burun-Ameliyatlari.jpg\" alt=\"\" width=\"1060\" height=\"636\" srcset=\"https:\/\/westmodernclinic.com\/wp-content\/uploads\/2022\/11\/Burun-Ameliyatlari.jpg 1060w, https:\/\/westmodernclinic.com\/wp-content\/uploads\/2022\/11\/Burun-Ameliyatlari-300x180.jpg 300w, https:\/\/westmodernclinic.com\/wp-content\/uploads\/2022\/11\/Burun-Ameliyatlari-1024x614.jpg 1024w, https:\/\/westmodernclinic.com\/wp-content\/uploads\/2022\/11\/Burun-Ameliyatlari-768x461.jpg 768w\" sizes=\"auto, (max-width: 1060px) 100vw, 1060px\" \/>Burun ameliyatlar\u0131<\/strong>, burun b\u00f6lgesinde meydana gelen \u00e7e\u015fitli sa\u011fl\u0131k ve estetik problemlerinin giderilmesi i\u00e7in tercih edilen tedavilerdir. Hangi ameliyat veya tedavi y\u00f6ntemi oldu\u011fu fark etmeksizin t\u00fcm operasyonlar, uzman doktorlar e\u015fli\u011finde ger\u00e7ekle\u015ftirilir. Ayr\u0131ca uygulanacak olan tedavinin hangisi olaca\u011f\u0131na da yine plastik cerrahiler karar vermektedir.<\/p>\n<p>Uzman doktorlar e\u015fli\u011finde ger\u00e7ekle\u015fecek olan muayenenin ard\u0131ndan uygulanacak tedavi belirlenir. Muayenelerde hastalar\u0131n burun b\u00f6lgesindeki problemler te\u015fhis edilirken hastan\u0131n ameliyata uygun olup olmad\u0131\u011f\u0131 da kontrol edilmektedir.<\/p>\n<p>G\u00fcn\u00fcm\u00fczde s\u0131kl\u0131kla tercih edilen iki ayr\u0131 burun ameliyatlar\u0131 bulunmaktad\u0131r. Bunlardan ilki rinoplastidir. Bir di\u011fer burun ameliyat\u0131 ise k\u0131k\u0131rdak e\u011frili\u011fi i\u00e7in yap\u0131lmakta olan septoplastidir. <strong>Septoplasti ve rinoplasti ameliyatlar\u0131<\/strong> hem sa\u011fl\u0131k hem de estetik problemlerini gidermek amac\u0131yla yap\u0131lmaktad\u0131r.<\/p>\n<h2>Rinoplasti Burun Ameliyatlar\u0131<\/h2>\n<p><strong>Rinoplasti burun ameliyatlar\u0131<\/strong>, g\u00fcn\u00fcm\u00fczde en \u00e7ok tercih edilen estetik operasyonlar\u0131ndan biridir. Do\u011fu\u015ftan kalma ve sonradan meydana gelme \u00e7ok say\u0131da burun b\u00f6lgesi problemiyle g\u00fcn\u00fcm\u00fczde kar\u015f\u0131la\u015fmak m\u00fcmk\u00fcnd\u00fcr. Bireylerin burun b\u00f6lgelerinde var olan sorunlar hem sa\u011fl\u0131k problemleri hem de estetik kayg\u0131s\u0131 yaratabilir. Bu tip durumlarda burun ameliyatlar\u0131 tercih edilir.<\/p>\n<p>Rinoplasti <strong>burun ameliyat\u0131<\/strong>, burun b\u00f6lgesi g\u00f6r\u00fcn\u00fcm\u00fcnden memnun olmayan ve yeni bir burna sahip olmak isteyen ki\u015filerin tercih edebilece\u011fi ameliyatlardan biridir. Bu ameliyat ve operasyonlar sayesinde burnun estetik a\u00e7\u0131dan k\u00f6t\u00fc g\u00f6r\u00fcn\u00fcm\u00fc tamamen ortadan kald\u0131r\u0131lmakta ve hastalar yeni bir burna sahip olmaktad\u0131r. Rinoplasti, g\u00fcn\u00fcm\u00fczde en \u00e7ok tercih edilen ameliyatlardan biridir.<\/p>\n<h3>Rinoplasti Nas\u0131l Yap\u0131l\u0131r? Neden Tercih Edilir?<\/h3>\n<p>Rinoplasti <strong>burun ameliyatlar\u0131<\/strong> aras\u0131nda en \u00e7ok tercih edilen estetik operasyonlardan biridir. Bu estetik operasyon, hastalar\u0131n k\u0131sa s\u00fcre i\u00e7erisinde diledikleri gibi bir burna sahip olmalar\u0131na imkan tan\u0131r. Plastik cerrahiler taraf\u0131ndan ger\u00e7ekle\u015ftirilen bu ameliyat, farkl\u0131 iki y\u00f6ntem tercih edilerek yap\u0131labilir. Bunlardan ilki a\u00e7\u0131k rinoplasti di\u011feri ise kapal\u0131 rinoplastidir. \u0130ki y\u00f6ntemde de burun b\u00f6lgesinde hedeflenen g\u00f6r\u00fcnt\u00fcye ula\u015f\u0131lmaktad\u0131r.<\/p>\n<p><strong>Rinoplasti<\/strong> burun ameliyatlar\u0131, burun b\u00f6lgesinde var olan sorunlar\u0131 gidermek amac\u0131yla hastalar taraf\u0131ndan tercih edilir. Burnun \u00e7ok b\u00fcy\u00fck veya \u00e7ok k\u00fc\u00e7\u00fck olmas\u0131, burun deliklerinin geni\u015f olmas\u0131, burun ucunun sorunlu olmas\u0131, burun \u015feklinin estetik a\u00e7\u0131dan k\u00f6t\u00fc olmas\u0131 ve burunla alakal\u0131 di\u011fer problemlerin giderilmesi amac\u0131yla ameliyat tercih edilmekte ve uygulanmaktad\u0131r.<\/p>\n<h2>Septoplasti Burun Ameliyatlar\u0131<\/h2>\n<p><strong>Septoplasti<\/strong> burun ameliyatlar\u0131, g\u00fcn\u00fcm\u00fczde en \u00e7ok tercih edilen estetik operasyonlar\u0131ndan biridir. Bu operasyonda burun k\u0131k\u0131rda\u011f\u0131nda meydana gelen e\u011frili\u011fin giderilmesi ama\u00e7lan\u0131r. T\u00fcm operasyon k\u0131sa s\u00fcre i\u00e7erisinde ger\u00e7ekle\u015ftirilirken burnun iyile\u015fmesi ameliyata oranla daha uzun s\u00fcrebilir.<\/p>\n<p>Septoplasti <strong>burun ameliyatlar\u0131<\/strong>n\u0131n tercih edilmesinin en b\u00fcy\u00fck sebepleri aras\u0131nda k\u0131k\u0131rdak k\u0131sm\u0131n\u0131n e\u011fri olmas\u0131n\u0131n estetik a\u00e7\u0131dan k\u00f6t\u00fc bir g\u00f6r\u00fcn\u00fcm yaratmas\u0131d\u0131r. Ayr\u0131ca septum deviasyonu da denilen sa\u011fl\u0131k problemlerinin meydana gelmesi de bu ameliyat\u0131n tercih edilmesinin en b\u00fcy\u00fck nedenleri aras\u0131ndad\u0131r.<\/p>\n<p>Septoplasti ameliyat\u0131n\u0131n uygulan\u0131p uygulanmayaca\u011f\u0131na da yine uzman doktorlar e\u015fli\u011finde ger\u00e7ekle\u015fen muayeneler ard\u0131ndan karar verilmektedir. Hastan\u0131n burun b\u00f6lgesindeki sorun te\u015fhis edilerek ameliyat\u0131n gerekli olup olmad\u0131\u011f\u0131na ve uygulanacak olan tedaviler belirlenir. Ard\u0131ndan uzman plastik cerrahlar e\u015fli\u011finde operasyon ger\u00e7ekle\u015ftirilir.<\/p>\n<h3>Septoplasti Ameliyat\u0131 Ne Kadar S\u00fcrer? Nas\u0131l Yap\u0131l\u0131r?<\/h3>\n<p><strong>Septoplasti ameliyat\u0131<\/strong>, olduk\u00e7a k\u0131sa s\u00fcre i\u00e7erisinde ger\u00e7ekle\u015ftirilen ameliyatlardan biridir. B\u00fcy\u00fck oranla risksiz olan bu burun ameliyatlar\u0131nda ba\u015far\u0131ya ula\u015fma oran\u0131 da fazlas\u0131yla y\u00fcksektir. Bu sebeple g\u00fcn\u00fcm\u00fczde de s\u0131kl\u0131kla tercih edilmektedir. Septoplasti ameliyat\u0131 genel olarak 1 saat ile 1 bu\u00e7uk saat aras\u0131nda s\u00fcrmektedir.<\/p>\n<p>Ameliyat sonras\u0131 s\u00fcre\u00e7 ve b\u00f6lgesel burun bak\u0131m\u0131 fazlas\u0131yla \u00f6nem ta\u015f\u0131r. Septoplasti burun ameliyat\u0131, hastan\u0131n durumuna ve uygulanacak olan y\u00f6ntemler do\u011frultusunda lokal anestezi veya genel anesteziyle yap\u0131labilir. Bu duruma doktorlar taraf\u0131ndan yap\u0131lan ilk muayenenin ard\u0131ndan karar verilmektedir. Septoplasti <strong>burun ameliyat\u0131<\/strong> olmak isteyen bireylerin, ameliyat\u0131 engelleyecek bir sa\u011fl\u0131k problemlerinin olmamas\u0131 da gerekir.<\/p>\n<h2>Burun Ameliyatlar\u0131 Fiyatlar\u0131 Ne Kadar?<\/h2>\n<p><strong>Burun ameliyatlar\u0131 fiyatlar\u0131<\/strong> bir\u00e7ok fakt\u00f6r do\u011frultusunda de\u011fi\u015fiklik g\u00f6sterir. Bunun sebebi her hastaya uygulanacak tedavi ve operasyonlar\u0131n farkl\u0131 olmas\u0131d\u0131r. \u00d6rne\u011fin a\u00e7\u0131k rinoplasti ve kapal\u0131 rinoplasti ameliyatlar\u0131n\u0131n fiyatlar\u0131 de\u011fi\u015febilir. Bununla birlikte septoplasti ameliyat\u0131 olacak bireylerdeki k\u0131k\u0131rdak e\u011frili\u011finin d\u00fczeyi de fiyatlarda de\u011fi\u015fikli\u011fe neden olabilmektedir.<\/p>\n<p>Her sa\u011fl\u0131k probleminde ve estetik tedavilerinde oldu\u011fu gibi burun ameliyatlar\u0131nda net fiyat bilgisine ula\u015fmak i\u00e7in ilk olarak doktor muayenesinden ge\u00e7mek gerekmektedir. Plastik cerrahiler ve uzman doktorlar e\u015fli\u011finde yap\u0131lan muayenelerin ard\u0131ndan fiyat bilgisine ula\u015fman\u0131z m\u00fcmk\u00fcnd\u00fcr. G\u00fcn\u00fcm\u00fczde <strong>burun esteti\u011fi ameliyat\u0131<\/strong> fiyatlar\u0131 25 bin TL\u2019den ba\u015flamakta ve uygulanacak tedaviye g\u00f6re de\u011fi\u015fiklik g\u00f6stermektedir.<\/p>\n","protected":false},"excerpt":{"rendered":"<p>Burun ameliyatlar\u0131, burun b\u00f6lgesinde meydana gelen \u00e7e\u015fitli sa\u011fl\u0131k ve estetik problemlerinin giderilmesi i\u00e7in tercih edilen tedavilerdir. Hangi ameliyat veya tedavi y\u00f6ntemi oldu\u011fu fark etmeksizin t\u00fcm operasyonlar, uzman doktorlar e\u015fli\u011finde ger\u00e7ekle\u015ftirilir. Ayr\u0131ca uygulanacak olan tedavinin hangisi olaca\u011f\u0131na da yine plastik cerrahiler&#8230;<\/p>\n","protected":false},"author":1,"featured_media":477,"parent":0,"menu_order":0,"comment_status":"closed","ping_status":"closed","template":"templates\/template-right-sidebar.php","meta":{"inline_featured_image":false,"footnotes":""},"class_list":["post-220","page","type-page","status-publish","has-post-thumbnail","hentry"],"_links":{"self":[{"href":"https:\/\/westmodernclinic.com\/tr\/wp-json\/wp\/v2\/pages\/220","targetHints":{"allow":["GET"]}}],"collection":[{"href":"https:\/\/westmodernclinic.com\/tr\/wp-json\/wp\/v2\/pages"}],"about":[{"href":"https:\/\/westmodernclinic.com\/tr\/wp-json\/wp\/v2\/types\/page"}],"author":[{"embeddable":true,"href":"https:\/\/westmodernclinic.com\/tr\/wp-json\/wp\/v2\/users\/1"}],"replies":[{"embeddable":true,"href":"https:\/\/westmodernclinic.com\/tr\/wp-json\/wp\/v2\/comments?post=220"}],"version-history":[{"count":3,"href":"https:\/\/westmodernclinic.com\/tr\/wp-json\/wp\/v2\/pages\/220\/revisions"}],"predecessor-version":[{"id":479,"href":"https:\/\/westmodernclinic.com\/tr\/wp-json\/wp\/v2\/pages\/220\/revisions\/479"}],"wp:featuredmedia":[{"embeddable":true,"href":"https:\/\/westmodernclinic.com\/tr\/wp-json\/wp\/v2\/media\/477"}],"wp:attachment":[{"href":"https:\/\/westmodernclinic.com\/tr\/wp-json\/wp\/v2\/media?parent=220"}],"curies":[{"name":"wp","href":"https:\/\/api.w.org\/{rel}","templated":true}]}}