{"id":217,"date":"2022-11-06T15:05:29","date_gmt":"2022-11-06T15:05:29","guid":{"rendered":"https:\/\/westmodernclinic.com\/sac-ekimi\/sapphire-fue-hair-transplant\/"},"modified":"2022-12-19T04:12:25","modified_gmt":"2022-12-19T04:12:25","slug":"safir-fue-sac-ekimi","status":"publish","type":"page","link":"https:\/\/westmodernclinic.com\/tr\/sac-ekimi\/safir-fue-sac-ekimi\/","title":{"rendered":"Safir FUE Sa\u00e7 Ekimi"},"content":{"rendered":"<h1><strong><img loading=\"lazy\" decoding=\"async\" class=\"aligncenter size-full wp-image-471\" src=\"https:\/\/westmodernclinic.com\/wp-content\/uploads\/2022\/11\/Safir-FUE-Sac-Ekimi.jpg\" alt=\"\" width=\"1060\" height=\"551\" srcset=\"https:\/\/westmodernclinic.com\/wp-content\/uploads\/2022\/11\/Safir-FUE-Sac-Ekimi.jpg 1060w, https:\/\/westmodernclinic.com\/wp-content\/uploads\/2022\/11\/Safir-FUE-Sac-Ekimi-300x156.jpg 300w, https:\/\/westmodernclinic.com\/wp-content\/uploads\/2022\/11\/Safir-FUE-Sac-Ekimi-1024x532.jpg 1024w, https:\/\/westmodernclinic.com\/wp-content\/uploads\/2022\/11\/Safir-FUE-Sac-Ekimi-768x399.jpg 768w\" sizes=\"auto, (max-width: 1060px) 100vw, 1060px\" \/>Safir FUE Y\u00f6ntemiyle Sa\u00e7 Ekimi<\/strong><\/h1>\n<p><strong>Safir FUE y\u00f6ntemiyle sa\u00e7 ekimi<\/strong>, sa\u00e7 ekiminde do\u011fal bir g\u00f6r\u00fcn\u00fcm elde etmek isteyen ki\u015filer taraf\u0131ndan tercih edilmektedir. FUE tekni\u011finin ileri bir versiyonu olan bu y\u00f6ntemde ba\u015far\u0131 ve memnuniyet d\u00fczeyinin olduk\u00e7a y\u00fcksek oldu\u011fu bilinmektedir. Seyrekle\u015fme ve kelli\u011fi sa\u011fl\u0131kl\u0131 bir \u015fekilde ortadan kald\u0131ran safir FUE y\u00f6ntemi, bu sebeple ya\u015fanan g\u00f6r\u00fcnt\u00fc kayg\u0131s\u0131n\u0131n da \u00f6n\u00fcne ge\u00e7ebilecektir.<\/p>\n<h2><strong>En \u0130yi Sa\u00e7 Ekim Y\u00f6ntemi Nedir? Safir FUE Y\u00f6ntemiyle Sa\u00e7 Ekimi Nedir?<\/strong><\/h2>\n<p>Sa\u00e7 ekimi konusunda \u00f6ne \u00e7\u0131kan pek \u00e7ok y\u00f6ntem bulunmaktad\u0131r. Son y\u0131llarda \u00fclkemizde ve d\u00fcnyada en \u00e7ok tercih edilen y\u00f6ntem ise <strong>Safir FUE y\u00f6ntemiyle sa\u00e7 ekimi<\/strong> olmaktad\u0131r. Bu y\u00f6ntemde de standart FUE y\u00f6ntemi gibi, sa\u00e7 k\u00f6kleri toplanmaktad\u0131r.<\/p>\n<p>Ancak safir FUE y\u00f6ntemini FUE y\u00f6nteminden ay\u0131ran en \u00f6nemli detay \u00e7elik formunda de\u011fil kalem formunda olan safir cevherlerin kullan\u0131lmas\u0131d\u0131r. Bu sa\u00e7 ekim y\u00f6ntemi ad\u0131n\u0131 i\u015flemde kullan\u0131lan cevherlerden almaktad\u0131r.<\/p>\n<h3><strong>Safir Tekni\u011fi Nedir? Safir Sa\u00e7 Ekimi A\u011fr\u0131l\u0131 m\u0131? <\/strong><\/h3>\n<p>Safir tekni\u011fi belirtti\u011fimiz gibi, \u00e7elik formlu mikro u\u00e7lar yerine kalem tipindeki safir cevherlerin kullan\u0131m\u0131yla ekimin yap\u0131lmas\u0131 olarak tan\u0131mlanmaktad\u0131r. Minimal invaziv y\u00f6ntemlerden olu\u015fan safir tekni\u011fi, a\u011fr\u0131s\u0131z bir i\u015flemdir.<\/p>\n<p>Bu nedenle hastalar\u0131n a\u011fr\u0131 hissetme olas\u0131l\u0131\u011f\u0131 olduk\u00e7a azd\u0131r. Yine de <strong>safir FUE y\u00f6ntemiyle sa\u00e7 ekimi<\/strong> \u00f6ncesinde yap\u0131lacak b\u00f6lgelere lokal anestezi uygulamas\u0131 yap\u0131lmaktad\u0131r.<\/p>\n<h3><strong>Safir FUE Sa\u00e7 Ekimi Nas\u0131l Yap\u0131l\u0131r? Safir FUE Sa\u00e7 Ekimi \u0130yile\u015fme S\u00fcresi Ne Kadar?<\/strong><\/h3>\n<p><strong>Safir FUE y\u00f6ntemiyle sa\u00e7 ekimi<\/strong> 18-80 ya\u015f aral\u0131\u011f\u0131nda bulunan kad\u0131n veya erkek her hastaya yap\u0131labilecektir. Bu operasyonun yap\u0131labilmesi i\u00e7in hastan\u0131n genel sa\u011fl\u0131\u011f\u0131n\u0131n yerinde olmas\u0131 yeterli olacakt\u0131r. \u0130\u015flem \u00f6ncesinde hasta detayl\u0131 bir tetkik ve analiz s\u00fcrecinden ge\u00e7mektedir.<\/p>\n<p>Sa\u00e7 analizi yap\u0131ld\u0131ktan sonra sa\u00e7a ka\u00e7 greft transferi yap\u0131lmas\u0131 gerekti\u011fi ara\u015ft\u0131r\u0131lmal\u0131d\u0131r. Bu a\u015famada don\u00f6r al\u0131nacak b\u00f6lge se\u00e7imi ve hedeflenen g\u00f6r\u00fcn\u00fcm gibi detaylara da yer verilmelidir. <strong>Safir FUE y\u00f6ntemiyle sa\u00e7 ekimi<\/strong> \u00f6ncesinde greft yap\u0131lacak b\u00f6lgelere lokal anestezi uygulan\u0131r. Lokal anestezi uyguland\u0131ktan sonra ise ense, g\u00f6\u011f\u00fcs ya da s\u0131rt b\u00f6lgesinde bulunan k\u0131llardan don\u00f6r toplanmaya ba\u015flan\u0131r.<\/p>\n<p>Greft toplama a\u015famas\u0131nda FUE motorlar\u0131 kullan\u0131ld\u0131\u011f\u0131nda greftler kolayca gev\u015fetilmekte ve toplanmaktad\u0131r. Sa\u011fl\u0131kl\u0131 bir \u015fekilde toplanan bu sa\u00e7 k\u00f6kleri, kellik ve seyreklik bulunan b\u00f6lgelere mikro kanallar a\u00e7\u0131larak yerle\u015ftirilir.<\/p>\n<p>Safir u\u00e7lu b\u0131\u00e7aklar mikro kanal a\u00e7ma esnas\u0131nda dokulara en az d\u00fczeyde hasar vermekte ve kan dola\u015f\u0131m\u0131n\u0131 bozmamaktad\u0131r. A\u00e7\u0131lan kanallara tek tek greft yerle\u015ftirmesi yap\u0131ld\u0131ktan sonra sa\u00e7 ekimi operasyonu sonland\u0131r\u0131lacakt\u0131r. Safir FUE tekni\u011fiyle yap\u0131lan sa\u00e7 ekiminde 1-3 ayda sa\u00e7\u0131n g\u00f6r\u00fcn\u00fcm\u00fc otururken, ortalama 10-12 ay i\u00e7erisinde istenen g\u00f6r\u00fcnt\u00fcye ula\u015f\u0131lacakt\u0131r.<\/p>\n<h3><strong>Safir FUE Y\u00f6ntemiyle Sa\u00e7 Ekimi Sonras\u0131 Nelere Dikkat Edilmeli?<\/strong><\/h3>\n<p><strong>Safir FUE y\u00f6nteminle sa\u00e7 ekimi<\/strong> yapt\u0131r\u0131lacak ise mutlaka sonraki s\u00fcre\u00e7te de titiz bir yakla\u015f\u0131m sergilenmelidir. Operasyon sonras\u0131nda hastalar\u0131n yeterli ve dengeli beslenmeleri tavsiye edilir. Sa\u011fl\u0131kl\u0131 beslenen hastalar yeterli vitamin ve mineral deste\u011fine sahip olaca\u011f\u0131ndan sa\u00e7\u0131n kalitesi artt\u0131r\u0131labilmekte ve h\u0131zl\u0131 uzamas\u0131 desteklenebilmektedir.<\/p>\n<p>Operasyon sonras\u0131nda greftlerin iyile\u015fmesi olumsuz etkilenebilece\u011finden alkol ve t\u00fct\u00fcn \u00fcr\u00fcnleri kullanmamaya gayret g\u00f6sterilmelidir. <strong>Safir FUE y\u00f6ntemiyle ile sa\u00e7 ekimi<\/strong> yapt\u0131r\u0131ld\u0131ktan sonra sa\u00e7lar i\u00e7in kimyasal madde i\u00e7eren \u015fampuanlar kullan\u0131lmamal\u0131d\u0131r. A\u011f\u0131r kimyasal i\u00e7eren kozmetik \u00fcr\u00fcnler ekilen sa\u00e7lar\u0131n hasar g\u00f6rmesine ve kalitesini yitirmesine neden olabilir.<\/p>\n<h3><strong>Safir FUE mi DHI mi Tercih Edilmeli?<\/strong><\/h3>\n<p>Sa\u00e7 ekimi yapt\u0131rmak isteyen bir\u00e7ok hasta safir FUE mi yoksa DHI sa\u00e7 ekimi mi tercih etmeli, bu konuda se\u00e7im yapmakta zorlanabilecektir. Her iki y\u00f6ntemden de al\u0131nan sonu\u00e7lar\u0131n olduk\u00e7a ba\u015far\u0131l\u0131 oldu\u011fu s\u00f6ylenebilir.<\/p>\n<p>Sa\u00e7 ekiminde se\u00e7ilecek y\u00f6ntem hastan\u0131n sa\u00e7 yap\u0131s\u0131, greft ihtiyac\u0131 ve benzeri detaylara ba\u011fl\u0131 olabilece\u011finden doktor taraf\u0131ndan se\u00e7ilmesi daha do\u011fru olacakt\u0131r. Genel olarak FUE geni\u015f alanlara uygulan\u0131rken, DHI dar bir alana s\u0131k ekim yap\u0131lmas\u0131 gerekti\u011finde tercih edilmelidir.<\/p>\n<h3><strong>Safir Sa\u00e7 Ekimi Pahal\u0131 m\u0131? Safir Sa\u00e7 Ekimi Fiyatlar\u0131 Nas\u0131l?<\/strong><\/h3>\n<p><strong>Safir FUE y\u00f6ntemiyle sa\u00e7 ekimi<\/strong> fiyatlar\u0131 belirlenirken baz\u0131 kriterler de\u011ferlendirilmektedir. Sa\u00e7 ekimi fiyatland\u0131rmas\u0131ndaki en \u00f6nemli detay ekilecek alan ve ihtiya\u00e7 duyulan greft say\u0131s\u0131d\u0131r.<\/p>\n<p>Fiyatta \u00f6nemli bir parametre olan bu detay\u0131n yan\u0131 s\u0131ra se\u00e7ilen klinikte \u00f6nemlidir. Alan\u0131nda uzmanl\u0131k seviyesi ve tecr\u00fcbesi bulunan ki\u015filerden al\u0131nd\u0131\u011f\u0131 takdirde bu hizmet, daha y\u00fcksek fiyatlara sunulabilir. Ancak sa\u00e7 ekiminde al\u0131nacak ba\u015far\u0131 son derece \u00f6nemli oldu\u011fundan, geribildirimi iyi olan uzmanlar\u0131n tercih edilmesi tavsiye edilmektedir.<\/p>\n","protected":false},"excerpt":{"rendered":"<p>Safir FUE Y\u00f6ntemiyle Sa\u00e7 Ekimi Safir FUE y\u00f6ntemiyle sa\u00e7 ekimi, sa\u00e7 ekiminde do\u011fal bir g\u00f6r\u00fcn\u00fcm elde etmek isteyen ki\u015filer taraf\u0131ndan tercih edilmektedir. FUE tekni\u011finin ileri bir versiyonu olan bu y\u00f6ntemde ba\u015far\u0131 ve memnuniyet d\u00fczeyinin olduk\u00e7a y\u00fcksek oldu\u011fu bilinmektedir. Seyrekle\u015fme ve&#8230;<\/p>\n","protected":false},"author":1,"featured_media":471,"parent":201,"menu_order":0,"comment_status":"closed","ping_status":"closed","template":"templates\/template-right-sidebar.php","meta":{"inline_featured_image":false,"footnotes":""},"class_list":["post-217","page","type-page","status-publish","has-post-thumbnail","hentry"],"_links":{"self":[{"href":"https:\/\/westmodernclinic.com\/tr\/wp-json\/wp\/v2\/pages\/217","targetHints":{"allow":["GET"]}}],"collection":[{"href":"https:\/\/westmodernclinic.com\/tr\/wp-json\/wp\/v2\/pages"}],"about":[{"href":"https:\/\/westmodernclinic.com\/tr\/wp-json\/wp\/v2\/types\/page"}],"author":[{"embeddable":true,"href":"https:\/\/westmodernclinic.com\/tr\/wp-json\/wp\/v2\/users\/1"}],"replies":[{"embeddable":true,"href":"https:\/\/westmodernclinic.com\/tr\/wp-json\/wp\/v2\/comments?post=217"}],"version-history":[{"count":3,"href":"https:\/\/westmodernclinic.com\/tr\/wp-json\/wp\/v2\/pages\/217\/revisions"}],"predecessor-version":[{"id":473,"href":"https:\/\/westmodernclinic.com\/tr\/wp-json\/wp\/v2\/pages\/217\/revisions\/473"}],"up":[{"embeddable":true,"href":"https:\/\/westmodernclinic.com\/tr\/wp-json\/wp\/v2\/pages\/201"}],"wp:featuredmedia":[{"embeddable":true,"href":"https:\/\/westmodernclinic.com\/tr\/wp-json\/wp\/v2\/media\/471"}],"wp:attachment":[{"href":"https:\/\/westmodernclinic.com\/tr\/wp-json\/wp\/v2\/media?parent=217"}],"curies":[{"name":"wp","href":"https:\/\/api.w.org\/{rel}","templated":true}]}}