{"id":214,"date":"2022-11-06T15:03:37","date_gmt":"2022-11-06T15:03:37","guid":{"rendered":"https:\/\/westmodernclinic.com\/sac-ekimi\/hair-transplant-for-women\/"},"modified":"2022-12-19T04:13:30","modified_gmt":"2022-12-19T04:13:30","slug":"kadinlarda-sac-ekimi","status":"publish","type":"page","link":"https:\/\/westmodernclinic.com\/tr\/sac-ekimi\/kadinlarda-sac-ekimi\/","title":{"rendered":"Kad\u0131nlarda Sa\u00e7 Ekimi"},"content":{"rendered":"<p><strong><img loading=\"lazy\" decoding=\"async\" class=\"aligncenter size-full wp-image-465\" src=\"https:\/\/westmodernclinic.com\/wp-content\/uploads\/2022\/11\/Kadinlarda-Sac-Ekimi.jpg\" alt=\"\" width=\"1060\" height=\"596\" srcset=\"https:\/\/westmodernclinic.com\/wp-content\/uploads\/2022\/11\/Kadinlarda-Sac-Ekimi.jpg 1060w, https:\/\/westmodernclinic.com\/wp-content\/uploads\/2022\/11\/Kadinlarda-Sac-Ekimi-300x169.jpg 300w, https:\/\/westmodernclinic.com\/wp-content\/uploads\/2022\/11\/Kadinlarda-Sac-Ekimi-1024x576.jpg 1024w, https:\/\/westmodernclinic.com\/wp-content\/uploads\/2022\/11\/Kadinlarda-Sac-Ekimi-768x432.jpg 768w\" sizes=\"auto, (max-width: 1060px) 100vw, 1060px\" \/>Kad\u0131nlarda sa\u00e7 ekimi<\/strong>, \u00f6zellikle son g\u00fcnlerde olduk\u00e7a ra\u011fbet g\u00f6ren bir i\u015flemdir. Kad\u0131nlar do\u011fas\u0131 gere\u011fi sa\u00e7lar\u0131yla fazla ilgilenen ve g\u00f6r\u00fcn\u00fcm\u00fcnde sa\u00e7lara fazla \u00f6nem veren bireylerdir. Bu nedenlerde kad\u0131nlarda sa\u00e7 d\u00f6k\u00fclmesinin erkeklere nazaran daha olumsuz duygulara sebebiyet verece\u011fi s\u00f6ylenebilecektir.<\/p>\n<p>G\u00fcnl\u00fck ya\u015fant\u0131m\u0131zda ortalama 100-150 adet sa\u00e7 teli kayb\u0131n\u0131n olmas\u0131 normal kar\u015f\u0131lanmaktad\u0131r. Ancak bu rakamlar\u0131n \u00fczerine \u00e7\u0131kmas\u0131 sa\u00e7lar\u0131n yer yer seyrekle\u015fmesi ve hatta kelle\u015fmesine yol a\u00e7abilir. Bu durumda sa\u00e7 ektirme i\u015flemi yapt\u0131r\u0131larak, kad\u0131nlar\u0131n hayalini kurdu\u011fu g\u00f6r\u00fcn\u00fcme ula\u015fabilmesi m\u00fcmk\u00fcn olacakt\u0131r.<\/p>\n<h2><strong>Kad\u0131nlarda Sa\u00e7 Ekimi Var m\u0131? Kimler Sa\u00e7 Ektirebilir?<\/strong><\/h2>\n<p>Kad\u0131nlarda sa\u00e7 d\u00f6k\u00fclmeleri sa\u011fl\u0131ks\u0131z beslenme, yo\u011fun stres, hormonal d\u00fczensizlikler gibi nedenler dolay\u0131s\u0131yla ortaya \u00e7\u0131kabilir. G\u00fcn\u00fcm\u00fczde estetik g\u00f6r\u00fcn\u00fcm\u00fcn unsurlar\u0131 aras\u0131nda sa\u00e7\u0131n b\u00fcy\u00fck bir \u00f6nem arz etmesi, sa\u00e7 ektirme i\u015flemi ihtiyac\u0131n\u0131 do\u011furmu\u015ftur.<\/p>\n<p>Elbette ki kad\u0131nlarda erkeklerde oldu\u011fu gibi sa\u00e7 ektirme operasyonu yapt\u0131rabilecektir. Bu operasyonun yapt\u0131r\u0131labilmesi i\u00e7in herhangi bir ya\u015f aral\u0131\u011f\u0131nda olunmas\u0131 gerekmez. \u0130lk muayene ile sa\u00e7 kayb\u0131n\u0131n nedeni ve derecesi tespit edildikten sonra, hastan\u0131n sa\u00e7 ektirip ektiremeyece\u011fi konusunda bilgi verilebilecektir.<\/p>\n<h3><strong>Kad\u0131nlarda Sa\u00e7 Ekimi Nas\u0131l Olur?<\/strong><\/h3>\n<p><strong>Kad\u0131nlarda sa\u00e7 ekimi<\/strong> yap\u0131lmas\u0131 \u00f6ncesinde Ludwig Klasifikasyonu kullan\u0131larak, sa\u00e7 d\u00f6k\u00fclmesinin kategorisi belirlenmektedir. Sa\u00e7 ekimi hastada bu s\u0131n\u0131fland\u0131rmaya g\u00f6re yap\u0131lmaktad\u0131r. Kad\u0131nlarda sa\u00e7 d\u00f6k\u00fclmeleri erkeklerden farkl\u0131 olarak \u00f6n ve orta hatlarda meydana gelir. \u0130lk olarak k\u0131sm\u0131 seyrelmelerle ba\u015flayan d\u00f6k\u00fclmeler zaman i\u00e7erisinde lokal kelliklere d\u00f6n\u00fc\u015febilecektir.<\/p>\n<p>Erkeklerde yap\u0131lan sa\u00e7 ekiminde sa\u00e7\u0131n tamam\u0131 kaz\u0131nmakta ve kaz\u0131ma i\u015flemi sonras\u0131nda k\u00f6k toplanmas\u0131 yap\u0131lmaktad\u0131r. Kad\u0131nlarda g\u00f6rsel olarak bu m\u00fcmk\u00fcn olmayaca\u011f\u0131ndan kaz\u0131tma olmadan sa\u011fl\u0131kl\u0131 k\u00f6k toplama i\u015flemi ger\u00e7ekle\u015ftirilir. Don\u00f6r toplama i\u015flemi iki kulak aras\u0131 yani ense b\u00f6lgesinden al\u0131nmaktad\u0131r. Yakla\u015f\u0131k 3 saat s\u00fcren bir \u00e7al\u0131\u015fma sonras\u0131nda kel ve seyrek b\u00f6lgelere transfer edilecek don\u00f6rler toplan\u0131r.<\/p>\n<p><strong>Kad\u0131nlarda sa\u00e7 ekimi<\/strong> don\u00f6r toplama sonras\u0131nda hastan\u0131n seyrek ve kelli\u011fi bulunan b\u00f6lgeleri tespit edilmektedir. Tespit edilen bu b\u00f6lgede minimal kanallar a\u00e7\u0131larak, greftlerin yerle\u015ftirilmesi i\u00e7in uygun zemin olu\u015fturulur. B\u00f6lgede kanallar\u0131n a\u00e7\u0131lmas\u0131 sonras\u0131nda sa\u011fl\u0131kl\u0131 don\u00f6rler ortalama 35-45 derecelik a\u00e7\u0131yla yerle\u015ftirilir. Olduk\u00e7a titiz bir \u015fekilde ger\u00e7ekle\u015ftirilen transfer i\u015flemi totalde 7-8 saat kadar s\u00fcrebilecektir.<\/p>\n<p><strong>Kad\u0131nlarda sa\u00e7 ekimi<\/strong> i\u015flemi s\u0131ras\u0131nda minimal i\u011fneler ve kesiler a\u00e7\u0131ld\u0131\u011f\u0131ndan a\u011fr\u0131 olu\u015fmas\u0131 s\u00f6z konusu de\u011fildir. Yine de i\u015flem \u00f6ncesinde hastaya lokal anestezi verilerek rahatlamas\u0131 ve a\u011fr\u0131 hissinin minimum d\u00fczeye indirilmesi ama\u00e7lan\u0131r. Sa\u00e7 ekiminde ka\u00e7 greft kullan\u0131laca\u011f\u0131, sa\u00e7\u0131n durumuna g\u00f6re de\u011fi\u015fiklik g\u00f6sterir. Kad\u0131nlarda erkeklere nazaran seyrek ve kel b\u00f6lgeler daha k\u0131s\u0131tl\u0131 oldu\u011fundan, ortalama 1000-3000 greft kullan\u0131m\u0131 yeterli olacakt\u0131r.<\/p>\n<h3><strong>Kad\u0131nlarda Sa\u00e7 Ekimi Tutar m\u0131? Sa\u00e7 Ekimi Sonras\u0131 Nelere Dikkat Edilmeli?<\/strong><\/h3>\n<p><strong>Kad\u0131nlarda sa\u00e7 ekimi<\/strong> i\u015flemi sonras\u0131nda nas\u0131l bir sonu\u00e7 al\u0131naca\u011f\u0131, ekim sonras\u0131ndaki s\u00fcrece ba\u011fl\u0131d\u0131r. Hastalar\u0131n sa\u00e7 ekim i\u015flemi sonras\u0131nda ilk \u00fc\u00e7 g\u00fcn a\u011f\u0131r i\u015ften ka\u00e7\u0131nmas\u0131 tavsiye edilir. Ekim yap\u0131lan b\u00f6lgeyi s\u0131kacak \u015fapka, fular, toka ve benzeri cisimler kullan\u0131lmamal\u0131d\u0131r.<\/p>\n<p>Sa\u00e7 k\u00f6kleri iyile\u015fene kadar olduk\u00e7a nazik davran\u0131lmal\u0131, sa\u00e7 ekimi sonras\u0131nda kimyasal \u00fcr\u00fcn kullanmamaya \u00f6zen g\u00f6sterilmelidir. Sa\u00e7 bak\u0131m \u00fcr\u00fcnleri masum olmayaca\u011f\u0131ndan bu s\u00fcre\u00e7te yaln\u0131zca doktor taraf\u0131ndan tavsiye edilen \u00fcr\u00fcnlere yer verilmelidir. Herhangi bir olumsuzluk, renk de\u011fi\u015fimi ve yo\u011fun sa\u00e7 d\u00f6k\u00fclmesi ya\u015fanmas\u0131 halinde, en k\u0131sa s\u00fcrede doktora ba\u015fvurulmal\u0131d\u0131r.<\/p>\n<p><strong>Kad\u0131nlarda sa\u00e7 ekimi<\/strong> i\u015flemi sonras\u0131nda sa\u00e7\u0131n ilk aylarda d\u00f6k\u00fclmesi ola\u011fan kar\u015f\u0131lanabilir. Zaman i\u00e7erisinde sa\u00e7\u0131n kalitesinin artaca\u011f\u0131 ve istenilen g\u00f6r\u00fcn\u00fcme ula\u015faca\u011f\u0131 unutulmamal\u0131d\u0131r. Ekim sonras\u0131 yakla\u015f\u0131k 6-8 ay i\u00e7erisinde yo\u011fun ve hacimli sa\u00e7 g\u00f6r\u00fcnt\u00fcs\u00fcne ula\u015f\u0131labilecektir.<\/p>\n<p>Sa\u00e7 ekiminde farkl\u0131 y\u00f6ntemler kullan\u0131labilece\u011finden, iz kal\u0131p kalmayaca\u011f\u0131 konusunda kesin bir bilgi verilemeyecektir. FUE y\u00f6ntemi ile iz kalma olas\u0131l\u0131\u011f\u0131 olduk\u00e7a d\u00fc\u015f\u00fckken, FUT y\u00f6ntemiyle yap\u0131lan ekimlerde iz kalma olas\u0131l\u0131\u011f\u0131 bir hayli y\u00fcksektir.<\/p>\n<p>Sa\u00e7 <strong>ektiren kad\u0131nlar\u0131n yorumlar\u0131<\/strong> genel olarak olumlu i\u00e7eriklerden olu\u015fmaktad\u0131r. Bir\u00e7ok kullan\u0131c\u0131 ekim sonras\u0131nda sa\u00e7\u0131n\u0131n yo\u011funla\u015ft\u0131\u011f\u0131, hacim kazand\u0131\u011f\u0131 ve t\u00fcm i\u015flemlere yan\u0131t verdi\u011fini ifade etmektedir.<\/p>\n<h3><strong>Kad\u0131nlarda Sa\u00e7 Ekimi Fiyatlar\u0131 Nas\u0131l?<\/strong><\/h3>\n<p><strong>Kad\u0131nlarda sa\u00e7 ekimi<\/strong> fiyatlar\u0131, ekim yap\u0131lacak y\u00f6nteme ba\u011fl\u0131 olarak de\u011fi\u015febilmektedir. Bunun yan\u0131nda ekim yap\u0131lacak b\u00f6lgenin geni\u015fli\u011fi ve kullan\u0131lacak greft say\u0131s\u0131 da fiyat\u0131n belirlenmesinde etkilidir. Kad\u0131nlarda ve erkeklerde yap\u0131lan sa\u00e7 ekimi, uzmanl\u0131k gerektiren bir uygulamad\u0131r.<\/p>\n<p>Bu nedenle mutlaka alan\u0131nda uzman, tecr\u00fcbeli ve olumlu geri bildirim alan doktorlar tercih edilmelidir. \u00d6zel bir ekip taraf\u0131ndan uygulanmayan sa\u00e7 ekimi pek \u00e7ok komplikasyonun ortaya \u00e7\u0131kmas\u0131na sebep olabilir.<\/p>\n","protected":false},"excerpt":{"rendered":"<p>Kad\u0131nlarda sa\u00e7 ekimi, \u00f6zellikle son g\u00fcnlerde olduk\u00e7a ra\u011fbet g\u00f6ren bir i\u015flemdir. Kad\u0131nlar do\u011fas\u0131 gere\u011fi sa\u00e7lar\u0131yla fazla ilgilenen ve g\u00f6r\u00fcn\u00fcm\u00fcnde sa\u00e7lara fazla \u00f6nem veren bireylerdir. Bu nedenlerde kad\u0131nlarda sa\u00e7 d\u00f6k\u00fclmesinin erkeklere nazaran daha olumsuz duygulara sebebiyet verece\u011fi s\u00f6ylenebilecektir. G\u00fcnl\u00fck ya\u015fant\u0131m\u0131zda ortalama&#8230;<\/p>\n","protected":false},"author":1,"featured_media":465,"parent":201,"menu_order":0,"comment_status":"closed","ping_status":"closed","template":"templates\/template-right-sidebar.php","meta":{"inline_featured_image":false,"footnotes":""},"class_list":["post-214","page","type-page","status-publish","has-post-thumbnail","hentry"],"_links":{"self":[{"href":"https:\/\/westmodernclinic.com\/tr\/wp-json\/wp\/v2\/pages\/214","targetHints":{"allow":["GET"]}}],"collection":[{"href":"https:\/\/westmodernclinic.com\/tr\/wp-json\/wp\/v2\/pages"}],"about":[{"href":"https:\/\/westmodernclinic.com\/tr\/wp-json\/wp\/v2\/types\/page"}],"author":[{"embeddable":true,"href":"https:\/\/westmodernclinic.com\/tr\/wp-json\/wp\/v2\/users\/1"}],"replies":[{"embeddable":true,"href":"https:\/\/westmodernclinic.com\/tr\/wp-json\/wp\/v2\/comments?post=214"}],"version-history":[{"count":3,"href":"https:\/\/westmodernclinic.com\/tr\/wp-json\/wp\/v2\/pages\/214\/revisions"}],"predecessor-version":[{"id":467,"href":"https:\/\/westmodernclinic.com\/tr\/wp-json\/wp\/v2\/pages\/214\/revisions\/467"}],"up":[{"embeddable":true,"href":"https:\/\/westmodernclinic.com\/tr\/wp-json\/wp\/v2\/pages\/201"}],"wp:featuredmedia":[{"embeddable":true,"href":"https:\/\/westmodernclinic.com\/tr\/wp-json\/wp\/v2\/media\/465"}],"wp:attachment":[{"href":"https:\/\/westmodernclinic.com\/tr\/wp-json\/wp\/v2\/media?parent=214"}],"curies":[{"name":"wp","href":"https:\/\/api.w.org\/{rel}","templated":true}]}}