{"id":211,"date":"2022-11-06T15:02:39","date_gmt":"2022-11-06T15:02:39","guid":{"rendered":"https:\/\/westmodernclinic.com\/sac-ekimi\/eyebrow-transplantation\/"},"modified":"2022-12-19T04:13:14","modified_gmt":"2022-12-19T04:13:14","slug":"kas-ekimi","status":"publish","type":"page","link":"https:\/\/westmodernclinic.com\/tr\/sac-ekimi\/kas-ekimi\/","title":{"rendered":"Ka\u015f Ekimi"},"content":{"rendered":"<h1><strong><img loading=\"lazy\" decoding=\"async\" class=\"aligncenter size-full wp-image-459\" src=\"https:\/\/westmodernclinic.com\/wp-content\/uploads\/2022\/11\/Kas-Ekimi.jpg\" alt=\"\" width=\"1060\" height=\"596\" srcset=\"https:\/\/westmodernclinic.com\/wp-content\/uploads\/2022\/11\/Kas-Ekimi.jpg 1060w, https:\/\/westmodernclinic.com\/wp-content\/uploads\/2022\/11\/Kas-Ekimi-300x169.jpg 300w, https:\/\/westmodernclinic.com\/wp-content\/uploads\/2022\/11\/Kas-Ekimi-1024x576.jpg 1024w, https:\/\/westmodernclinic.com\/wp-content\/uploads\/2022\/11\/Kas-Ekimi-768x432.jpg 768w\" sizes=\"auto, (max-width: 1060px) 100vw, 1060px\" \/>Ka\u015f Ekimi | Ka\u015f Ekimi Do\u011fal Duruyor mu?<\/strong><\/h1>\n<p><strong>Ka\u015f ekimi<\/strong>, \u00f6zellikle kad\u0131nlar\u0131n en \u00e7ok ra\u011fbet g\u00f6sterdi\u011fi i\u015flemlerin ba\u015f\u0131nda gelmektedir. Ka\u015flar y\u00fcz\u00fcn g\u00fczel ve \u00e7ekici g\u00f6r\u00fcnmesinde olduk\u00e7a etkili bir unsurdur. Bu nedenle kad\u0131nlar bu g\u00fczel g\u00f6r\u00fcnt\u00fclerini koruyabilmek ad\u0131na d\u00fczenli olarak ka\u015flar\u0131n\u0131 ald\u0131racaklard\u0131r.<\/p>\n<p>D\u00fczenli ka\u015f al\u0131m\u0131 ka\u015flar\u0131n k\u00fcsmesine ve d\u00f6k\u00fclmesine yol a\u00e7abilir. Buda ka\u015flar\u0131n hacminde ve yo\u011funlu\u011funda azalmalar\u0131n olmas\u0131na neden olur. Bunun yan\u0131 s\u0131ra baz\u0131 travmalar, yan\u0131klar ve kazalarda ka\u015flar\u0131n seyrekle\u015fmesine ve yok olmas\u0131na sebebiyet verebilir. <strong>Ka\u015f ekimi<\/strong> ile ka\u015flar yeniden g\u00fcr ve hacimli g\u00f6r\u00fcnt\u00fcs\u00fcne kavu\u015fturulabilecektir.<\/p>\n<h2><strong>Ka\u015f Ekimi Ne Kadar Kal\u0131c\u0131? <\/strong><\/h2>\n<p>Ka\u015f ektirme i\u015flemi yapt\u0131rmak isteyen kad\u0131nlar\u0131n hemen hepsi belli ba\u015fl\u0131 sorulara yan\u0131t ar\u0131yor. Daha canl\u0131 ve gen\u00e7 bir g\u00f6r\u00fcn\u00fcm sunan ka\u015f ektirme i\u015flemi elbette ki kal\u0131c\u0131d\u0131r. Alan\u0131nda uzman ki\u015filer taraf\u0131ndan yap\u0131ld\u0131\u011f\u0131 ve sonraki s\u00fcre\u00e7te uyar\u0131lar dikkate al\u0131nd\u0131\u011f\u0131 takdirde, ka\u015flarda yeniden d\u00f6k\u00fclme ve seyrelme olanaks\u0131zd\u0131r.<\/p>\n<h3><strong>Ka\u015f Ekimi Nas\u0131l Yap\u0131l\u0131r? K\u0131l Tekni\u011fi ile Ka\u015f Ekimi Ne Kadar S\u00fcrer?<\/strong><\/h3>\n<p><strong>Ka\u015f ekimi<\/strong> yapt\u0131rmak isteyen ki\u015filer i\u00e7in belirli bir ya\u015f k\u0131s\u0131tlamas\u0131 bulunmamaktad\u0131r. Her ya\u015ftan kad\u0131n veya erkek ka\u015f ektirme i\u015flemi yapt\u0131rabilecektir. Bu ekim operasyonu FUE tekni\u011fi ile ka\u015fa transfer edilmektedir.<\/p>\n<p>Genel olarak ka\u015flara transfer edilen k\u00f6kler ense b\u00f6lgesinden al\u0131nmaktad\u0131r. \u0130lk olarak hastalara lokal anestezi uygulanarak, a\u011fr\u0131 ve ac\u0131 hissinin minimum d\u00fczeye indirgenmesi hedeflenmektedir. FUE tekni\u011fi ile al\u0131nan sa\u011fl\u0131kl\u0131 sa\u00e7 k\u00f6kleri, seyrek b\u00f6lgelerde a\u00e7\u0131lan mikro kanallara yerle\u015ftirilmelidir.<\/p>\n<p>Ancak uygulama s\u0131ras\u0131nda ka\u015flara transfer edilen k\u00f6klerin yerle\u015ftirme a\u00e7\u0131s\u0131na dikkat edilmelidir. \u00c7\u00fcnk\u00fc ka\u015fla, sa\u00e7 ya da sakal gibi 35-45 derecelik a\u00e7\u0131larla de\u011fil, maksimum 10-15 derecelik a\u00e7\u0131larla ekilmelidir. <strong>Ka\u015f ekimi <\/strong>s\u0131ras\u0131nda ka\u015f\u0131n i\u015f b\u00f6lgesinde yukar\u0131ya do\u011fru, orta b\u00f6lgelerde ise yere paralel ve a\u015fa\u011f\u0131ya do\u011fru bir transfer yap\u0131lmal\u0131d\u0131r.<\/p>\n<p>Ka\u015f ektirme i\u015flemi, \u00e7ok dikkat edilmesi gereken bir i\u015flemdir. Do\u011fru uygulanmad\u0131\u011f\u0131 takdirde ka\u015f\u0131n ters y\u00f6nde \u00e7\u0131kmas\u0131, uzamamas\u0131, a\u015fa\u011f\u0131 y\u00f6nde uzamas\u0131 gibi durumlar ortaya \u00e7\u0131kabilecektir. Ka\u015f ekim i\u015flemi, ka\u015fa transfer edilecek greft say\u0131s\u0131na g\u00f6re farkl\u0131l\u0131k g\u00f6stermektedir. Ancak bu ekim ortalama olarak 1-3 saat aral\u0131\u011f\u0131nda s\u00fcrecektir.<\/p>\n<h3><strong>Ka\u015f Ekimi Sonras\u0131 Nelere Dikkat Edilmeli? Ka\u015f Ekimi Sonras\u0131 Ka\u015f Ne Zaman \u00c7\u0131kar?<\/strong><\/h3>\n<p>Ka\u015f ektirme i\u015flemi sonras\u0131nda al\u0131nan verimin maksimum d\u00fczeyde olmas\u0131 i\u00e7in baz\u0131 detaylara \u00f6nem verilmelidir. Ekim i\u015flemi sonras\u0131nda ka\u015flarda minimal kabuklanmalar meydana gelebilecektir. Bu kabuklanmalar g\u00fcnl\u00fck ya\u015fant\u0131n\u0131z\u0131 s\u00fcrd\u00fcrmenize engel olacak bir g\u00f6r\u00fcn\u00fcme sahip de\u011fildir.<\/p>\n<p>Bu operasyon sonras\u0131nda ortalama iki hafta boyunca denize, havuza girilmesi tavsiye edilmez. Bunun yan\u0131 s\u0131ra g\u00fcne\u015fe maruz kalmamalar\u0131, solaryuma girmemeleri ve yo\u011fun spordan ka\u00e7\u0131nmalar\u0131 tavsiye edilmektedir. Son olarak ka\u015f ekim i\u015flemi yapt\u0131ran ki\u015filerin kesinlikle ka\u015flar\u0131 i\u00e7in kimyasal i\u00e7erikli bir \u00fcr\u00fcn kullanmamas\u0131 gerekecektir.<\/p>\n<p><strong>Ka\u015f ekimi<\/strong> i\u015fleminden birka\u00e7 hafta sonra ka\u015flarda d\u00f6k\u00fclmeler meydana gelebilir. Ortalama 1-3 ay i\u00e7erisinde ka\u015flar\u0131n \u00e7\u0131kmaya ba\u015flayaca\u011f\u0131 ve ortalama 6 ay i\u00e7erisinde son haline ula\u015f\u0131laca\u011f\u0131 unutulmamal\u0131d\u0131r.<\/p>\n<h3><strong>Microblading mi Ka\u015f Ekimi mi Tercih Edilmeli?<\/strong><\/h3>\n<p>Microblading ile <strong>ka\u015f ekimi<\/strong> birbirinden farkl\u0131 iki i\u015flem olarak bilinmektedir. Microblading i\u015fleminde ger\u00e7ek k\u0131l k\u00f6k\u00fc olmamakla birlikte, \u00f6zel kalemler ile arac\u0131l\u0131\u011f\u0131yla k\u0131l g\u00f6r\u00fcn\u00fcm\u00fc elde edilir. Bu kalemler akma, da\u011f\u0131lma yapmad\u0131\u011f\u0131 ve kal\u0131c\u0131 g\u00f6r\u00fcnd\u00fc\u011f\u00fc i\u00e7in microblading yo\u011fun ve hacimli ka\u015f g\u00f6r\u00fcn\u00fcm\u00fcne imkan sa\u011flar.<\/p>\n<p>Ancak microblading i\u015fleminin belirli aral\u0131klarla yenilenmesi gereklidir. Ka\u015f ektirme ise genel olarak bir operasyon ile tamamen \u00e7\u00f6z\u00fcmlenebilecek bir i\u015flemdir. Seyrek olan ka\u015f b\u00f6lgesine sa\u011fl\u0131kl\u0131 k\u0131l k\u00f6kleri ekildi\u011finden, k\u0131sa s\u00fcrede ka\u015flar yo\u011fun ve hacimli bir g\u00f6r\u00fcn\u00fcm alacakt\u0131r. Bu nedenle kal\u0131c\u0131 ve estetik bir ka\u015f g\u00f6r\u00fcn\u00fcm\u00fc isteniyorsa, ka\u015f ekimi yapt\u0131rmak daha do\u011fru olacakt\u0131r.<\/p>\n<h3><strong>Ka\u015f Ekimi Fiyatlar\u0131 2022 | Ka\u015f Ektirme \u00dccreti Ne Kadar?<\/strong><\/h3>\n<p><strong>Ka\u015f ekimi yapt\u0131ranlar yorumlar\u0131<\/strong> incelendi\u011finde, i\u015flemden genel anlamda memnuniyetin y\u00fcksek oldu\u011fu g\u00f6r\u00fclebilecektir. Ka\u015f ektirme i\u015fleminde fiyatlar y\u00f6ntem ve baz\u0131 kriterlere g\u00f6re de\u011fi\u015fmektedir. Bu kapsamda fiyat hakk\u0131nda belirli bir aral\u0131k verilmesi m\u00fcmk\u00fcn olmayacakt\u0131r.<\/p>\n<p>Uygulama esnas\u0131nda hangi ka\u015f ektirme tekni\u011fi tercih edilecek, hastada ka\u015f yo\u011funlu\u011fu nas\u0131l, ortalama ka\u015f greft ka\u015f ektirme yap\u0131lacak bilinmelidir. Bunun yan\u0131 s\u0131ra tercih edilecek klinik ya da g\u00fczellik merkezinin tecr\u00fcbesi ve tan\u0131n\u0131rl\u0131\u011f\u0131 da fiyatta dalgalanmalara yol a\u00e7abilecektir. T\u00fcm bu bilgiler \u0131\u015f\u0131\u011f\u0131nda genel bir fiyatland\u0131rma yap\u0131lmakta ve hastalar bilgilendirilmektedir.<\/p>\n<p>&nbsp;<\/p>\n","protected":false},"excerpt":{"rendered":"<p>Ka\u015f Ekimi | Ka\u015f Ekimi Do\u011fal Duruyor mu? Ka\u015f ekimi, \u00f6zellikle kad\u0131nlar\u0131n en \u00e7ok ra\u011fbet g\u00f6sterdi\u011fi i\u015flemlerin ba\u015f\u0131nda gelmektedir. Ka\u015flar y\u00fcz\u00fcn g\u00fczel ve \u00e7ekici g\u00f6r\u00fcnmesinde olduk\u00e7a etkili bir unsurdur. Bu nedenle kad\u0131nlar bu g\u00fczel g\u00f6r\u00fcnt\u00fclerini koruyabilmek ad\u0131na d\u00fczenli olarak ka\u015flar\u0131n\u0131&#8230;<\/p>\n","protected":false},"author":1,"featured_media":459,"parent":201,"menu_order":0,"comment_status":"closed","ping_status":"closed","template":"templates\/template-right-sidebar.php","meta":{"inline_featured_image":false,"footnotes":""},"class_list":["post-211","page","type-page","status-publish","has-post-thumbnail","hentry"],"_links":{"self":[{"href":"https:\/\/westmodernclinic.com\/tr\/wp-json\/wp\/v2\/pages\/211","targetHints":{"allow":["GET"]}}],"collection":[{"href":"https:\/\/westmodernclinic.com\/tr\/wp-json\/wp\/v2\/pages"}],"about":[{"href":"https:\/\/westmodernclinic.com\/tr\/wp-json\/wp\/v2\/types\/page"}],"author":[{"embeddable":true,"href":"https:\/\/westmodernclinic.com\/tr\/wp-json\/wp\/v2\/users\/1"}],"replies":[{"embeddable":true,"href":"https:\/\/westmodernclinic.com\/tr\/wp-json\/wp\/v2\/comments?post=211"}],"version-history":[{"count":4,"href":"https:\/\/westmodernclinic.com\/tr\/wp-json\/wp\/v2\/pages\/211\/revisions"}],"predecessor-version":[{"id":461,"href":"https:\/\/westmodernclinic.com\/tr\/wp-json\/wp\/v2\/pages\/211\/revisions\/461"}],"up":[{"embeddable":true,"href":"https:\/\/westmodernclinic.com\/tr\/wp-json\/wp\/v2\/pages\/201"}],"wp:featuredmedia":[{"embeddable":true,"href":"https:\/\/westmodernclinic.com\/tr\/wp-json\/wp\/v2\/media\/459"}],"wp:attachment":[{"href":"https:\/\/westmodernclinic.com\/tr\/wp-json\/wp\/v2\/media?parent=211"}],"curies":[{"name":"wp","href":"https:\/\/api.w.org\/{rel}","templated":true}]}}