{"id":207,"date":"2022-11-06T15:02:01","date_gmt":"2022-11-06T15:02:01","guid":{"rendered":"https:\/\/westmodernclinic.com\/sac-ekimi\/dhi-hair-transplant\/"},"modified":"2022-12-19T04:12:42","modified_gmt":"2022-12-19T04:12:42","slug":"dhi-sac-ekimi","status":"publish","type":"page","link":"https:\/\/westmodernclinic.com\/tr\/sac-ekimi\/dhi-sac-ekimi\/","title":{"rendered":"DHI Sa\u00e7 Ekimi"},"content":{"rendered":"<h1><strong><img loading=\"lazy\" decoding=\"async\" class=\"aligncenter size-full wp-image-451\" src=\"https:\/\/westmodernclinic.com\/wp-content\/uploads\/2022\/11\/DHI-Sac-Ekimi.jpg\" alt=\"\" width=\"1060\" height=\"687\" srcset=\"https:\/\/westmodernclinic.com\/wp-content\/uploads\/2022\/11\/DHI-Sac-Ekimi.jpg 1060w, https:\/\/westmodernclinic.com\/wp-content\/uploads\/2022\/11\/DHI-Sac-Ekimi-300x194.jpg 300w, https:\/\/westmodernclinic.com\/wp-content\/uploads\/2022\/11\/DHI-Sac-Ekimi-1024x664.jpg 1024w, https:\/\/westmodernclinic.com\/wp-content\/uploads\/2022\/11\/DHI-Sac-Ekimi-768x498.jpg 768w\" sizes=\"auto, (max-width: 1060px) 100vw, 1060px\" \/>DHI Y\u00f6ntemiyle( T\u0131ra\u015fs\u0131z) Sa\u00e7 Ekimi <\/strong><\/h1>\n<p><strong>DHI y\u00f6ntemiyle sa\u00e7 ekimi<\/strong>, do\u011frudan sa\u00e7 ekimi \u015feklinde de tan\u0131mlanabilecektir. G\u00fcn\u00fcm\u00fczde kelli\u011fe ve sa\u00e7lardaki seyrelmeye ba\u011fl\u0131 olarak yap\u0131lan sa\u00e7 ekimi, b\u00fcy\u00fck bir pop\u00fclarite kazand\u0131. Sa\u00e7 ekiminde bir\u00e7ok y\u00f6ntem ortaya \u00e7\u0131kt\u0131\u011f\u0131 i\u00e7in her bireyin sa\u00e7 derisi ve ekim ihtiyac\u0131na g\u00f6re, bir y\u00f6ntem belirlenebiliyor. DHI y\u00f6ntemi ise kolay uygulanabilirli\u011fi ve ba\u015far\u0131l\u0131 sonu\u00e7lar\u0131 ile bir\u00e7ok kullan\u0131c\u0131 taraf\u0131ndan tercih ediliyor.<\/p>\n<h2><strong>DHI Sa\u00e7 Ekimi Nedir? DHI Sa\u00e7 Ekimi Kimlere Uygulan\u0131r?<\/strong><\/h2>\n<p>\u015eimdilerde en \u00e7ok tercih edilen sa\u00e7 ekim y\u00f6ntemlerinden biri olan DHI, do\u011frudan sa\u00e7 ekimi olarak bilinmektedir. Bu y\u00f6ntemi FUE tekni\u011finden ay\u0131ran en belirgin \u00f6zellik sa\u00e7lar\u0131n ekilme \u015feklidir.<\/p>\n<p>Hastalara sunulan en \u00f6nemli ayr\u0131cal\u0131k ise DHI y\u00f6ntemiyle sa\u00e7\u0131n tamam\u0131n\u0131n t\u0131ra\u015flanmas\u0131na gerek kalmamas\u0131d\u0131r. <strong>DHI y\u00f6ntemiyle sa\u00e7 ekimi<\/strong>, her ya\u015ftan kad\u0131n veya erkek taraf\u0131ndan tercih edilecek bir y\u00f6ntemdir. Bu i\u015flem i\u00e7in belirli bir ya\u015f aral\u0131\u011f\u0131 kriteri getirilmemi\u015ftir.<\/p>\n<h3><strong>DHI Sa\u00e7 Ekimi Avantajlar\u0131 Neler? DHI Sa\u00e7 Ekimi Dezavantajlar\u0131 Var m\u0131?<\/strong><\/h3>\n<p>DHI sa\u00e7 ekiminin en \u00f6nemli avantaj\u0131 sa\u00e7 k\u00f6klerinin doku d\u0131\u015f\u0131nda kal\u0131\u015f s\u00fcresini uzatmas\u0131d\u0131r. B\u00f6ylece ekimin daha sa\u011fl\u0131kl\u0131 olmas\u0131 sa\u011flanabilecek ve dolay\u0131s\u0131yla elde edilen ba\u015far\u0131 oran\u0131 artt\u0131r\u0131labilecektir. DHI sa\u00e7 ekiminde sa\u00e7 k\u00f6klerinin sa\u011f kalma oran\u0131 \u00e7ok daha y\u00fcksektir.<\/p>\n<p>Kesi alan\u0131 daha minimal oldu\u011fundan kanama olas\u0131l\u0131\u011f\u0131 yok denecek kadar azd\u0131r. Bunun yan\u0131 s\u0131ra i\u015flem sonras\u0131nda iyile\u015fme s\u00fcresi \u00e7ok daha k\u0131sa olacakt\u0131r. <strong>DHI y\u00f6ntemiyle sa\u00e7 ekimi<\/strong> dezavantaj\u0131 ise, bu i\u015flem ekim alan\u0131 dar olan b\u00f6lgelere uygulanabilir. Bu nedenle sa\u00e7\u0131n\u0131n b\u00fcy\u00fck bir k\u0131sm\u0131n\u0131 ya da tamam\u0131n\u0131 kaybedenler i\u00e7in \u00f6nerilen bir y\u00f6ntem de\u011fildir.<\/p>\n<h3><strong>DHI Sa\u00e7 Ekimi Nas\u0131l Yap\u0131l\u0131r? DHI Sa\u00e7 Ekimi Ne Kadar S\u00fcrer?<\/strong><\/h3>\n<p><strong>DHI y\u00f6ntemiyle sa\u00e7 ekimi <\/strong>i\u00e7in \u00f6zel kalemler kullan\u0131lmaktad\u0131r. Asl\u0131nda greft toplama i\u015flemi FUE y\u00f6ntemiyle birebir ayn\u0131d\u0131r. \u0130\u015flemin yap\u0131lmas\u0131 i\u00e7in \u015fartlar uygunsa ense b\u00f6lgesi 3 mm d\u00fczeyinde t\u0131ra\u015f edilmektedir. Daha sonra hastan\u0131n ense b\u00f6lgesinden mikro motor arac\u0131l\u0131\u011f\u0131yla yeterli say\u0131da don\u00f6r toplamas\u0131 yap\u0131lmaktad\u0131r.<\/p>\n<p>Bu a\u015famada <strong>DHI y\u00f6ntemiyle sa\u00e7 ekimi<\/strong> kolayl\u0131\u011f\u0131 devreye girmektedir. Greft al\u0131nan Choe kalemi kolayca kanal a\u00e7\u0131lmas\u0131na imkan sa\u011flad\u0131\u011f\u0131ndan, al\u0131nan don\u00f6rler do\u011frudan seyrek b\u00f6lgelere yerle\u015ftirilebilecektir. Sa\u00e7 k\u00f6kleri direkt olarak b\u00f6lgeye yerle\u015ftirildi\u011finden, canl\u0131 kalmama olas\u0131l\u0131\u011f\u0131 minimum d\u00fczeye indirgenebilecektir.<\/p>\n<p>\u0130\u015flem \u00f6ncesinde b\u00f6lgeye lokal anestezi yap\u0131ld\u0131\u011f\u0131nda a\u011fr\u0131 ve ac\u0131 hissinin minimum d\u00fczeyde oldu\u011fu belirtilmelidir. DHI sa\u00e7 ekiminin ne kadar s\u00fcrece\u011fi asl\u0131nda, ekilecek greft say\u0131s\u0131na ba\u011fl\u0131 olarak de\u011fi\u015fir. Bu i\u015flem ortalama 2-4 saat aral\u0131\u011f\u0131nda yap\u0131labilecektir. Al\u0131nan don\u00f6rler direkt olarak ekildi\u011finden bu ekim y\u00f6nteminin FUE y\u00f6nteminden daha k\u0131sa s\u00fcrece\u011fi s\u00f6ylenebilir.<\/p>\n<p>DHI Sa\u00e7 Ekimi Ka\u00e7 Greft Uygulan\u0131r?<\/p>\n<p><strong>DHI y\u00f6ntemiyle sa\u00e7 ekimi<\/strong> i\u015fleminin daha s\u0131n\u0131rl\u0131 bir alana yap\u0131ld\u0131\u011f\u0131n\u0131 s\u00f6ylemi\u015ftik. Bir greft ortalama olarak 2-3 sa\u00e7 teline denk gelmektedir. DHI y\u00f6ntemiyle seyrek b\u00f6lgelere maksimum 2000 greft transferi yap\u0131labilecektir.<\/p>\n<h3><strong>DHI Sa\u00e7 Ekimi Sonras\u0131 S\u00fcre\u00e7 Nas\u0131l \u0130\u015fliyor? DHI Sa\u00e7 Ekiminde Nelere Dikkat Edilmeli?<\/strong><\/h3>\n<p>DHI sa\u00e7 ekiminden al\u0131nacak olan verimin maksimum d\u00fczeyde olabilmesi ad\u0131na, ekim sonras\u0131ndaki s\u00fcre\u00e7te dikkatli olunmal\u0131d\u0131r. \u0130\u015flem sonras\u0131nda mutlaka ki\u015finin dinlenmesi, sa\u00e7 derisine nazik davranmas\u0131 gerekecektir. Ekim yap\u0131lan b\u00f6lge yast\u0131k vb. \u00fcr\u00fcn ile temas ettirilmemelidir.<\/p>\n<p>Ekim b\u00f6lgesi \u00e7arpma, s\u00fcrtme gibi darbelerden korunmal\u0131d\u0131r. T\u00fct\u00fcn ve alkol i\u00e7erikli \u00fcr\u00fcnler iyile\u015fme s\u00fcrecini olumsuz etkileyebilece\u011finden t\u00fcketilmemelidir. Son olarak iyile\u015fme s\u00fcreci ve sonras\u0131nda doktor \u00f6nerisi olmayan ve kimyasal \u00fcr\u00fcn bar\u0131nd\u0131ran sa\u00e7 \u00fcr\u00fcnleri kullan\u0131lmamal\u0131d\u0131r.<\/p>\n<p><strong>DHI y\u00f6ntemiyle sa\u00e7 ekimi<\/strong> sonras\u0131nda b\u00f6lgede kabuklanma, d\u00f6k\u00fclme, a\u011fr\u0131 ve s\u0131z\u0131 gibi durumlar\u0131n ya\u015fanmas\u0131 normaldir. Yeni ekilen sa\u00e7larda ilk bir ay d\u00f6k\u00fclmelerin ya\u015fanmas\u0131 ola\u011fan kar\u015f\u0131lan\u0131r. Ancak ekimden yakla\u015f\u0131k 6-8 ay sonras\u0131nda hedeflenen ve istenilen g\u00f6r\u00fcnt\u00fcye ula\u015f\u0131lmas\u0131 m\u00fcmk\u00fcn olacakt\u0131r.<\/p>\n<h3><strong>DHI Sa\u00e7 Ekimi Fiyatlar\u0131 2022<\/strong><\/h3>\n<p>DHI sa\u00e7 ekimi fiyatlar\u0131, di\u011fer sa\u00e7 ekim y\u00f6ntemlerine nazaran daha y\u00fcksektir. Bunun en \u00f6nemli nedeni ise do\u011frudan ekim yap\u0131lmas\u0131na ba\u011fl\u0131 olarak al\u0131nan sonucun daha ba\u015far\u0131l\u0131 olmas\u0131d\u0131r.<\/p>\n<p>Sa\u00e7 k\u00f6klerinin direkt olarak b\u00f6lgeye transfer edilmesi i\u00e7in totalde 4-5 ki\u015filik bir ekip g\u00f6rev almaktad\u0131r. Operasyonun fiyat\u0131nda ekim yap\u0131lacak greft say\u0131s\u0131n\u0131n \u00f6nemi de b\u00fcy\u00fckt\u00fcr. Ekilecek greft say\u0131s\u0131 artt\u0131k\u00e7a, <strong>DHI y\u00f6ntemiyle sa\u00e7 ekimi<\/strong> fiyatlar\u0131 da art\u0131\u015f g\u00f6sterecektir. Bunun yan\u0131 s\u0131ra klini\u011fin tan\u0131n\u0131rl\u0131\u011f\u0131, g\u00fcvenilirli\u011fi ve tecr\u00fcbesi de fiyatta dalgalanmalara yol a\u00e7abilir.<\/p>\n<p>&nbsp;<\/p>\n","protected":false},"excerpt":{"rendered":"<p>DHI Y\u00f6ntemiyle( T\u0131ra\u015fs\u0131z) Sa\u00e7 Ekimi DHI y\u00f6ntemiyle sa\u00e7 ekimi, do\u011frudan sa\u00e7 ekimi \u015feklinde de tan\u0131mlanabilecektir. G\u00fcn\u00fcm\u00fczde kelli\u011fe ve sa\u00e7lardaki seyrelmeye ba\u011fl\u0131 olarak yap\u0131lan sa\u00e7 ekimi, b\u00fcy\u00fck bir pop\u00fclarite kazand\u0131. Sa\u00e7 ekiminde bir\u00e7ok y\u00f6ntem ortaya \u00e7\u0131kt\u0131\u011f\u0131 i\u00e7in her bireyin sa\u00e7 derisi&#8230;<\/p>\n","protected":false},"author":1,"featured_media":451,"parent":201,"menu_order":0,"comment_status":"closed","ping_status":"closed","template":"templates\/template-right-sidebar.php","meta":{"inline_featured_image":false,"footnotes":""},"class_list":["post-207","page","type-page","status-publish","has-post-thumbnail","hentry"],"_links":{"self":[{"href":"https:\/\/westmodernclinic.com\/tr\/wp-json\/wp\/v2\/pages\/207","targetHints":{"allow":["GET"]}}],"collection":[{"href":"https:\/\/westmodernclinic.com\/tr\/wp-json\/wp\/v2\/pages"}],"about":[{"href":"https:\/\/westmodernclinic.com\/tr\/wp-json\/wp\/v2\/types\/page"}],"author":[{"embeddable":true,"href":"https:\/\/westmodernclinic.com\/tr\/wp-json\/wp\/v2\/users\/1"}],"replies":[{"embeddable":true,"href":"https:\/\/westmodernclinic.com\/tr\/wp-json\/wp\/v2\/comments?post=207"}],"version-history":[{"count":4,"href":"https:\/\/westmodernclinic.com\/tr\/wp-json\/wp\/v2\/pages\/207\/revisions"}],"predecessor-version":[{"id":453,"href":"https:\/\/westmodernclinic.com\/tr\/wp-json\/wp\/v2\/pages\/207\/revisions\/453"}],"up":[{"embeddable":true,"href":"https:\/\/westmodernclinic.com\/tr\/wp-json\/wp\/v2\/pages\/201"}],"wp:featuredmedia":[{"embeddable":true,"href":"https:\/\/westmodernclinic.com\/tr\/wp-json\/wp\/v2\/media\/451"}],"wp:attachment":[{"href":"https:\/\/westmodernclinic.com\/tr\/wp-json\/wp\/v2\/media?parent=207"}],"curies":[{"name":"wp","href":"https:\/\/api.w.org\/{rel}","templated":true}]}}