{"id":204,"date":"2022-11-06T14:59:38","date_gmt":"2022-11-06T14:59:38","guid":{"rendered":"https:\/\/westmodernclinic.com\/sac-ekimi\/beard-transplantation\/"},"modified":"2022-12-19T04:12:58","modified_gmt":"2022-12-19T04:12:58","slug":"sakal-ekimi","status":"publish","type":"page","link":"https:\/\/westmodernclinic.com\/tr\/sac-ekimi\/sakal-ekimi\/","title":{"rendered":"Sakal Ekimi"},"content":{"rendered":"<p><strong><img loading=\"lazy\" decoding=\"async\" class=\"aligncenter size-full wp-image-443\" src=\"https:\/\/westmodernclinic.com\/wp-content\/uploads\/2022\/11\/Sakal-Ekimi.jpg\" alt=\"\" width=\"1060\" height=\"586\" srcset=\"https:\/\/westmodernclinic.com\/wp-content\/uploads\/2022\/11\/Sakal-Ekimi.jpg 1060w, https:\/\/westmodernclinic.com\/wp-content\/uploads\/2022\/11\/Sakal-Ekimi-300x166.jpg 300w, https:\/\/westmodernclinic.com\/wp-content\/uploads\/2022\/11\/Sakal-Ekimi-1024x566.jpg 1024w, https:\/\/westmodernclinic.com\/wp-content\/uploads\/2022\/11\/Sakal-Ekimi-768x425.jpg 768w\" sizes=\"auto, (max-width: 1060px) 100vw, 1060px\" \/>Sakal ekimi<\/strong>, sakallar\u0131 ile estetik bir g\u00f6r\u00fcn\u00fcm sunmak isteyen erkeklerin ba\u015fvurdu\u011fu bir y\u00f6ntemdir. \u00d6zellikle son y\u0131llarda kirli sakal ad\u0131 verilen tarz\u0131n ortaya \u00e7\u0131kmas\u0131 ile birlikte sakal b\u00fcy\u00fck \u00f6nem kazand\u0131. Buda sakal problemi ya\u015fayan erkeklerin sakal ekimini tercih etmesini ve dolay\u0131s\u0131yla sakal ekiminin b\u00fcy\u00fck pop\u00fclarite elde etmesini kolayla\u015ft\u0131rm\u0131\u015ft\u0131r.<\/p>\n<h2><strong>Sakal Ekimi Nedir? <\/strong><\/h2>\n<p>Her erkekte bulunmas\u0131 beklenen sakal, baz\u0131 erkeklerde istenilen d\u00fczeyde olmayabilece\u011fi gibi hi\u00e7 \u00e7\u0131kmayabilecektir. Do\u011fu\u015ftan durumlar, yan\u0131klar, genetik yap\u0131, enfeksiyon gibi nedenler erkeklerde sakal olu\u015fumunun \u00f6n\u00fcne ge\u00e7ebilir. Son y\u0131llarda yap\u0131lan sakal ekimleri ise istenilen yo\u011funlukta ve g\u00f6r\u00fcn\u00fcmde sakal tarz\u0131n\u0131n olu\u015fturulmas\u0131na yard\u0131mc\u0131 olacakt\u0131r.<\/p>\n<h3><strong>Sakal Ekimi Ka\u00e7 Ya\u015f\u0131nda Yap\u0131lmal\u0131? Sakal Ekimi Kal\u0131c\u0131 m\u0131?<\/strong><\/h3>\n<p><strong>Sakal ekimi<\/strong> yap\u0131labilmesi i\u00e7in hastalar\u0131n belirli bir hormonal seviyeye ula\u015fmas\u0131 gereklidir. Aksi takdirde ekim yap\u0131lsa dahi, istenilen g\u00f6r\u00fcn\u00fcme ula\u015fmak m\u00fcmk\u00fcn olmayabilir. Sakal ekiminin yap\u0131lmas\u0131 i\u00e7in hastan\u0131n minimum 20-22 ya\u015f aral\u0131\u011f\u0131nda olmas\u0131 beklenir.<\/p>\n<p>Ekim i\u015flemi i\u00e7in hastalarda \u00fcst ya\u015f s\u0131n\u0131r\u0131 aranmamaktad\u0131r. Sakal ekim i\u015flemi kal\u0131c\u0131 bir uygulamad\u0131r. Alan\u0131nda uzman hekimler tercih edildi\u011fi takdirde yakla\u015f\u0131k bir y\u0131l i\u00e7erisinde hedeflenen g\u00f6r\u00fcn\u00fcme ula\u015f\u0131labilecektir. Sakal ekimini herkes yapt\u0131rabilir. Birka\u00e7 g\u00fcnl\u00fck sakal g\u00f6r\u00fcn\u00fcm\u00fc isteyen hastalar yapt\u0131rabilece\u011fi gibi, hi\u00e7 olmayan ya da d\u00fczensiz sakallar\u0131n\u0131 \u015fekle sokmak isteyen hastalarda ekim yapt\u0131rabilir.<\/p>\n<h3><strong>Sakal Ekimi Nas\u0131l Yap\u0131l\u0131r? Sakal Ekimi Ne Kadar S\u00fcrer?<\/strong><\/h3>\n<p><strong>Sakal ekimi<\/strong> i\u015flemi \u00f6ncesi ve sonras\u0131nda yap\u0131lmas\u0131 gereken bir prosed\u00fcr bulunmaktad\u0131r. \u00d6ncelikle ekim yapt\u0131rmak istenen hasta i\u00e7in \u00f6n muayeneye ihtiya\u00e7 duyulacakt\u0131r. Bu muayenede hastan\u0131n operasyona uygunlu\u011fu, sakallar\u0131n\u0131n durumu, ekim yap\u0131lacak b\u00f6lge ve ekim yap\u0131lacak greft say\u0131s\u0131 belirlenmelidir.<\/p>\n<p>Ekim yap\u0131lmadan \u00f6nce hastadan kan al\u0131narak hormonlar\u0131n\u0131n d\u00fczeyi belirlenmelidir. Herhangi bir olumsuz durumla kar\u015f\u0131la\u015f\u0131lmad\u0131\u011f\u0131 takdirde ise hastaya lokal anestezi uygulanarak, a\u011fr\u0131y\u0131 hissetme olas\u0131l\u0131\u011f\u0131 minimuma indirilmektedir.<\/p>\n<p>Sakal ekiminde greftler genel olarak ense b\u00f6lgesinden toplanmaktad\u0131r. Ense b\u00f6lgesinde greft bulunmamas\u0131 halinde sa\u00e7 ekimindeki gibi boyun, g\u00f6\u011f\u00fcs ve s\u0131rt k\u0131llar\u0131ndan greft al\u0131nabilir.<\/p>\n<p>Greft alma ve transfer etme i\u015fleminde de FUE tekni\u011finden yararlan\u0131lmaktad\u0131r. Al\u0131nan sa\u011fl\u0131kl\u0131 greftler, a\u00e7\u0131lan minimal insizyonlara yerle\u015ftirilerek ekilmelidir. Her bir sakal k\u00f6k\u00fc a\u00e7\u0131lan kanallara 35-40 derece a\u00e7\u0131yla yerle\u015ftirilmelidir. Bu a\u00e7\u0131 sakallar\u0131n d\u00fczenli ve yo\u011fun g\u00f6r\u00fcnmesi a\u00e7\u0131s\u0131ndan \u00f6nemlidir. <strong>Sakal ekimi<\/strong> yerle\u015ftirilecek greft say\u0131s\u0131na ba\u011fl\u0131 olmak \u00fczere ortalama 2-4 saat aras\u0131nda s\u00fcrmektedir.<\/p>\n<h3><strong>Sakal Ekimi Sonras\u0131nda Nelere Dikkat Edilmeli?<\/strong><\/h3>\n<p>Sa\u00e7 ekiminde oldu\u011fu gibi sakal ekiminde de baz\u0131 detaylara dikkat edilmelidir. <strong>Sakal ekimi <\/strong>i\u015flemi yap\u0131ld\u0131ktan sonra hastan\u0131n t\u00fct\u00fcn ve alkol \u00fcr\u00fcnleri kullan\u0131m\u0131ndan uzak kalmas\u0131 gerekecektir.<\/p>\n<p>Bu \u00fcr\u00fcnler greftlerin iyile\u015fmesini olumsuz etkiledi\u011finden, s\u00fcreci uzatabilir. Bunun yan\u0131 s\u0131ra hastalar sakal b\u00f6lgesine kimyasal i\u00e7erikli \u00fcr\u00fcn kullanmamal\u0131, gerekli vitamin ve mineral deste\u011fini kay\u0131ps\u0131z olarak almal\u0131d\u0131r.<\/p>\n<p><strong>Sakal ekimi<\/strong> sonras\u0131nda hastalarda hafif yaralar, k\u0131zar\u0131kl\u0131k ve kan izlerinin g\u00f6r\u00fclmesi normaldir. Var olan izlerin ortalama 1-2 g\u00fcn i\u00e7erisinde tamamen ge\u00e7mesi beklenmektedir. Ekim i\u015flemi yap\u0131ld\u0131ktan sonra ortalama 2 hafta i\u00e7erisinde sakal k\u0131llar\u0131nda d\u00f6k\u00fclmeler meydana gelebilir.<\/p>\n<p>Bu durumda k\u0131l k\u00f6klerinin zarar g\u00f6rmedi\u011fi, 2-3 ay i\u00e7erisinde yeniden \u00e7\u0131kaca\u011f\u0131 bilinmelidir. Operasyondan yakla\u015f\u0131k 6-8 ay sonras\u0131nda ise sakallar istenilen g\u00f6r\u00fcn\u00fcme ula\u015fabilecektir.<\/p>\n<h3><strong>Sakal Ekiminde Ne Kadar K\u00f6k Kullan\u0131l\u0131r? Sakal \u0130\u00e7in Ka\u00e7 Greft Kullan\u0131l\u0131yor?<\/strong><\/h3>\n<p>Bir greftin i\u00e7erisinde ortalama 2-3 tel sakal k\u00f6k\u00fc yer almaktad\u0131r. Sakal ekiminde ise ortalama olarak 800-1000 grefte ihtiya\u00e7 duyulmaktad\u0131r. \u0130htiya\u00e7 duyulan greft say\u0131s\u0131 hastan\u0131n sakal yap\u0131s\u0131na ve talep etti\u011fi sakal g\u00f6r\u00fcn\u00fcm\u00fcne ba\u011fl\u0131 olarak de\u011fi\u015fiklik g\u00f6stermektedir. Sakal\u0131 tam olmayan hastalara ortalama 400 k\u00f6k \u00e7ene, 400 k\u00f6k b\u0131y\u0131k ve 100\u2019er k\u00f6k favori olmak \u00fczere 1000 greft transferi yap\u0131lmaktad\u0131r.<\/p>\n<h3><strong>Sakal Ekimi Fiyat Ne Kadar? Sakal Ekimi Fiyatlar\u0131 2022<\/strong><\/h3>\n<p><strong>Sakal ekimi<\/strong> i\u015fleminin ba\u015far\u0131l\u0131 olmas\u0131 i\u00e7in mutlaka alan\u0131nda yeterli bilgisi ve tecr\u00fcbesi bulunan, uzmanl\u0131k belgesini elinde bulunduran doktorlar tercih edilmelidir. Sakal ekim operasyonunda elde edilen ba\u015far\u0131n\u0131n, tecr\u00fcbe ve deneyim ile do\u011fru orant\u0131l\u0131 olaca\u011f\u0131 unutulmamal\u0131d\u0131r.<\/p>\n<p><strong>Sakal ekimi fiyatlar\u0131<\/strong>, b\u00f6lgeye ekilecek olan k\u0131l k\u00f6k\u00fc say\u0131s\u0131na ba\u011fl\u0131 olarak belirlenmektedir. Ekim i\u00e7in kullan\u0131lan k\u0131l k\u00f6k\u00fc ne kadar fazla olursa, fiyat aral\u0131\u011f\u0131n\u0131n da o kadar y\u00fcksek olaca\u011f\u0131 s\u00f6ylenebilecektir. Ayr\u0131ca sakal ekim i\u015flemi olarak yap\u0131lacak operasyon say\u0131s\u0131 da fiyatta de\u011fi\u015fmelere yol a\u00e7abilmektedir. <strong>Sakal ekimi<\/strong> fiyatlar\u0131 merkez, uzman ve ekibin donan\u0131m\u0131na ba\u011fl\u0131 olarak da art\u0131\u015f veya azal\u0131\u015f g\u00f6sterebilecektir.<\/p>\n","protected":false},"excerpt":{"rendered":"<p>Sakal ekimi, sakallar\u0131 ile estetik bir g\u00f6r\u00fcn\u00fcm sunmak isteyen erkeklerin ba\u015fvurdu\u011fu bir y\u00f6ntemdir. \u00d6zellikle son y\u0131llarda kirli sakal ad\u0131 verilen tarz\u0131n ortaya \u00e7\u0131kmas\u0131 ile birlikte sakal b\u00fcy\u00fck \u00f6nem kazand\u0131. Buda sakal problemi ya\u015fayan erkeklerin sakal ekimini tercih etmesini ve dolay\u0131s\u0131yla&#8230;<\/p>\n","protected":false},"author":1,"featured_media":443,"parent":201,"menu_order":0,"comment_status":"closed","ping_status":"closed","template":"templates\/template-right-sidebar.php","meta":{"inline_featured_image":false,"footnotes":""},"class_list":["post-204","page","type-page","status-publish","has-post-thumbnail","hentry"],"_links":{"self":[{"href":"https:\/\/westmodernclinic.com\/tr\/wp-json\/wp\/v2\/pages\/204","targetHints":{"allow":["GET"]}}],"collection":[{"href":"https:\/\/westmodernclinic.com\/tr\/wp-json\/wp\/v2\/pages"}],"about":[{"href":"https:\/\/westmodernclinic.com\/tr\/wp-json\/wp\/v2\/types\/page"}],"author":[{"embeddable":true,"href":"https:\/\/westmodernclinic.com\/tr\/wp-json\/wp\/v2\/users\/1"}],"replies":[{"embeddable":true,"href":"https:\/\/westmodernclinic.com\/tr\/wp-json\/wp\/v2\/comments?post=204"}],"version-history":[{"count":4,"href":"https:\/\/westmodernclinic.com\/tr\/wp-json\/wp\/v2\/pages\/204\/revisions"}],"predecessor-version":[{"id":445,"href":"https:\/\/westmodernclinic.com\/tr\/wp-json\/wp\/v2\/pages\/204\/revisions\/445"}],"up":[{"embeddable":true,"href":"https:\/\/westmodernclinic.com\/tr\/wp-json\/wp\/v2\/pages\/201"}],"wp:featuredmedia":[{"embeddable":true,"href":"https:\/\/westmodernclinic.com\/tr\/wp-json\/wp\/v2\/media\/443"}],"wp:attachment":[{"href":"https:\/\/westmodernclinic.com\/tr\/wp-json\/wp\/v2\/media?parent=204"}],"curies":[{"name":"wp","href":"https:\/\/api.w.org\/{rel}","templated":true}]}}