{"id":201,"date":"2022-11-06T14:56:34","date_gmt":"2022-11-06T14:56:34","guid":{"rendered":"https:\/\/westmodernclinic.com\/hair-transplant\/"},"modified":"2022-12-19T04:12:07","modified_gmt":"2022-12-19T04:12:07","slug":"sac-ekimi","status":"publish","type":"page","link":"https:\/\/westmodernclinic.com\/tr\/sac-ekimi\/","title":{"rendered":"Sa\u00e7 Ekimi"},"content":{"rendered":"<h1><strong><img loading=\"lazy\" decoding=\"async\" class=\"aligncenter size-full wp-image-436\" src=\"https:\/\/westmodernclinic.com\/wp-content\/uploads\/2022\/11\/Sac-Ekimi.jpg\" alt=\"\" width=\"1060\" height=\"596\" srcset=\"https:\/\/westmodernclinic.com\/wp-content\/uploads\/2022\/11\/Sac-Ekimi.jpg 1060w, https:\/\/westmodernclinic.com\/wp-content\/uploads\/2022\/11\/Sac-Ekimi-300x169.jpg 300w, https:\/\/westmodernclinic.com\/wp-content\/uploads\/2022\/11\/Sac-Ekimi-1024x576.jpg 1024w, https:\/\/westmodernclinic.com\/wp-content\/uploads\/2022\/11\/Sac-Ekimi-768x432.jpg 768w\" sizes=\"auto, (max-width: 1060px) 100vw, 1060px\" \/>Sa\u00e7 Ekimi Nedir Fiyatlar\u0131 Ne Kadard\u0131r?<\/strong><\/h1>\n<p><strong>Sa\u00e7 ekimi<\/strong> sa\u00e7\u0131n\u0131n g\u00f6r\u00fcnt\u00fcs\u00fcnden ho\u015flanmayan kad\u0131nlar veya erkekler taraf\u0131ndan tercih edilebilecek bir i\u015flemdir. Ge\u00e7mi\u015ften bug\u00fcne sa\u00e7lar\u0131m\u0131z g\u00f6r\u00fcnt\u00fcm\u00fczde olduk\u00e7a etkili olan bir unsur olmu\u015ftur. Sa\u00e7 d\u00f6k\u00fclmeleri ve kaza sonucu ya\u015fanabilen sa\u00e7 kay\u0131plar\u0131nda ekim i\u015flemi tercih edilebilir.<\/p>\n<p>Sa\u00e7lar\u0131n seyrek olmas\u0131 ise g\u00f6r\u00fcnt\u00fcy\u00fc bozmakta ve dolay\u0131s\u0131yla pek \u00e7ok bireyde \u00f6zg\u00fcven problemlerini do\u011furmaktad\u0131r. Bu kapsamda ortaya \u00e7\u0131kan bir tedavi olan sa\u00e7 ekimiyle, yeniden g\u00fcr ve kusursuz sa\u00e7lara sahip olabilmek son derece kolayd\u0131r.<\/p>\n<h2><strong>Sa\u00e7 Ekimi Ger\u00e7ekten \u0130\u015fe Yar\u0131yor mu?<\/strong><\/h2>\n<p>Seyrek sa\u00e7lar\u0131 ile ba\u015f\u0131 dertte dan\u0131\u015fanlar\u0131n hemen hepsi ilk olarak <strong>sa\u00e7 ekimi kal\u0131c\u0131 m\u0131<\/strong> konusunda b\u00fcy\u00fck teredd\u00fctler ya\u015famaktad\u0131r. Stres, genetik fakt\u00f6rler, baz\u0131 kronik hastal\u0131klar, hormonal problemler sa\u00e7lar\u0131n d\u00f6k\u00fclmesine yol a\u00e7abilir.<\/p>\n<p>Sa\u00e7 d\u00f6k\u00fclmesinin nedeni ne olursa olsun, profesyonel ellerden al\u0131nan sa\u00e7 ekim hizmeti ile g\u00fcr ve istenilen g\u00f6r\u00fcnt\u00fcy\u00fc sunan sa\u00e7lara ula\u015f\u0131labilecektir. Bu i\u015flemi yapt\u0131ranlar\u0131n neredeyse tamam\u0131, al\u0131nan sonu\u00e7lardan memnun oldu\u011funu ifade etmektedir. Klini\u011fimiz doktorlar\u0131 taraf\u0131ndan yap\u0131lan uygulamalar, hasta memnuniyeti ve sa\u011fl\u0131k konusunu \u00f6nde tutarak, tedavi s\u00fcrecine ba\u015flamaktad\u0131r.<\/p>\n<h3><strong>Sa\u00e7 Ekimi Nas\u0131l Yap\u0131l\u0131r Ne Kadar S\u00fcrer?<\/strong><\/h3>\n<p>G\u00fcn\u00fcm\u00fczde sa\u00e7 d\u00f6k\u00fclmesi, seyrelme ve kellik problemi ya\u015fayan ki\u015fi say\u0131s\u0131 bir hayli fazlad\u0131r. Bu ki\u015fi say\u0131s\u0131n\u0131n yan\u0131 s\u0131ra ki\u015filerin ya\u015f ortalamas\u0131n\u0131n bir hayli d\u00fc\u015f\u00fck olmas\u0131 g\u00f6r\u00fcnt\u00fc kayg\u0131s\u0131na ba\u011fl\u0131 olarak sa\u00e7 ekim ihtiyac\u0131n\u0131 ortaya \u00e7\u0131karm\u0131\u015ft\u0131r. <strong>Sa\u00e7 ekimi<\/strong> kad\u0131n ya da erkek fark etmeksizin her ya\u015ftan insan i\u00e7in yap\u0131labilecek bir uygulamad\u0131r.<\/p>\n<p>Mikro cerrahi aletler kullan\u0131larak yap\u0131lan bu i\u015flemde a\u011fr\u0131 d\u00fczeyi minimumdur. <strong>Sa\u00e7 ekimi<\/strong> ortalama 6-8 saat s\u00fcren bir i\u015flemdir. \u0130\u015flemin nas\u0131l yap\u0131laca\u011f\u0131 ve ne kadar s\u00fcrece\u011fi, se\u00e7ilen sa\u00e7 ekim y\u00f6ntemine g\u00f6re farkl\u0131l\u0131k g\u00f6stermektedir. En s\u0131k tercih edilen sa\u00e7 ekim y\u00f6ntemi ise FUE\u2019dir.<\/p>\n<p><strong>FUE sa\u00e7 ekimi <\/strong>y\u00f6nteminde ilk olarak ense b\u00f6lgesinde yer alan sa\u00e7 don\u00f6rleri toplanmaktad\u0131r. Daha sonras\u0131nda ise bu don\u00f6rler kellik ve seyreklik bulunan b\u00f6lgelere transfer edilmektedir. Safir FUE y\u00f6nteminde ise sa\u00e7 don\u00f6rleri ense b\u00f6lgesinden de\u011fil s\u0131kl\u0131kla g\u00f6\u011f\u00fcs ve s\u0131rt k\u0131llar\u0131ndan al\u0131nmaktad\u0131r.<\/p>\n<p>Sa\u00e7 ekim y\u00f6ntemi i\u00e7in gerekli olan don\u00f6rler mikro motor u\u00e7lar arac\u0131l\u0131\u011f\u0131yla \u00e7\u0131kar\u0131lmaktad\u0131r. Bu u\u00e7lar 0.5-0.6 mm ebatlar\u0131nda oldu\u011fundan a\u011fr\u0131 ya da iz kalmas\u0131 s\u00f6z konusu olmayacakt\u0131r. Ancak hastan\u0131n rahatl\u0131\u011f\u0131 a\u00e7\u0131s\u0131ndan i\u015flem \u00f6ncesinde b\u00f6lge lokal anestezi ile uyu\u015fturulmaktad\u0131r.<\/p>\n<h3><strong>1 Greft Ka\u00e7 Sa\u00e7 Teli Eder? Sa\u00e7 Ekim \u0130\u015fleminde Ka\u00e7 Greft Sa\u00e7 Ekilir?<\/strong><\/h3>\n<p>1 greft ortalama 2-3 sa\u00e7 teline denk gelmektedir. 2000 greft yakla\u015f\u0131k olarak 4000-6000 sa\u00e7 k\u00f6k\u00fcn\u00fcn transfer edildi\u011fi anlam\u0131na gelmektedir. Ekim i\u015fleminde ka\u00e7 greft kullan\u0131laca\u011f\u0131 hastaya g\u00f6re farkl\u0131l\u0131k g\u00f6stermektedir.<\/p>\n<p>Alan\u0131nda uzman doktorlar sa\u00e7 ekiminin hemen \u00f6ncesinde greft hesaplamas\u0131 yapacaklard\u0131r. Seyrek ve kel b\u00f6lgelerin geni\u015fli\u011fine g\u00f6re ortalama 3000 ila 4000 aras\u0131nda greft ekimi ger\u00e7ekle\u015ftirilmektedir.<\/p>\n<p>Bir hastaya ayn\u0131 g\u00fcn i\u00e7erisinde 4000 greft ve \u00fczerinde sa\u00e7 ekim yap\u0131lmas\u0131 \u00f6nerilmedi\u011finden, daha fazla sa\u00e7 ekilmesi gereken hastal\u0131klara aral\u0131kl\u0131 olarak operasyon uygulanabilecektir.<\/p>\n<h3><strong>En \u0130yi Sa\u00e7 Ekim Merkezi Nas\u0131l Se\u00e7ilir? Sa\u00e7 Ekim \u0130\u015flemi Sonras\u0131nda Nelere Dikkat Edilmeli?<\/strong><\/h3>\n<p><strong>Sa\u00e7 ekimi<\/strong> i\u015flemi san\u0131lan\u0131n aksine olduk\u00e7a zor ve titizlik gerektiren bir i\u015flemdir. Bu nedenle sa\u00e7 ekim i\u015flemi \u00f6ncesinde alan\u0131nda uzman sa\u00e7 ekim merkezleri tercih etmek gerekecektir. Aksi takdirde bu i\u015flemden al\u0131nan verim hastalar\u0131 tatmin edecek d\u00fczeyde olmayacakt\u0131r. Sa\u00e7 ekim i\u015fleminden sonra ekilen sa\u00e7lar\u0131n b\u00f6lgeye uyum sa\u011flamas\u0131 i\u00e7in ortalama 1- 1.5 y\u0131l ge\u00e7mesi gerekecektir.<\/p>\n<p>Bunun yan\u0131 s\u0131ra ilk 3 ay i\u00e7erisinde operasyon ile ilgili b\u00fcy\u00fck ilerleme kaydedilebilmesi m\u00fcmk\u00fcn de\u011fildir. Yine bu s\u00fcre\u00e7te ekilen sa\u00e7lar\u0131n d\u00f6k\u00fclmesi de g\u00f6r\u00fclebilen bir durumdur. Ancak d\u00f6k\u00fclen sa\u00e7lar\u0131n yak\u0131n zamanda yeniden \u00e7\u0131kaca\u011f\u0131 unutulmamal\u0131d\u0131r.<\/p>\n<p>Ba\u015far\u0131l\u0131 bir <strong>sa\u00e7 ekimi<\/strong> s\u00fcreci kadar hastan\u0131n sa\u011fl\u0131kl\u0131 beslenmesi de b\u00fcy\u00fck \u00f6nem arz etmektedir. Operasyon sonras\u0131nda hasta do\u011fal ve sa\u011fl\u0131kl\u0131 beslenmeye, sigara t\u00fcketmemeye, kimyasal i\u00e7erikli \u015fampuanlar kullanmamaya \u00f6zen g\u00f6stermelidir.<\/p>\n<p>Sa\u00e7 kayb\u0131n\u0131 \u00f6nleyen vitamin ve mineraller kullanman\u0131n sa\u00e7\u0131n uzamas\u0131na yard\u0131mc\u0131 olaca\u011f\u0131 ve sa\u00e7\u0131n kalitesini artt\u0131raca\u011f\u0131 unutulmamal\u0131d\u0131r.<\/p>\n<h3><strong>Sa\u00e7 Ekimi \u00dccreti Ne Kadar? Sa\u00e7 Ekimi Fiyatlar\u0131 2022<\/strong><\/h3>\n<p><strong>Sa\u00e7 ekimi<\/strong> \u00fccreti, tercih edilen klini\u011fe veya hastaneye ba\u011fl\u0131 olarak farkl\u0131l\u0131k g\u00f6stermektedir. Ekim yap\u0131lacak hasta i\u00e7in gerekli olan greft say\u0131s\u0131, operasyon say\u0131s\u0131 ve benzeri detaylar fiyatland\u0131rman\u0131n yap\u0131lmas\u0131nda etkili unsurlard\u0131r. Sa\u00e7 ekim hizmeti almak isteyen ki\u015filerin mutlaka \u00f6ncesinde genel bir ara\u015ft\u0131rma yapmas\u0131 ve hastalar\u0131n geri bildirimlerini \u00f6n planda tutmas\u0131 tavsiye edilmektedir.<\/p>\n","protected":false},"excerpt":{"rendered":"<p>Sa\u00e7 Ekimi Nedir Fiyatlar\u0131 Ne Kadard\u0131r? Sa\u00e7 ekimi sa\u00e7\u0131n\u0131n g\u00f6r\u00fcnt\u00fcs\u00fcnden ho\u015flanmayan kad\u0131nlar veya erkekler taraf\u0131ndan tercih edilebilecek bir i\u015flemdir. Ge\u00e7mi\u015ften bug\u00fcne sa\u00e7lar\u0131m\u0131z g\u00f6r\u00fcnt\u00fcm\u00fczde olduk\u00e7a etkili olan bir unsur olmu\u015ftur. Sa\u00e7 d\u00f6k\u00fclmeleri ve kaza sonucu ya\u015fanabilen sa\u00e7 kay\u0131plar\u0131nda ekim i\u015flemi tercih&#8230;<\/p>\n","protected":false},"author":1,"featured_media":436,"parent":0,"menu_order":0,"comment_status":"closed","ping_status":"closed","template":"templates\/template-right-sidebar.php","meta":{"inline_featured_image":false,"footnotes":""},"class_list":["post-201","page","type-page","status-publish","has-post-thumbnail","hentry"],"_links":{"self":[{"href":"https:\/\/westmodernclinic.com\/tr\/wp-json\/wp\/v2\/pages\/201","targetHints":{"allow":["GET"]}}],"collection":[{"href":"https:\/\/westmodernclinic.com\/tr\/wp-json\/wp\/v2\/pages"}],"about":[{"href":"https:\/\/westmodernclinic.com\/tr\/wp-json\/wp\/v2\/types\/page"}],"author":[{"embeddable":true,"href":"https:\/\/westmodernclinic.com\/tr\/wp-json\/wp\/v2\/users\/1"}],"replies":[{"embeddable":true,"href":"https:\/\/westmodernclinic.com\/tr\/wp-json\/wp\/v2\/comments?post=201"}],"version-history":[{"count":3,"href":"https:\/\/westmodernclinic.com\/tr\/wp-json\/wp\/v2\/pages\/201\/revisions"}],"predecessor-version":[{"id":438,"href":"https:\/\/westmodernclinic.com\/tr\/wp-json\/wp\/v2\/pages\/201\/revisions\/438"}],"wp:featuredmedia":[{"embeddable":true,"href":"https:\/\/westmodernclinic.com\/tr\/wp-json\/wp\/v2\/media\/436"}],"wp:attachment":[{"href":"https:\/\/westmodernclinic.com\/tr\/wp-json\/wp\/v2\/media?parent=201"}],"curies":[{"name":"wp","href":"https:\/\/api.w.org\/{rel}","templated":true}]}}