{"id":198,"date":"2022-11-06T15:50:06","date_gmt":"2022-11-06T15:50:06","guid":{"rendered":"https:\/\/westmodernclinic.com\/dis-tedavisi\/zirconium-dental-veneer\/"},"modified":"2022-12-19T04:11:51","modified_gmt":"2022-12-19T04:11:51","slug":"zirkonyum-dis-kaplama","status":"publish","type":"page","link":"https:\/\/westmodernclinic.com\/tr\/dis-tedavisi\/zirkonyum-dis-kaplama\/","title":{"rendered":"Zirkonyum Di\u015f Kaplama"},"content":{"rendered":"<h1><img loading=\"lazy\" decoding=\"async\" class=\"aligncenter size-full wp-image-430\" src=\"https:\/\/westmodernclinic.com\/wp-content\/uploads\/2022\/11\/Zirkonyum-Dis-Kaplama.jpg\" alt=\"\" width=\"1060\" height=\"707\" srcset=\"https:\/\/westmodernclinic.com\/wp-content\/uploads\/2022\/11\/Zirkonyum-Dis-Kaplama.jpg 1060w, https:\/\/westmodernclinic.com\/wp-content\/uploads\/2022\/11\/Zirkonyum-Dis-Kaplama-300x200.jpg 300w, https:\/\/westmodernclinic.com\/wp-content\/uploads\/2022\/11\/Zirkonyum-Dis-Kaplama-1024x683.jpg 1024w, https:\/\/westmodernclinic.com\/wp-content\/uploads\/2022\/11\/Zirkonyum-Dis-Kaplama-768x512.jpg 768w\" sizes=\"auto, (max-width: 1060px) 100vw, 1060px\" \/>Zirkonyum Di\u015f Kaplama Nedir?<\/h1>\n<p>Herkes estetik bir g\u00fcl\u00fcmsemeye sahip olmak ister. <strong>Zirkonyum di\u015f kaplama<\/strong> i\u00e7in \u00fcretilen malzemelerden yap\u0131lan di\u015fler, eskiden kalma, metal destekli ve g\u00f6r\u00fcnt\u00fc bozuklu\u011funa yol a\u00e7an di\u015flere nazaran \u00e7ok daha estetik bir g\u00f6r\u00fcn\u00fcme sahiptirler.<\/p>\n<p>Zirkonyum kaplama di\u011fer y\u00f6ntemlere g\u00f6re ac\u0131s\u0131z, do\u011fal, estetik ve k\u0131sa s\u00fcre de uygulanabilir olmas\u0131ndan \u00f6t\u00fcr\u00fc g\u00fcn\u00fcm\u00fczde en \u00e7ok tercih edilen di\u015f esteti\u011fi operasyonudur. Genelde \u00f6n di\u015flerin tedavi edilmesinin yan\u0131 s\u0131ra estetik bir g\u00f6r\u00fcn\u00fcme kavu\u015fmas\u0131n\u0131 sa\u011flamak i\u00e7in kullan\u0131l\u0131r. Arka di\u015flerde kullan\u0131ld\u0131\u011f\u0131nda ise sa\u011flaml\u0131k ve yine do\u011fal di\u015flerle bir uyum i\u00e7erisinde olmay\u0131 sa\u011flar.<\/p>\n<h2>Zirkonyum Di\u015f Kaplaman\u0131n Avantajlar\u0131 Nelerdir?<\/h2>\n<p><strong>Zirkonyum di\u015f kaplama<\/strong> y\u00f6nteminin en b\u00fcy\u00fck avantajlar\u0131ndan biri, muadili say\u0131labilecek porselen di\u015flerin ilerleyen s\u00fcrelerde damakta ortaya \u00e7\u0131kan koyula\u015fma gibi sorunlar\u0131n olmamas\u0131d\u0131r. Porselen di\u015flerde ki yapay beyazl\u0131k e\u011fer <strong>zirkonyum di\u015f kaplama<\/strong> yapt\u0131r\u0131rsan\u0131z sizde olmayacakt\u0131r. \u00c7\u00fcnk\u00fc zirkonyum malzeme,\u00a0 \u0131\u015f\u0131k ge\u00e7irgenli\u011finin fazla olmas\u0131 dolay\u0131s\u0131yla kendi di\u015flerinizden ay\u0131rt edilmeyecek kadar a\u011f\u0131z yap\u0131n\u0131za ve g\u00fcl\u00fcmsemenize uyum sa\u011flayacakt\u0131r.<\/p>\n<p>Zirkonyum di\u015flerin s\u0131cak ve so\u011fu\u011fa hassasiyetinin olmamas\u0131 ve metal malzeme i\u00e7ermedi\u011fi i\u00e7in de metal maddelere alerjisi olanlar\u0131n da kolayl\u0131kla kullanabilece\u011fi bir y\u00f6ntemdir. Ayr\u0131ca zirkonyum di\u015fler kahve, \u00e7ay, sigara kullan\u0131m\u0131 gibi nedenlerle ortaya \u00e7\u0131kabilecek olan lekeleri neredeyse belli etmeyecek kadar \u00f6zel bir yap\u0131da imal edilmi\u015flerdir.<\/p>\n<h3>1 \u2013 Zirkonyum Di\u015f Kaplama \u0130\u015flemi ve Tedavi A\u015famalar\u0131 Nelerdir?<\/h3>\n<p>Hastan\u0131n kaplama yapt\u0131raca\u011f\u0131 di\u015fler belirlendikten sonra uygulamaya ge\u00e7ilerek hastaya ac\u0131 duymamas\u0131 i\u00e7in \u00f6ncelikle anestezi uygulan\u0131r. Daha sonra kaplaman\u0131n yap\u0131laca\u011f\u0131 di\u015fler t\u00f6rp\u00fclenerek k\u00fc\u00e7\u00fclt\u00fcl\u00fcr. Di\u015fler k\u00fc\u00e7\u00fclt\u00fcld\u00fckten sonra hekim taraf\u0131ndan haz\u0131rlanan \u00f6l\u00e7\u00fc malzemesi ile di\u015flerin \u00f6l\u00e7\u00fcs\u00fc al\u0131n\u0131r.<\/p>\n<p>T\u00f6rp\u00fclenen di\u015flere kal\u0131c\u0131 olarak tak\u0131lacak kaplamalar haz\u0131rlanana kadar hastan\u0131n estetik a\u00e7\u0131dan s\u0131k\u0131nt\u0131 \u00e7ekmemesi i\u00e7in ge\u00e7ici di\u015f t\u00f6rp\u00fclenen di\u015flere yap\u0131\u015ft\u0131r\u0131l\u0131r. Hastan\u0131n di\u015f rengine uygun bir renk se\u00e7ildikten sonra imalat a\u015famas\u0131 5-7 g\u00fcn i\u00e7erisinden tamamlan\u0131r. Kaplama yap\u0131lacak di\u015f haz\u0131r hale geldi\u011finde ge\u00e7ici olarak yap\u0131\u015ft\u0131r\u0131lan di\u015fler \u00e7\u0131kar\u0131larak yerine kal\u0131c\u0131 di\u015fler yap\u0131\u015ft\u0131r\u0131l\u0131r. Hekimin tavsiyeleri do\u011frultusunda belirli aral\u0131klara muayenelere gelerek <strong>zirkonyum di\u015f kaplama<\/strong> s\u00fcreci tamamlanm\u0131\u015f olur.<\/p>\n<h3>2\u00a0 &#8211; Gen\u00e7 Ya\u015fta Kaplama Di\u015f Yapt\u0131r\u0131l\u0131r m\u0131?<\/h3>\n<p>G\u00fczel, estetik ve do\u011fal bir g\u00fcl\u00fcmseme herkesin kendisini iyi hissetmesini ve \u00f6zg\u00fcvenli olmas\u0131n\u0131 sa\u011flar. Sar\u0131, \u00e7arp\u0131k ve \u00e7\u00fcr\u00fck di\u015fler insanlar\u0131n bulunduklar\u0131 veya kat\u0131ld\u0131klar\u0131 sosyal ortamlarda geri planda kalmalar\u0131na sebep olur. E\u011fer bu gibi durumlardan muzdarip iseniz kendinizi iyi hissetmek ve g\u00fcl\u00fcmsemeniz ile \u00f6ne \u00e7\u0131kmak i\u00e7in gen\u00e7 ya\u015fta kaplama di\u015f yapt\u0131rabilirsiniz.<\/p>\n<p>Bu sorudan sonra en s\u0131k kar\u015f\u0131la\u015f\u0131lan soru ise gen\u00e7 ya\u015fta yapt\u0131rd\u0131\u011f\u0131m kaplama di\u015flerim ileride yenisi ile de\u011fi\u015ftirilmesi gerekir mi? olacakt\u0131r. Bu sorununun cevab\u0131 hastan\u0131n a\u011f\u0131z sa\u011fl\u0131\u011f\u0131 ve bak\u0131m\u0131na ne kadar \u00f6nem verdi\u011fi, ayn\u0131 zamanda bu duruma ek olarak <strong>zirkonyum di\u015f kaplama<\/strong> uygulamas\u0131n\u0131n yap\u0131ld\u0131\u011f\u0131 klinik, uygulamay\u0131 ger\u00e7ekle\u015ftiren hekim ve kullan\u0131lan malzemenin kalitesi de zirkonyum di\u015flerin kullan\u0131m \u00f6mr\u00fcn\u00fc etkiyen en \u00f6nemli fakt\u00f6rlerdir.<\/p>\n<h5>3 &#8211; Zirkonyum Kaplama Yaptiranlar Memnun mu?<\/h5>\n<p><strong>Zirkonyum di\u015f kaplama<\/strong> hastan\u0131n do\u011fal di\u015flerine en yak\u0131n g\u00f6r\u00fcn\u00fcme sahip olduklar\u0131ndan di\u015fin kaplama m\u0131 do\u011fal di\u015f mi oldu\u011funu ancak bir di\u015f hekimi anlayabilir. Bundan \u00f6t\u00fcr\u00fc zirkonyum uygulamas\u0131n\u0131 yapt\u0131ranlar mutlu bir g\u00fcl\u00fcmseme ile klinikten ayr\u0131l\u0131rlar.<\/p>\n<p>Bir di\u011fer memnun olunan konu ise porselen, takma di\u015f veya metal destekli di\u015fler ile kar\u015f\u0131la\u015ft\u0131r\u0131ld\u0131\u011f\u0131nda kullan\u0131m a\u00e7\u0131s\u0131ndan do\u011fal di\u015ften neredeyse hi\u00e7bir fark\u0131 olmamas\u0131d\u0131r. Hatta estetik a\u00e7\u0131dan do\u011fal di\u015flerden \u00e7ok daha g\u00fczel ve dikkat \u00e7ekici bir g\u00fcl\u00fcmsemeye sahip olman\u0131z\u0131 sa\u011flar. Bu g\u00fcl\u00fcmsemeye sahip olmak di\u011fer y\u00f6ntemlere g\u00f6re ac\u0131s\u0131z ve a\u011fr\u0131s\u0131z oldu\u011fundan zirkonyum di\u015f kaplama, en \u00e7ok tercih edilen ve uygulanan di\u015f esteti\u011fi operasyonu halini alm\u0131\u015ft\u0131r.<\/p>\n<h3>4 &#8211; Zirkonyum Di\u015f Kaplama Fiyat Nedir?<\/h3>\n<p><strong>Zirkonyum di\u015f kaplama<\/strong> fiyatlar\u0131 konu ile alakal\u0131 en \u00e7ok merak edilen meselelerden biridir. Zirkonyum kaplama yapt\u0131racak olan hastalar ilk olarak bu konu ile alakal\u0131 ayr\u0131nt\u0131l\u0131 ara\u015ft\u0131rmalar yaparlar. Fakat bu soruya net bir cevap vermek ne yaz\u0131k ki m\u00fcmk\u00fcn de\u011fildir. \u00c7\u00fcnk\u00fc bu sorunun cevab\u0131n\u0131 etkileyen bir \u00e7ok unsur bulunmaktad\u0131r.<\/p>\n<p>Siz de bu konu ile alakal\u0131 ayr\u0131nt\u0131l\u0131 bilgi sahibi olmak i\u00e7in klini\u011fimiz ile irtibata ge\u00e7ebilirsiniz. Zirkonyum kaplama ile alakal\u0131 t\u00fcm ayr\u0131nt\u0131lara hakim olabilirsiniz. \u00dcstelik klini\u011fimiz hem yurt i\u00e7indeki hem de yurt d\u0131\u015f\u0131ndaki hastalara hizmet vermektedir.<\/p>\n","protected":false},"excerpt":{"rendered":"<p>Zirkonyum Di\u015f Kaplama Nedir? Herkes estetik bir g\u00fcl\u00fcmsemeye sahip olmak ister. Zirkonyum di\u015f kaplama i\u00e7in \u00fcretilen malzemelerden yap\u0131lan di\u015fler, eskiden kalma, metal destekli ve g\u00f6r\u00fcnt\u00fc bozuklu\u011funa yol a\u00e7an di\u015flere nazaran \u00e7ok daha estetik bir g\u00f6r\u00fcn\u00fcme sahiptirler. Zirkonyum kaplama di\u011fer y\u00f6ntemlere&#8230;<\/p>\n","protected":false},"author":1,"featured_media":430,"parent":127,"menu_order":0,"comment_status":"closed","ping_status":"closed","template":"templates\/template-right-sidebar.php","meta":{"inline_featured_image":false,"footnotes":""},"class_list":["post-198","page","type-page","status-publish","has-post-thumbnail","hentry"],"_links":{"self":[{"href":"https:\/\/westmodernclinic.com\/tr\/wp-json\/wp\/v2\/pages\/198","targetHints":{"allow":["GET"]}}],"collection":[{"href":"https:\/\/westmodernclinic.com\/tr\/wp-json\/wp\/v2\/pages"}],"about":[{"href":"https:\/\/westmodernclinic.com\/tr\/wp-json\/wp\/v2\/types\/page"}],"author":[{"embeddable":true,"href":"https:\/\/westmodernclinic.com\/tr\/wp-json\/wp\/v2\/users\/1"}],"replies":[{"embeddable":true,"href":"https:\/\/westmodernclinic.com\/tr\/wp-json\/wp\/v2\/comments?post=198"}],"version-history":[{"count":4,"href":"https:\/\/westmodernclinic.com\/tr\/wp-json\/wp\/v2\/pages\/198\/revisions"}],"predecessor-version":[{"id":432,"href":"https:\/\/westmodernclinic.com\/tr\/wp-json\/wp\/v2\/pages\/198\/revisions\/432"}],"up":[{"embeddable":true,"href":"https:\/\/westmodernclinic.com\/tr\/wp-json\/wp\/v2\/pages\/127"}],"wp:featuredmedia":[{"embeddable":true,"href":"https:\/\/westmodernclinic.com\/tr\/wp-json\/wp\/v2\/media\/430"}],"wp:attachment":[{"href":"https:\/\/westmodernclinic.com\/tr\/wp-json\/wp\/v2\/media?parent=198"}],"curies":[{"name":"wp","href":"https:\/\/api.w.org\/{rel}","templated":true}]}}