{"id":195,"date":"2022-11-06T15:49:11","date_gmt":"2022-11-06T15:49:11","guid":{"rendered":"https:\/\/westmodernclinic.com\/dis-tedavisi\/teeth-whitening\/"},"modified":"2022-12-19T04:11:35","modified_gmt":"2022-12-19T04:11:35","slug":"dis-beyazlatma","status":"publish","type":"page","link":"https:\/\/westmodernclinic.com\/tr\/dis-tedavisi\/dis-beyazlatma\/","title":{"rendered":"Di\u015f Beyazlatma"},"content":{"rendered":"<h1><img loading=\"lazy\" decoding=\"async\" class=\"aligncenter size-full wp-image-423\" src=\"https:\/\/westmodernclinic.com\/wp-content\/uploads\/2022\/11\/Dis-Beyazlatma.jpg\" alt=\"\" width=\"1060\" height=\"707\" srcset=\"https:\/\/westmodernclinic.com\/wp-content\/uploads\/2022\/11\/Dis-Beyazlatma.jpg 1060w, https:\/\/westmodernclinic.com\/wp-content\/uploads\/2022\/11\/Dis-Beyazlatma-300x200.jpg 300w, https:\/\/westmodernclinic.com\/wp-content\/uploads\/2022\/11\/Dis-Beyazlatma-1024x683.jpg 1024w, https:\/\/westmodernclinic.com\/wp-content\/uploads\/2022\/11\/Dis-Beyazlatma-768x512.jpg 768w\" sizes=\"auto, (max-width: 1060px) 100vw, 1060px\" \/>Di\u015f Beyazlatma Hakk\u0131nda En \u00c7ok Merak Edilen 5 \u015eey!<\/h1>\n<p><strong>Di\u015f beyazlatma<\/strong> harika bir g\u00fcl\u00fcmseme hayali kuran herkes i\u00e7in kurtar\u0131c\u0131 niteli\u011finde bir i\u015flemdir. Bu i\u015flemi yapt\u0131rmak isteyen ki\u015filerden baz\u0131lar\u0131n\u0131n genetik olarak kendi di\u015f rengi sar\u0131 olabilir. Baz\u0131lar\u0131n\u0131n ise g\u00fcn i\u00e7erisinde s\u0131k s\u0131k t\u00fcketti\u011fi \u00e7ay ya da kahve gibi i\u00e7ecekler y\u00fcz\u00fcnden beyaz durmuyor olabilir. Sar\u0131ya yak\u0131n olan di\u015f renginden rahats\u0131z olan ki\u015filerin bir\u00e7o\u011fu ise <strong>di\u015f beyazlatma<\/strong> i\u015flemi ile alakal\u0131 ayr\u0131nt\u0131l\u0131 ara\u015ft\u0131rmalar yapmaktad\u0131r. Biz de bu yaz\u0131m\u0131zda sizler i\u00e7in bu i\u015flemin t\u00fcm ayr\u0131nt\u0131lar\u0131n\u0131 vermi\u015f olaca\u011f\u0131z.<\/p>\n<h2>Di\u015f Beyazlatma \u0130\u015flemi Nas\u0131l Yap\u0131l\u0131r?<\/h2>\n<p>Di\u015flerde meydana gelen sararmalar <strong>di\u015f beyazlatma<\/strong> i\u015flemi sayesinde fark edilebilir \u015fekilde beyazlamaktad\u0131r. Di\u015fler d\u00fczenli f\u0131r\u00e7alansa bile bazen istedi\u011fimiz beyazl\u0131\u011fa ula\u015fmaz. Bu durum da insan\u0131n \u00f6zg\u00fcvenini olduk\u00e7a d\u00fc\u015f\u00fcren bir durumdur.<\/p>\n<p>\u0130stedi\u011fimiz di\u015f beyazl\u0131\u011f\u0131na kavu\u015fmak asl\u0131nda san\u0131ld\u0131\u011f\u0131 kadar zor bir \u015fey de\u011fil. Di\u015flerde meydana gelen sararmalar bleaching i\u015flemi sayesinde m\u00fcmk\u00fcn hale geliyor. Bu i\u015flem sayesinde di\u015fin rengi en az 2 ya da 3 ton kadar a\u00e7\u0131l\u0131yor. Bu i\u015flem bir hekim taraf\u0131ndan uygulanmak zorundad\u0131r. Hekim olmayan ve bu konunun e\u011fitimini almam\u0131\u015f ki\u015filerin vermi\u015f oldu\u011fu beyazlatma hizmeti olduk\u00e7a tehlikeli sonu\u00e7lar verebilmektedir.<\/p>\n<h3>Di\u015f Beyazlatma \u00c7e\u015fitleri Nelerdir?<\/h3>\n<p>Beyazlatma i\u015fleminin bilinen iki \u00e7e\u015fidinden \u015fu \u015fekilde bahsedebiliriz;<\/p>\n<h4>Ofis Tipi Beyazlatma \u0130\u015flemi<\/h4>\n<p>Ofis tipi beyazlatma i\u015flemi t\u00fcm beyazlatma i\u015flemleri aras\u0131nda en etkili olan\u0131d\u0131r diyebiliriz. S\u00f6z konusu i\u015flemden \u00f6nce yap\u0131lan beyazlatman\u0131n daha kal\u0131c\u0131 hale gelmesi i\u00e7in ki\u015fiye di\u015f ta\u015f\u0131 temizli\u011fi yap\u0131lmas\u0131 gerekir. Seanslar \u00f6ncesinde ve sonras\u0131nda hastadan foto\u011fraflar al\u0131narak i\u015flemin \u00f6ncesi ve sonras\u0131 yap\u0131l\u0131r. B\u00f6ylece i\u015flemin ne kadar etki etti\u011fi daha net bir \u015fekilde g\u00f6r\u00fclm\u00fc\u015f olur.<\/p>\n<p>Seans say\u0131s\u0131 hastan\u0131n di\u015f rengine g\u00f6re de\u011fi\u015fiklik g\u00f6sterebilmektedir. Bununla beraber de genellikle 2 ya da 3 seans s\u00fcrd\u00fc\u011f\u00fcn\u00fc s\u00f6yleyebiliriz. \u0130\u015flemde \u00f6nce di\u015f etlerinin zarar g\u00f6rmesini engellemek i\u00e7in bir bariyer ile kapat\u0131lmas\u0131 gerekir. Sonraki ad\u0131m ise beyazlatma jelini hastan\u0131n di\u015flerine uygulamakt\u0131r. Bu jel 3 periyot \u015feklinde 1 dk aral\u0131klar ile hastaya uygulan\u0131r.<\/p>\n<p>Seanslar aras\u0131nda hastan\u0131n yapmas\u0131 beklenen baz\u0131 davran\u0131\u015flar bulunmaktad\u0131r. \u00d6rne\u011fin di\u015fleri sarartacak i\u00e7eceklerden uzak durmas\u0131 istenir. Ayn\u0131 zamanda sigara t\u00fcketiyorsa bunu da minimum seviyeye indirmesi \u00e7ok \u00f6nemlidir. Yoksa <strong>di\u015f beyazlatma<\/strong> i\u015fleminin etkisi do\u011fal olarak azalacakt\u0131r. Beyazlatma seanslar\u0131 aras\u0131nda baz\u0131 hassasiyetler ya\u015fanmas\u0131 do\u011fald\u0131r. Bunun i\u00e7in de hassasiyet giderici macunlar kullan\u0131lmas\u0131 gerekir.<\/p>\n<h4>Ev Tipi Beyazlatma \u0130\u015flemi<\/h4>\n<p>Ev tipi olarak adland\u0131r\u0131lan i\u015flemde ise yine hastaya bir renk saptamas\u0131 yap\u0131l\u0131r. Daha sonra ise hastadan bir \u00f6l\u00e7\u00fc al\u0131n\u0131r. Al\u0131nan \u00f6l\u00e7\u00fc sayesinde hasta i\u00e7in bir plak \u00fcretilir. Ev tipi beyazlatma i\u015fleminde kullan\u0131lan madde ofis tipi beyazlatma i\u015flemine nazaran daha az etkili bir maddedir. Haz\u0131rlanan \u015feffaf plak ve beyazlat\u0131c\u0131 ajanlar bar\u0131nd\u0131ran t\u00fcp hasta verilir ve hastaya nas\u0131l kullanmas\u0131 gerekti\u011fi doktor taraf\u0131ndan detayl\u0131 bir \u015fekilde anlat\u0131l\u0131r.<\/p>\n<p>Hasta hekimin anlatt\u0131\u011f\u0131 \u015fekilde i\u015flemi kendi evinde g\u00fcnde iki kez olmak \u00fczere iki hafta boyunca uygular. Bazen doktor sadece geceleri yapmas\u0131n\u0131 da isteyebilir. Haftal\u0131k kontroller yap\u0131l\u0131r ve s\u00fcrecin nas\u0131l gitti\u011fi yak\u0131ndan takip edilmi\u015f olur. S\u00fcrecin seyrine g\u00f6re m\u00fcdahaleler yap\u0131labilir. Hastaya hangi t\u00fcr de bir beyazlatma i\u015fleminin uygulanaca\u011f\u0131na doktorun ve hastan\u0131n beraber karar vermesi daha sa\u011fl\u0131kl\u0131 olacakt\u0131r.<\/p>\n<h3>Di\u015f Beyazlatma \u0130\u015fleminde Ba\u015far\u0131 Oran\u0131 Nedir?<\/h3>\n<p>Di\u015f beyazlatma i\u015flemini yapt\u0131rmak isteyen ki\u015filerin bir\u00e7o\u011fu ba\u015far\u0131 oran\u0131n\u0131 \u00e7ok merak etmektedir. Beyazlatma i\u015fleminin ba\u015far\u0131l\u0131 olup olmad\u0131\u011f\u0131 b\u00fcy\u00fck oranda hastan\u0131n g\u00fcnl\u00fck ya\u015fant\u0131s\u0131na ba\u011fl\u0131d\u0131r. G\u00fcnl\u00fck sigara t\u00fcketimini en aza indirmek bu noktada olduk\u00e7a \u00f6nemlidir. Sigara, \u00e7ay, \u015farap ve meyve suyu gibi di\u015fi sarartan i\u00e7eceklerden de hastan\u0131n elinden geldi\u011fince uzak durmas\u0131 beklenir. T\u00fcm bu \u015fartlara uyulmas\u0131 halinde do\u011fal olarak da ba\u015far\u0131 oran\u0131 artm\u0131\u015f olacakt\u0131r.<\/p>\n<h3>Kal\u0131c\u0131 Di\u015f Beyazlatma Ne Kadar S\u00fcre Etkisini Devam Ettirir?<\/h3>\n<p>Bu soruya net bir \u015fekilde yan\u0131t vermek ne yaz\u0131k ki m\u00fcmk\u00fcn de\u011fildir. \u00c7\u00fcnk\u00fc bu s\u00fcre ki\u015fiden ki\u015fiye de\u011fi\u015fiklik g\u00f6sterebilmektedir. Bu s\u00fcre 3 ay ile 4 y\u0131l aras\u0131nda de\u011fi\u015fmektedir. Di\u015fin yap\u0131s\u0131 ve hekimin hastaya \u00f6nermi\u015f oldu\u011fu \u015feyleri uygulamas\u0131n\u0131n kal\u0131c\u0131l\u0131kta b\u00fcy\u00fck pay\u0131 vard\u0131r. Siz de konu ile alakal\u0131 daha ayr\u0131nt\u0131l\u0131 bilgi sahibi olabilmek i\u00e7in klini\u011fimiz ile ileti\u015fime ge\u00e7ebilir diledi\u011finiz i\u015flemi yapt\u0131rabilirsiniz. \u00dcstelik T\u00fcrkiye\u2019de ya da yurtd\u0131\u015f\u0131nda ya\u015f\u0131yor olman\u0131z fark etmiyor. Klini\u011fimiz hem yurt i\u00e7i hem de yurt d\u0131\u015f\u0131nda bulunan hastalara hizmet vermektedir.<\/p>\n","protected":false},"excerpt":{"rendered":"<p>Di\u015f Beyazlatma Hakk\u0131nda En \u00c7ok Merak Edilen 5 \u015eey! Di\u015f beyazlatma harika bir g\u00fcl\u00fcmseme hayali kuran herkes i\u00e7in kurtar\u0131c\u0131 niteli\u011finde bir i\u015flemdir. Bu i\u015flemi yapt\u0131rmak isteyen ki\u015filerden baz\u0131lar\u0131n\u0131n genetik olarak kendi di\u015f rengi sar\u0131 olabilir. Baz\u0131lar\u0131n\u0131n ise g\u00fcn i\u00e7erisinde s\u0131k&#8230;<\/p>\n","protected":false},"author":1,"featured_media":423,"parent":127,"menu_order":0,"comment_status":"closed","ping_status":"closed","template":"templates\/template-right-sidebar.php","meta":{"inline_featured_image":false,"footnotes":""},"class_list":["post-195","page","type-page","status-publish","has-post-thumbnail","hentry"],"_links":{"self":[{"href":"https:\/\/westmodernclinic.com\/tr\/wp-json\/wp\/v2\/pages\/195","targetHints":{"allow":["GET"]}}],"collection":[{"href":"https:\/\/westmodernclinic.com\/tr\/wp-json\/wp\/v2\/pages"}],"about":[{"href":"https:\/\/westmodernclinic.com\/tr\/wp-json\/wp\/v2\/types\/page"}],"author":[{"embeddable":true,"href":"https:\/\/westmodernclinic.com\/tr\/wp-json\/wp\/v2\/users\/1"}],"replies":[{"embeddable":true,"href":"https:\/\/westmodernclinic.com\/tr\/wp-json\/wp\/v2\/comments?post=195"}],"version-history":[{"count":4,"href":"https:\/\/westmodernclinic.com\/tr\/wp-json\/wp\/v2\/pages\/195\/revisions"}],"predecessor-version":[{"id":425,"href":"https:\/\/westmodernclinic.com\/tr\/wp-json\/wp\/v2\/pages\/195\/revisions\/425"}],"up":[{"embeddable":true,"href":"https:\/\/westmodernclinic.com\/tr\/wp-json\/wp\/v2\/pages\/127"}],"wp:featuredmedia":[{"embeddable":true,"href":"https:\/\/westmodernclinic.com\/tr\/wp-json\/wp\/v2\/media\/423"}],"wp:attachment":[{"href":"https:\/\/westmodernclinic.com\/tr\/wp-json\/wp\/v2\/media?parent=195"}],"curies":[{"name":"wp","href":"https:\/\/api.w.org\/{rel}","templated":true}]}}