{"id":190,"date":"2022-11-06T15:44:24","date_gmt":"2022-11-06T15:44:24","guid":{"rendered":"https:\/\/westmodernclinic.com\/dis-tedavisi\/root-canal-treatment\/"},"modified":"2022-12-19T04:11:18","modified_gmt":"2022-12-19T04:11:18","slug":"kok-kanal-tedavisi","status":"publish","type":"page","link":"https:\/\/westmodernclinic.com\/tr\/dis-tedavisi\/kok-kanal-tedavisi\/","title":{"rendered":"K\u00f6k Kanal Tedavisi"},"content":{"rendered":"<h1><img loading=\"lazy\" decoding=\"async\" class=\"aligncenter size-full wp-image-415\" src=\"https:\/\/westmodernclinic.com\/wp-content\/uploads\/2022\/11\/Kok-Kanal-Tedavisi.jpg\" alt=\"\" width=\"1060\" height=\"707\" srcset=\"https:\/\/westmodernclinic.com\/wp-content\/uploads\/2022\/11\/Kok-Kanal-Tedavisi.jpg 1060w, https:\/\/westmodernclinic.com\/wp-content\/uploads\/2022\/11\/Kok-Kanal-Tedavisi-300x200.jpg 300w, https:\/\/westmodernclinic.com\/wp-content\/uploads\/2022\/11\/Kok-Kanal-Tedavisi-1024x683.jpg 1024w, https:\/\/westmodernclinic.com\/wp-content\/uploads\/2022\/11\/Kok-Kanal-Tedavisi-768x512.jpg 768w\" sizes=\"auto, (max-width: 1060px) 100vw, 1060px\" \/>K\u00f6k Kanal Tedavisi Nedir? 4 K\u00f6kl\u00fc Di\u015f Kanal Tedavisi Nas\u0131l Yap\u0131l\u0131r?<\/h1>\n<p><strong>K\u00f6k kanal tedavisi<\/strong> olduk\u00e7a \u00f6nemli ve doktor taraf\u0131ndan \u00e7ok dikkatli bir \u015fekilde ger\u00e7ekle\u015ftirilmesi gereken i\u015flemlerden bir tanesidir. Bu tedavi di\u015fin kan ve sinir deste\u011fini sa\u011flamaya yarayan pulpa dokusundaki \u00e7\u00fcr\u00fckleri ya da baz\u0131 yaralanmalardan dolay\u0131 meydana gelen enfeksiyonu tedavi etmek amac\u0131 ile kullan\u0131lmaktad\u0131r.<\/p>\n<p>Di\u015fte enfeksiyon olu\u015ftu\u011fu zaman ilk etapta hasta herhangi bir a\u011fr\u0131 ya da s\u0131z\u0131 hissetmez. Baz\u0131 hastalarda ise di\u015fin koyula\u015ft\u0131\u011f\u0131 g\u00f6zlemlenebilir. Bu durumda di\u015fte yer alan sinirlerin tamamen \u00f6ld\u00fc\u011f\u00fc anla\u015f\u0131labilir. B\u00f6yle bir durumda da k\u00f6k kanal\u0131na derhal ba\u015flanmal\u0131d\u0131r.<\/p>\n<h2>K\u00f6k Kanal Tedavisi Nedir? K\u00f6k Kanal Tedavisi A\u015famalar\u0131 Nelerdir?<\/h2>\n<p><strong>K\u00f6k kanal tedavisi<\/strong> denildi\u011fi zaman hastalar ilk etapta olduk\u00e7a tedirgin olmaktad\u0131r. Fakat lokal anestezi uyguland\u0131\u011f\u0131 i\u00e7in herhangi bir ac\u0131 hissedilmesi m\u00fcmk\u00fcn de\u011fildir. O nedenle korkacak bir durum s\u00f6z konusu de\u011fildir. <strong>K\u00f6k kanal tedavisi<\/strong> yap\u0131m a\u015famas\u0131 ise \u015fu \u015fekilde s\u0131ralanabilir;<\/p>\n<ul>\n<li>Tedaviye ba\u015flanmadan \u00f6nce hastaya lokal anestezi uygulan\u0131r. B\u00f6yle di\u015fin ve \u00e7evre dokular\u0131n uyu\u015fturulmas\u0131 sa\u011flan\u0131r.<\/li>\n<li>Uyu\u015fturma i\u015flemi tamamland\u0131ktan ve hastan\u0131n hi\u00e7bir \u015fey hissetmedi\u011finden emin olduktan sonra \u00e7\u00fcr\u00fc\u011f\u00fcn temizlenmesine s\u0131ra gelir. \u00c7\u00fcr\u00fck temizlenince de k\u00f6k kanallar\u0131 a\u00e7\u0131lm\u0131\u015f olur.<\/li>\n<li>Sonras\u0131nda ise r\u00f6ntgen \u00e7ekilerek kanal uzunlu\u011fu tespit edilmi\u015f olur.<\/li>\n<li>K\u00f6k kanallar\u0131n\u0131n i\u00e7erisinde yer alan pulpa dokusu \u00e7\u0131kar\u0131larak temizlenir.<\/li>\n<li>Gerekli malzemeler kullan\u0131larak k\u00f6k kanallar\u0131 \u015fekillendirilmi\u015f olur.<\/li>\n<li>Sonras\u0131nda ise k\u00f6k kanallar\u0131n\u0131n dezenfekte edilmesi sa\u011flan\u0131r. B\u00f6ylece b\u00f6lge mikroorganizmalardan ar\u0131n\u0131r.<\/li>\n<li>Son olarak ise k\u00f6k kanallar\u0131n\u0131n doldurulmas\u0131 sa\u011flan\u0131r ve i\u015flem sona erer.<\/li>\n<\/ul>\n<p>Kanal tedavisi genellikle tek seansta tamamlanmaktad\u0131r. Ama baz\u0131 enfeksiyonlu di\u015flerin tedavisi hekimin de karar\u0131 do\u011frultusunda birden fazla seans da s\u00fcrebilmektedir. Bu tedavi sayesinde di\u015fin cans\u0131z olmas\u0131na ra\u011fmen hastan\u0131n a\u011fz\u0131nda sa\u011flam bir \u015fekilde durabilmektedir.<\/p>\n<h3>1 \u2013 K\u00f6k Kanal Tedavisi Sonras\u0131nda A\u011fr\u0131 ya da Ac\u0131 Hissedilir mi?<\/h3>\n<p>Tedaviden sonra a\u011fr\u0131 ya da ac\u0131 hissedilip hissedilmeyece\u011fi de merak edilen konular\u0131n ba\u015f\u0131nda gelmektedir. Tedaviden sonra hafif bir a\u011fr\u0131 ile beraber hassasiyet hissedilmesi do\u011fal bir durumdur. Hastalar tedaviden sonra a\u011fr\u0131 hissederlerse tela\u015f etmelerine gerek yoktur. \u00c7\u00fcnk\u00fc bu durum genellikle ge\u00e7icidir. \u0130ki g\u00fcn\u00fcn ard\u0131ndan herhangi bir ac\u0131 ya da a\u011fr\u0131 hissedilmeyecek ve di\u015f rahat bir \u015fekilde kullan\u0131lacakt\u0131r.<\/p>\n<p>\u0130ki g\u00fcn i\u00e7erisindeki a\u011fr\u0131y\u0131 ya\u015famak istemeyen hastalar doktorun yazm\u0131\u015f oldu\u011fu a\u011fr\u0131 kesiciyi kullanabilirler. \u015eayet a\u011fr\u0131 ve hassasiyet iki g\u00fcnden sonra da hala devam ediyorsa ve giderek art\u0131yorsa hekime dan\u0131\u015fmakta fayda vard\u0131r.<\/p>\n<h3>2 \u2013 Ba\u015far\u0131s\u0131z Kanal Tedavisi Nas\u0131l Anla\u015f\u0131l\u0131r<\/h3>\n<p>K\u00f6k kanal tedavisi ba\u015far\u0131 oran\u0131 yakla\u015f\u0131k olarak y\u00fczde 90 oran\u0131ndad\u0131r. Tedavi s\u0131ras\u0131nda herhangi bir k\u00f6k\u00fcn i\u00e7erisinde pulpa dokusunun kalmas\u0131 halinde mikroorganizmalar\u0131n s\u0131z\u0131nt\u0131s\u0131 ile kar\u015f\u0131la\u015f\u0131labilir. Bu da di\u015fin kullan\u0131m\u0131 esnas\u0131nda a\u011fr\u0131 hissedilmesine sebep olur. Kanal tedavisinin de ba\u015far\u0131s\u0131z oldu\u011fu anla\u015f\u0131l\u0131r.<\/p>\n<h3>3 \u2013 K\u00f6k Kanal Tedavisi Tekrar Yap\u0131l\u0131r m\u0131?<\/h3>\n<p>Gerekti\u011finde k\u00f6k kanal\u0131 yenilenebilmektedir. Bir hata ya da eksiklik varsa yenilenebilmektedir. Bu i\u015flem ile beraber eski dolgu \u00e7\u0131kar\u0131l\u0131r. Di\u015fte yer alan kanal tekrar \u015fekillendirilir ve ila\u00e7lan\u0131r. Sonras\u0131nda ise tekrar doldurulur.<\/p>\n<p>Bu i\u015flem sonras\u0131nda da bir sonu\u00e7 al\u0131namazsa k\u00f6k h\u00fccre rezeksiyonu olarak bilinen cerrahi m\u00fcdahale gerekmektedir. Bu i\u015flemde de k\u00f6k h\u00fccreye ula\u015f\u0131l\u0131r. Ula\u015f\u0131lan b\u00f6lge ve \u00e7evresi cerrahi m\u00fcdahalede bulunarak temizlenir. \u00c7ok k\u00f6kl\u00fc di\u015flerde ise enfekte olan k\u00f6k \u00e7\u0131kar\u0131l\u0131r. Bu i\u015fleminde fayda vermemesi halinde di\u015fin \u00e7ekilmesi gerekmektedir.<\/p>\n<h3>4 \u2013 K\u00f6k Kanal Tedavisi Ne Kadar S\u00fcrer?<\/h3>\n<p>K\u00f6k kanal tedavisinin s\u00fcresi di\u015fin ve hastan\u0131n durumuna g\u00f6re de\u011fi\u015fiklik g\u00f6sterebilmektedir. Ama genellikle tek seansta halledilebilen bir i\u015flemdir. Seans da 30 ile 60 dk aras\u0131nda s\u00fcrmektedir. Baz\u0131 durumlarda ise i\u015flemin iki seans s\u00fcrd\u00fc\u011f\u00fc de olmaktad\u0131r.<\/p>\n<p>Kanal tedavisi esnas\u0131nda hasta genelde herhangi bir ac\u0131 ya da a\u011fr\u0131 hissetmez \u00e7\u00fcnk\u00fc hekim tedaviye ba\u015flamadan \u00f6nce lokal anestezi uygular. Kanal tedavisi gereken di\u015flerin vakit kaybetmeden i\u015flemin yap\u0131lmas\u0131 gerekmektedir. \u00c7\u00fcnk\u00fc yap\u0131lmad\u0131\u011f\u0131nda \u00e7\u00fcr\u00fck daha da ilerler ve di\u015fin kaybedilmesine kadar gidebilir. Bu nedenle a\u011fr\u0131 hissedildi\u011fi anda bir hekime ba\u015fvurulmas\u0131 elzemdir. Sizin de <strong>k\u00f6k kanal tedavisi<\/strong> ya da ba\u015fka bir i\u015fleme ihtiyac\u0131n\u0131z varsa klini\u011fimize gelerek g\u00f6n\u00fcl rahatl\u0131\u011f\u0131 ile tedavi olabilirsiniz. \u00dcstelik T\u00fcrkiye\u2019de ya da yurtd\u0131\u015f\u0131nda olman\u0131z fark etmiyor. Klini\u011fimiz hem yurtd\u0131\u015f\u0131ndan gelen hem de T\u00fcrkiye s\u0131n\u0131rlar\u0131nda olan hastalar\u0131na hizmet vermektedir.<\/p>\n","protected":false},"excerpt":{"rendered":"<p>K\u00f6k Kanal Tedavisi Nedir? 4 K\u00f6kl\u00fc Di\u015f Kanal Tedavisi Nas\u0131l Yap\u0131l\u0131r? K\u00f6k kanal tedavisi olduk\u00e7a \u00f6nemli ve doktor taraf\u0131ndan \u00e7ok dikkatli bir \u015fekilde ger\u00e7ekle\u015ftirilmesi gereken i\u015flemlerden bir tanesidir. Bu tedavi di\u015fin kan ve sinir deste\u011fini sa\u011flamaya yarayan pulpa dokusundaki \u00e7\u00fcr\u00fckleri&#8230;<\/p>\n","protected":false},"author":1,"featured_media":415,"parent":127,"menu_order":0,"comment_status":"closed","ping_status":"closed","template":"templates\/template-right-sidebar.php","meta":{"inline_featured_image":false,"footnotes":""},"class_list":["post-190","page","type-page","status-publish","has-post-thumbnail","hentry"],"_links":{"self":[{"href":"https:\/\/westmodernclinic.com\/tr\/wp-json\/wp\/v2\/pages\/190","targetHints":{"allow":["GET"]}}],"collection":[{"href":"https:\/\/westmodernclinic.com\/tr\/wp-json\/wp\/v2\/pages"}],"about":[{"href":"https:\/\/westmodernclinic.com\/tr\/wp-json\/wp\/v2\/types\/page"}],"author":[{"embeddable":true,"href":"https:\/\/westmodernclinic.com\/tr\/wp-json\/wp\/v2\/users\/1"}],"replies":[{"embeddable":true,"href":"https:\/\/westmodernclinic.com\/tr\/wp-json\/wp\/v2\/comments?post=190"}],"version-history":[{"count":4,"href":"https:\/\/westmodernclinic.com\/tr\/wp-json\/wp\/v2\/pages\/190\/revisions"}],"predecessor-version":[{"id":417,"href":"https:\/\/westmodernclinic.com\/tr\/wp-json\/wp\/v2\/pages\/190\/revisions\/417"}],"up":[{"embeddable":true,"href":"https:\/\/westmodernclinic.com\/tr\/wp-json\/wp\/v2\/pages\/127"}],"wp:featuredmedia":[{"embeddable":true,"href":"https:\/\/westmodernclinic.com\/tr\/wp-json\/wp\/v2\/media\/415"}],"wp:attachment":[{"href":"https:\/\/westmodernclinic.com\/tr\/wp-json\/wp\/v2\/media?parent=190"}],"curies":[{"name":"wp","href":"https:\/\/api.w.org\/{rel}","templated":true}]}}