{"id":186,"date":"2022-11-06T15:43:34","date_gmt":"2022-11-06T15:43:34","guid":{"rendered":"https:\/\/westmodernclinic.com\/dis-tedavisi\/laminate-dental-veneer\/"},"modified":"2022-12-19T04:11:00","modified_gmt":"2022-12-19T04:11:00","slug":"lamine-dis-kaplama","status":"publish","type":"page","link":"https:\/\/westmodernclinic.com\/tr\/dis-tedavisi\/lamine-dis-kaplama\/","title":{"rendered":"Lamine Di\u015f Kaplama"},"content":{"rendered":"<h1><img loading=\"lazy\" decoding=\"async\" class=\"aligncenter size-full wp-image-409\" src=\"https:\/\/westmodernclinic.com\/wp-content\/uploads\/2022\/11\/Lamine-Dis-Kaplama.jpg\" alt=\"\" width=\"1060\" height=\"707\" srcset=\"https:\/\/westmodernclinic.com\/wp-content\/uploads\/2022\/11\/Lamine-Dis-Kaplama.jpg 1060w, https:\/\/westmodernclinic.com\/wp-content\/uploads\/2022\/11\/Lamine-Dis-Kaplama-300x200.jpg 300w, https:\/\/westmodernclinic.com\/wp-content\/uploads\/2022\/11\/Lamine-Dis-Kaplama-1024x683.jpg 1024w, https:\/\/westmodernclinic.com\/wp-content\/uploads\/2022\/11\/Lamine-Dis-Kaplama-768x512.jpg 768w\" sizes=\"auto, (max-width: 1060px) 100vw, 1060px\" \/>Lamine Di\u015f Kaplama Fiyatlar\u0131 2022<\/h1>\n<p><strong>Lamine di\u015f kaplama <\/strong>Latincede yaprak kaplama anlam\u0131na gelen bir i\u015flemdir. Bu kaplama t\u00fcr\u00fc di\u015f \u00fczerinde en az kaplama ve t\u00f6rp\u00fcleme yap\u0131lan kaplamad\u0131r diyebiliriz. Bu i\u015flem sa\u011flam di\u015f \u00fczerine ince bir kaplama yapmaktan ibarettir. Lamine kaplama yap\u0131l\u0131rken \u00e7ok az t\u00f6rp\u00fcleme i\u015flemi uyguland\u0131\u011f\u0131 i\u00e7in en dayan\u0131kl\u0131 protez olarak bilinmektedir.<\/p>\n<h2>Lamine Di\u015f Kaplama Nedir?<\/h2>\n<p>Kaplama i\u015flemi esnas\u0131nda hastaya lokal anestezi verilmektedir. Bu nedenle hastan\u0131n herhangi bir ac\u0131 hissetmesi \u00e7ok olas\u0131 de\u011fildir. \u0130\u015flem s\u00fcresi ise ka\u00e7 di\u015fe kaplama yap\u0131laca\u011f\u0131na ba\u011fl\u0131 olarak de\u011fi\u015fiklik g\u00f6sterebilmektedir. Fakat genelde bu i\u015flemin 3 seansta tamamlanm\u0131\u015f olaca\u011f\u0131n\u0131 s\u00f6ylemek m\u00fcmk\u00fcnd\u00fcr.<\/p>\n<h3>1 &#8211; Lamine Di\u015f Kaplama \u0130\u015flemi Yap\u0131lmas\u0131 Gereken Durumlar Nelerdir?<\/h3>\n<p>Di\u015fi ile alakal\u0131 estetik kayg\u0131 ya\u015fayan hastalar genellikle kaplama i\u015flemine y\u00f6nelmektedir. <strong>Lamine di\u015f kaplama<\/strong> y\u00f6ntemini de gerektiren baz\u0131 durumlar bulunmaktad\u0131r. Bu durumlar\u0131 ise \u015fu \u015fekilde s\u0131ralamak m\u00fcmk\u00fcnd\u00fcr;<\/p>\n<ul>\n<li>Di\u015flerde baz\u0131 \u015fekil bozukluklar\u0131n\u0131n var olmas\u0131<\/li>\n<li>Di\u015flerin aras\u0131n\u0131n ayr\u0131k bir \u015fekilde olmas\u0131<\/li>\n<li>Di\u015flerde k\u0131r\u0131lma ya da baz\u0131 a\u015f\u0131nmalar\u0131n meydana gelmesi<\/li>\n<li>Beyazlatma y\u00f6ntemlerine di\u015flerin cevap vermemesi ve di\u015fte \u00e7ok koyu lekelerin olu\u015fmas\u0131<\/li>\n<li>E\u011fri ve \u00e7arp\u0131k di\u015fler<\/li>\n<li>Di\u015fin yap\u0131s\u0131nda kal\u0131tsal baz\u0131 bozukluklar\u0131n var olmas\u0131<\/li>\n<\/ul>\n<p>Yukar\u0131da s\u0131ralanan durumlar <strong>lamine di\u015f kaplama<\/strong> i\u015fleminin yap\u0131lmas\u0131n\u0131 gerekli k\u0131lan durumlar aras\u0131nda yer almaktad\u0131r.<\/p>\n<h3>2 \u2013 Lamine Di\u015f Kaplama Tedavisi Nas\u0131l Uygulan\u0131r?<\/h3>\n<p><strong>Lamine di\u015f kaplama<\/strong> tedavisinin a\u015famalar\u0131n\u0131 \u015fu \u015fekilde s\u0131ralamak m\u00fcmk\u00fcnd\u00fcr;<\/p>\n<ul>\n<li>\u00d6ncelikle hasta ile tedavi s\u00fcreci ayr\u0131nt\u0131l\u0131 bir \u015fekilde konu\u015fulur ve hastan\u0131n bu tedaviden beklentileri \u00f6\u011frenilir. Bu beklentiye g\u00f6re modelleme yap\u0131l\u0131r.<\/li>\n<li>Sonras\u0131nda hastaya olas\u0131 i\u015flem sonu\u00e7lar\u0131 hakk\u0131nda ayr\u0131nt\u0131l\u0131 bir \u015fekilde bilgi verilir. Sonra da gerekli muayeneler yap\u0131lm\u0131\u015f olur.<\/li>\n<li>\u0130kinci seans i\u00e7in randevuya gelen hastaya lokal anestezi yap\u0131l\u0131r. B\u00f6ylece i\u015flem s\u0131ras\u0131nda bir ac\u0131 hissetmemesi engellenir. Lokal anestezi i\u015flemi sonras\u0131nda da hastan\u0131n herhangi bir ac\u0131 hissetmedi\u011finden emin olunur.<\/li>\n<li>Hastan\u0131n his kayb\u0131 ya\u015fad\u0131\u011f\u0131ndan emin olunduktan sonra ise kaplama i\u015flemi yap\u0131lan olan di\u015flere t\u00f6rp\u00fcleme i\u015flemi uygulanmaya ba\u015flan\u0131r.<\/li>\n<li>Sonras\u0131nda ise i\u015flem yap\u0131lacak di\u015flerin \u00f6l\u00e7\u00fcs\u00fcn\u00fcn al\u0131nmas\u0131 gerekir.<\/li>\n<li>\u00d6l\u00e7\u00fcs\u00fc al\u0131nan di\u015flerin bir sonraki i\u015fleme haz\u0131r olmas\u0131 i\u00e7in bir s\u00fcre beklemesi gerekir. Bu s\u00fcre yakla\u015f\u0131k olarak bir haftad\u0131r. Bu s\u00fcrede di\u015flerde hassasiyet ya\u015fanmas\u0131 olduk\u00e7a do\u011fald\u0131r.<\/li>\n<li>Di\u015fler ve kal\u0131plar\u0131 haz\u0131r olduktan sonra ise s\u0131ra prova i\u015flemine gelmektedir. Provada ise kaplaman\u0131n di\u015fler ile uyumuna bak\u0131l\u0131r. Rengi ve boyutunun uyumlu oldu\u011fundan emin olunur.<\/li>\n<li>G\u00f6r\u00fcn\u00fcm\u00fcnden emin olunduktan sonra i\u015fe <strong>lamine di\u015f kaplama<\/strong> i\u015fleminin yap\u0131\u015ft\u0131rma s\u00fcrecine ge\u00e7ilmi\u015f olur. Bu s\u00fcre\u00e7 ise yakla\u015f\u0131k olarak iki saat s\u00fcrmektedir.<\/li>\n<li>Yap\u0131\u015ft\u0131rma i\u015flemi de tamamland\u0131ktan sonra kaplama tamamlanm\u0131\u015f olur.<\/li>\n<\/ul>\n<h3>3 \u2013 Lamine Di\u015f Kaplama Avantajlar\u0131 ve Dezavantajlar\u0131 Nelerdir?<\/h3>\n<p><strong>Lamine di\u015f kaplama<\/strong> i\u015flemini yapt\u0131rmak isteyen hastalar bu i\u015flemin avantajlar\u0131n\u0131 ve dezavantajlar\u0131n\u0131 merak etmektedir. Her i\u015flemde oldu\u011fu gibi bu i\u015flemin de hem dezavantajlar\u0131 hem de avantajlar\u0131 bulunmaktad\u0131r. Bunlar\u0131 \u015fu \u015fekilde s\u0131ralayabiliriz;<\/p>\n<ul>\n<li>Tedavisi olduk\u00e7a k\u0131sa s\u00fcrer ve uzun \u00f6m\u00fcrl\u00fc bir i\u015flemdir.<\/li>\n<li>Kaplamalar i\u00e7in ayr\u0131ca bir bak\u0131m yap\u0131lmas\u0131na gerek yoktur. G\u00fcnl\u00fck bak\u0131m\u0131n\u0131n d\u00fczenli bir \u015fekilde yap\u0131lmas\u0131 lamine kaplamay\u0131 daha uzun \u00f6m\u00fcrl\u00fc k\u0131lacakt\u0131r.<\/li>\n<li>Do\u011fal bir g\u00f6r\u00fcn\u00fcme sahip oldu\u011fu s\u00f6ylenebilir. Bunun sebebi ise \u0131\u015f\u0131\u011f\u0131 ge\u00e7irme \u00f6zelli\u011finin olmas\u0131d\u0131r.<\/li>\n<li>Dezavantaj olarak ise s\u0131cak so\u011fuk hassasiyetinin olabilece\u011fidir.<\/li>\n<li>Ayr\u0131ca bu kaplama ile sert bir \u015fey k\u0131rmak da olduk\u00e7a tehlikelidir.<\/li>\n<\/ul>\n<h3>4 \u2013 Lamine Di\u015f Kaplama Fiyatlar\u0131<\/h3>\n<p>Konu ile alakal\u0131 merak edilen ve ara\u015ft\u0131r\u0131lan bir di\u011fer konu ise <strong>lamine di\u015f kaplama<\/strong> i\u015fleminin maddi boyutudur. Fakat bu konu ile alakal\u0131 net bir cevap vermek ne yaz\u0131k ki m\u00fcmk\u00fcn de\u011fildir. Fiyatlar\u0131 do\u011frudan etkileyen bir\u00e7ok unsurun var oldu\u011funu s\u00f6ylemek m\u00fcmk\u00fcnd\u00fcr. Di\u015fin durumu, ka\u00e7 di\u015fin kaplama yap\u0131laca\u011f\u0131 bu unsurlardan sadece birka\u00e7\u0131d\u0131r.<\/p>\n<p>Fiyat ile alakal\u0131 net bir bilgi sahibi olmak i\u00e7in klini\u011fimiz ile ileti\u015fime ge\u00e7ebilir, uzman hekimlerimiz ile g\u00f6r\u00fc\u015fme sa\u011flayabilirsiniz. B\u00f6ylece hem fiyat konusunda hem de di\u011fer konularda daha ayr\u0131nt\u0131l\u0131 bilgi sahibi olursunuz.<\/p>\n<p>Klini\u011fimiz uzman hekimler ile \u00e7al\u0131\u015fmaktad\u0131r. Hekimlerimiz hastan\u0131n konforuna ve kendini g\u00fcvende hissetmesine b\u00fcy\u00fck \u00f6nem vermektedir. \u00c7\u00fcnk\u00fc di\u015f tedavilerinin her biri hastay\u0131 tedirgin etmektedir. Hastalar genellikle di\u015f ile alakal\u0131 tedavilerin hemen hemen hepsinden ka\u00e7maktad\u0131r. Klini\u011fimizin hastalara olan ilgi ve alakas\u0131 onlar\u0131n bu i\u015flemi yapt\u0131rmas\u0131n\u0131 daha kolay hale getirmektedir. Klini\u011fimiz ayr\u0131ca hem T\u00fcrkiye\u2019de hem de yurtd\u0131\u015f\u0131nda ya\u015fayan hastalara kaliteli bir hizmet vermektedir.<\/p>\n","protected":false},"excerpt":{"rendered":"<p>Lamine Di\u015f Kaplama Fiyatlar\u0131 2022 Lamine di\u015f kaplama Latincede yaprak kaplama anlam\u0131na gelen bir i\u015flemdir. Bu kaplama t\u00fcr\u00fc di\u015f \u00fczerinde en az kaplama ve t\u00f6rp\u00fcleme yap\u0131lan kaplamad\u0131r diyebiliriz. Bu i\u015flem sa\u011flam di\u015f \u00fczerine ince bir kaplama yapmaktan ibarettir. Lamine kaplama&#8230;<\/p>\n","protected":false},"author":1,"featured_media":409,"parent":127,"menu_order":0,"comment_status":"closed","ping_status":"closed","template":"templates\/template-right-sidebar.php","meta":{"inline_featured_image":false,"footnotes":""},"class_list":["post-186","page","type-page","status-publish","has-post-thumbnail","hentry"],"_links":{"self":[{"href":"https:\/\/westmodernclinic.com\/tr\/wp-json\/wp\/v2\/pages\/186","targetHints":{"allow":["GET"]}}],"collection":[{"href":"https:\/\/westmodernclinic.com\/tr\/wp-json\/wp\/v2\/pages"}],"about":[{"href":"https:\/\/westmodernclinic.com\/tr\/wp-json\/wp\/v2\/types\/page"}],"author":[{"embeddable":true,"href":"https:\/\/westmodernclinic.com\/tr\/wp-json\/wp\/v2\/users\/1"}],"replies":[{"embeddable":true,"href":"https:\/\/westmodernclinic.com\/tr\/wp-json\/wp\/v2\/comments?post=186"}],"version-history":[{"count":3,"href":"https:\/\/westmodernclinic.com\/tr\/wp-json\/wp\/v2\/pages\/186\/revisions"}],"predecessor-version":[{"id":411,"href":"https:\/\/westmodernclinic.com\/tr\/wp-json\/wp\/v2\/pages\/186\/revisions\/411"}],"up":[{"embeddable":true,"href":"https:\/\/westmodernclinic.com\/tr\/wp-json\/wp\/v2\/pages\/127"}],"wp:featuredmedia":[{"embeddable":true,"href":"https:\/\/westmodernclinic.com\/tr\/wp-json\/wp\/v2\/media\/409"}],"wp:attachment":[{"href":"https:\/\/westmodernclinic.com\/tr\/wp-json\/wp\/v2\/media?parent=186"}],"curies":[{"name":"wp","href":"https:\/\/api.w.org\/{rel}","templated":true}]}}