{"id":185,"date":"2022-11-06T15:42:16","date_gmt":"2022-11-06T15:42:16","guid":{"rendered":"https:\/\/westmodernclinic.com\/dis-tedavisi\/emax-veneer\/"},"modified":"2022-12-19T04:10:44","modified_gmt":"2022-12-19T04:10:44","slug":"emax-kaplama","status":"publish","type":"page","link":"https:\/\/westmodernclinic.com\/tr\/dis-tedavisi\/emax-kaplama\/","title":{"rendered":"Emax Kaplama"},"content":{"rendered":"<h1><img loading=\"lazy\" decoding=\"async\" class=\"aligncenter size-full wp-image-403\" src=\"https:\/\/westmodernclinic.com\/wp-content\/uploads\/2022\/11\/Emax-Kaplama.jpg\" alt=\"\" width=\"1060\" height=\"625\" srcset=\"https:\/\/westmodernclinic.com\/wp-content\/uploads\/2022\/11\/Emax-Kaplama.jpg 1060w, https:\/\/westmodernclinic.com\/wp-content\/uploads\/2022\/11\/Emax-Kaplama-300x177.jpg 300w, https:\/\/westmodernclinic.com\/wp-content\/uploads\/2022\/11\/Emax-Kaplama-1024x604.jpg 1024w, https:\/\/westmodernclinic.com\/wp-content\/uploads\/2022\/11\/Emax-Kaplama-768x453.jpg 768w\" sizes=\"auto, (max-width: 1060px) 100vw, 1060px\" \/>Emax Kaplama Nedir? Nas\u0131l Yap\u0131l\u0131r?<\/h1>\n<p><strong>Emax kaplama<\/strong> son zamanlarda \u00e7ok fazla tercih edilen kaplama t\u00fcrlerinden bir tanesidir. Yeni nesil kaplama i\u015flemi olarak tan\u0131mlanmaktad\u0131r. Genellikle \u00f6n di\u015flerinde estetik kayg\u0131 bulunan hastalara uygulanan bir i\u015flemdir. \u0130\u015flem sayesinde \u00f6n kesici di\u015flerin g\u00f6r\u00fcn\u00fcm\u00fc tamamen de\u011fi\u015ferek olduk\u00e7a estetik bir g\u00f6r\u00fcn\u00fcme kavu\u015fulur. Bu tedavi y\u00f6nteminin kullan\u0131lmas\u0131n\u0131n ba\u015fka bir sebebi ise kesici di\u015flerin daha sa\u011flam ve kesin olmas\u0131n\u0131 sa\u011flamakt\u0131r.<\/p>\n<p>\u00d6n di\u015flere uygulanan bu i\u015flem sayesinde dayan\u0131kl\u0131l\u0131k ve keskinlik artar. Tedaviye hekim taraf\u0131ndan karar verilir. Hastan\u0131n kendi ba\u015f\u0131na verebilece\u011fi bir karar de\u011fildir. \u00c7\u00fcnk\u00fc \u00f6n di\u015flerin s\u00f6z konusu tedaviye uygun olup olmad\u0131\u011f\u0131 ancak bir di\u015f hekimi taraf\u0131ndan anla\u015f\u0131labilmektedir.<\/p>\n<h2>Emax Kaplama Nedir?<\/h2>\n<p><strong>Emax kaplama<\/strong> i\u015flemi sayesinde metal kullan\u0131m\u0131 olmadan dayan\u0131kl\u0131 seramikler ile tedavi tamamlan\u0131r. Bu kaplama t\u00fcr\u00fc uzun s\u00fcre dayan\u0131kl\u0131l\u0131\u011fa sahiptir. G\u00f6r\u00fcn\u00fc\u015f\u00fc de olduk\u00e7a ho\u015ftur. Bu nedenle kullan\u0131m\u0131 her ge\u00e7en g\u00fcn artmaktad\u0131r. Genellikle \u00f6nde di\u015flerde tercih edilse de arka k\u0131s\u0131mlarda k\u0131sa k\u00f6pr\u00fclerde de s\u0131k s\u0131k tercih edilen bir kaplama t\u00fcr\u00fcd\u00fcr.<\/p>\n<p>Bu tedavi y\u00f6nteminin \u00e7ok fazla tercih edilmesinin bir di\u011fer sebebi ise i\u00e7erisinde hi\u00e7 metal bulundurmamas\u0131d\u0131r. \u0130nsan sa\u011fl\u0131\u011f\u0131na hi\u00e7bir zarar\u0131 olmayan estetik porselen malzemesi kullan\u0131lmaktad\u0131r. Bu porselenler cam seramikte ate\u015flenen ve dayan\u0131kl\u0131l\u0131\u011f\u0131 art\u0131r\u0131larak daha g\u00fczel g\u00f6r\u00fcn\u00fcme sahip olmas\u0131n\u0131n yan\u0131 s\u0131ra daha dayan\u0131kl\u0131 olmas\u0131na da olanak sa\u011flamaktad\u0131r.<\/p>\n<h3>1 \u2013 Emax Di\u015f Kaplama Yapt\u0131ranlar i\u00e7in Kaplaman\u0131n \u00d6mr\u00fc Ne Kadard\u0131r?<\/h3>\n<p>Bu kaplama t\u00fcr\u00fc \u00e7ok fazla \u00f6zen gerektirmektedir. Di\u015fler yar\u0131 sodyum oldu\u011fu i\u00e7in farkl\u0131 bir yap\u0131\u015ft\u0131r\u0131c\u0131 kullanmak bile olanaks\u0131zd\u0131r. Farkl\u0131 renk yap\u0131\u015ft\u0131r\u0131c\u0131 kullanmak sonuca olumsuz y\u00f6nde etki edebilir. Bu nedenle hekimin olduk\u00e7a titiz ve dikkatli davranmas\u0131 gerekmektedir.<\/p>\n<p>Kaplama i\u015flemi tamamland\u0131ktan sonra da hastan\u0131n g\u00fcnl\u00fck bak\u0131mlar\u0131n\u0131 d\u00fczenli bir \u015fekilde yapmas\u0131 halinde uzun \u00f6m\u00fcrl\u00fc olabilmektedir. Hasta her 5 y\u0131lda bir kaplamalar\u0131 kontrol ettirmelidir. Bu kurallara uymas\u0131 halinde 15 ila 20 sene boyunca <strong>Emax kaplama <\/strong>di\u015flerini rahatl\u0131kla kullanabilir.<\/p>\n<h3>2 \u2013 Emax Kaplama Avantajlar\u0131 Nelerdir?<\/h3>\n<p>Emax kaplama avantajlar\u0131 denilince ilk akla gelen \u015f\u00fcphesiz g\u00f6r\u00fcn\u00fcm\u00fcd\u00fcr. Bu kaplama t\u00fcr\u00fc olduk\u00e7a do\u011fal bir g\u00f6r\u00fcn\u00fcme sahiptir. \u00c7ok fazla tercih edilmesinin en \u00f6nemli sebeplerinden biri do\u011fal g\u00f6r\u00fcn\u00fcm\u00fcd\u00fcr. Bir di\u011fer avantajlar\u0131 da \u015fu \u015fekilde s\u0131ralayabiliriz;<\/p>\n<ul>\n<li>Periodontal olarak \u00e7ok sa\u011fl\u0131kl\u0131 oldu\u011funu s\u00f6ylemek m\u00fcmk\u00fcnd\u00fcr. Bunu da m\u00fckemmel di\u015feti kenar\u0131na bor\u00e7ludur diyebiliriz.<\/li>\n<li>A\u015f\u0131nmaya kar\u015f\u0131 da \u00e7ok fazla dayan\u0131kl\u0131 oldu\u011funu s\u00f6yleyebiliriz.<\/li>\n<li><strong>Emax kaplama<\/strong> zamanla renk ve \u015fekil de\u011fi\u015fimine asla u\u011framaz.<\/li>\n<li>S\u0131v\u0131 emme di\u011fer alternatif kaplama i\u015flemlerine nazaran olduk\u00e7a d\u00fc\u015f\u00fckt\u00fcr.<\/li>\n<\/ul>\n<h3>3 \u2013 Emax Kaplama Tedavi S\u00fcresi Ne Kadard\u0131r?<\/h3>\n<p>Bu kaplama t\u00fcr\u00fcn\u00fcn tedavi s\u00fcresi yakla\u015f\u0131k olarak 3 seans s\u00fcrmektedir. \u0130\u015flemin s\u00fcresi toplamda 7 ila 10 g\u00fcn s\u00fcrmektedir. Hastadan hastaya da de\u011fi\u015fiklik g\u00f6sterdi\u011fini s\u00f6ylemek gerekir. Fakat ortalama olarak bahsetmek gerekirse genellikle 2 ya da 3 seans sonra i\u015flem tamamlanmaktad\u0131r.<\/p>\n<h3>4 \u2013 Emax Kaplama Kimlere Yap\u0131lmaz?<\/h3>\n<p>Bu kaplama \u00e7\u00fcr\u00fck ya da k\u0131r\u0131k di\u015fler i\u00e7in tercih edilen bir i\u015flem de\u011fildir. G\u00f6rsellik i\u00e7in tercih edilen bir i\u015flemdir. \u00d6n di\u015flere uygulanan bir i\u015flemdir. Arka di\u015flerin k\u00f6pr\u00fclerinde de kullan\u0131ld\u0131\u011f\u0131 g\u00f6r\u00fclmektedir. Bu kaplama i\u015flemine ba\u015flamadan \u00f6nce hekim onay\u0131 almak gerekmektedir. Di\u015f hekimi hastay\u0131 muayene eder ve <strong>Emax kaplama<\/strong> i\u015flemine uygun olup olmad\u0131\u011f\u0131n\u0131 kontrol eder. Uygun g\u00f6rmesi halinde de i\u015fleme ba\u015flar. Bu kaplama \u00e7ok fazla eksik di\u015fi olan hastalar i\u00e7in uygun de\u011fildir. A\u011f\u0131z ve di\u015f bak\u0131m\u0131 d\u00fczenli ve do\u011fru bir \u015fekilde yap\u0131l\u0131rsa uzun y\u0131llar hi\u00e7bir sorun ya\u015famadan kullan\u0131labilir.<\/p>\n<h3>5 \u2013 Emax Di\u015f Kaplama Fiyatlar\u0131 2022<\/h3>\n<p>Bu kaplama i\u015flemini yapt\u0131rmadan \u00f6nce g\u00fcncel fiyat\u0131 merak edilip ara\u015ft\u0131r\u0131lmaktad\u0131r. Ge\u00e7en sene internet \u00fczerinden bu konu ile alakal\u0131 en \u00e7ok ara\u015ft\u0131r\u0131lan sorulardan bir tanesi <strong>Emax kaplama fiyatlar\u0131 2021<\/strong> c\u00fcmlesi olmu\u015ftur.<\/p>\n<p>Bu sene de <strong>Emax di\u015f kaplama fiyatlar\u0131 2022<\/strong> y\u0131l\u0131nda ne kadard\u0131r sorusu merak edilmektedir. Bu soruya net olarak bir yan\u0131t vermek neredeyse olanaks\u0131zd\u0131r. \u00c7\u00fcnk\u00fc s\u00f6z konusu sorunun cevab\u0131n\u0131 etkileyen bir\u00e7ok unsur bulunmaktad\u0131r. \u00d6rne\u011fin hangi di\u015flere i\u015flemin uygulanaca\u011f\u0131 fiyata etki edebilmektedir. \u00d6te yandan ka\u00e7 di\u015fe bu i\u015flemin uygulanaca\u011f\u0131 da olduk\u00e7a \u00f6nemlidir.<\/p>\n<p>Net bir bilgi almak i\u00e7in klini\u011fimiz ile g\u00f6r\u00fc\u015febilir, randevu alarak i\u015fleme uygun olup olmad\u0131\u011f\u0131n\u0131z\u0131 uzman hekimlerimizin muayenesi sayesinde \u00f6\u011frenebilirsiniz. Kaplama gibi \u00f6nemli i\u015flemler uzman hekimler taraf\u0131ndan yap\u0131lmaktad\u0131r. Bu nedenle siz de uzman hekimlerimizi bar\u0131nd\u0131rd\u0131\u011f\u0131m\u0131z klini\u011fimizden randevu alarak diledi\u011finiz i\u015flemi g\u00f6n\u00fcl rahatl\u0131\u011f\u0131 ile yapt\u0131rabilirsiniz.<\/p>\n","protected":false},"excerpt":{"rendered":"<p>Emax Kaplama Nedir? Nas\u0131l Yap\u0131l\u0131r? Emax kaplama son zamanlarda \u00e7ok fazla tercih edilen kaplama t\u00fcrlerinden bir tanesidir. Yeni nesil kaplama i\u015flemi olarak tan\u0131mlanmaktad\u0131r. Genellikle \u00f6n di\u015flerinde estetik kayg\u0131 bulunan hastalara uygulanan bir i\u015flemdir. \u0130\u015flem sayesinde \u00f6n kesici di\u015flerin g\u00f6r\u00fcn\u00fcm\u00fc tamamen&#8230;<\/p>\n","protected":false},"author":1,"featured_media":403,"parent":127,"menu_order":0,"comment_status":"closed","ping_status":"closed","template":"templates\/template-right-sidebar.php","meta":{"inline_featured_image":false,"footnotes":""},"class_list":["post-185","page","type-page","status-publish","has-post-thumbnail","hentry"],"_links":{"self":[{"href":"https:\/\/westmodernclinic.com\/tr\/wp-json\/wp\/v2\/pages\/185","targetHints":{"allow":["GET"]}}],"collection":[{"href":"https:\/\/westmodernclinic.com\/tr\/wp-json\/wp\/v2\/pages"}],"about":[{"href":"https:\/\/westmodernclinic.com\/tr\/wp-json\/wp\/v2\/types\/page"}],"author":[{"embeddable":true,"href":"https:\/\/westmodernclinic.com\/tr\/wp-json\/wp\/v2\/users\/1"}],"replies":[{"embeddable":true,"href":"https:\/\/westmodernclinic.com\/tr\/wp-json\/wp\/v2\/comments?post=185"}],"version-history":[{"count":4,"href":"https:\/\/westmodernclinic.com\/tr\/wp-json\/wp\/v2\/pages\/185\/revisions"}],"predecessor-version":[{"id":405,"href":"https:\/\/westmodernclinic.com\/tr\/wp-json\/wp\/v2\/pages\/185\/revisions\/405"}],"up":[{"embeddable":true,"href":"https:\/\/westmodernclinic.com\/tr\/wp-json\/wp\/v2\/pages\/127"}],"wp:featuredmedia":[{"embeddable":true,"href":"https:\/\/westmodernclinic.com\/tr\/wp-json\/wp\/v2\/media\/403"}],"wp:attachment":[{"href":"https:\/\/westmodernclinic.com\/tr\/wp-json\/wp\/v2\/media?parent=185"}],"curies":[{"name":"wp","href":"https:\/\/api.w.org\/{rel}","templated":true}]}}