{"id":182,"date":"2022-11-06T15:41:20","date_gmt":"2022-11-06T15:41:20","guid":{"rendered":"https:\/\/westmodernclinic.com\/dis-tedavisi\/dental-implant\/"},"modified":"2022-12-19T04:10:04","modified_gmt":"2022-12-19T04:10:04","slug":"dis-implanti","status":"publish","type":"page","link":"https:\/\/westmodernclinic.com\/tr\/dis-tedavisi\/dis-implanti\/","title":{"rendered":"Di\u015f \u0130mplant\u0131"},"content":{"rendered":"<h1><img loading=\"lazy\" decoding=\"async\" class=\"aligncenter size-full wp-image-397\" src=\"https:\/\/westmodernclinic.com\/wp-content\/uploads\/2022\/11\/Dis-Implanti.jpg\" alt=\"\" width=\"1060\" height=\"707\" srcset=\"https:\/\/westmodernclinic.com\/wp-content\/uploads\/2022\/11\/Dis-Implanti.jpg 1060w, https:\/\/westmodernclinic.com\/wp-content\/uploads\/2022\/11\/Dis-Implanti-300x200.jpg 300w, https:\/\/westmodernclinic.com\/wp-content\/uploads\/2022\/11\/Dis-Implanti-1024x683.jpg 1024w, https:\/\/westmodernclinic.com\/wp-content\/uploads\/2022\/11\/Dis-Implanti-768x512.jpg 768w\" sizes=\"auto, (max-width: 1060px) 100vw, 1060px\" \/>\u0130mplant Nedir? Di\u015f \u0130mplant Fiyatlar\u0131 2022 Nedir?<\/h1>\n<p>T\u0131p alan\u0131ndaki teknolojik geli\u015fmelerin en iyi meyvelerinden biri <strong>implant<\/strong> diyebiliriz. Eksik di\u015flerin tedavisinde kullan\u0131lan bu y\u00f6ntem \u00e7ene kemi\u011finin i\u00e7ine yerle\u015ftirilen vidalard\u0131r.<\/p>\n<p>S\u00f6z konusu tedavinin benzer tedavilerden ayr\u0131lan en \u00f6nemli y\u00f6n\u00fc yanda bulunan kom\u015fu di\u015flere asla zarar vermemesidir. Di\u011fer y\u00f6ntemlerde yanda bulunan di\u015flerin de kesilmesi gerekmektedir. Fakat <strong>implant<\/strong> tedavisinde yandaki kom\u015fu di\u015flerin kesilmesine gerek yoktur. Bu tedaviden sonra hasta ayn\u0131 do\u011fal di\u015finde oldu\u011fu gibi rahatl\u0131kla yemek yiyebilmektedir.<\/p>\n<h2>\u0130mplant Tedavisi Nas\u0131l Yap\u0131l\u0131r?<\/h2>\n<p><strong>\u0130mplant tedavisi<\/strong> yap\u0131l\u0131rken \u00f6ncelikle hastaya hafif bir sedasyon verilmektedir. S\u00f6z konusu i\u015flem yap\u0131lmadan \u00f6nce hastaya detayl\u0131 bir muayene yap\u0131lmas\u0131 ve r\u00f6ntgen \u00e7ekilmesi \u00f6nemlidir. Sonras\u0131nda hastan\u0131n \u00e7ene kemiklerinin ve di\u015flerin \u00f6l\u00e7\u00fcs\u00fcn\u00fcn al\u0131nmas\u0131 gerekmektedir. Vidan\u0131n yerle\u015ftirilmesi i\u00e7in iki adet se\u00e7enek bulunmaktad\u0131r. Tek a\u015famal\u0131 olan i\u015flemde vida yerine yerle\u015ftirildikten sonra ge\u00e7ici bir ba\u015fl\u0131k kullan\u0131lmaktad\u0131r.<\/p>\n<p>\u0130ki a\u015famal\u0131 bir di\u011fer i\u015flemde ise vida tak\u0131l\u0131r ve \u00fczeri di\u015f eti ile kapat\u0131l\u0131r. Sonras\u0131nda ise iyile\u015fmesi i\u00e7in beklenir. Protez ba\u015fl\u0131klar ise sonras\u0131nda tak\u0131lmaktad\u0131r. Her iki se\u00e7enekte de \u00fczerine ge\u00e7ici bir k\u00f6pr\u00fc yerle\u015ftirilmektedir. \u0130yile\u015fme s\u00fcrecinin uzunlu\u011fu alt \u00e7enede ya da \u00fcst \u00e7enede olmas\u0131na g\u00f6re de\u011fi\u015fiklik g\u00f6stermektedir. Alt \u00e7ene i\u00e7in iyile\u015fme s\u00fcreci yakla\u015f\u0131k olarak 3 ay iken \u00fcst \u00e7ene i\u00e7in iyile\u015fme s\u00fcresi 6 ayd\u0131r.<\/p>\n<p>Bazen de vidalar\u0131n \u00fczerine direkt yeni yap\u0131lan di\u015fler tak\u0131labilmektedir. B\u00f6ylece hastan\u0131n hemen do\u011fal di\u015fi gibi kolayl\u0131kla yemek yemesi ve diledi\u011fince g\u00fclmesi sa\u011flanm\u0131\u015f olur. Bu tedavide son d\u00f6nemlerde zirkonyum kullan\u0131lmaktad\u0131r.<\/p>\n<p>Zirkonyum kullan\u0131lmas\u0131n\u0131n amac\u0131 ise titanyumun direncinin artmas\u0131n\u0131 sa\u011flamakt\u0131r. \u00d6zellikle \u00e7ene kemi\u011fi dar olan hastalar\u0131n direncini art\u0131rmak amac\u0131 ile kullan\u0131l\u0131r. Dayan\u0131kl\u0131 olmas\u0131 haricinde zirkonyumun titanyumdan bir fark\u0131 bulunmamaktad\u0131r.<\/p>\n<h3>1 &#8211; \u0130mplant Tedavisi Kimlere Yap\u0131l\u0131r?<\/h3>\n<p>Bu tedavinin uygulanmas\u0131 i\u00e7in hastan\u0131n 18 ya\u015f\u0131n\u0131 doldurmas\u0131 gerekmektedir. \u00c7\u00fcnk\u00fc ki\u015finin y\u00fcz ve \u00e7ene geli\u015fimini tamamlam\u0131\u015f olmas\u0131 gerekmektedir. 18 ya\u015f\u0131ndan k\u00fc\u00e7\u00fck hastalar\u0131n geli\u015fimleri devam etti\u011fi i\u00e7in bu tedavinin uygulanmas\u0131 uygun de\u011fildir.<\/p>\n<p>\u015eeker rahats\u0131zl\u0131\u011f\u0131 bulunan hastalara uygulanacaksa da \u00f6ncelikle ki\u015finin \u015feker hastal\u0131\u011f\u0131 d\u00fczene sokulmal\u0131d\u0131r. Kan suland\u0131r\u0131c\u0131 ila\u00e7 kullanan hastalar da \u00f6ncesinde bunu hekimlerine muhakkak bildirmeleri gerekmektedir.<\/p>\n<p>Tedaviden \u00f6nce s\u00f6z konusu ilac\u0131n kullan\u0131m\u0131n\u0131n b\u0131rak\u0131lmas\u0131 gerekmektedir. Aksi halde i\u015flem esnas\u0131nda doktor hastan\u0131n kan\u0131n\u0131 durdurmakta zorlanabilir. Bu da olduk\u00e7a sak\u0131ncal\u0131 bir durumdur. Kemik erimesi hastal\u0131\u011f\u0131 bulunan kimseye de bu i\u015flem uygulanmadan \u00f6nce kemik erimesi ile alakal\u0131 gerekli tedavinin yap\u0131lmas\u0131 gerekmektedir.<\/p>\n<h3>2 \u2013 Vidas\u0131z \u0130mplant Nedir?<\/h3>\n<p>S\u00f6z konusu tedavi her zaman vida ile olmamaktad\u0131r. Eksik di\u015flerin tamamlanmas\u0131 amac\u0131 ile kullan\u0131lan tedavide \u00fcst yap\u0131 uygulanma esnas\u0131nda vidalama sistemi kullan\u0131lmamaktad\u0131r. Haz\u0131rlanan porselen ya da zirkonyum di\u015fler olduk\u00e7a kuvvetli yap\u0131\u015ft\u0131r\u0131c\u0131lar kullan\u0131larak yap\u0131lmaktad\u0131r.<\/p>\n<h3>3 \u2013 Di\u015f \u0130mplant\u0131 A\u011fr\u0131l\u0131 Bir \u0130\u015flem midir?<\/h3>\n<p>Genel kan\u0131 olduk\u00e7a a\u011fr\u0131l\u0131 bir i\u015flem oldu\u011fu y\u00f6n\u00fcnde olsa da kesinlikle a\u011fr\u0131 ya\u015fatacak bir i\u015flem de\u011fildir. \u00d6zellikle i\u015flemden sonra hekimin vermi\u015f oldu\u011fu ila\u00e7lar\u0131 kullan\u0131lmas\u0131 halinde hi\u00e7bir ac\u0131 ya da a\u011fr\u0131 hissedilmeyecektir.<\/p>\n<p>\u0130\u015flem s\u0131ras\u0131nda da hastan\u0131n a\u011fr\u0131 hissetmesi olanaks\u0131zd\u0131r. \u00c7\u00fcnk\u00fc lokal anestezi uygulanmaktad\u0131r. Tedaviden sonraki s\u00fcre\u00e7te de lazerle iyile\u015fme uygulanmas\u0131 halinde hastan\u0131n iyile\u015fme s\u00fcrecini daha rahat ve konforlu ge\u00e7irmesi ama\u00e7lanmaktad\u0131r.<\/p>\n<h3>4 \u2013 Gen\u00e7 Ya\u015fta \u0130mplant Yapt\u0131r\u0131l\u0131r m\u0131?<\/h3>\n<p>Tedavinin ka\u00e7 ya\u015f\u0131ndan itibaren yap\u0131lmas\u0131n\u0131n uygun oldu\u011fu konu ile alakal\u0131 en \u00e7ok merak edilen sorulardan bir tanesidir. Buna net bir cevap vermek ne yaz\u0131k ki m\u00fcmk\u00fcn de\u011fildir. \u00c7\u00fcnk\u00fc ki\u015finin tedaviye m\u00fcsait olmas\u0131 i\u00e7in \u00f6ncelikle kemik geli\u015fimini tamamlamas\u0131 gerekmektedir.<\/p>\n<p>Hastan\u0131n kemik geli\u015fimini tamamlamas\u0131 halinde her ya\u015fta tedavi uygulanabilmektedir. Kemik geli\u015fimini tamamlama s\u00fcreci de genellikle 18 ya\u015f\u0131ndan itibaren olmaktad\u0131r. Bu nedenle genelde 18 ya\u015f\u0131ndan b\u00fcy\u00fck ki\u015filer i\u00e7in uygulana bir tedavidir.<\/p>\n<p>Kemik ve \u00e7ene geli\u015fimini hen\u00fcz tamamlamam\u0131\u015f ki\u015filer i\u00e7in bu tedaviyi uygulamak olduk\u00e7a sak\u0131ncal\u0131d\u0131r. Geli\u015fimi tamamlamam\u0131\u015f ki\u015filer i\u00e7in bu tedavinin uygulanmas\u0131 halinde gelecekte di\u015flerini kaybetme riskleri vard\u0131r. Bu y\u00fczden geli\u015fimini tamamlad\u0131\u011f\u0131ndan emin olunmayan ki\u015filere uygulanmamas\u0131 gereken bir tedavidir.<\/p>\n<h3>5 \u2013 Di\u015f \u0130mplant\u0131 Fiyat\u0131 Nedir?<\/h3>\n<p>Tedavinin fiyat\u0131 da merak edilen konulardan biridir. Fiyat belirlemesi yap\u0131l\u0131rken bir\u00e7ok unsur g\u00f6z \u00f6n\u00fcnde bulundurulmaktad\u0131r. S\u00f6z konusu unsurlar\u0131 \u015fu \u015fekilde s\u0131ralamak m\u00fcmk\u00fcnd\u00fcr;<\/p>\n<ul>\n<li>Ka\u00e7 adet <strong>implant <\/strong>yap\u0131laca\u011f\u0131<\/li>\n<li>Tedaviyi uygulayacak olan doktorun tecr\u00fcbesi<\/li>\n<li>Kullan\u0131lacak malzemelerin fiyatlar\u0131 ve kalitesi<\/li>\n<li>\u00d6deme \u015fekli<\/li>\n<li>Hastan\u0131n di\u015f durumu ve \u00e7ene yap\u0131s\u0131n\u0131n m\u00fcsaitli\u011fi<\/li>\n<\/ul>\n<p>T\u00fcm bu unsurlar g\u00f6z \u00f6n\u00fcnde bulundurularak her sene T\u00fcrk Di\u015f Hekimleri Birli\u011fi taraf\u0131ndan s\u00f6z konusu tedavi i\u00e7in fiyat belirlemesi yap\u0131lmaktad\u0131r.<\/p>\n<p>Siz de \u0130stanbul\u2019da bulunan klini\u011fimize gelerek t\u00fcm i\u015flemlerinizi kolayca yapt\u0131rabilirsiniz. Klini\u011fimiz hem T\u00fcrkiye i\u00e7erisinde bulunan hastalara hem de yurt d\u0131\u015f\u0131ndan gelen hastalara hizmet vermektedir.<\/p>\n","protected":false},"excerpt":{"rendered":"<p>\u0130mplant Nedir? Di\u015f \u0130mplant Fiyatlar\u0131 2022 Nedir? T\u0131p alan\u0131ndaki teknolojik geli\u015fmelerin en iyi meyvelerinden biri implant diyebiliriz. Eksik di\u015flerin tedavisinde kullan\u0131lan bu y\u00f6ntem \u00e7ene kemi\u011finin i\u00e7ine yerle\u015ftirilen vidalard\u0131r. S\u00f6z konusu tedavinin benzer tedavilerden ayr\u0131lan en \u00f6nemli y\u00f6n\u00fc yanda bulunan kom\u015fu&#8230;<\/p>\n","protected":false},"author":1,"featured_media":397,"parent":127,"menu_order":0,"comment_status":"closed","ping_status":"closed","template":"templates\/template-right-sidebar.php","meta":{"inline_featured_image":false,"footnotes":""},"class_list":["post-182","page","type-page","status-publish","has-post-thumbnail","hentry"],"_links":{"self":[{"href":"https:\/\/westmodernclinic.com\/tr\/wp-json\/wp\/v2\/pages\/182","targetHints":{"allow":["GET"]}}],"collection":[{"href":"https:\/\/westmodernclinic.com\/tr\/wp-json\/wp\/v2\/pages"}],"about":[{"href":"https:\/\/westmodernclinic.com\/tr\/wp-json\/wp\/v2\/types\/page"}],"author":[{"embeddable":true,"href":"https:\/\/westmodernclinic.com\/tr\/wp-json\/wp\/v2\/users\/1"}],"replies":[{"embeddable":true,"href":"https:\/\/westmodernclinic.com\/tr\/wp-json\/wp\/v2\/comments?post=182"}],"version-history":[{"count":3,"href":"https:\/\/westmodernclinic.com\/tr\/wp-json\/wp\/v2\/pages\/182\/revisions"}],"predecessor-version":[{"id":399,"href":"https:\/\/westmodernclinic.com\/tr\/wp-json\/wp\/v2\/pages\/182\/revisions\/399"}],"up":[{"embeddable":true,"href":"https:\/\/westmodernclinic.com\/tr\/wp-json\/wp\/v2\/pages\/127"}],"wp:featuredmedia":[{"embeddable":true,"href":"https:\/\/westmodernclinic.com\/tr\/wp-json\/wp\/v2\/media\/397"}],"wp:attachment":[{"href":"https:\/\/westmodernclinic.com\/tr\/wp-json\/wp\/v2\/media?parent=182"}],"curies":[{"name":"wp","href":"https:\/\/api.w.org\/{rel}","templated":true}]}}