{"id":179,"date":"2022-11-06T15:40:11","date_gmt":"2022-11-06T15:40:11","guid":{"rendered":"https:\/\/westmodernclinic.com\/dis-tedavisi\/dental-filling\/"},"modified":"2022-12-19T04:10:26","modified_gmt":"2022-12-19T04:10:26","slug":"dis-dolgusu","status":"publish","type":"page","link":"https:\/\/westmodernclinic.com\/tr\/dis-tedavisi\/dis-dolgusu\/","title":{"rendered":"Di\u015f Dolgusu"},"content":{"rendered":"<h1><img loading=\"lazy\" decoding=\"async\" class=\"aligncenter size-full wp-image-391\" src=\"https:\/\/westmodernclinic.com\/wp-content\/uploads\/2022\/11\/Dis-Dolgusu.jpg\" alt=\"\" width=\"1060\" height=\"707\" srcset=\"https:\/\/westmodernclinic.com\/wp-content\/uploads\/2022\/11\/Dis-Dolgusu.jpg 1060w, https:\/\/westmodernclinic.com\/wp-content\/uploads\/2022\/11\/Dis-Dolgusu-300x200.jpg 300w, https:\/\/westmodernclinic.com\/wp-content\/uploads\/2022\/11\/Dis-Dolgusu-1024x683.jpg 1024w, https:\/\/westmodernclinic.com\/wp-content\/uploads\/2022\/11\/Dis-Dolgusu-768x512.jpg 768w\" sizes=\"auto, (max-width: 1060px) 100vw, 1060px\" \/>Di\u015f Dolgusu Hakk\u0131nda Bilinmesi Gereken 5 \u015eey!<\/h1>\n<p><strong>Di\u015f dolgusu<\/strong> di\u015f ile alakal\u0131 en s\u0131k kullan\u0131lan tedavilerin ba\u015f\u0131nda gelir. Dolgu \u00e7\u00fcr\u00fcm\u00fc\u015f bir di\u015fin \u00e7\u00fcr\u00fckleri temizlendikten sonra uygun bir madde ile doldurularak yap\u0131lan bir tedavidir. Bu i\u015flem yap\u0131l\u0131rken bir\u00e7ok materyal ve malzeme kullan\u0131l\u0131r. \u00a0Burada \u00f6nemli ve unutulmamas\u0131 gereken konu ise hastaya ve di\u015f yap\u0131s\u0131na uygun materyaller kullanmakt\u0131r. Asl\u0131nda her kanal tedavisinden sonra da dolgu i\u015flemi uygulanmaktad\u0131r. Di\u015fi eski fonksiyonlar\u0131na kavu\u015fturmak ama\u00e7lanan kanal tedavisinden sonra da doldurma i\u015flemi uygulan\u0131r.<\/p>\n<h2>Di\u015f Dolgusu Nas\u0131l Yap\u0131l\u0131r?<\/h2>\n<p>Dolgu tedavisine ba\u015flan\u0131rken yap\u0131lmas\u0131 gereken ilk \u015fey di\u015fi temizlemektir. Di\u015fte bulunan art\u0131klar ve \u00e7\u00fcr\u00fckler tamamen temizlendikten sonra doldurma i\u015flemi ger\u00e7ekle\u015fir. Fakat t\u00fcm bu a\u015famalardan \u00f6nce hastan\u0131n hi\u00e7bir ac\u0131 hissetmemesi sa\u011flanmal\u0131d\u0131r. Yoksa s\u00f6z konusu tedaviyi yapmak olanaks\u0131zd\u0131r. En ufak bir ac\u0131 bile s\u00fcreci \u00e7ok fazla zorla\u015ft\u0131r\u0131r. Bu nedenle \u00f6nce lokal anestezi yap\u0131l\u0131r. Bu sayede b\u00f6lge tamamen uyu\u015fur. Hastan\u0131n o b\u00f6lge ile alakal\u0131 hi\u00e7bir \u015fey hissetmemesi sa\u011flan\u0131r.<\/p>\n<p>Sonras\u0131nda t\u00fcm \u00e7\u00fcr\u00fck ve di\u015fte yer alan art\u0131klar temizlenir ve doldurma i\u015flemine ge\u00e7ilir. \u00c7\u00fcr\u00fckler ve art\u0131klardan kurtulan di\u015fte do\u011fal olarak baz\u0131 bo\u015fluklar olu\u015fur. Bu da di\u015fin hava almas\u0131na ve \u00e7ok fazla zay\u0131flamas\u0131na sebep olur. Bu nedenle o b\u00f6lgenin gerekli malzeme ile doldurulmas\u0131 gerekmektedir. Sonras\u0131nda dolgu malzemesinin bir an \u00f6nce donmas\u0131 i\u00e7in bir cihaz kullan\u0131lmaktad\u0131r.<\/p>\n<p><strong>Di\u015f dolgusu<\/strong> i\u015flemi tamamland\u0131ktan sonra s\u0131ra kontrole gelir. Hastan\u0131n a\u011fz\u0131n\u0131 a\u00e7\u0131p kapatmas\u0131 istenir. Rahats\u0131z eden bir durum olup olmamas\u0131na bak\u0131l\u0131r. E\u011fer bu kontrol esnas\u0131nda \u00e7\u0131k\u0131nt\u0131ya ya da rahats\u0131z eden ba\u015fka bir \u015feye rastlan\u0131rsa doktor inceltme ya da d\u00fczeltme i\u015flemi uygular.<\/p>\n<h3>1 \u2013 Di\u015f Dolgusu \u00c7e\u015fitleri Nedir?<\/h3>\n<p>Eskiden <strong>di\u015f dolgusu<\/strong> i\u00e7in bir ya da iki malzemeden daha fazlas\u0131 kullan\u0131lmamaktayd\u0131. G\u00fcn\u00fcm\u00fcze bakt\u0131\u011f\u0131m\u0131z zaman ise \u00e7ok fazla materyal oldu\u011funu g\u00f6rebiliriz. Bug\u00fcn \u00e7ok s\u0131k kullan\u0131lan dolgu \u00e7e\u015fitleri ise \u015fu \u015fekildedir;<\/p>\n<h4>Porselen Dolgular<\/h4>\n<p>Porselen dolgular\u0131n di\u011fer dolgulara nazaran maliyetinin biraz daha y\u00fcksek oldu\u011funu s\u00f6ylemek m\u00fcmk\u00fcnd\u00fcr. Ama yine de \u00e7ok fazla ra\u011fbet edilen dolgu \u00e7e\u015fitlerinden biridir. \u00c7\u00fcnk\u00fc renk de\u011fi\u015fimi \u00e7ok fazla olmayan bir \u00e7e\u015fittir. \u00dcstelik \u00e7ok fazla da leke tutmamaktad\u0131r. Laboratuvar ortam\u0131nda haz\u0131rlanan bu dolgu \u00e7e\u015fidi di\u015fe yap\u0131\u015ft\u0131r\u0131larak uygulanmaktad\u0131r. \u0130nley onley dolgu olarak da bilinen bu \u00e7e\u015fit ki\u015finin di\u015f yap\u0131s\u0131na ve di\u015f rengine g\u00f6re haz\u0131rlan\u0131p uygulanmaktad\u0131r.<\/p>\n<h4>Alt\u0131n Dolgular<\/h4>\n<p>Olduk\u00e7a dayan\u0131kl\u0131 bir \u00e7e\u015fit olan alt\u0131n dolgular eskiden \u00e7ok fazla kullan\u0131yordu. Art\u0131k \u00e7ok tercih edilen bir dolgu de\u011fildir. Klini\u011fimizde de kullan\u0131lmamaktad\u0131r.<\/p>\n<h4>Amalgam Dolgular<\/h4>\n<p>Amalgam dolgular da g\u00fcn\u00fcm\u00fczde \u00e7ok fazla tercih edilmeyen di\u015f dolgusu \u00e7e\u015fitlerindendir. G\u00fcm\u00fc\u015f dolgu olarak da bilinmektedir. \u00c7i\u011fneme g\u00fcc\u00fcne kar\u015f\u0131 diren\u00e7li olmas\u0131 sebebi ile \u00f6zellikle arka di\u015flerde tercih edilmektedir. Bu dolgu \u00e7e\u015fidinin g\u00fczel olmayan y\u00f6n\u00fc ise g\u00f6r\u00fcnt\u00fcs\u00fcd\u00fcr. Gri renge sahip oldu\u011fu i\u00e7in estetik bir g\u00f6r\u00fcn\u00fcme sahip oldu\u011fu s\u00f6ylenemez.<\/p>\n<h4>Kompozit Dolgular<\/h4>\n<p>Kompozit dolgular di\u015fle ayn\u0131 renge sahiptir. Tek seansta uygulanan dolgu \u00e7e\u015fitleri aras\u0131nda yer almaktad\u0131r. \u00c7\u00fcr\u00fck di\u015fte uygulanmas\u0131n\u0131n yan\u0131 s\u0131ra di\u015fte meydana gelen herhangi bir k\u0131r\u0131k ya da \u00e7atlak olu\u015fmas\u0131 halinde de kullan\u0131lan bir \u00e7e\u015fittir. Maliyet y\u00f6n\u00fcnden de olduk\u00e7a uygundur. Kompozit dolgular\u0131n dezavantaj\u0131 ise dayan\u0131kl\u0131l\u0131\u011f\u0131n\u0131n \u00e7ok iyi olmamas\u0131d\u0131r.<\/p>\n<h3>2 \u2013 Di\u015f Dolgusu Ne Kadar S\u00fcrer?<\/h3>\n<p>Dolgu i\u015fleminin ne kadar s\u00fcrece\u011fine kesin bir cevap vermek m\u00fcmk\u00fcn de\u011fildir. Di\u015fin yap\u0131s\u0131na ve \u00e7\u00fcr\u00fc\u011f\u00fcn derecesine g\u00f6re de\u011fi\u015fiklik g\u00f6sterebilmektedir. Fakat ortalama bir s\u00fcre s\u00f6ylemek gerekirse yakla\u015f\u0131k olarak yar\u0131m saat s\u00fcrd\u00fc\u011f\u00fcn\u00fc s\u00f6yleyebiliriz. Siz de dolgu ya da di\u011fer di\u015f i\u015flemleriniz i\u00e7in klini\u011fimize g\u00f6n\u00fcl rahatl\u0131\u011f\u0131 ile gelip tedavi olabilirsiniz. \u00dcstelik klini\u011fimiz hem yurtd\u0131\u015f\u0131ndan hem de T\u00fcrkiye\u2019de olan hastalar\u0131 tedavi etmektedir.<\/p>\n<h3>3 \u2013 Di\u015f Dolgusu Fiyatlar\u0131 Nedir?<\/h3>\n<p>Di\u015fine dolgu tedavisi yap\u0131lmas\u0131 gereken hastalar\u0131n ilk olarak merak etti\u011fi husus bu i\u015flemin maddi olarak kar\u015f\u0131l\u0131\u011f\u0131d\u0131r. Fakat bu soruya da net bir cevap ne yaz\u0131k ki m\u00fcmk\u00fcn de\u011fildir. \u0130\u015flemden i\u015fleme de\u011fi\u015fiklik g\u00f6stermesinin yan\u0131 s\u0131ra kullan\u0131lan malzeme de maliyeti do\u011frudan etkilemektedir. Daha ayr\u0131nt\u0131l\u0131 bilgi i\u00e7in klini\u011fimize gelerek muayene olabilirsiniz.<\/p>\n<h3>4 \u2013 Di\u015f Dolgusu Sonras\u0131 Ac\u0131 Hissedilir mi?<\/h3>\n<p>Dolgu tedavi sonras\u0131 ac\u0131 ya da a\u011fr\u0131 hissedilip hissedilmeyece\u011fi de merak edilen konular\u0131n ba\u015f\u0131nda gelmektedir. \u00d6zellikle \u00e7\u00fcr\u00fck sebebi ile uzun s\u00fcredir ac\u0131 ve a\u011fr\u0131 \u00e7eken hastalar\u0131 olduk\u00e7a endi\u015felendiren bir durumdur. Dolgu sonras\u0131 bir veya iki g\u00fcn a\u011fr\u0131 hissedilmesi normaldir. Fakat a\u011fr\u0131 iki g\u00fcn ge\u00e7mesine ra\u011fmen devam ediyor. Di\u015f hekimine ba\u015fvurulmas\u0131 gerekir.<\/p>\n<h3>5 \u2013 Hangi Di\u015flere Dolgu Yap\u0131lmaz?<\/h3>\n<p>Di\u015f tedavisi di\u015fte bulunan \u00e7\u00fcr\u00fc\u011f\u00fcn b\u00fcy\u00fckl\u00fc\u011f\u00fcne g\u00f6re yap\u0131lmaktad\u0131r. E\u011fer di\u015fte yer alan \u00e7\u00fcr\u00fck b\u00fcy\u00fck ve k\u00f6klere kadar inmi\u015fse \u00f6ncelikle kanal tedavisi yap\u0131lmas\u0131 gerekir. Sonras\u0131nda dolgu i\u015flemi uygulan\u0131r. Di\u015fin \u00fcst taraf\u0131nda dolgunun tutunaca\u011f\u0131 herhangi bir \u015fey kalmam\u0131\u015fsa di\u015f kaplamas\u0131 yapmas\u0131 gerekmektedir.<\/p>\n<p>&nbsp;<\/p>\n","protected":false},"excerpt":{"rendered":"<p>Di\u015f Dolgusu Hakk\u0131nda Bilinmesi Gereken 5 \u015eey! Di\u015f dolgusu di\u015f ile alakal\u0131 en s\u0131k kullan\u0131lan tedavilerin ba\u015f\u0131nda gelir. Dolgu \u00e7\u00fcr\u00fcm\u00fc\u015f bir di\u015fin \u00e7\u00fcr\u00fckleri temizlendikten sonra uygun bir madde ile doldurularak yap\u0131lan bir tedavidir. Bu i\u015flem yap\u0131l\u0131rken bir\u00e7ok materyal ve malzeme&#8230;<\/p>\n","protected":false},"author":1,"featured_media":391,"parent":127,"menu_order":0,"comment_status":"closed","ping_status":"closed","template":"templates\/template-right-sidebar.php","meta":{"inline_featured_image":false,"footnotes":""},"class_list":["post-179","page","type-page","status-publish","has-post-thumbnail","hentry"],"_links":{"self":[{"href":"https:\/\/westmodernclinic.com\/tr\/wp-json\/wp\/v2\/pages\/179","targetHints":{"allow":["GET"]}}],"collection":[{"href":"https:\/\/westmodernclinic.com\/tr\/wp-json\/wp\/v2\/pages"}],"about":[{"href":"https:\/\/westmodernclinic.com\/tr\/wp-json\/wp\/v2\/types\/page"}],"author":[{"embeddable":true,"href":"https:\/\/westmodernclinic.com\/tr\/wp-json\/wp\/v2\/users\/1"}],"replies":[{"embeddable":true,"href":"https:\/\/westmodernclinic.com\/tr\/wp-json\/wp\/v2\/comments?post=179"}],"version-history":[{"count":3,"href":"https:\/\/westmodernclinic.com\/tr\/wp-json\/wp\/v2\/pages\/179\/revisions"}],"predecessor-version":[{"id":393,"href":"https:\/\/westmodernclinic.com\/tr\/wp-json\/wp\/v2\/pages\/179\/revisions\/393"}],"up":[{"embeddable":true,"href":"https:\/\/westmodernclinic.com\/tr\/wp-json\/wp\/v2\/pages\/127"}],"wp:featuredmedia":[{"embeddable":true,"href":"https:\/\/westmodernclinic.com\/tr\/wp-json\/wp\/v2\/media\/391"}],"wp:attachment":[{"href":"https:\/\/westmodernclinic.com\/tr\/wp-json\/wp\/v2\/media?parent=179"}],"curies":[{"name":"wp","href":"https:\/\/api.w.org\/{rel}","templated":true}]}}