{"id":170,"date":"2022-11-06T16:02:52","date_gmt":"2022-11-06T16:02:52","guid":{"rendered":"https:\/\/westmodernclinic.com\/estetik-ameliyatlar\/tummy-tuck\/"},"modified":"2022-12-19T04:09:30","modified_gmt":"2022-12-19T04:09:30","slug":"karin-germe-ameliyati","status":"publish","type":"page","link":"https:\/\/westmodernclinic.com\/tr\/estetik-ameliyatlar\/karin-germe-ameliyati\/","title":{"rendered":"Kar\u0131n Germe Ameliyat\u0131"},"content":{"rendered":"<p><strong><img loading=\"lazy\" decoding=\"async\" class=\"aligncenter size-full wp-image-378\" src=\"https:\/\/westmodernclinic.com\/wp-content\/uploads\/2022\/11\/Karin-Germe-Ameliyati.jpg\" alt=\"\" width=\"1060\" height=\"707\" srcset=\"https:\/\/westmodernclinic.com\/wp-content\/uploads\/2022\/11\/Karin-Germe-Ameliyati.jpg 1060w, https:\/\/westmodernclinic.com\/wp-content\/uploads\/2022\/11\/Karin-Germe-Ameliyati-300x200.jpg 300w, https:\/\/westmodernclinic.com\/wp-content\/uploads\/2022\/11\/Karin-Germe-Ameliyati-1024x683.jpg 1024w, https:\/\/westmodernclinic.com\/wp-content\/uploads\/2022\/11\/Karin-Germe-Ameliyati-768x512.jpg 768w\" sizes=\"auto, (max-width: 1060px) 100vw, 1060px\" \/>Tummy Tuck<\/strong> halk aras\u0131nda <strong>kar\u0131n germe<\/strong> t\u0131p literat\u00fcr\u00fcnde ise <strong>abdominoplasti<\/strong> olarak bilinmektedir. Bahsedilen bu uygulama v\u00fccut g\u00f6r\u00fcn\u00fcm\u00fcnden ho\u015flanmayan ki\u015filere uygulanan bir estetik operasyondur. Uzman g\u00f6zetiminde ger\u00e7ekle\u015ftirilen uygulama alan\u0131 kar\u0131n ve b\u00f6lgesi ile ilgilidir. Ba\u015fta kad\u0131nlar olmak \u00fczere erkeklerin de gergin ve d\u00fcz bir kar\u0131n sahibi olmas\u0131n\u0131 sa\u011flar.<\/p>\n<h2>Tummy Tuck Ameliyat\u0131 Nedir?<\/h2>\n<p>Ani ve h\u0131zl\u0131 kilo verme ile olu\u015fan sarkmalar ki\u015finin g\u00f6r\u00fcn\u00fc\u015f\u00fcnde olumsuz etkiye neden olur. Kilo vermenin yan\u0131 s\u0131ra ayn\u0131 zamanda do\u011fum gibi ani kilo al\u0131nan d\u00f6nemlerin sonunda v\u00fccutta inat\u00e7\u0131 bir ya\u011flanma olu\u015fabilir. Her iki durumda da kar\u0131nda gergin bir g\u00f6r\u00fcn\u00fcm olmamas\u0131 bir k\u0131yafet giyildi\u011finde istenen g\u00f6r\u00fcnt\u00fcden uzak bir duru\u015f sa\u011flar.<\/p>\n<p>Estetik cerrahlar taraf\u0131ndan <strong>Tummy Tuck<\/strong> yani kar\u0131n germe ameliyat\u0131 bu a\u015famada yap\u0131l\u0131r. Bahsedilen uygulama hem genel hem de mini kar\u0131n germe olmak \u00fczere uygulan\u0131r. Uygulamada temel ama\u00e7 var olan kilolardan ki\u015fiyi uzakla\u015ft\u0131rmak ve daha gergin bir g\u00f6r\u00fcn\u00fcm olu\u015fturarak istenen forma hastan\u0131n ula\u015fmas\u0131d\u0131r. B\u00f6ylece istenen v\u00fccut hatlar\u0131na eri\u015fmek daha k\u0131sa s\u00fcrede ger\u00e7ekle\u015fir.<\/p>\n<h3>1- Kar\u0131n Germe Ameliyat\u0131 Nas\u0131l Yap\u0131l\u0131r?<\/h3>\n<p>Kula\u011fa olduk\u00e7a ho\u015f gelen <strong>Tummy Tuck<\/strong> uygulamas\u0131 yap\u0131lacak uygulama \u015feklinde g\u00f6re de\u011fi\u015fiklik g\u00f6sterir. E\u011fer mini kar\u0131n germe uygulanacaksa g\u00f6bek deli\u011finin alt k\u0131sm\u0131ndan ba\u015flayarak bikini b\u00f6lgesinden bir kesik a\u00e7\u0131l\u0131r. A\u00e7\u0131lan kesi sonras\u0131 cilt tabakalar\u0131nda ve kaslarda d\u00fczeltme sa\u011flan\u0131r. En son a\u015famada \u00fcst cilt katman\u0131 gergin hale getirilerek daha g\u00fczel bir kar\u0131n formu yakalan\u0131r.<\/p>\n<p>Genel itibari ile bir kar\u0131n germe uygulanacaksa e\u011fer ki\u015finin bikini b\u00f6lgesinde her iki kal\u00e7a kemi\u011fine kadar kesi yap\u0131l\u0131r. Deri dokular\u0131ndan ayr\u0131larak i\u015fleme ge\u00e7ilir. Kan\u0131n birikmesi ve ameliyata engel olmamas\u0131 i\u00e7in diren tak\u0131l\u0131r. Estetik cerrah taraf\u0131ndan v\u00fccudun kaslar\u0131 bir araya getirilir. En son a\u015famada g\u00f6bek deli\u011finin yeri belirlenir ve dikilir. Deri daha gergin hale getirilip ameliyat sonland\u0131r\u0131l\u0131r.<\/p>\n<h3>2- Kar\u0131n Germe Ameliyat\u0131 Ka\u00e7 G\u00fcnde \u0130yile\u015fir?<\/h3>\n<p><strong>Tummy Tuck ameliyat\u0131<\/strong> istenen \u015fekilde sonu\u00e7lanmas\u0131 i\u00e7in biraz sab\u0131rl\u0131 olmak gerekiyor. Hastan\u0131n uygulamadan bir hafta sonra diki\u015fleri al\u0131n\u0131r. Kalan diki\u015fler estetik diki\u015fler oldu\u011fundan al\u0131nmas\u0131 gerekmez. \u0130lk bir haftan\u0131n sonunda a\u015f\u0131r\u0131ya ka\u00e7madan hasta hareket edebilir. Bir ay\u0131n sonunda genel itibari ile g\u00fcndelik ya\u015fama d\u00f6n\u00fcl\u00fcr ve ameliyat etkileri g\u00f6r\u00fclmez.<\/p>\n<h3>3- Kar\u0131n Germe Ameliyat\u0131 \u00d6ncesi ve Sonras\u0131 Nelere Dikkat Edilmeli?<\/h3>\n<p>Kar\u0131n germe ameliyat\u0131 \u00f6ncesi ve sonras\u0131 doktor taraf\u0131ndan hastaya baz\u0131 bilgilendirmeler yap\u0131l\u0131r. Yap\u0131lan bilgilendirmelerin ba\u015f\u0131nda hastan\u0131n ameliyat \u00f6ncesi sigara kullan\u0131m\u0131n\u0131 b\u0131rakmas\u0131 bulunur. Sigaran\u0131n d\u0131\u015f\u0131nda alkol ve kahve t\u00fcketimine de dikkat etmek gerekiyor.<\/p>\n<p>T\u00fcm bunlar\u0131n d\u0131\u015f\u0131nda varsa hastan\u0131n kulland\u0131\u011f\u0131 vitamin ve di\u011fer ila\u00e7lar\u0131n kullan\u0131lmas\u0131 sonland\u0131r\u0131lmal\u0131. Ameliyat esnas\u0131nda \u00f6zellikle sorun yaratmamas\u0131 ve ameliyat sonras\u0131 yan etki g\u00f6stermemesi ad\u0131na dikkat etmek gerekiyor. Ameliyattan sonra egzersizleri ilk bir hafta yapmamak \u015fartt\u0131r. Egzersizlere ge\u00e7ildi\u011finde ise a\u011f\u0131r de\u011fil g\u00f6rece daha hafif egzersizler yap\u0131lmal\u0131d\u0131r.<\/p>\n<h3>4- Kar\u0131n Germe Ameliyat\u0131 Riskli mi?<\/h3>\n<p>Her ameliyatta oldu\u011fu gibi estetik ameliyat olan <strong>Tummy Tuck ameliyat\u0131<\/strong> riskleri bulunuyor. Risk unsurunu s\u0131f\u0131ra indirmek ad\u0131na hasta ve doktor i\u015fbirli\u011fi yap\u0131lmas\u0131 gerekmektedir. \u015eayet hasta \u00fczerine d\u00fc\u015fenleri yapar ve ameliyat sonras\u0131 da dahil olmak \u00fczere kendine iyi bakarsa risk minimuma indirilir. Uzman ise ameliyat esnas\u0131nda yap\u0131lmas\u0131 gerekenlere dikkat ederek herhangi bir sorun olu\u015fmas\u0131n\u0131n \u00f6n\u00fcne ge\u00e7er.<\/p>\n<h3>5- Mini Kar\u0131n Germe Ameliyat\u0131 Olanlar\u0131n Yorumlar\u0131 Nas\u0131l?<\/h3>\n<p>Ameliyatlar\u0131n sonu\u00e7lar\u0131na ba\u011fl\u0131 olarak hastalar\u0131n yorumlar\u0131 ortaya \u00e7\u0131kmaktad\u0131r. Hastalar genel olarak tercih etti\u011fi doktora g\u00f6re yorumlar\u0131n\u0131 g\u00fcnceller. \u00d6zellikle do\u011fru bir hekim se\u00e7iminde bulunan ki\u015filerin olumlu yorumlar\u0131 bulunur. Sadece uzman i\u00e7in de\u011fil, ameliyat sonras\u0131 v\u00fccut post\u00fcr\u00fcnde olu\u015fan de\u011fi\u015fimden \u00f6t\u00fcr\u00fc hastalar\u0131n psikolojik olarak da memnuniyet yorumlar\u0131 artmaktad\u0131r.<\/p>\n<h3>6- Kar\u0131n Germe Ameliyat\u0131 Sonras\u0131 Etkiler Ne Zaman G\u00f6r\u00fcl\u00fcr?<\/h3>\n<p><strong>Tummy Tuck ameliyat\u0131<\/strong> sonras\u0131 ameliyat sonu\u00e7lar\u0131n\u0131 hemen g\u00f6rmek m\u00fcmk\u00fcn olmaz. Ameliyat oldu\u011fu i\u00e7in ki\u015finin ilk g\u00fcnlerde \u015fi\u015fkinlikleri olabilir. Yaln\u0131z bu kayg\u0131ya neden olmas\u0131n zaman i\u00e7erisinde azalacakt\u0131r. As\u0131l kar\u0131n g\u00f6r\u00fcn\u00fcm\u00fcn\u00fcn gelmesi i\u00e7in bir ay sabredilmeli.<\/p>\n<h3>7- Tummy Tuck Fiyatlar\u0131 2022 Bilgisi<\/h3>\n<p><strong>Tummy Tuck fiyatlar\u0131<\/strong> uygulama alanlar\u0131na g\u00f6re farkl\u0131l\u0131k g\u00f6sterir. E\u011fer <strong>mini Tummy Tuck<\/strong> uygulanacaksa uygulama s\u00fcresi azald\u0131\u011f\u0131ndan ve eforda buna ba\u011fl\u0131 azal\u0131\u015f g\u00f6sterdi\u011finden \u00fccreti de d\u00fc\u015f\u00fck olur. Ancak geni\u015f \u00e7apl\u0131 <strong>Tummy Tuck<\/strong> uyguland\u0131\u011f\u0131nda \u00fccretlerin bu y\u00f6nde de\u011fi\u015fim g\u00f6stermesi beklenir.<\/p>\n<p>Karn\u0131n\u0131z\u0131n g\u00f6r\u00fcnt\u00fcs\u00fcnden memnun de\u011filseniz, klini\u011fimize ba\u015fvurabilirsiniz. \u0130stanbul\u2019da yer alan klini\u011fimizde hem T\u00fcrkiye\u2019den hem de yurt d\u0131\u015f\u0131ndan gelmek isteyen hastalar\u0131m\u0131z\u0131 a\u011f\u0131rl\u0131yoruz. Operasyon sonras\u0131 klini\u011fimizden istedi\u011finiz v\u00fccut g\u00f6r\u00fcn\u00fcm\u00fcyle ayr\u0131lman\u0131z m\u00fcmk\u00fcn olacak.<\/p>\n","protected":false},"excerpt":{"rendered":"<p>Tummy Tuck halk aras\u0131nda kar\u0131n germe t\u0131p literat\u00fcr\u00fcnde ise abdominoplasti olarak bilinmektedir. Bahsedilen bu uygulama v\u00fccut g\u00f6r\u00fcn\u00fcm\u00fcnden ho\u015flanmayan ki\u015filere uygulanan bir estetik operasyondur. Uzman g\u00f6zetiminde ger\u00e7ekle\u015ftirilen uygulama alan\u0131 kar\u0131n ve b\u00f6lgesi ile ilgilidir. Ba\u015fta kad\u0131nlar olmak \u00fczere erkeklerin de gergin&#8230;<\/p>\n","protected":false},"author":1,"featured_media":378,"parent":130,"menu_order":0,"comment_status":"closed","ping_status":"closed","template":"templates\/template-right-sidebar.php","meta":{"inline_featured_image":false,"footnotes":""},"class_list":["post-170","page","type-page","status-publish","has-post-thumbnail","hentry"],"_links":{"self":[{"href":"https:\/\/westmodernclinic.com\/tr\/wp-json\/wp\/v2\/pages\/170","targetHints":{"allow":["GET"]}}],"collection":[{"href":"https:\/\/westmodernclinic.com\/tr\/wp-json\/wp\/v2\/pages"}],"about":[{"href":"https:\/\/westmodernclinic.com\/tr\/wp-json\/wp\/v2\/types\/page"}],"author":[{"embeddable":true,"href":"https:\/\/westmodernclinic.com\/tr\/wp-json\/wp\/v2\/users\/1"}],"replies":[{"embeddable":true,"href":"https:\/\/westmodernclinic.com\/tr\/wp-json\/wp\/v2\/comments?post=170"}],"version-history":[{"count":3,"href":"https:\/\/westmodernclinic.com\/tr\/wp-json\/wp\/v2\/pages\/170\/revisions"}],"predecessor-version":[{"id":380,"href":"https:\/\/westmodernclinic.com\/tr\/wp-json\/wp\/v2\/pages\/170\/revisions\/380"}],"up":[{"embeddable":true,"href":"https:\/\/westmodernclinic.com\/tr\/wp-json\/wp\/v2\/pages\/130"}],"wp:featuredmedia":[{"embeddable":true,"href":"https:\/\/westmodernclinic.com\/tr\/wp-json\/wp\/v2\/media\/378"}],"wp:attachment":[{"href":"https:\/\/westmodernclinic.com\/tr\/wp-json\/wp\/v2\/media?parent=170"}],"curies":[{"name":"wp","href":"https:\/\/api.w.org\/{rel}","templated":true}]}}