{"id":167,"date":"2022-11-06T16:00:58","date_gmt":"2022-11-06T16:00:58","guid":{"rendered":"https:\/\/westmodernclinic.com\/estetik-ameliyatlar\/liposuction\/"},"modified":"2022-12-19T04:09:13","modified_gmt":"2022-12-19T04:09:13","slug":"liposaksin","status":"publish","type":"page","link":"https:\/\/westmodernclinic.com\/tr\/estetik-ameliyatlar\/liposaksin\/","title":{"rendered":"Liposak\u015f\u0131n"},"content":{"rendered":"<p><strong><img loading=\"lazy\" decoding=\"async\" class=\"aligncenter size-full wp-image-374\" src=\"https:\/\/westmodernclinic.com\/wp-content\/uploads\/2022\/11\/Liposaksin.jpg\" alt=\"\" width=\"1060\" height=\"707\" srcset=\"https:\/\/westmodernclinic.com\/wp-content\/uploads\/2022\/11\/Liposaksin.jpg 1060w, https:\/\/westmodernclinic.com\/wp-content\/uploads\/2022\/11\/Liposaksin-300x200.jpg 300w, https:\/\/westmodernclinic.com\/wp-content\/uploads\/2022\/11\/Liposaksin-1024x683.jpg 1024w, https:\/\/westmodernclinic.com\/wp-content\/uploads\/2022\/11\/Liposaksin-768x512.jpg 768w\" sizes=\"auto, (max-width: 1060px) 100vw, 1060px\" \/>Liposak\u015f\u0131n<\/strong> v\u00fccudunda belirli bir formu ve \u015fekli yakalamak isteyenler i\u00e7in uygulanan estetik ameliyat y\u00f6ntemidir. Bahsedilen bu uygulama kilo verse dahi v\u00fccudundan inat\u00e7\u0131 ya\u011flar\u0131 atamayan ki\u015filer i\u00e7in yap\u0131lmaktad\u0131r. \u00d6zellikle kilo vermekten ziyade v\u00fccudun belirli b\u00f6l\u00fcmlerinde olu\u015fan ya\u011flanmaya ba\u011fl\u0131 olu\u015fan v\u00fccut \u015fekil bozukluklar\u0131n\u0131 \u00f6nlemek amac\u0131yla uygulan\u0131r.<\/p>\n<p>Liposak\u015f\u0131n Nedir?<br \/>\nTemelde bir estetik ameliyat y\u00f6ntemidir. Obezite tedavisinde kullan\u0131lmaz, b\u00f6lgesel zay\u0131flamay\u0131 hedeflemez. As\u0131l amac\u0131 v\u00fccuttan at\u0131lmas\u0131 gereken inat\u00e7\u0131 ya\u011f molek\u00fcllerini par\u00e7alayarak v\u00fccuttan uzakla\u015ft\u0131rmakt\u0131r. Halihaz\u0131rda bu i\u015flem ger\u00e7ekle\u015fti\u011finde zaten zay\u0131flama meydana gelir ancak bir anda 10-15 kilo vermek gibi bir amac\u0131 bulunmaz.<\/p>\n<p>1- Liposak\u015f\u0131n Nas\u0131l Yap\u0131l\u0131r?<br \/>\nUzman bir doktor e\u015fli\u011finde <strong>liposak\u015f\u0131n<\/strong> yap\u0131l\u0131r. Uygulaman\u0131n yap\u0131labilmesi amac\u0131yla g\u00fcn\u00fcm\u00fczde birden fazla y\u00f6ntem bulunuyor. Genelde kad\u0131nlara uygulanan bu y\u00f6ntemin genel anestezi ve lokal anestezi olmak \u00fczere uygulamas\u0131 ger\u00e7ekle\u015fir. E\u011fer ya\u011flanma \u00f6zellikle bir alan ile s\u0131n\u0131rl\u0131 kald\u0131ysa b\u00f6lgesel uyu\u015fturma yap\u0131larak hastan\u0131n rahat bir operasyon ge\u00e7irmesi sa\u011flan\u0131r.<\/p>\n<p>Hastan\u0131n ya\u011flanma sorunu tek bir alanla s\u0131n\u0131rl\u0131 de\u011fil ve birden fazla b\u00f6lgeye yay\u0131lm\u0131\u015f durumdaysa genel anestezi ger\u00e7ekle\u015ftirilir. Genel anestezi durumunda da b\u00f6lgesel uyu\u015fturmalarda da hastan\u0131n v\u00fccudunda ufak kesiler a\u00e7\u0131l\u0131r. Bu kesiklerin i\u00e7inden uzun borular uzat\u0131larak ya\u011f molek\u00fclleri par\u00e7alanarak vakumlan\u0131r. B\u00f6ylece v\u00fccuttan uzakla\u015fma ger\u00e7ekle\u015fir.<\/p>\n<h3>2- Liposak\u015f\u0131n Ameliyat\u0131 Kimlere Uygun?<\/h3>\n<p>Her ne kadar b\u00f6lgesel ya\u011flardan kurtulmak ve g\u00fczel bir v\u00fccuda sahip olmak bir\u00e7ok ki\u015finin ho\u015funa gitse de <strong>liposak\u015f\u0131n<\/strong> yapt\u0131rmak i\u00e7in dikkatli olunmas\u0131 gerekiyor. \u00d6zellikle ciddi bir hastal\u0131\u011fa sahip de\u011filseniz bir problem ile kar\u015f\u0131la\u015fmazs\u0131n\u0131z. Fakat y\u00fcksek kilolar\u0131 verip zay\u0131flamak istiyorsan\u0131z ya da obeziteye \u00e7\u00f6z\u00fcm olmas\u0131 i\u00e7in d\u00fc\u015f\u00fcn\u00fcyorsan\u0131z bahsedilen uygulama do\u011fru tercih olmayacakt\u0131r.<\/p>\n<p>Bahsedilen uygulaman\u0131n re\u015fit olan ve sa\u011fl\u0131k problemi olmayan herkese uygulanmas\u0131 m\u00fcmk\u00fcn. Sadece kad\u0131nlara de\u011fil erkekler de ihtiya\u00e7 duydu\u011fu takdirde yapt\u0131rabilir. Belirli bir v\u00fccut hatt\u0131na sahip olmak istiyorsan\u0131z tercihleriniz aras\u0131nda yer alabilir. Fakat do\u011fru bir uzman elinde ameliyat\u0131 ger\u00e7ekle\u015ftirmeniz olduk\u00e7a \u00f6nemlidir.<\/p>\n<h3>3- Liposak\u015f\u0131n Yapt\u0131ranlar Nelere Dikkat Etmeli?<\/h3>\n<p>Estetik ameliyat kapsam\u0131nda b\u00f6lgesel ya\u011f ald\u0131rma operasyonu yapt\u0131ran ki\u015filerin belirli ba\u015fl\u0131 durumlara dikkat etmesi gerekiyor. \u00d6ncelikle genel anestezi alt\u0131nda ameliyat yap\u0131lacaksa ameliyat \u00f6ncesi ve sonras\u0131 durumlar hakk\u0131nda doktordan bilgi al\u0131nmal\u0131d\u0131r. Ameliyat sonras\u0131 en az bir g\u00fcn hastanede kalaca\u011f\u0131n\u0131z\u0131 bilerek hareket etmeniz de gerekebilir.<\/p>\n<p>Lokal anestezi ile ameliyat olduktan sonra \u00f6zellikle bacak b\u00f6lgesinde ya\u011f ald\u0131rd\u0131ysan\u0131z belirli bir m\u00fcddet bacaklar\u0131n\u0131z\u0131n \u00fczerinde uzun s\u00fcreli durmamal\u0131s\u0131n\u0131z. \u0130lk g\u00fcn m\u00fcmk\u00fcnse du\u015f almaman\u0131z gerekir. \u0130lk bir hafta i\u00e7erisinde a\u011f\u0131r spor ve hareketlerden uzak durman\u0131z da sizlere yard\u0131mc\u0131 olacakt\u0131r. B\u00f6ylece ameliyat sonras\u0131 toparlanma s\u00fcreciniz de h\u0131zlan\u0131r.<\/p>\n<h3>4- Liposuction Yapt\u0131ranlar\u0131n Yorumlar\u0131 Nas\u0131l?<\/h3>\n<p>Do\u011fru uzman se\u00e7ildi\u011finde b\u00f6lgesel ya\u011f ald\u0131rma ameliyat\u0131 olan ki\u015filerin yorumlar\u0131 da olumlu y\u00f6nde olmaktad\u0131r. Genel itibari ile estetik operasyondan memnun olma olas\u0131l\u0131\u011f\u0131 uzman se\u00e7imine ba\u011fl\u0131 ilerliyor. E\u011fer alan\u0131nda uzman bir isim ya da klinik ile anla\u015farak ilerleme g\u00f6sterirseniz hem ameliyat \u00f6ncesi hem de ameliyat sonras\u0131 s\u00fcre\u00e7 konusunda memnuniyet oran\u0131n\u0131z art\u0131\u015f g\u00f6sterebilir.<\/p>\n<p>Fiziksel ve psikolojik anlamda v\u00fccudun istenmeyen g\u00f6r\u00fcn\u00fcm\u00fcnde olmas\u0131 olumsuz etki yarat\u0131r. \u00d6zellikle diyet ve spora ra\u011fmen v\u00fccuttan at\u0131lmayan ya\u011flar i\u00e7in <strong>liposak\u015f\u0131n<\/strong> olduk\u00e7a etkili bir y\u00f6ntemdir. Bu a\u015famada uygulama sonras\u0131 d\u00f6n\u00fc\u015flerin v\u00fccutta yaratt\u0131\u011f\u0131 etkiye ba\u011fl\u0131 olarak olumlu y\u00f6nde oldu\u011fu g\u00f6r\u00fcl\u00fcyor.<\/p>\n<h3>5- Liposuction Zararlar\u0131 Var m\u0131?<\/h3>\n<p>Hastalar taraf\u0131ndan ilk defa ara\u015ft\u0131r\u0131lan <strong>liposak\u015f\u0131n zararlar\u0131<\/strong> konusunda geni\u015f ara\u015ft\u0131rmalar yap\u0131l\u0131r. Her ameliyatta oldu\u011fu gibi bu uygulaman\u0131n da olas\u0131 birtak\u0131m riskleri elbette bulunuyor. Fakat bu riskleri ve zararlar\u0131 minimuma indirmek m\u00fcmk\u00fcn. Hasta ve doktor i\u015fbirli\u011fine ba\u011fl\u0131 olarak g\u00f6r\u00fclmesi muhtemel zararlar\u0131n ortadan kald\u0131r\u0131lmas\u0131 ile faydalar elde edilebilir.<\/p>\n<p>\u00d6zellikle ameliyat \u00f6ncesi ve sonras\u0131nda dikkat edilmesi gerekenler hakk\u0131nda bilgi sahibi olmak gerekiyor. <strong>Liposak\u015f\u0131n \u00f6ncesi sonras\u0131<\/strong> yap\u0131lacaklar hakk\u0131nda bilgi sahibi olursan\u0131z s\u00fcre\u00e7 sizin i\u00e7in daha kolay ve rahat ge\u00e7ecektir. B\u00f6ylece daha emin ve zarars\u0131z sonu\u00e7larla kar\u015f\u0131la\u015farak daha sa\u011fl\u0131kl\u0131 bir durum atlatabilirsiniz.<\/p>\n<p>6- Liposuction Fiyatlar\u0131 2022<br \/>\n<strong>Liposak\u015f\u0131n fiyatlar\u0131<\/strong> hakk\u0131nda net bir bilgi vermek olduk\u00e7a zor. Ki\u015finin uygulama esnas\u0131nda sahip olmak istedi\u011fi v\u00fccut hatlar\u0131 ve operasyon s\u00fcreci belirleyicidir. Ayn\u0131 zamanda uzman g\u00f6r\u00fc\u015f\u00fc de <strong>liposak\u015f\u0131n \u00fccretleri<\/strong> belirlenmesi ad\u0131na gerekir. Bu a\u015famada klini\u011fe giderek doktor g\u00f6zetiminde fiyat hakk\u0131nda bilgi alman\u0131z gerekir.<\/p>\n<p>\u0130stanbul\u2019da yer alan klini\u011fimizde hem T\u00fcrkiye\u2019den hem de yurtd\u0131\u015f\u0131ndan gelen hastalar\u0131m\u0131z\u0131 kar\u015f\u0131l\u0131yor, gerekli hizmetleri sunuyoruz. Siz de e\u011fer bu alanda estetik operasyon olmak isterseniz, gerekli randevuyu olu\u015fturun ve gerisini uzman\u0131n bilgi ve tecr\u00fcbesine b\u0131rak\u0131n! \u0130stedi\u011finiz v\u00fccut hatlar\u0131na sahip olman\u0131z art\u0131k sand\u0131\u011f\u0131n\u0131zdan daha kolay.<\/p>\n","protected":false},"excerpt":{"rendered":"<p>Liposak\u015f\u0131n v\u00fccudunda belirli bir formu ve \u015fekli yakalamak isteyenler i\u00e7in uygulanan estetik ameliyat y\u00f6ntemidir. Bahsedilen bu uygulama kilo verse dahi v\u00fccudundan inat\u00e7\u0131 ya\u011flar\u0131 atamayan ki\u015filer i\u00e7in yap\u0131lmaktad\u0131r. \u00d6zellikle kilo vermekten ziyade v\u00fccudun belirli b\u00f6l\u00fcmlerinde olu\u015fan ya\u011flanmaya ba\u011fl\u0131 olu\u015fan v\u00fccut \u015fekil&#8230;<\/p>\n","protected":false},"author":1,"featured_media":374,"parent":130,"menu_order":0,"comment_status":"closed","ping_status":"closed","template":"templates\/template-right-sidebar.php","meta":{"inline_featured_image":false,"footnotes":""},"class_list":["post-167","page","type-page","status-publish","has-post-thumbnail","hentry"],"_links":{"self":[{"href":"https:\/\/westmodernclinic.com\/tr\/wp-json\/wp\/v2\/pages\/167","targetHints":{"allow":["GET"]}}],"collection":[{"href":"https:\/\/westmodernclinic.com\/tr\/wp-json\/wp\/v2\/pages"}],"about":[{"href":"https:\/\/westmodernclinic.com\/tr\/wp-json\/wp\/v2\/types\/page"}],"author":[{"embeddable":true,"href":"https:\/\/westmodernclinic.com\/tr\/wp-json\/wp\/v2\/users\/1"}],"replies":[{"embeddable":true,"href":"https:\/\/westmodernclinic.com\/tr\/wp-json\/wp\/v2\/comments?post=167"}],"version-history":[{"count":4,"href":"https:\/\/westmodernclinic.com\/tr\/wp-json\/wp\/v2\/pages\/167\/revisions"}],"predecessor-version":[{"id":376,"href":"https:\/\/westmodernclinic.com\/tr\/wp-json\/wp\/v2\/pages\/167\/revisions\/376"}],"up":[{"embeddable":true,"href":"https:\/\/westmodernclinic.com\/tr\/wp-json\/wp\/v2\/pages\/130"}],"wp:featuredmedia":[{"embeddable":true,"href":"https:\/\/westmodernclinic.com\/tr\/wp-json\/wp\/v2\/media\/374"}],"wp:attachment":[{"href":"https:\/\/westmodernclinic.com\/tr\/wp-json\/wp\/v2\/media?parent=167"}],"curies":[{"name":"wp","href":"https:\/\/api.w.org\/{rel}","templated":true}]}}