{"id":164,"date":"2022-11-06T15:59:46","date_gmt":"2022-11-06T15:59:46","guid":{"rendered":"https:\/\/westmodernclinic.com\/estetik-ameliyatlar\/gynecomastia\/"},"modified":"2022-12-19T04:08:57","modified_gmt":"2022-12-19T04:08:57","slug":"jinekomasti","status":"publish","type":"page","link":"https:\/\/westmodernclinic.com\/tr\/estetik-ameliyatlar\/jinekomasti\/","title":{"rendered":"Jinekomasti"},"content":{"rendered":"<p><strong><img loading=\"lazy\" decoding=\"async\" class=\"aligncenter size-full wp-image-367\" src=\"https:\/\/westmodernclinic.com\/wp-content\/uploads\/2022\/11\/Jinekomasti.jpg\" alt=\"\" width=\"1060\" height=\"669\" srcset=\"https:\/\/westmodernclinic.com\/wp-content\/uploads\/2022\/11\/Jinekomasti.jpg 1060w, https:\/\/westmodernclinic.com\/wp-content\/uploads\/2022\/11\/Jinekomasti-300x189.jpg 300w, https:\/\/westmodernclinic.com\/wp-content\/uploads\/2022\/11\/Jinekomasti-1024x646.jpg 1024w, https:\/\/westmodernclinic.com\/wp-content\/uploads\/2022\/11\/Jinekomasti-768x485.jpg 768w\" sizes=\"auto, (max-width: 1060px) 100vw, 1060px\" \/>Jinekomasti<\/strong> sadece erkekleri etkileyen bir hormonsal hastal\u0131kt\u0131r. Normal \u015fartlarda meme b\u00fcy\u00fcmesi kad\u0131nlarda g\u00f6r\u00fclmesi beklenen bir durumdur. Fakat beklenmedik geli\u015fmelere ba\u011fl\u0131 olarak g\u00f6\u011f\u00fcs \u015feklinde b\u00fcy\u00fcme erkeklerde de g\u00f6r\u00fclmektedir. Ba\u015fta utanma yaratan bu durum ilerleyen evrelerden dolay\u0131 ekstra rahats\u0131zl\u0131k yaratt\u0131\u011f\u0131ndan ameliyat ile \u00e7\u00f6z\u00fclebilmektedir.<\/p>\n<p>Kad\u0131nlarda g\u00f6\u011f\u00fcs b\u00fcy\u00fcmesi ergenlik d\u00f6neminde \u00f6strojene ba\u011fl\u0131 olarak geli\u015fir. Erkeklerin de ergenlik d\u00f6neminde ya\u011flanmaya ba\u011fl\u0131 olarak g\u00f6\u011f\u00fcsleri belirginle\u015febilir. Ancak normal \u015fartlarda bu b\u00fcy\u00fcmenin zaman i\u00e7erisinde kaybolmas\u0131 gerekmektedir. E\u011fer g\u00f6r\u00fcn\u00fcmde de\u011fi\u015fim s\u00fcrekli olarak kal\u0131rsa ortadan anormal bir durum oldu\u011fu g\u00f6r\u00fcl\u00fcyor.<\/p>\n<p>\u00dcstelik bahsedilen bu hastal\u0131k sadece ergenlik d\u00f6neminde ortaya \u00e7\u0131kmamaktad\u0131r. Yenido\u011fan erkek bebeklerin ilk birka\u00e7 hafta i\u00e7erisinde g\u00f6\u011f\u00fcsleri b\u00fcy\u00fck bulunur. \u0130lk bir ay atlat\u0131ld\u0131ktan sonra ise normal g\u00f6r\u00fcn\u00fcme d\u00f6n\u00fcl\u00fcr. Ergenlikte ya\u015fanan k\u0131smi de\u011fi\u015fim yine zamanla yok olabilir. Bunlar\u0131n d\u0131\u015f\u0131nda ya\u015flanma d\u00f6neminde de <strong>jinekomasti<\/strong> ortaya \u00e7\u0131kar.<\/p>\n<h2>Jinekomasti Ne Demek?<\/h2>\n<p>Erkeklerde kad\u0131nlardaki gibi meme b\u00fcy\u00fcmesinin meydana gelmesine denmektedir. Bahsedilen bu hastal\u0131k erkeklerin g\u00f6\u011f\u00fcs formundaki de\u011fi\u015fimiyle olu\u015fur. Erkeklerde olu\u015fmas\u0131 beklenmeyen bu de\u011fi\u015fim genel itibari ile rahats\u0131zl\u0131k yarat\u0131r. Doktor g\u00f6zetiminde yap\u0131lan kontroller neticesinde hastal\u0131k tan\u0131s\u0131 al\u0131nmaktad\u0131r.<\/p>\n<p>Normal \u015fartlarda hastan\u0131n kendini kontrol etmesiyle fark edilmektedir. Anormal derecede g\u00f6zlemlenen belirtiler neticesinde doktora g\u00f6z\u00fckmekte fayda bulunmaktad\u0131r. \u00d6zellikle MR gibi g\u00f6r\u00fcnt\u00fclemelerle doktor taraf\u0131ndan yap\u0131lan kontrol neticesinde hastal\u0131k konusunda net bilgi al\u0131n\u0131r. Yap\u0131lan ara\u015ft\u0131rmalar sonucunda tedavi y\u00f6ntemleri de\u011ferlendirilir.<\/p>\n<h3>1- Erkeklerde Meme B\u00fcy\u00fckl\u00fc\u011f\u00fc Neden Olu\u015fur?<\/h3>\n<p>Meme b\u00fcy\u00fcmesini sa\u011flayan hormon \u00f6strojen hormonudur. Bahsedilen bu hormon normalde kad\u0131nlarda daha fazlad\u0131r. Ancak erkeklerde az miktarda da olsa \u00fcretilmektedir. Normalde az miktarda \u00fcretilen bu hormonun meme b\u00fcy\u00fcmesi yaratmamas\u0131 beklenir. Ancak beklenenden daha fazla salg\u0131lanmas\u0131 sonucunda erkeklerde meme b\u00fcy\u00fcmesi olu\u015fur.<\/p>\n<p>Hormona ba\u011fl\u0131 olarak de\u011fi\u015fim ya\u015fand\u0131\u011f\u0131 i\u00e7in genelde olu\u015fma sebeplerinin ba\u015f\u0131nda genetik gelmektedir. Ancak genetik d\u0131\u015f\u0131nda kullan\u0131lan ila\u00e7lar, hormonlar ve beslenme d\u00fczenine ba\u011fl\u0131 olarak olu\u015fmas\u0131 m\u00fcmk\u00fcnd\u00fcr. \u00d6zellikle ilerleyen ya\u015flarda erkek hormonunda \u00fcretimin azalmas\u0131 ile birlikte \u00f6strojen bask\u0131n gelir ve g\u00f6\u011f\u00fcs yap\u0131s\u0131 b\u00fcy\u00fcr.<\/p>\n<h3>2- Jinekomasti Nas\u0131l Anla\u015f\u0131l\u0131r?<\/h3>\n<p>Fiziksel kontrollerle bu hastal\u0131\u011f\u0131 fark etmek m\u00fcmk\u00fcnd\u00fcr. Ancak hastal\u0131\u011f\u0131n belirtileri hakk\u0131nda bilgi sahibi olmak daha b\u00fcy\u00fck kolayl\u0131k sa\u011flar. Erkeklerin ayna \u00f6n\u00fcnde g\u00f6\u011f\u00fcs b\u00f6lgesini incelemesi gerekir. Eskiden olan g\u00f6r\u00fcn\u00fcme g\u00f6re memede farkl\u0131la\u015fma, meme ucunda belirginle\u015fme ve farkl\u0131 di\u011fer belirtiler ile anlamak m\u00fcmk\u00fcn.<\/p>\n<h3>3- Jinekomasti Belirtileri Nelerdir?<\/h3>\n<p>Bahsedilen bu hastal\u0131kta sadece memenin b\u00fcy\u00fck duru\u015fu de\u011fil farkl\u0131 belirtilerde kendini g\u00f6stermektedir. \u0130leri evrede bulunan hastan\u0131n g\u00f6\u011f\u00fcslerinde a\u011fr\u0131 meydana gelmektedir. A\u011fr\u0131n\u0131n yan\u0131 s\u0131ra \u00f6zellikle meme ucundan s\u0131v\u0131 gelmesi de bir ba\u015fka ciddi bir belirti olarak bulunmaktad\u0131r. \u00d6zellikle bu tarz belirtilerin olmas\u0131 acilen doktora ba\u015fvurman\u0131z gerekti\u011fi anlam\u0131na gelmektedir.<\/p>\n<h3>4- Jinekomasti Nas\u0131l Ge\u00e7er?<\/h3>\n<p>Doktorun tedavi s\u00fcrecinde hastal\u0131\u011f\u0131n evresine ba\u011fl\u0131 olarak karar verdi\u011fi g\u00f6r\u00fcl\u00fcr. \u0130lk a\u015famada ila\u00e7 ile birlikte tedavi hedeflenmektedir. Ancak ila\u00e7 kullan\u0131lmas\u0131na ra\u011fmen sonu\u00e7lanmayan durumlarda ameliyat tercih edilir. Ameliyat kesin olarak sonu\u00e7 elde edilmesine yard\u0131mc\u0131 olacakt\u0131r. Estetik cerrah sayesinde ameliyat yap\u0131larak sorun ortadan kald\u0131r\u0131lmaktad\u0131r.<\/p>\n<h3>5- Jinekomasti Ameliyat\u0131 Nedir?<\/h3>\n<p>Erkeklerde ortaya \u00e7\u0131kan hormon hastal\u0131\u011f\u0131, cerrahi operasyon ile tedavi edilmektedir. Bahsedilen bu ameliyat ki\u015finin g\u00f6\u011f\u00fcs \u00e7evresinde at\u0131lan kesiklerden ya\u011flar\u0131n ve fazla dokunun almas\u0131yla ger\u00e7ekle\u015fir. E\u011fer memede ya\u011flanma fazlaysa ameliyat ile birlikte liposak\u015f\u0131n da yap\u0131labilmektedir. Estetik cerrahi operasyonlar\u0131 aras\u0131nda erkeklere \u00f6zel olarak uygulanan bir y\u00f6ntemdir.<\/p>\n<h3>6- Jinekomasti Ameliyat\u0131 Ka\u00e7 Saat S\u00fcrer?<\/h3>\n<p>Ameliyat s\u00fcresi hastan\u0131n durumuna g\u00f6re de\u011fi\u015fiklik g\u00f6sterir. Ortalama olarak operasyonun 2-3 saat s\u00fcrd\u00fc\u011f\u00fc bilinmektedir. Fakat hastan\u0131n ekstra ya\u011f dokusuna ba\u011fl\u0131 olmas\u0131yla birlikte liposak\u015f\u0131n uygulanacaksa tedavi s\u00fcreci uzayabilmektedir. Uzman bir estetik cerrah taraf\u0131ndan operasyon k\u0131sa s\u00fcrede tamamlan\u0131r.<\/p>\n<h3>7- Jinekomasti Ameliyat\u0131 Sonras\u0131 Nelere Dikkat Edilmeli?<\/h3>\n<p>Her ameliyatta oldu\u011fu gibi jinekomasti ameliyat\u0131 sonras\u0131 dikkat edilmesi gerekiyor. B\u00f6lgenin enfeksiyon kapmamas\u0131 ad\u0131na belirli bir m\u00fcddet su de\u011fmemeli. Ameliyattan bir g\u00fcn sonra hastanede kal\u0131nmas\u0131 gerekiyor. Olas\u0131 a\u011fr\u0131lar\u0131 gidermek ad\u0131na doktorun \u00f6nerdi\u011fi ila\u00e7lar sadece tercih edilmeli. Hasta kendi karar\u0131yla ekstra farkl\u0131 ila\u00e7lar kullanmamal\u0131.<\/p>\n<p>Ameliyat sonucunu k\u00f6t\u00fc etkilememesi ad\u0131na g\u00fcne\u015flenmeden uzak durulmal\u0131d\u0131r. Jinekomasti ameliyat\u0131 ge\u00e7tikten ilk bir ay sonraya kadar ani ve a\u011f\u0131r i\u015fler yap\u0131lmamal\u0131. \u00d6zellikle a\u011f\u0131r egzersizlere al\u0131\u015f\u0131k olsan\u0131z dahi uzak durman\u0131zda fayda bulunmaktad\u0131r. B\u00f6ylece ameliyat sonras\u0131 toparlanma olas\u0131l\u0131\u011f\u0131n\u0131z da artacakt\u0131r.<\/p>\n","protected":false},"excerpt":{"rendered":"<p>Jinekomasti sadece erkekleri etkileyen bir hormonsal hastal\u0131kt\u0131r. Normal \u015fartlarda meme b\u00fcy\u00fcmesi kad\u0131nlarda g\u00f6r\u00fclmesi beklenen bir durumdur. Fakat beklenmedik geli\u015fmelere ba\u011fl\u0131 olarak g\u00f6\u011f\u00fcs \u015feklinde b\u00fcy\u00fcme erkeklerde de g\u00f6r\u00fclmektedir. Ba\u015fta utanma yaratan bu durum ilerleyen evrelerden dolay\u0131 ekstra rahats\u0131zl\u0131k yaratt\u0131\u011f\u0131ndan ameliyat ile&#8230;<\/p>\n","protected":false},"author":1,"featured_media":367,"parent":130,"menu_order":0,"comment_status":"closed","ping_status":"closed","template":"templates\/template-right-sidebar.php","meta":{"inline_featured_image":false,"footnotes":""},"class_list":["post-164","page","type-page","status-publish","has-post-thumbnail","hentry"],"_links":{"self":[{"href":"https:\/\/westmodernclinic.com\/tr\/wp-json\/wp\/v2\/pages\/164","targetHints":{"allow":["GET"]}}],"collection":[{"href":"https:\/\/westmodernclinic.com\/tr\/wp-json\/wp\/v2\/pages"}],"about":[{"href":"https:\/\/westmodernclinic.com\/tr\/wp-json\/wp\/v2\/types\/page"}],"author":[{"embeddable":true,"href":"https:\/\/westmodernclinic.com\/tr\/wp-json\/wp\/v2\/users\/1"}],"replies":[{"embeddable":true,"href":"https:\/\/westmodernclinic.com\/tr\/wp-json\/wp\/v2\/comments?post=164"}],"version-history":[{"count":3,"href":"https:\/\/westmodernclinic.com\/tr\/wp-json\/wp\/v2\/pages\/164\/revisions"}],"predecessor-version":[{"id":369,"href":"https:\/\/westmodernclinic.com\/tr\/wp-json\/wp\/v2\/pages\/164\/revisions\/369"}],"up":[{"embeddable":true,"href":"https:\/\/westmodernclinic.com\/tr\/wp-json\/wp\/v2\/pages\/130"}],"wp:featuredmedia":[{"embeddable":true,"href":"https:\/\/westmodernclinic.com\/tr\/wp-json\/wp\/v2\/media\/367"}],"wp:attachment":[{"href":"https:\/\/westmodernclinic.com\/tr\/wp-json\/wp\/v2\/media?parent=164"}],"curies":[{"name":"wp","href":"https:\/\/api.w.org\/{rel}","templated":true}]}}