{"id":159,"date":"2022-11-06T15:56:04","date_gmt":"2022-11-06T15:56:04","guid":{"rendered":"https:\/\/westmodernclinic.com\/estetik-ameliyatlar\/face-fillers\/"},"modified":"2022-12-19T04:08:18","modified_gmt":"2022-12-19T04:08:18","slug":"dolgu","status":"publish","type":"page","link":"https:\/\/westmodernclinic.com\/tr\/estetik-ameliyatlar\/dolgu\/","title":{"rendered":"Dolgu"},"content":{"rendered":"<p><strong><img loading=\"lazy\" decoding=\"async\" class=\"aligncenter size-full wp-image-355\" src=\"https:\/\/westmodernclinic.com\/wp-content\/uploads\/2022\/11\/Dolgu.jpg\" alt=\"\" width=\"1060\" height=\"707\" srcset=\"https:\/\/westmodernclinic.com\/wp-content\/uploads\/2022\/11\/Dolgu.jpg 1060w, https:\/\/westmodernclinic.com\/wp-content\/uploads\/2022\/11\/Dolgu-300x200.jpg 300w, https:\/\/westmodernclinic.com\/wp-content\/uploads\/2022\/11\/Dolgu-1024x683.jpg 1024w, https:\/\/westmodernclinic.com\/wp-content\/uploads\/2022\/11\/Dolgu-768x512.jpg 768w\" sizes=\"auto, (max-width: 1060px) 100vw, 1060px\" \/>Dolgu<\/strong>, ba\u015fta kad\u0131nlar olmak \u00fczere erkekler taraf\u0131ndan uygulanan yayg\u0131n bir estetik uygulamas\u0131d\u0131r. Bahsedilen bu uygulama estetik bir ameliyat de\u011fildir. Aksine enjekt\u00f6rler ile uygulanmaktad\u0131r. \u0130\u011fne yard\u0131m\u0131yla y\u00fczde uygulanmas\u0131 gereken alana malzemeler aktar\u0131lmaktad\u0131r. Aktar\u0131lan bu madde sayesinde ki\u015finin y\u00fcz\u00fcnde istenen y\u00f6nde de\u011fi\u015fim meydana gelmektedir.<\/p>\n<p>Estetik Dolgu Nedir?<br \/>\nAyn\u0131 isimle adland\u0131r\u0131lan bir di\u015f uygulamas\u0131 da bulundu\u011fundan genelde kafa kar\u0131\u015f\u0131kl\u0131\u011f\u0131 yaratabilmektedir. Halbuki estetik b\u00f6l\u00fcmde ger\u00e7ekle\u015fen ve estetik uzman\u0131 taraf\u0131ndan uygulanan bu uygulaman\u0131n kapsam\u0131 \u00e7ok de\u011fi\u015fiktir. Uygulaman\u0131n temel amac\u0131 ki\u015finin y\u00fcz\u00fcnde olu\u015fan kolajen eksikli\u011fine ba\u011fl\u0131 olarak meydana gelen y\u0131k\u0131mlar\u0131 ortadan kald\u0131rmakt\u0131r.<\/p>\n<p>Estetik y\u00f6ntemler aras\u0131nda yer alan bu uygulaman\u0131n ki\u015finin ya\u015f\u0131na ba\u011fl\u0131 olmakla birlikte farkl\u0131 ya\u015flarda yap\u0131ld\u0131\u011f\u0131 g\u00f6r\u00fclmektedir. Sadece ya\u015f\u0131 ilerlemi\u015f ki\u015filer taraf\u0131ndan de\u011fil ayn\u0131 zamanda mimik kullanma, genetik ve g\u00fcne\u015f etkilerine ba\u011fl\u0131 olarak erken ya\u015fta da uygulanabilmektedir. Sadece on sekiz ya\u015f\u0131ndan b\u00fcy\u00fck ki\u015filere uygulanma zorunlulu\u011fu bulunur.<\/p>\n<h3>1- Dolgu Nas\u0131l Yap\u0131l\u0131r?<\/h3>\n<p>Estetik uzman\u0131 taraf\u0131ndan \u00f6nce hastan\u0131n y\u00fcz\u00fc incelenir. Yap\u0131lan bu inceleme sonunda ki\u015finin uygulama yap\u0131lacak b\u00f6lgeleri saptan\u0131r. Doktor ile birlikte hastan\u0131n g\u00f6r\u00fc\u015fleri al\u0131narak uygulama sonunda hedeflenen y\u00fcz hatlar\u0131 belirlenir. Daha sonra uygulama miktar\u0131 belirlenir. Enjekt\u00f6r i\u00e7ine eklenecek malzemeye g\u00f6re g\u00f6r\u00fcn\u00fcm miktar\u0131 de\u011fi\u015fir. Bu y\u00fczden kullan\u0131lacak madde \u00f6nemlidir.<\/p>\n<p>Uzman taraf\u0131ndan sonraki a\u015famada uygulama b\u00f6lgesinde enjekte i\u015flemi ba\u015flat\u0131l\u0131r. \u00d6nce minik dokunu\u015flarla birlikte uygulama yap\u0131lmaktad\u0131r. Anl\u0131k uygulama yanl\u0131\u015f g\u00f6r\u00fcn\u00fcme sebebiyet verebilmektedir. \u0130\u015flem 15-20 dakikada sonlanmaktad\u0131r. Uygulama sonras\u0131 ki\u015fi hemen kendi hayat\u0131na d\u00f6nebilir. Fakat olas\u0131 ekstra \u015fi\u015fkinlikler i\u00e7in buz uygulamas\u0131 yap\u0131lmas\u0131 gerekebilir.<\/p>\n<h3>2- Dolgu Hangi Alanlara Uygulan\u0131r?<\/h3>\n<p>En s\u0131k uygulanan alan y\u00fczd\u00fcr. Y\u00fczde \u015fakaklar, g\u00fcl\u00fc\u015f \u00e7izgisi, \u00e7ene, dudak, al\u0131n ve elmac\u0131k kemiklere uygulama yap\u0131labilmektedir. \u00d6zellikle bu alanlarda ya\u015fl\u0131l\u0131\u011fa ba\u011fl\u0131 olarak k\u0131r\u0131\u015f\u0131kl\u0131klar s\u0131k g\u00f6r\u00fclmektedir. K\u0131r\u0131\u015f\u0131kl\u0131\u011f\u0131 ortadan kald\u0131rmak ad\u0131na uygulanan bu y\u00f6ntem sadece y\u00fcz ile s\u0131n\u0131rl\u0131 de\u011fildir. Bununla birlikte bacak ve kollara da uygulama yap\u0131ld\u0131\u011f\u0131n\u0131 s\u00f6ylemek m\u00fcmk\u00fcn.<\/p>\n<h3>3- Dolgu Ne \u0130\u015fe Yarar?<\/h3>\n<p>Y\u00fczde belirli ya\u015ftan itibaren kolajen \u00fcretimi durur ve azalmaya ba\u015flar. Azalan kolajen ile birlikte y\u00fczde \u00f6zellikle sarkma ve k\u0131r\u0131\u015f\u0131kl\u0131k meydana gelir. K\u0131r\u0131\u015f\u0131kl\u0131klar ki\u015fiyi oldu\u011fundan ya\u015fl\u0131 g\u00f6sterir. Bu y\u00fczden rahats\u0131z olan ki\u015filer bu estetik uygulamay\u0131 yapt\u0131rarak sorunu \u00f6nlemeye \u00e7al\u0131\u015f\u0131r. Yap\u0131lan uygulama ile birlikte k\u0131r\u0131\u015f\u0131kl\u0131k doldurulur.<\/p>\n<p>Sadece k\u0131r\u0131\u015f\u0131kl\u0131k de\u011fil ayn\u0131 zamanda bo\u015fluk bulunan ya da ince bulunan alanlarda da uygulama yap\u0131l\u0131r. \u00c7ene b\u00f6lgesinde \u00f6zellikle g\u00f6r\u00fcnt\u00fcy\u00fc de\u011fi\u015ftirmek i\u00e7in tercih edilir. Dudaklarda ise ince yap\u0131y\u0131 ortadan kald\u0131rmak daha geni\u015f ve b\u00fcy\u00fck dudaklara eri\u015febilmek amac\u0131yla bahsedilen bu uygulama ger\u00e7ekle\u015ftirilmektedir.<\/p>\n<h3>4- Dolgu Ac\u0131t\u0131r m\u0131?<\/h3>\n<p>Enjekt\u00f6r ile yap\u0131lan bir uygulama oldu\u011fu i\u00e7in hasta sadece minik bir s\u0131z\u0131 hissedecektir. Yaln\u0131z bu durum dayan\u0131lmaz bir ac\u0131 de\u011fildir. Tam tersine di\u011fer uygulamalara g\u00f6re olduk\u00e7a normal bir durumdur. Her zaman olmamakla birlikte kimi uygulamalarda b\u00f6lgede lokal anestezi uygulanabilir. Uyu\u015fturan kremler sayesinde hasta hi\u00e7bir \u015fey hissetmez.<\/p>\n<h3>5- Dolgu Sonras\u0131 A\u011fr\u0131 Olu\u015fur mu?<\/h3>\n<p>Uygulama sonras\u0131 a\u011fr\u0131 genelde g\u00f6r\u00fclmemektedir. Alanda sadece minik bir uyu\u015fma ya\u015fanabilir. A\u011fr\u0131dan ziyade normalden fazla bir \u015fi\u015fkinlik g\u00f6r\u00fclebilir. Bu enjekt\u00f6r i\u011fnesinin yaratt\u0131\u011f\u0131 bir durumdur ve olduk\u00e7a normaldir. \u0130lk g\u00fcn uzman taraf\u0131ndan so\u011fuk uygulamas\u0131 \u00f6nerilir. Buz ile birlikte yar\u0131m saatte bir uygulama yapmak \u015fi\u015fkinli\u011fi alarak as\u0131l g\u00f6r\u00fcn\u00fcm\u00fcn ortaya \u00e7\u0131kmas\u0131n\u0131 sa\u011flar.<\/p>\n<h3>6- Uygulama Sonras\u0131 Yan Etki Olu\u015fur mu?<\/h3>\n<p>\u00c7ok yayg\u0131n kullan\u0131lan bir y\u00f6ntem oldu\u011fu i\u00e7in hastalar\u0131n yorumlar\u0131 daha \u00e7ok al\u0131nabilmektedir. Ge\u00e7mi\u015fte bu y\u00f6ntem sonras\u0131 baz\u0131 yan etkiler g\u00f6r\u00fclmekteydi. Ancak g\u00fcn\u00fcm\u00fczde uygulama esnas\u0131nda do\u011fal i\u00e7eriklerin kullan\u0131lmas\u0131 uygulama sonras\u0131nda yan etki \u00e7\u0131kmas\u0131n\u0131 engellemektedir. B\u00f6ylece hasta rahats\u0131z olmadan rahat bir \u015fekilde hayat\u0131na devam etmektedir.<\/p>\n<p>Uygulama esnas\u0131nda kullan\u0131lan kolajen halihaz\u0131rda v\u00fccudun \u00fcretti\u011fi bir maddedir. Bu y\u00fczden uygulama sonras\u0131nda hastan\u0131n yan etki ile kar\u015f\u0131la\u015fmas\u0131 m\u00fcmk\u00fcn de\u011fildir. Genelde uygulama \u00f6ncesinde doktor taraf\u0131ndan hastaya alerji ile ilgili sorular da sorulur. B\u00f6ylece olas\u0131 bir dolgu yan etkisinin kesin olarak \u00f6n\u00fcne ge\u00e7ilmektedir.<\/p>\n<h3>7- Dolgu Fiyatlar\u0131 2022 Bilgisi<\/h3>\n<p>Dolgu fiyatlar\u0131 s\u00fcrekli g\u00fcncellenen bir bilgiye sahiptir. Uygulama yap\u0131lan alandan tutun da uygulamay\u0131 yapan uzmana kadar dolgu \u00fccretleri de\u011fi\u015fecektir. Sa\u011fl\u0131k Bakanl\u0131\u011f\u0131 taraf\u0131ndan belirtilen kurallara g\u00f6re \u00fccret bilgisinin internet sitesinde payla\u015f\u0131lmas\u0131 yasakt\u0131r. Bilginin klinikten ve bizzat doktordan al\u0131nmas\u0131 gerekecektir.<\/p>\n","protected":false},"excerpt":{"rendered":"<p>Dolgu, ba\u015fta kad\u0131nlar olmak \u00fczere erkekler taraf\u0131ndan uygulanan yayg\u0131n bir estetik uygulamas\u0131d\u0131r. Bahsedilen bu uygulama estetik bir ameliyat de\u011fildir. Aksine enjekt\u00f6rler ile uygulanmaktad\u0131r. \u0130\u011fne yard\u0131m\u0131yla y\u00fczde uygulanmas\u0131 gereken alana malzemeler aktar\u0131lmaktad\u0131r. Aktar\u0131lan bu madde sayesinde ki\u015finin y\u00fcz\u00fcnde istenen y\u00f6nde de\u011fi\u015fim&#8230;<\/p>\n","protected":false},"author":1,"featured_media":355,"parent":130,"menu_order":0,"comment_status":"closed","ping_status":"closed","template":"templates\/template-right-sidebar.php","meta":{"inline_featured_image":false,"footnotes":""},"class_list":["post-159","page","type-page","status-publish","has-post-thumbnail","hentry"],"_links":{"self":[{"href":"https:\/\/westmodernclinic.com\/tr\/wp-json\/wp\/v2\/pages\/159","targetHints":{"allow":["GET"]}}],"collection":[{"href":"https:\/\/westmodernclinic.com\/tr\/wp-json\/wp\/v2\/pages"}],"about":[{"href":"https:\/\/westmodernclinic.com\/tr\/wp-json\/wp\/v2\/types\/page"}],"author":[{"embeddable":true,"href":"https:\/\/westmodernclinic.com\/tr\/wp-json\/wp\/v2\/users\/1"}],"replies":[{"embeddable":true,"href":"https:\/\/westmodernclinic.com\/tr\/wp-json\/wp\/v2\/comments?post=159"}],"version-history":[{"count":4,"href":"https:\/\/westmodernclinic.com\/tr\/wp-json\/wp\/v2\/pages\/159\/revisions"}],"predecessor-version":[{"id":745,"href":"https:\/\/westmodernclinic.com\/tr\/wp-json\/wp\/v2\/pages\/159\/revisions\/745"}],"up":[{"embeddable":true,"href":"https:\/\/westmodernclinic.com\/tr\/wp-json\/wp\/v2\/pages\/130"}],"wp:featuredmedia":[{"embeddable":true,"href":"https:\/\/westmodernclinic.com\/tr\/wp-json\/wp\/v2\/media\/355"}],"wp:attachment":[{"href":"https:\/\/westmodernclinic.com\/tr\/wp-json\/wp\/v2\/media?parent=159"}],"curies":[{"name":"wp","href":"https:\/\/api.w.org\/{rel}","templated":true}]}}