{"id":155,"date":"2022-11-06T15:59:05","date_gmt":"2022-11-06T15:59:05","guid":{"rendered":"https:\/\/westmodernclinic.com\/estetik-ameliyatlar\/face-lift\/"},"modified":"2022-12-19T04:08:37","modified_gmt":"2022-12-19T04:08:37","slug":"yuz-gerdirme","status":"publish","type":"page","link":"https:\/\/westmodernclinic.com\/tr\/estetik-ameliyatlar\/yuz-gerdirme\/","title":{"rendered":"Y\u00fcz Gerdirme"},"content":{"rendered":"<p><strong><img loading=\"lazy\" decoding=\"async\" class=\"aligncenter size-full wp-image-361\" src=\"https:\/\/westmodernclinic.com\/wp-content\/uploads\/2022\/11\/Yuz-Gerdirme.jpg\" alt=\"\" width=\"1060\" height=\"707\" srcset=\"https:\/\/westmodernclinic.com\/wp-content\/uploads\/2022\/11\/Yuz-Gerdirme.jpg 1060w, https:\/\/westmodernclinic.com\/wp-content\/uploads\/2022\/11\/Yuz-Gerdirme-300x200.jpg 300w, https:\/\/westmodernclinic.com\/wp-content\/uploads\/2022\/11\/Yuz-Gerdirme-1024x683.jpg 1024w, https:\/\/westmodernclinic.com\/wp-content\/uploads\/2022\/11\/Yuz-Gerdirme-768x512.jpg 768w\" sizes=\"auto, (max-width: 1060px) 100vw, 1060px\" \/>Y\u00fcz gerdirme ameliyat\u0131<\/strong> ilerleyen ya\u015fa ba\u011fl\u0131 olarak y\u00fczde olu\u015fmu\u015f deformasyonun ortadan kald\u0131r\u0131lmas\u0131 i\u00e7in uygulan\u0131r. \u0130leri ya\u015flarda y\u00fczdeki kolajen eksikli\u011fi, fazla mimik kullan\u0131m\u0131 ve g\u00fcne\u015f etkilerinden dolay\u0131 sarkmalar meydana gelir. Olu\u015fan sarkmadan \u00f6t\u00fcr\u00fc derinin a\u015fa\u011f\u0131ya do\u011fru kayd\u0131\u011f\u0131 ya\u015fl\u0131 g\u00f6r\u00fcnt\u00fc ortaya \u00e7\u0131kar. Halbuki ameliyat ile durum tersine \u00e7evrilebilir.<\/p>\n<p>Ki\u015finin her g\u00fcn belki de en \u00e7ok g\u00f6rd\u00fc\u011f\u00fc alanlar\u0131n ba\u015f\u0131nda y\u00fcz\u00fc geliyor. Fakat y\u00fcz seneler i\u00e7erisinde \u00f6zellikle iyi bak\u0131lmad\u0131\u011f\u0131 durumlarda \u00e7ok de\u011fi\u015fir. 25 ya\u015f\u0131ndan itibaren kolajen eksikli\u011fi, genetik etkenler ve g\u00fcne\u015fe maruz kalma ile birlikte ciltteki de\u011fi\u015fim en \u00e7ok y\u00fcz ve boyunda meydana gelir. Sahip oldu\u011funuz g\u00f6r\u00fcn\u00fcm\u00fc de\u011fi\u015ftirmek i\u00e7in bu alanda estetik ameliyat\u0131 olabilirsiniz.<\/p>\n<p>Y\u00fcz Gerdirme Nedir?<br \/>\n<strong>Y\u00fcz gerdirme<\/strong> ad\u0131ndan da anla\u015f\u0131laca\u011f\u0131 \u00fczere y\u00fcz\u00fcn cilt dokusunda olu\u015fturulan de\u011fi\u015fimle cildin daha toplu ve gergin g\u00f6r\u00fclmesini sa\u011flayan y\u00f6ntemdir. Estetik ameliyat kapsam\u0131nda en s\u0131k uygulanan y\u00f6ntemlerden birisidir. \u00c7\u00fcnk\u00fc ya\u015flanmaya ba\u011fl\u0131 olarak en b\u00fcy\u00fck de\u011fi\u015fim ve etkiler y\u00fczde ortaya \u00e7\u0131kar. Ki\u015filerin en \u00e7ok dikkat edilen b\u00f6lgesi de y\u00fcz b\u00f6lgesi oldu\u011funda operasyonlar ger\u00e7ekle\u015fir.<\/p>\n<p>G\u00fcn\u00fcm\u00fczde <strong>y\u00fcz gerdirme ameliyat\u0131<\/strong> ki\u015finin y\u00fcz yap\u0131s\u0131na ba\u011fl\u0131 olarak iki farkl\u0131 \u015fekilde yap\u0131lmaktad\u0131r. Estetik cerrah\u0131n bu noktada yorumu ve hastan\u0131n y\u00fcz\u00fcndeki sarkma durumuna ba\u011fl\u0131 olarak y\u00f6ntem tercih edilir. Ameliyat \u00f6ncesi ve sonras\u0131 hakk\u0131nda bilgi verildikten ve karar verildikten sonra uygulama i\u00e7in ameliyat g\u00fcn\u00fc verilir.<\/p>\n<h3>1- Y\u00fcz Gerdirme Nas\u0131l Yap\u0131l\u0131r?<\/h3>\n<p>\u0130lerleyen ya\u015fa ba\u011fl\u0131 olarak ve a\u015f\u0131r\u0131 g\u00fcne\u015fe maruz kalmadan \u00f6t\u00fcr\u00fc y\u00fczdeki sark\u0131nt\u0131lardan kurtulmak ad\u0131na her ne kadar <strong>y\u00fcz gerdirme<\/strong> cazip gelse de uygulamas\u0131 belirli riskler ta\u015f\u0131r. Her ameliyatta oldu\u011fu gibi bu ameliyat\u0131n da risklerini kabul ederek uygulamaya ge\u00e7ilmesi \u015fartt\u0131r. Uygulama yap\u0131l\u0131rken se\u00e7ilecek y\u00f6nteme ba\u011fl\u0131 olarak yollar izlenir.<\/p>\n<p>E\u011fer ciltte a\u015f\u0131r\u0131 sarkma s\u00f6z konusu de\u011filse endoskop ile uygulama yap\u0131l\u0131r. Sa\u00e7 diplerinden minik kesiler a\u00e7\u0131larak buradan kameralar ile birlikte ciltte gerginlik yarat\u0131l\u0131r. Sarkmalar \u00e7ok y\u00f6nl\u00fc ve geni\u015fse kulak \u00f6n\u00fcnden kulak arkas\u0131na kadar ince kesiler at\u0131l\u0131r. At\u0131lan bu kesiklerin alt\u0131ndan cilt dokular\u0131 gerginle\u015ftirilir. Bu a\u015famada cildin almas\u0131 istenen yap\u0131 da g\u00f6z \u00f6n\u00fcnde bulundurularak tasar\u0131m yap\u0131l\u0131r.<\/p>\n<h3>2- Y\u00fcz Gerdirme Ameliyat\u0131 Kimlere Uygulan\u0131r?<\/h3>\n<p>Orta yeti\u015fkin ya\u015flarda bulunup y\u00fcz\u00fcn\u00fcn g\u00f6r\u00fcn\u00fcm\u00fcnden ho\u015flanmayan neredeyse herkese uygulanabilir. Belirli bir cinsiyete y\u00f6nelik de\u011fildir kad\u0131nlar ba\u015fta olmak \u00fczere erkekler i\u00e7in de uygulanmas\u0131 m\u00fcmk\u00fcn. Belirli sa\u011fl\u0131k sorunu olmayan ki\u015filere uygulanmas\u0131 uygun bulunur. Cerrah taraf\u0131ndan yap\u0131lan incelemeler neticesinde genelde herkese uygulanabilir.<\/p>\n<p>Estetik cerrah y\u00fcz gerdirme ameliyat \u00f6ncesi uygunluk konusunda gerekli ara\u015ft\u0131rmalar\u0131 yapar ve size bu konuda bilgi verir. On sekiz ya\u015f\u0131n\u0131 doldurmu\u015f ve genel bir engel te\u015fkil etmeyen ki\u015filere uygulama sa\u011fl\u0131kl\u0131 bir \u015fekilde ger\u00e7ekle\u015ftirilir.<\/p>\n<h3>3- Y\u00fcz Gerdirme Ameliyat\u0131 Olanlar Nelere Dikkat Etmeli?<\/h3>\n<p>Y\u00fcz i\u00e7in gerdirme ameliyat\u0131 yap\u0131lmadan \u00f6nce ve sonras\u0131nda sigara kullan\u0131m\u0131 \u00f6nerilmez. Sigaran\u0131n sadece ameliyata de\u011fil cildinize y\u00f6nelik de olumsuz etkileri b\u00fcy\u00fckt\u00fcr. Bunlar\u0131n d\u0131\u015f\u0131nda diki\u015fler al\u0131nana kadar du\u015f al\u0131nmas\u0131, su de\u011fmesi yasakt\u0131r. Ayn\u0131 zamanda makyaja da belirli bir m\u00fcddet ara verilmesi gerekiyor.<\/p>\n<p>Cildin ve ameliyat b\u00f6lgesinin en b\u00fcy\u00fck d\u00fc\u015fmanlar\u0131ndan birisi de g\u00fcne\u015f \u0131\u015f\u0131nlar\u0131d\u0131r. Hi\u00e7bir suretle g\u00fcne\u015f \u0131\u015f\u0131nlar\u0131na do\u011frudan maruz kal\u0131nmamal\u0131. Bununla birlikte solaryum ya da hamam gibi nemli ve s\u0131cak ortamlarda da bulunmamas\u0131 gerekiyor. Beslenme d\u00fczenine ne kadar dikkat edilirse ameliyat sonras\u0131 toparlanma h\u0131z\u0131 o denli h\u0131zl\u0131 olacakt\u0131r.<\/p>\n<h3>4- Y\u00fcz\u00fc Gerdirdikten Sonra Tekrar Ameliyat Gerekir mi?<\/h3>\n<p>Ameliyats\u0131z y\u00f6ntemlere g\u00f6re ameliyat ile ger\u00e7ekle\u015fen y\u00fcz ve boyun gerdirme i\u015flemleri daha kal\u0131c\u0131d\u0131r. Ancak her ne kadar ameliyat y\u00fcksek kal\u0131c\u0131l\u0131\u011fa sahip olsa da ki\u015finin ya\u015flanma s\u00fcreci devam etti\u011finden zaman i\u00e7erisinde y\u00fcz bir miktar daha sarkabilir. Bu a\u015famada tekrar ameliyat gerekebilir.<\/p>\n<h3>5- Gerdirme Ameliyat\u0131n\u0131n Kal\u0131c\u0131l\u0131\u011f\u0131 Ne Kadar?<\/h3>\n<p>Y\u00fcz\u00fcn zamanla birlikte de\u011fi\u015fmesinden dolay\u0131 gerdirme ameliyat\u0131 kal\u0131c\u0131l\u0131\u011f\u0131 belirli bir s\u00fcre ile s\u0131n\u0131rl\u0131 kalmaktad\u0131r. Genel itibari ile cilt dokusu \u00fczerinde g\u00fczel bir ameliyat ger\u00e7ekle\u015ftirilirse on y\u0131la kadar ameliyat\u0131n kal\u0131c\u0131l\u0131\u011f\u0131ndan bahsedebilmek m\u00fcmk\u00fcn. Ancak bu a\u015famada do\u011fru bir hekim ve klinik se\u00e7iminde bulunmak gerekir.<\/p>\n<h3>6- Y\u00fcz Gerdirme Fiyatlar\u0131 2022 Bilgisi<\/h3>\n<p><strong>Y\u00fcz gerdirme ameliyat\u0131 fiyatlar\u0131<\/strong> uygulama yap\u0131lan alan ve boyutuna ba\u011fl\u0131 olarak de\u011fi\u015fiklik g\u00f6sterir. E\u011fer gerdirme ile birlikte ba\u015fka uygulamalarda (botoks, dolgu vs.) yap\u0131lacaksa \u00fccret buna g\u00f6re hesaplanmaktad\u0131r. Doktor g\u00f6zetimi dahilinde se\u00e7ilen y\u00f6nteme ba\u011fl\u0131 olarak hastaya fiyat hakk\u0131nda bilgi verilir.<\/p>\n<p>T\u00fcrkiye ba\u015fta olmak \u00fczere yurt d\u0131\u015f\u0131ndan gelen hastalara da estetik cerrahi alan\u0131nda verilecek hizmetlerimiz bulunuyor. E\u011fer siz de cildinizi yeniletmek ve kendinizi daha iyi hissetmek istiyorsan\u0131z mutlaka klini\u011fimize u\u011frayabilirsiniz. Randevu almak i\u00e7in telefonla ileti\u015fime ge\u00e7meniz yeterli olacakt\u0131r.<\/p>\n<p>&nbsp;<\/p>\n","protected":false},"excerpt":{"rendered":"<p>Y\u00fcz gerdirme ameliyat\u0131 ilerleyen ya\u015fa ba\u011fl\u0131 olarak y\u00fczde olu\u015fmu\u015f deformasyonun ortadan kald\u0131r\u0131lmas\u0131 i\u00e7in uygulan\u0131r. \u0130leri ya\u015flarda y\u00fczdeki kolajen eksikli\u011fi, fazla mimik kullan\u0131m\u0131 ve g\u00fcne\u015f etkilerinden dolay\u0131 sarkmalar meydana gelir. Olu\u015fan sarkmadan \u00f6t\u00fcr\u00fc derinin a\u015fa\u011f\u0131ya do\u011fru kayd\u0131\u011f\u0131 ya\u015fl\u0131 g\u00f6r\u00fcnt\u00fc ortaya \u00e7\u0131kar&#8230;.<\/p>\n","protected":false},"author":1,"featured_media":361,"parent":130,"menu_order":0,"comment_status":"closed","ping_status":"closed","template":"templates\/template-right-sidebar.php","meta":{"inline_featured_image":false,"footnotes":""},"class_list":["post-155","page","type-page","status-publish","has-post-thumbnail","hentry"],"_links":{"self":[{"href":"https:\/\/westmodernclinic.com\/tr\/wp-json\/wp\/v2\/pages\/155","targetHints":{"allow":["GET"]}}],"collection":[{"href":"https:\/\/westmodernclinic.com\/tr\/wp-json\/wp\/v2\/pages"}],"about":[{"href":"https:\/\/westmodernclinic.com\/tr\/wp-json\/wp\/v2\/types\/page"}],"author":[{"embeddable":true,"href":"https:\/\/westmodernclinic.com\/tr\/wp-json\/wp\/v2\/users\/1"}],"replies":[{"embeddable":true,"href":"https:\/\/westmodernclinic.com\/tr\/wp-json\/wp\/v2\/comments?post=155"}],"version-history":[{"count":4,"href":"https:\/\/westmodernclinic.com\/tr\/wp-json\/wp\/v2\/pages\/155\/revisions"}],"predecessor-version":[{"id":363,"href":"https:\/\/westmodernclinic.com\/tr\/wp-json\/wp\/v2\/pages\/155\/revisions\/363"}],"up":[{"embeddable":true,"href":"https:\/\/westmodernclinic.com\/tr\/wp-json\/wp\/v2\/pages\/130"}],"wp:featuredmedia":[{"embeddable":true,"href":"https:\/\/westmodernclinic.com\/tr\/wp-json\/wp\/v2\/media\/361"}],"wp:attachment":[{"href":"https:\/\/westmodernclinic.com\/tr\/wp-json\/wp\/v2\/media?parent=155"}],"curies":[{"name":"wp","href":"https:\/\/api.w.org\/{rel}","templated":true}]}}