{"id":149,"date":"2022-11-06T15:54:57","date_gmt":"2022-11-06T15:54:57","guid":{"rendered":"https:\/\/westmodernclinic.com\/estetik-ameliyatlar\/ear-aesthetics\/"},"modified":"2022-12-19T04:08:00","modified_gmt":"2022-12-19T04:08:00","slug":"kulak-estetigi","status":"publish","type":"page","link":"https:\/\/westmodernclinic.com\/tr\/estetik-ameliyatlar\/kulak-estetigi\/","title":{"rendered":"Kulak Esteti\u011fi"},"content":{"rendered":"<p><strong><img loading=\"lazy\" decoding=\"async\" class=\"aligncenter size-full wp-image-349\" src=\"https:\/\/westmodernclinic.com\/wp-content\/uploads\/2022\/11\/Kulak-Estetigi.jpg\" alt=\"\" width=\"1060\" height=\"707\" srcset=\"https:\/\/westmodernclinic.com\/wp-content\/uploads\/2022\/11\/Kulak-Estetigi.jpg 1060w, https:\/\/westmodernclinic.com\/wp-content\/uploads\/2022\/11\/Kulak-Estetigi-300x200.jpg 300w, https:\/\/westmodernclinic.com\/wp-content\/uploads\/2022\/11\/Kulak-Estetigi-1024x683.jpg 1024w, https:\/\/westmodernclinic.com\/wp-content\/uploads\/2022\/11\/Kulak-Estetigi-768x512.jpg 768w\" sizes=\"auto, (max-width: 1060px) 100vw, 1060px\" \/>Kulak esteti\u011fi<\/strong>, kep\u00e7e kulak olarak adland\u0131r\u0131lan g\u00f6r\u00fcn\u00fcmden \u015fikayet\u00e7i olanlara yap\u0131lan ameliyatt\u0131r. Otoplasti olarak da adland\u0131r\u0131lan bu ameliyat\u0131n erken ya\u015flarda da yap\u0131ld\u0131\u011f\u0131 g\u00f6r\u00fcl\u00fcyor. Temelde kep\u00e7e kulak bir hastal\u0131k de\u011fildir. \u00c7\u00fcnk\u00fc ki\u015finin duymas\u0131nda bir engel te\u015fkil etmez. G\u00f6r\u00fcn\u00fcm dolay\u0131s\u0131yla ki\u015fiyi rahats\u0131z eden bir durumdur.<\/p>\n<p>Estetik ameliyatlar\u0131n temel nedeni ki\u015fiyi g\u00f6r\u00fcn\u00fcm a\u00e7\u0131s\u0131ndan rahats\u0131z eden durumlardan kurtulmakt\u0131r. Kep\u00e7e kulak hastal\u0131k olmasa bile g\u00f6r\u00fcnt\u00fc bozuklu\u011fundan dolay\u0131 ki\u015fide psikolojik etki yarat\u0131r. \u00d6zellikle erken ya\u015flarda \u00e7ocuklar\u0131n \u00e7evresinden ald\u0131\u011f\u0131 d\u00f6n\u00fctlerden etkilendi\u011fi g\u00f6r\u00fcl\u00fcr. Doktor taraf\u0131ndan uygun g\u00f6r\u00fcld\u00fc\u011f\u00fc takdirde on sekiz ya\u015f\u0131ndan k\u00fc\u00e7\u00fcklere ve yeti\u015fkinlere cerrahi operasyon yap\u0131l\u0131r.<\/p>\n<h2>Kulak Esteti\u011fi Nedir?<\/h2>\n<p>Halk aras\u0131nda kep\u00e7e kulak olarak adland\u0131r\u0131lan bir kulak g\u00f6r\u00fcn\u00fcm\u00fc mevcuttur. Yelken kulak olarak da adland\u0131r\u0131lan bu g\u00f6r\u00fcn\u00fcm \u00e7o\u011fu zaman rahats\u0131zl\u0131k yarat\u0131r. Ki\u015fi kulaklar\u0131n\u0131 gizlemek i\u00e7in sa\u00e7lar\u0131ndan ya da farkl\u0131 malzemelerden yararlan\u0131r. Yaln\u0131z duruma engel olamad\u0131\u011f\u0131 i\u00e7in kal\u0131c\u0131 sonu\u00e7lar arar. Kulak g\u00f6r\u00fcn\u00fcm\u00fcnde de\u011fi\u015fiklik yaratmak ad\u0131na da <strong>kulak esteti\u011fi<\/strong> uygulanmaktad\u0131r.<\/p>\n<p><strong>Kulak esteti\u011fi<\/strong>, kulaklar\u0131n g\u00f6r\u00fcn\u00fcm\u00fcnde de\u011fi\u015fikli\u011fe neden olan cerrahi bir operasyondur. Di\u011fer estetik ameliyatlar\u0131 ile kar\u015f\u0131la\u015ft\u0131\u011f\u0131nda daha kolay uygulanmaktad\u0131r. Hasta g\u00f6r\u00fcn\u00fcm\u00fcnden rahats\u0131z oldu\u011fu kula\u011f\u0131n\u0131n \u015feklinde istedi\u011fi durumlarda de\u011fi\u015fiklik yaratabilir. B\u00f6ylece var olan kep\u00e7e kulak g\u00f6r\u00fcnt\u00fcs\u00fc ortadan kald\u0131r\u0131lmaktad\u0131r.<\/p>\n<h3>1- Kulak Esteti\u011fi Nas\u0131l Yap\u0131l\u0131r?<\/h3>\n<p>Kulak ameliyat\u0131 olmadan \u00f6nce hasta \u00fczerinde doktor taraf\u0131ndan belirli incelemelerde bulunmaktad\u0131r. Hastan\u0131n genel sa\u011fl\u0131k durumu e\u011fer ameliyata engel de\u011filse planlama a\u015famas\u0131na ge\u00e7ilir. Planlama a\u015famas\u0131nda hastan\u0131n kula\u011f\u0131nda sahip olmak istedi\u011fi g\u00f6r\u00fcn\u00fcm hakk\u0131nda konu\u015fulmaktad\u0131r. Kep\u00e7e kulak durumunun yaratt\u0131\u011f\u0131 etkiler g\u00f6zlemlenerek ameliyat \u00f6ncesi kesinlik sa\u011flan\u0131r.<\/p>\n<p>Estetik cerrah taraf\u0131ndan yap\u0131lacak <strong>kulak esteti\u011fi<\/strong>, kula\u011f\u0131n arka k\u0131sm\u0131ndan yap\u0131lan kesiler sayesinde ger\u00e7ekle\u015fir. Kulak arkas\u0131na at\u0131lan kesiklerden sonra kula\u011fa istenen \u015fekilde verilir. \u015eekil verilirken gerekirse fazla doku da v\u00fccuttan al\u0131n\u0131r. Kula\u011f\u0131n i\u015flevselli\u011fine zarar vermeden yap\u0131lan bu ameliyat sonras\u0131 g\u00f6r\u00fcn\u00fcmde 1-2 hafta sonra kesin sonu\u00e7lar elde edilir.<\/p>\n<h3>2- Kulak Ameliyat\u0131 Ne Kadar S\u00fcrer?<\/h3>\n<p>Estetik ameliyatlar aras\u0131nda en k\u0131sa s\u00fcrede tamamlanan ameliyat t\u00fcr\u00fcd\u00fcr. Hastan\u0131n dokular\u0131 ve organ\u0131yla alakal\u0131 bir de\u011fi\u015fiklik yap\u0131lmad\u0131\u011f\u0131 m\u00fcddet\u00e7e ameliyat k\u0131sa s\u00fcrede sonlan\u0131r. Uzman\u0131n sahip oldu\u011fu deneyim ile birlikte yakla\u015f\u0131k olarak 1-2 saat i\u00e7erisinde operasyon biter. Genel anestezi ile uygulanabildi\u011fi gibi lokal anestezi uygulamalar\u0131 da g\u00f6r\u00fcl\u00fcr. Fakat bu durum operasyon s\u00fcresine etki etmez.<\/p>\n<h3>3- Kep\u00e7e Kulak Ameliyat\u0131 Riskli mi?<\/h3>\n<p>Her ameliyat\u0131n kendi i\u00e7erisinde farkl\u0131 risk oranlar\u0131 mevcuttur. Fakat bahsedilen bu ameliyatta ki\u015finin sa\u011fl\u0131ksal bir sorunu olmad\u0131\u011f\u0131 i\u00e7in sadece \u015fekilsel de\u011fi\u015fime gidilir. Kulak i\u00e7ine ve di\u011fer dokulara m\u00fcdahale edilmedi\u011fi i\u00e7in risk oran\u0131 en d\u00fc\u015f\u00fck olan ameliyatlardan birisidir. Genel anestezi uyguland\u0131\u011f\u0131 takdirde sadece ameliyat sonras\u0131 ekstra dikkatli olmak gerekecektir. Doktor taraf\u0131ndan konu hakk\u0131nda bilgilendirme yap\u0131l\u0131r.<\/p>\n<h3>4- Kulak Esteti\u011fi Ya\u015f S\u0131n\u0131r\u0131 Nedir?<\/h3>\n<p>Normalde estetik ameliyatlar konusunda on sekiz ya\u015f s\u0131n\u0131r\u0131 bulunmaktad\u0131r. Ancak <strong>kulak esteti\u011fi<\/strong> s\u00f6z konusu oldu\u011funda doktorun kendi tercihine de ba\u011fl\u0131 olarak on sekiz ya\u015f\u0131ndan k\u00fc\u00e7\u00fcklere bu ameliyat yap\u0131labilir. \u00d6zellikle erken ya\u015flarda (5 ya\u015f gibi) ameliyat yap\u0131ld\u0131\u011f\u0131nda \u00e7ocukluk d\u00f6nemindeki olumsuz psikolojinin \u00f6n\u00fcne ge\u00e7ilmektedir.<\/p>\n<h3>5- Kep\u00e7e Kulak Ameliyat\u0131 Yorumlar\u0131 Nelerdir?<\/h3>\n<p>Genelde kulak ameliyat\u0131 hakk\u0131nda yap\u0131lan yorumlar\u0131n tamam\u0131 olumlu y\u00f6nde ger\u00e7ekle\u015fmektedir. \u00d6zellikle ilk defa estetik ameliyat olacak ki\u015filerin korkusu bulunsa da deneyim sahibi olanlar taraf\u0131ndan \u00f6neriler gelmektedir. Di\u011fer ameliyatlara nazaran daha kolay ameliyat ve toparlanma s\u00fcreci oldu\u011fundan yap\u0131lmas\u0131 \u00f6nerilir.<\/p>\n<p>Toplum i\u00e7erisinde sadece yeti\u015fkinleri de\u011fil \u00f6zellikle \u00e7ocuklar\u0131n akran zorbal\u0131\u011f\u0131ndan dolay\u0131 olumsuz etkilendi\u011fi bu durum kar\u015f\u0131s\u0131nda ameliyat \u00f6neriliyor. K\u0131sa s\u00fcrede yap\u0131lan operasyon ile \u00e7ocu\u011funuzun ya da kendi hayat\u0131n\u0131z \u00fczerinde olumsuz t\u00fcm yorumlar\u0131 etkileyebilirsiniz. Do\u011fru bir doktor se\u00e7imiyle sahip oldu\u011funuz olumsuz g\u00f6r\u00fcnt\u00fcden siz de kurtulabilirsiniz.<\/p>\n<h3>6- Kulak Ameliyat\u0131 Sonras\u0131 Nelere Dikkat Edilmeli?<\/h3>\n<p>Her ameliyatta oldu\u011fu <strong>kulak esteti\u011fi sonras\u0131<\/strong> dikkat edilmesi gerekenler mevcuttur. Genel anestezi ile ameliyat olunduysa hastan\u0131n bir g\u00fcn hastanede kalmas\u0131 gerekir. Daha sonra anestezi etkisinin ge\u00e7mesiyle biraz a\u011fr\u0131 hissedilebilir. Bu esnada doktor taraf\u0131ndan \u00f6nerilen ila\u00e7lar kullan\u0131lmal\u0131d\u0131r. Kulak ve \u00e7evresinde su de\u011fmemeli, ekstra bir \u00fcr\u00fcn de uygulanmamal\u0131d\u0131r.<\/p>\n<p>7- Kulak Esteti\u011fi Fiyatlar\u0131<br \/>\n<strong>Kulak esteti\u011fi fiyatlar\u0131<\/strong> uygulama yapan klinik ve doktora ba\u011fl\u0131 olarak de\u011fi\u015fim g\u00f6sterir. Normal \u015fartlarda internet \u00fczerinden kulak esteti\u011fi dahil olmak \u00fczere di\u011fer uygulamalar\u0131n \u00fccretlerinin payla\u015f\u0131lmas\u0131 yasakt\u0131r. G\u00fcncel fiyatlar hakk\u0131nda bilgi sahibi olabilmek i\u00e7in \u0130stanbul\u2019da yer alan klini\u011fimize u\u011frayarak bilgi sahibi olabilirsiniz.<\/p>\n","protected":false},"excerpt":{"rendered":"<p>Kulak esteti\u011fi, kep\u00e7e kulak olarak adland\u0131r\u0131lan g\u00f6r\u00fcn\u00fcmden \u015fikayet\u00e7i olanlara yap\u0131lan ameliyatt\u0131r. Otoplasti olarak da adland\u0131r\u0131lan bu ameliyat\u0131n erken ya\u015flarda da yap\u0131ld\u0131\u011f\u0131 g\u00f6r\u00fcl\u00fcyor. Temelde kep\u00e7e kulak bir hastal\u0131k de\u011fildir. \u00c7\u00fcnk\u00fc ki\u015finin duymas\u0131nda bir engel te\u015fkil etmez. G\u00f6r\u00fcn\u00fcm dolay\u0131s\u0131yla ki\u015fiyi rahats\u0131z eden&#8230;<\/p>\n","protected":false},"author":1,"featured_media":349,"parent":130,"menu_order":0,"comment_status":"closed","ping_status":"closed","template":"templates\/template-right-sidebar.php","meta":{"inline_featured_image":false,"footnotes":""},"class_list":["post-149","page","type-page","status-publish","has-post-thumbnail","hentry"],"_links":{"self":[{"href":"https:\/\/westmodernclinic.com\/tr\/wp-json\/wp\/v2\/pages\/149","targetHints":{"allow":["GET"]}}],"collection":[{"href":"https:\/\/westmodernclinic.com\/tr\/wp-json\/wp\/v2\/pages"}],"about":[{"href":"https:\/\/westmodernclinic.com\/tr\/wp-json\/wp\/v2\/types\/page"}],"author":[{"embeddable":true,"href":"https:\/\/westmodernclinic.com\/tr\/wp-json\/wp\/v2\/users\/1"}],"replies":[{"embeddable":true,"href":"https:\/\/westmodernclinic.com\/tr\/wp-json\/wp\/v2\/comments?post=149"}],"version-history":[{"count":3,"href":"https:\/\/westmodernclinic.com\/tr\/wp-json\/wp\/v2\/pages\/149\/revisions"}],"predecessor-version":[{"id":351,"href":"https:\/\/westmodernclinic.com\/tr\/wp-json\/wp\/v2\/pages\/149\/revisions\/351"}],"up":[{"embeddable":true,"href":"https:\/\/westmodernclinic.com\/tr\/wp-json\/wp\/v2\/pages\/130"}],"wp:featuredmedia":[{"embeddable":true,"href":"https:\/\/westmodernclinic.com\/tr\/wp-json\/wp\/v2\/media\/349"}],"wp:attachment":[{"href":"https:\/\/westmodernclinic.com\/tr\/wp-json\/wp\/v2\/media?parent=149"}],"curies":[{"name":"wp","href":"https:\/\/api.w.org\/{rel}","templated":true}]}}