{"id":146,"date":"2022-11-06T15:54:18","date_gmt":"2022-11-06T15:54:18","guid":{"rendered":"https:\/\/westmodernclinic.com\/estetik-ameliyatlar\/breast-implant\/"},"modified":"2022-12-19T04:07:43","modified_gmt":"2022-12-19T04:07:43","slug":"meme-implanti","status":"publish","type":"page","link":"https:\/\/westmodernclinic.com\/tr\/estetik-ameliyatlar\/meme-implanti\/","title":{"rendered":"Meme \u0130mplant\u0131"},"content":{"rendered":"<p><strong><img loading=\"lazy\" decoding=\"async\" class=\"aligncenter size-full wp-image-343\" src=\"https:\/\/westmodernclinic.com\/wp-content\/uploads\/2022\/11\/Meme-Implanti.jpg\" alt=\"\" width=\"1060\" height=\"707\" srcset=\"https:\/\/westmodernclinic.com\/wp-content\/uploads\/2022\/11\/Meme-Implanti.jpg 1060w, https:\/\/westmodernclinic.com\/wp-content\/uploads\/2022\/11\/Meme-Implanti-300x200.jpg 300w, https:\/\/westmodernclinic.com\/wp-content\/uploads\/2022\/11\/Meme-Implanti-1024x683.jpg 1024w, https:\/\/westmodernclinic.com\/wp-content\/uploads\/2022\/11\/Meme-Implanti-768x512.jpg 768w\" sizes=\"auto, (max-width: 1060px) 100vw, 1060px\" \/>Meme implant\u0131<\/strong>, k\u00fc\u00e7\u00fck g\u00f6\u011f\u00fcsten \u015fikayet\u00e7i olanlar\u0131n tercih edece\u011fi bir ameliyatt\u0131r. K\u00fc\u00e7\u00fck meme yap\u0131s\u0131 ki\u015fiyi psikolojik olarak rahats\u0131z eder. \u00d6zellikle kad\u0131nlar\u0131n \u00f6nem verdi\u011fi bu g\u00f6r\u00fcn\u00fcm i\u00e7in meme b\u00fcy\u00fctme ameliyat\u0131 olmas\u0131 gerekir. Estetik cerrahlar taraf\u0131ndan \u00e7ok s\u0131k uygulanan bir y\u00f6ntem oldu\u011fu\u00a0 i\u00e7in \u00e7ok basit bir \u015fekilde uygulanmaktad\u0131r.<\/p>\n<p>Meme \u0130mplant\u0131 Ne \u0130\u015fe Yarar?<br \/>\nGenel itibari ile <strong>meme implant\u0131<\/strong>, silikon yap\u0131s\u0131ndaki malzemeler ile memenin b\u00fcy\u00fct\u00fclmesidir. Do\u011fu\u015ftan ya da ya\u015fama ba\u011fl\u0131 olarak k\u00fc\u00e7\u00fck g\u00f6\u011f\u00fcsl\u00fc olan kad\u0131nlar i\u00e7in uygulan\u0131r. Kilo al\u0131p kilo veren, bebek emziren ya da do\u011fu\u015ftan k\u00fc\u00e7\u00fck g\u00f6\u011f\u00fcs formundan rahats\u0131z olan kad\u0131nlar\u0131n modunu y\u00fckseltir. Memenin b\u00fcy\u00fcmesi ile birlikte istenen g\u00f6\u011f\u00fcs boyutlar\u0131na eri\u015fim sa\u011flan\u0131r.<\/p>\n<h3>1- Meme \u0130mplant\u0131 Nas\u0131l Yap\u0131l\u0131yor?<\/h3>\n<p>Hasta ile doktor g\u00f6r\u00fc\u015ft\u00fckten sonra operasyon i\u00e7in karar verilir. Operasyon karar a\u015famas\u0131nda kullan\u0131lacak meme implant\u0131 boyutu se\u00e7ilir. Ameliyat s\u0131ras\u0131nda g\u00f6\u011f\u00fcs alt\u0131ndan, meme ucundan ya da koltuk alt\u0131ndan kesi at\u0131l\u0131r. 4-5 cm boyutundaki kesiklerden silikonlar yerle\u015ftirilir. Fakat g\u00f6\u011f\u00fcs dokusuna de\u011fil kas b\u00f6l\u00fcm\u00fcne yerle\u015ftirilmektedir.<\/p>\n<h3>2- Silikon Memenin \u00d6mr\u00fc Ne Kadar?<\/h3>\n<p>Silikon ile yap\u0131lan meme b\u00fcy\u00fctme ameliyatlar\u0131n kal\u0131c\u0131l\u0131\u011f\u0131 di\u011fer y\u00f6ntemlere g\u00f6re daha fazlad\u0131r. Fakat silikonun deri alt\u0131ndaki \u00f6mr\u00fc de k\u0131s\u0131tl\u0131d\u0131r. E\u011fer meme b\u00fcy\u00fctme ameliyat\u0131 olduysan\u0131z silikonlar\u0131 10-12 y\u0131l i\u00e7erisinde yeniletmeniz gerekebilir. S\u00fcre hastan\u0131n durumuna ba\u011fl\u0131 olarak de\u011fi\u015fiklik g\u00f6sterecektir. Doktor taraf\u0131ndan detayl\u0131 bilgi ameliyat \u00f6ncesi iletilmektedir.<\/p>\n<h3>3- Silikon Memede Dalgalanma Olu\u015fur mu?<\/h3>\n<p>G\u00f6\u011f\u00fcs dokusuna eklenecek olan silikondan dolay\u0131 dalgalanma korkusu hastalarda olu\u015fur. Fakat bu yersiz bir korkudur. Estetik alanda geli\u015fen T\u00fcrkiye\u2019de silikonun dalgalanmas\u0131 neredeyse imk\u00e2ns\u0131zd\u0131r. Ancak m\u00fckemmele yak\u0131n sonucu elde edebilmek i\u00e7in doktor se\u00e7imi \u00f6nemlidir. Uzman bilgisi ve deneyimi ne kadar y\u00fcksekse elle dokunuldu\u011funda dahi silikon hissedilmeyecektir.<\/p>\n<p>Dalgalanma olu\u015fma durumu \u00e7o\u011funlukla silikon kalitesine ba\u011fl\u0131 olarak da olu\u015fmaktad\u0131r. Kullan\u0131lacak silikonun yap\u0131s\u0131 ve kalitesi ne kadar iyiyse buna ba\u011fl\u0131 olarak ameliyatta en iyi \u015fekilde sonu\u00e7lanmaktad\u0131r. Hastan\u0131n <strong>meme implant\u0131 ameliyat<\/strong> \u00f6ncesi silikonlar hakk\u0131nda bilgi edinmesi gerekmektedir. Estetik cerrah taraf\u0131ndan bu konuda bilgi aktar\u0131m\u0131 yap\u0131l\u0131r.<\/p>\n<h3>4- Silikon Meme Elle Hissedilir mi?<\/h3>\n<p>Hastalar\u0131n uygulanan ameliyat sonras\u0131 silikonun hissedilmemesini istedi\u011fi bilinmektedir. Bu a\u015famada silikon \u00fcretici firmalar\u0131 ekstra mesai harcayarak \u00e7al\u0131\u015fmaktad\u0131r. Hastan\u0131n ve doktorun memnuniyetini artt\u0131rmak ad\u0131na daha iyi silikonlar g\u00fcn ge\u00e7tik\u00e7e \u00fcretilmektedir. \u00dcretilen silikon kalitesi d\u0131\u015f\u0131nda doktor ve hastan\u0131n da i\u015fbirli\u011fi ile birlikte ameliyat iyi sonu\u00e7lan\u0131r. \u0130yi sonu\u00e7lanan ameliyat sonras\u0131 silikon hissedilmez.<\/p>\n<h3>5- Kimler Meme \u0130mplant\u0131 Olabilir?<\/h3>\n<p>Meme b\u00fcy\u00fctme ameliyat\u0131 olmak isteyenlerin temel ortak noktas\u0131 k\u00fc\u00e7\u00fck meme boyutundan rahats\u0131z olan ki\u015filerdir. \u00d6zellikle hamilelik sonras\u0131 ve ileri ya\u015ftaki bireylerin tercih etti\u011fi g\u00f6r\u00fclmektedir. K\u00fc\u00e7\u00fck g\u00f6\u011f\u00fcslerin istenen v\u00fccut yap\u0131s\u0131n\u0131 elde etmede sorun yaratmas\u0131ndan dolay\u0131 ameliyat tercihinde bulunulmaktad\u0131r.<\/p>\n<p>Genellikle <strong>meme implant\u0131 ameliyat\u0131<\/strong> neredeyse herkes taraf\u0131ndan olunabilir. Fakat yak\u0131n zamanda hamilelik plan\u0131 olan kad\u0131nlar\u0131n tercih etmemesi gerekir. Emzirme d\u00f6neminde hastaya sorun yaratabilece\u011finden hamilelik sonras\u0131 yap\u0131lmas\u0131 \u00f6nerilmektedir. Bununla birlikte on sekiz ya\u015f\u0131n alt\u0131ndaki hastalara meme b\u00fcy\u00fctme ameliyat\u0131 ger\u00e7ekle\u015ftirilmez.<\/p>\n<h3>6- G\u00f6\u011fs\u00fcne Silikon Yapt\u0131ranlar\u0131n Yorumlar\u0131 Nas\u0131l?<\/h3>\n<p>Kad\u0131nlar\u0131n meme b\u00fcy\u00fctme ameliyat\u0131 sonras\u0131 ilk birka\u00e7 ay ameliyattan dolay\u0131 toparlanmak zor olsa da uzun vadede memnun olduklar\u0131 g\u00f6r\u00fcl\u00fcyor. Ba\u015fta fiziksel anlamda ki\u015filerin kendini iyi hissetti\u011fi apa\u00e7\u0131k bir ger\u00e7ektir. Bu fiziksel de\u011fi\u015fim, psikolojik anlamda da ki\u015fiyi olumlu etkilemektedir.<\/p>\n<p>Ayn\u0131 zamanda <strong>meme implant\u0131<\/strong> olan hastalar\u0131n doktor ve klinik se\u00e7iminde dikkatli olunmas\u0131 gerekti\u011fine dair yorumlar\u0131 mevcuttur. Her ne kadar bir\u00e7ok hasta olumlu yorumda bulunsa da yanl\u0131\u015f doktor se\u00e7imine ba\u011fl\u0131 olarak memnun olmayanlar da mevcuttur. S\u0131rf bu y\u00fczden istenen g\u00f6r\u00fcn\u00fcme sahip olmak isteyenlerin iyi bir ara\u015ft\u0131rma yaparak doktor se\u00e7mesi gerekiyor.<\/p>\n<h3>7- Silikon Memenin Fiyatlar\u0131 2022 Bilgisi<\/h3>\n<p>Protez memenin fiyatlar\u0131 uygulanacak protezin b\u00fcy\u00fckl\u00fc\u011f\u00fcne ba\u011fl\u0131 olarak de\u011fi\u015fiklik g\u00f6sterir. Ayn\u0131 zamanda doktor\/klinik se\u00e7imine ba\u011fl\u0131 olarak da farkl\u0131la\u015facakt\u0131r. Burada hastalar\u0131n iyi cerrahlar\u0131 ara\u015ft\u0131rarak karar vermesi gerekiyor. Doktor ile yap\u0131lacak g\u00f6r\u00fc\u015fme sonras\u0131nda <strong>meme implant\u0131 fiyat<\/strong> bilgisi de daha net \u015fekilde al\u0131nacakt\u0131r.<\/p>\n<p>G\u00f6\u011f\u00fcs yap\u0131n\u0131zdan memnun de\u011filseniz, <strong>meme implant\u0131<\/strong> ameliyat\u0131 i\u00e7in klini\u011fimize gelebilirsiniz. Sadece T\u00fcrkiye de\u011fil, yurt d\u0131\u015f\u0131nda bulunan hastalara da hizmet veren klini\u011fimiz \u0130stanbul\u2019da bulunuyor. K\u0131sa s\u00fcrede randevu alarak istedi\u011finiz estetik ameliyat\u0131 konusunda bilgi alabilirsiniz. Doktor g\u00f6zetiminde inceleme yapt\u0131rarak kendinize uygun silikon ve ameliyat konusunda karar verebilirsiniz.<\/p>\n","protected":false},"excerpt":{"rendered":"<p>Meme implant\u0131, k\u00fc\u00e7\u00fck g\u00f6\u011f\u00fcsten \u015fikayet\u00e7i olanlar\u0131n tercih edece\u011fi bir ameliyatt\u0131r. K\u00fc\u00e7\u00fck meme yap\u0131s\u0131 ki\u015fiyi psikolojik olarak rahats\u0131z eder. \u00d6zellikle kad\u0131nlar\u0131n \u00f6nem verdi\u011fi bu g\u00f6r\u00fcn\u00fcm i\u00e7in meme b\u00fcy\u00fctme ameliyat\u0131 olmas\u0131 gerekir. Estetik cerrahlar taraf\u0131ndan \u00e7ok s\u0131k uygulanan bir y\u00f6ntem oldu\u011fu\u00a0 i\u00e7in&#8230;<\/p>\n","protected":false},"author":1,"featured_media":343,"parent":130,"menu_order":0,"comment_status":"closed","ping_status":"closed","template":"templates\/template-right-sidebar.php","meta":{"inline_featured_image":false,"footnotes":""},"class_list":["post-146","page","type-page","status-publish","has-post-thumbnail","hentry"],"_links":{"self":[{"href":"https:\/\/westmodernclinic.com\/tr\/wp-json\/wp\/v2\/pages\/146","targetHints":{"allow":["GET"]}}],"collection":[{"href":"https:\/\/westmodernclinic.com\/tr\/wp-json\/wp\/v2\/pages"}],"about":[{"href":"https:\/\/westmodernclinic.com\/tr\/wp-json\/wp\/v2\/types\/page"}],"author":[{"embeddable":true,"href":"https:\/\/westmodernclinic.com\/tr\/wp-json\/wp\/v2\/users\/1"}],"replies":[{"embeddable":true,"href":"https:\/\/westmodernclinic.com\/tr\/wp-json\/wp\/v2\/comments?post=146"}],"version-history":[{"count":4,"href":"https:\/\/westmodernclinic.com\/tr\/wp-json\/wp\/v2\/pages\/146\/revisions"}],"predecessor-version":[{"id":744,"href":"https:\/\/westmodernclinic.com\/tr\/wp-json\/wp\/v2\/pages\/146\/revisions\/744"}],"up":[{"embeddable":true,"href":"https:\/\/westmodernclinic.com\/tr\/wp-json\/wp\/v2\/pages\/130"}],"wp:featuredmedia":[{"embeddable":true,"href":"https:\/\/westmodernclinic.com\/tr\/wp-json\/wp\/v2\/media\/343"}],"wp:attachment":[{"href":"https:\/\/westmodernclinic.com\/tr\/wp-json\/wp\/v2\/media?parent=146"}],"curies":[{"name":"wp","href":"https:\/\/api.w.org\/{rel}","templated":true}]}}