{"id":143,"date":"2022-11-06T15:53:40","date_gmt":"2022-11-06T15:53:40","guid":{"rendered":"https:\/\/westmodernclinic.com\/estetik-ameliyatlar\/breast-aesthetics\/"},"modified":"2022-12-19T04:07:15","modified_gmt":"2022-12-19T04:07:15","slug":"meme-ameliyatlari","status":"publish","type":"page","link":"https:\/\/westmodernclinic.com\/tr\/estetik-ameliyatlar\/meme-ameliyatlari\/","title":{"rendered":"Meme Ameliyatlar\u0131"},"content":{"rendered":"<p><strong><img loading=\"lazy\" decoding=\"async\" class=\"aligncenter size-full wp-image-337\" src=\"https:\/\/westmodernclinic.com\/wp-content\/uploads\/2022\/11\/Meme-Ameliyatlari.jpg\" alt=\"\" width=\"1060\" height=\"707\" srcset=\"https:\/\/westmodernclinic.com\/wp-content\/uploads\/2022\/11\/Meme-Ameliyatlari.jpg 1060w, https:\/\/westmodernclinic.com\/wp-content\/uploads\/2022\/11\/Meme-Ameliyatlari-300x200.jpg 300w, https:\/\/westmodernclinic.com\/wp-content\/uploads\/2022\/11\/Meme-Ameliyatlari-1024x683.jpg 1024w, https:\/\/westmodernclinic.com\/wp-content\/uploads\/2022\/11\/Meme-Ameliyatlari-768x512.jpg 768w\" sizes=\"auto, (max-width: 1060px) 100vw, 1060px\" \/>Meme ameliyatlar\u0131<\/strong> hastan\u0131n rahats\u0131z oldu\u011fu ve de\u011fi\u015fiklik istedi\u011fi duruma ba\u011fl\u0131 olarak uygulanan cerrahi operasyonlard\u0131r. Meme \u00fczerinde yap\u0131lan estetik ameliyatlar\u0131n i\u00e7eri\u011fi g\u00fcn\u00fcm\u00fczde \u00e7ok de\u011fi\u015fiklik g\u00f6sterir. \u00dc\u00e7 farkl\u0131 uygulama y\u00f6nteminin uyguland\u0131\u011f\u0131 bu ameliyatta tamamen hastan\u0131n sahip oldu\u011fu meme yap\u0131s\u0131na ba\u011fl\u0131 olarak hareket edilmektedir.<\/p>\n<p>Estetik cerrahlar taraf\u0131ndan ger\u00e7ekle\u015ftirilen <strong>meme ameliyatlar\u0131<\/strong>, uygulanacak y\u00f6nteme ba\u011fl\u0131 olarak uzunluk konusunda de\u011fi\u015fiklik g\u00f6sterir. Sadece ameliyat s\u00fcresi de\u011fil uygulama y\u00f6ntemlerinde de farkl\u0131l\u0131klar s\u00f6z konusudur. Ger\u00e7ekle\u015fecek ameliyata karar verildikten sonra uzman taraf\u0131ndan hastaya bilgi verilir.<\/p>\n<h2>Meme Ameliyatlar\u0131 Nelerdir ve Nas\u0131l Uygulan\u0131r?<\/h2>\n<p>Hastan\u0131n do\u011fu\u015ftan sahip oldu\u011fu g\u00f6\u011f\u00fcs formu zaman i\u00e7erisinde de\u011fi\u015fime u\u011frar. Olu\u015fan deformasyon ile birlikte g\u00f6r\u00fcn\u00fcmden ho\u015flanmayan hastan\u0131n ameliyat ile de\u011fi\u015fiklik yapmas\u0131 m\u00fcmk\u00fcnd\u00fcr. \u00d6zellikle hamilelik ve ya\u015flanmaya ba\u011fl\u0131 olan g\u00f6\u011f\u00fcs sarkmalar\u0131ndan kurtulmak ad\u0131na g\u00fcn\u00fcm\u00fczde <strong>meme ameliyatlar\u0131<\/strong> s\u0131k s\u0131k yap\u0131lmaktad\u0131r.<\/p>\n<h3>1- Meme Ameliyatlar\u0131 Ka\u00e7a Ayr\u0131l\u0131r?<\/h3>\n<p>T\u00fcrkiye\u2019de estetik alan\u0131n\u0131n geli\u015fmesi ile birlikte yurt d\u0131\u015f\u0131ndan da hastalar klinikte kabul edilmektedir. Hastalar\u0131n tercih etti\u011fi ameliyatlar tek y\u00f6nl\u00fc de\u011fildir. Tam tersine g\u00f6\u011f\u00fcs formunda de\u011fi\u015fim yaratmak ad\u0131na \u00fc\u00e7 farkl\u0131 ameliyattan s\u00f6z edilebilmektedir. Bu \u00fc\u00e7 ameliyat; meme b\u00fcy\u00fctme, meme k\u00fc\u00e7\u00fcltme ve meme dikle\u015ftirme olarak yer al\u0131yor.<\/p>\n<h3>2- Meme Ameliyat\u0131 Nas\u0131l Yap\u0131l\u0131r?<\/h3>\n<p>Ameliyat yap\u0131m\u0131 tercih edilecek y\u00f6nteme g\u00f6re de\u011fi\u015fiklik g\u00f6sterir. E\u011fer meme k\u00fc\u00e7\u00fcltme ameliyat\u0131 olunacaksa hastan\u0131n meme ucundan alt birle\u015fim noktas\u0131na kadar kesik at\u0131l\u0131r. Bu kesik a\u00e7\u0131ld\u0131ktan sonra g\u00f6\u011f\u00fcs dokusunda fazla olan k\u0131s\u0131m al\u0131n\u0131r. Ayn\u0131 zamanda fazla derilerinde al\u0131nmas\u0131yla diki\u015f at\u0131larak ameliyat tamamlan\u0131r.<\/p>\n<p>Meme dikle\u015ftirme ameliyat\u0131nda sadece sark\u0131k duran memenin duru\u015funda de\u011fi\u015fim yap\u0131l\u0131r. Bunun i\u00e7in meme ucundan alt k\u0131sma do\u011fru kesik a\u00e7\u0131l\u0131r. Memenin daha dik durabilmesi i\u00e7in \u015fekli de\u011fi\u015ftirilir. Sark\u0131kl\u0131k e\u011fer b\u00fcy\u00fck memeden kaynakl\u0131ysa meme k\u00fc\u00e7\u00fcltme ameliyat\u0131 da ayn\u0131 zamanda ger\u00e7ekle\u015ftirilir.<\/p>\n<p><strong>Meme ameliyatlar\u0131<\/strong> aras\u0131nda son olarak meme b\u00fcy\u00fctme ameliyat\u0131 bulunur. Di\u011fer meme ameliyatlar\u0131 ile k\u0131yasland\u0131\u011f\u0131nda uygulanmas\u0131 \u00e7ok daha farkl\u0131d\u0131r. G\u00f6\u011f\u00fcs dokusuna zarar vermeden implant eklenir. G\u00f6\u011f\u00fcs formu b\u00f6ylece daha b\u00fcy\u00fck bir hale getirilmektedir.<\/p>\n<h3>3&#8211; Memeleri K\u00fc\u00e7\u00fcltme Ameliyat\u0131 Sonras\u0131 Nelere Dikkat Edilmeli?<\/h3>\n<p>E\u011fer g\u00f6\u011f\u00fcslerinizde k\u00fc\u00e7\u00fcltme ameliyat\u0131 olduysan\u0131z t\u00fcm meme ameliyat\u0131nda oldu\u011fu gibi baz\u0131 unsurlara dikkat etmelisiniz. G\u00f6\u011f\u00fcslerinizin her hareket etti\u011finizde etkilenen bir yap\u0131dad\u0131r. Bu y\u00fczden ameliyat sonras\u0131 ilk birka\u00e7 hafta dinlenmeniz gerekecektir.<\/p>\n<p>Ameliyat s\u0131ras\u0131nda estetik diki\u015fleri a\u011f\u0131rl\u0131kta at\u0131lsa da diki\u015fli yap\u0131n\u0131n enfeksiyon kapmamas\u0131 ad\u0131na su de\u011fmemesi gerekir. Ayn\u0131 zamanda ameliyattan hastan\u0131n etkilenmemesi i\u00e7in i\u00e7 \u00e7ama\u015f\u0131r\u0131 se\u00e7iminde dikkatli olmas\u0131 \u015fartt\u0131r. Aksi takdirde ameliyat b\u00f6lgesinde a\u011fr\u0131 ve s\u0131z\u0131 hissedebilirsiniz. \u0130lk bir ay boyunca a\u011f\u0131r egzersizlerden ka\u00e7\u0131nmakta fayda var.<\/p>\n<h3>4-\u00a0 Memeleri K\u00fc\u00e7\u00fcltme Ameliyat\u0131 Olanlar Diki\u015f \u0130zi ile Kar\u015f\u0131la\u015f\u0131r m\u0131?<\/h3>\n<p>Hastalar\u0131n en \u00e7ok merak etti\u011fi konular aras\u0131nda diki\u015f izi gelmektedir. Her ne kadar estetik alan\u0131nda geli\u015fmi\u015flik sa\u011flansa da diki\u015f izi olmadan ameliyat yap\u0131lamaz. Farkl\u0131 bir ameliyat y\u00f6ntemi hen\u00fcz ke\u015ffedilmedi\u011fi i\u00e7in kesin olarak meme alt\u0131nda bir ameliyat izi kalacakt\u0131r.<\/p>\n<p>Ancak bu konu hakk\u0131nda doktorun ameliyat\u0131 yapma \u015fekli ve hastan\u0131n ameliyat sonras\u0131 yapacaklar\u0131 etkilidir. <strong>Meme ameliyatlar\u0131<\/strong> sonras\u0131 diki\u015f izini minimuma indirmek m\u00fcmk\u00fcn. Yine de hi\u00e7 diki\u015f izi olmadan bir ameliyat planlamas\u0131 yap\u0131lamaz. Bu a\u015famada doktordan bilgi al\u0131n\u0131rsa hasta ameliyat sonras\u0131 bir s\u00fcrprizle kar\u015f\u0131la\u015fmam\u0131\u015f da olur.<\/p>\n<h3>5- Kimler Meme Ameliyat\u0131 Olabilir?<\/h3>\n<p>Meme ameliyat\u0131 olmadan \u00f6nce hastan\u0131n iyi d\u00fc\u015f\u00fcnmesi gerekir. Doktor g\u00f6zetiminde yap\u0131lacak ameliyata da karar verebilmek m\u00fcmk\u00fcn. Ba\u015fta hamilelik ya\u015fam\u0131\u015f ya da genetik olarak g\u00f6\u011f\u00fcs sark\u0131kl\u0131\u011f\u0131 ya\u015fayan ki\u015filer ameliyat olabilir.<\/p>\n<p><strong>Meme ameliyatlar\u0131<\/strong> \u00f6ncesinde karar verme a\u015famas\u0131nda ki\u015finin ya\u015fad\u0131\u011f\u0131 rahats\u0131zl\u0131k g\u00f6z \u00f6n\u00fcnde bulundurulur. \u00c7\u00fcnk\u00fc bu ameliyatlar\u0131n temel amac\u0131 ki\u015finin kendini daha iyi hissetmesidir. Meme \u00e7izgisini a\u015fan, b\u00fcy\u00fck g\u00f6\u011fse ba\u011fl\u0131 olarak bel a\u011fr\u0131s\u0131 ya\u015fayanlar estetik operasyon olabilir. Bununla birlikte k\u00fc\u00e7\u00fck g\u00f6\u011f\u00fcsten dolay\u0131 rahats\u0131z olanlar ameliyat\u0131 tercih edebilir.<\/p>\n<h3>6- Meme Dikle\u015ftirme ve Meme K\u00fc\u00e7\u00fcltme Ameliyat\u0131 Fiyat Bilgisi<\/h3>\n<p>Hastan\u0131n meme ameliyatlar\u0131 konusunda \u00fccret bilgisini internet \u00fczerinden \u00f6\u011frenmesi m\u00fcmk\u00fcn de\u011fildir. Bu tarz estetik operasyonlar\u0131n \u00fccreti doktor g\u00f6zetiminde karar verilmektedir. E\u011fer siz de g\u00f6\u011f\u00fcs yap\u0131n\u0131zdan rahats\u0131zsan\u0131z, T\u00fcrkiye ya da yurt d\u0131\u015f\u0131ndan klini\u011fimize gelerek \u00fccret bilgisi alabilirsiniz.<\/p>\n<p>Uzman cerrahlar taraf\u0131ndan yap\u0131lacak sa\u011fl\u0131kl\u0131 ameliyatlar sayesinde sonu\u00e7lardan memnun kalacaks\u0131n\u0131z. \u00d6zellikle fiziksel ve psikolojik olarak rahats\u0131z oldu\u011funuz bu durumdan kendi iyili\u011finiz ad\u0131na kurtulabilirsiniz. Daha gen\u00e7 ve din\u00e7 g\u00f6r\u00fcnmek ad\u0131na <strong>meme ameliyatlar\u0131<\/strong> aras\u0131nda ihtiyac\u0131n\u0131z olan operasyonu yapt\u0131rabilirsiniz.<\/p>\n","protected":false},"excerpt":{"rendered":"<p>Meme ameliyatlar\u0131 hastan\u0131n rahats\u0131z oldu\u011fu ve de\u011fi\u015fiklik istedi\u011fi duruma ba\u011fl\u0131 olarak uygulanan cerrahi operasyonlard\u0131r. Meme \u00fczerinde yap\u0131lan estetik ameliyatlar\u0131n i\u00e7eri\u011fi g\u00fcn\u00fcm\u00fczde \u00e7ok de\u011fi\u015fiklik g\u00f6sterir. \u00dc\u00e7 farkl\u0131 uygulama y\u00f6nteminin uyguland\u0131\u011f\u0131 bu ameliyatta tamamen hastan\u0131n sahip oldu\u011fu meme yap\u0131s\u0131na ba\u011fl\u0131 olarak hareket&#8230;<\/p>\n","protected":false},"author":1,"featured_media":337,"parent":130,"menu_order":0,"comment_status":"closed","ping_status":"closed","template":"templates\/template-right-sidebar.php","meta":{"inline_featured_image":false,"footnotes":""},"class_list":["post-143","page","type-page","status-publish","has-post-thumbnail","hentry"],"_links":{"self":[{"href":"https:\/\/westmodernclinic.com\/tr\/wp-json\/wp\/v2\/pages\/143","targetHints":{"allow":["GET"]}}],"collection":[{"href":"https:\/\/westmodernclinic.com\/tr\/wp-json\/wp\/v2\/pages"}],"about":[{"href":"https:\/\/westmodernclinic.com\/tr\/wp-json\/wp\/v2\/types\/page"}],"author":[{"embeddable":true,"href":"https:\/\/westmodernclinic.com\/tr\/wp-json\/wp\/v2\/users\/1"}],"replies":[{"embeddable":true,"href":"https:\/\/westmodernclinic.com\/tr\/wp-json\/wp\/v2\/comments?post=143"}],"version-history":[{"count":3,"href":"https:\/\/westmodernclinic.com\/tr\/wp-json\/wp\/v2\/pages\/143\/revisions"}],"predecessor-version":[{"id":339,"href":"https:\/\/westmodernclinic.com\/tr\/wp-json\/wp\/v2\/pages\/143\/revisions\/339"}],"up":[{"embeddable":true,"href":"https:\/\/westmodernclinic.com\/tr\/wp-json\/wp\/v2\/pages\/130"}],"wp:featuredmedia":[{"embeddable":true,"href":"https:\/\/westmodernclinic.com\/tr\/wp-json\/wp\/v2\/media\/337"}],"wp:attachment":[{"href":"https:\/\/westmodernclinic.com\/tr\/wp-json\/wp\/v2\/media?parent=143"}],"curies":[{"name":"wp","href":"https:\/\/api.w.org\/{rel}","templated":true}]}}