{"id":136,"date":"2022-11-06T15:51:56","date_gmt":"2022-11-06T15:51:56","guid":{"rendered":"https:\/\/westmodernclinic.com\/estetik-ameliyatlar\/blepharoplasty\/"},"modified":"2022-12-19T04:06:39","modified_gmt":"2022-12-19T04:06:39","slug":"goz-kapagi-estetigi","status":"publish","type":"page","link":"https:\/\/westmodernclinic.com\/tr\/estetik-ameliyatlar\/goz-kapagi-estetigi\/","title":{"rendered":"G\u00f6z Kapa\u011f\u0131 Esteti\u011fi"},"content":{"rendered":"<p><strong><img loading=\"lazy\" decoding=\"async\" class=\"aligncenter size-full wp-image-325\" src=\"https:\/\/westmodernclinic.com\/wp-content\/uploads\/2022\/11\/Goz-Kapagi-Estetigi.jpg\" alt=\"\" width=\"1060\" height=\"708\" srcset=\"https:\/\/westmodernclinic.com\/wp-content\/uploads\/2022\/11\/Goz-Kapagi-Estetigi.jpg 1060w, https:\/\/westmodernclinic.com\/wp-content\/uploads\/2022\/11\/Goz-Kapagi-Estetigi-300x200.jpg 300w, https:\/\/westmodernclinic.com\/wp-content\/uploads\/2022\/11\/Goz-Kapagi-Estetigi-1024x684.jpg 1024w, https:\/\/westmodernclinic.com\/wp-content\/uploads\/2022\/11\/Goz-Kapagi-Estetigi-768x513.jpg 768w\" sizes=\"auto, (max-width: 1060px) 100vw, 1060px\" \/>Blefaroplasti (G\u00f6z Kapa\u011f\u0131 Esteti\u011fi)<\/strong>, \u00f6zellikle g\u00f6z \u00e7evresinden rahats\u0131zl\u0131k duyanlar\u0131n tercih etti\u011fi bir estetik i\u015flemdir. Bu s\u00fcre\u00e7 kapsam\u0131nda cerrahi operasyonlar sa\u011flanmaktad\u0131r. Estetik cerrahlar taraf\u0131ndan yap\u0131lan i\u015flemler sonucunda g\u00f6z ve \u00e7evresi yeni bir form kazan\u0131r. B\u00f6ylece yorgun ve eski g\u00f6r\u00fcn\u00fcmden kurtulmak m\u00fcmk\u00fcnd\u00fcr.<\/p>\n<p>Ya\u015flanmaya ba\u011fl\u0131 olarak ki\u015finin ilk belirtileri g\u00f6z i\u00e7i ve \u00e7evresinde ortaya \u00e7\u0131kar. Semptomlar hem kolajen eksikli\u011fi hem de g\u00f6z yorgunlu\u011fu nedeniyle ortaya \u00e7\u0131kar. \u00d6zellikle uykusuzluk ve \u00e7ok \u00e7al\u0131\u015fma ile g\u00f6z torbalar\u0131 olu\u015fur. Bu g\u00f6r\u00fcn\u00fcm\u00fcn ki\u015fi \u00fczerinde bir\u00e7ok olumsuz etkisi vard\u0131r. Bu nedenle blefaroplasti s\u0131kl\u0131kla tercih edilmektedir.<\/p>\n<h2>Blefaroplasti Nedir?<\/h2>\n<p>Blefaroplasti estetik cerrahi kapsam\u0131nda de\u011ferlendirilen bir ameliyatt\u0131r. \u00d6zellikle ki\u015finin y\u00fcz\u00fcnde en \u00e7ok dikkat \u00e7eken g\u00f6z ve \u00e7evresinde de\u011fi\u015fiklik yapmak i\u00e7in yap\u0131l\u0131r. Blefaroplasti ameliyat\u0131ndan sonra g\u00f6z kapa\u011f\u0131 veya g\u00f6z alt\u0131 torbas\u0131nda d\u00fczelme olur. Esas olarak bu ameliyat sayesinde ki\u015fi oldu\u011fundan \u00e7ok daha gen\u00e7 g\u00f6r\u00fcnecektir.<\/p>\n<h3>1- Blefaroplasti Nas\u0131l Yap\u0131l\u0131r?<\/h3>\n<p>\u0130lk blefaroplasti tekniklerinden biri sadece g\u00f6z kapa\u011f\u0131n\u0131 kapsar. Bahsedilen estetik sadece ya\u015flanmaya ba\u011fl\u0131 de\u011fildir. Do\u011fu\u015ftan sark\u0131k bir g\u00f6z kapa\u011f\u0131 soruna neden olur. Alt g\u00f6z kapaklar\u0131 hem yorgun bir g\u00f6r\u00fcn\u00fcme neden olur hem de makyaj yaparken sorun yarat\u0131r.<\/p>\n<p>Ka\u015f\u0131n hemen alt\u0131ndan ba\u015flanarak g\u00f6z kapa\u011f\u0131 esteti\u011fi yap\u0131lacakt\u0131r. Ki\u015fi, sark\u0131k g\u00f6z kapa\u011f\u0131 g\u00f6r\u00fcn\u00fcm\u00fcn\u00fc kald\u0131rarak ve s\u0131k\u0131la\u015ft\u0131rarak ortaya \u00e7\u0131kar. G\u00f6ze mesafesi a\u00e7\u0131lan kapakta sa\u011fl\u0131kl\u0131 bir g\u00f6r\u00fcn\u00fcm olu\u015fur. G\u00f6z kapa\u011f\u0131nda a\u015f\u0131r\u0131 k\u0131vr\u0131m varsa daha gergin bir yap\u0131 olu\u015fturmak i\u00e7in fazla doku al\u0131nabilir.<\/p>\n<h3>2- Blefaroplasti Nas\u0131l Yap\u0131l\u0131r?<\/h3>\n<p>G\u00f6z kapa\u011f\u0131 ameliyat\u0131 esas olarak ya\u015flanma ve yorgunluk belirtileri ile ilgilidir. Hastan\u0131n g\u00f6z kapa\u011f\u0131 ve g\u00f6z \u00e7evresindeki cilt sarkmalar\u0131 ve k\u0131r\u0131\u015f\u0131kl\u0131klar tedavi edilir. Az say\u0131da kesiden sonra g\u00f6z torbas\u0131 toplan\u0131r. Gerekirse \u0131\u015f\u0131k dolgusu yap\u0131larak koyu halkalar a\u00e7\u0131labilir.<\/p>\n<h3>3- Blefaroplasti \u0130yile\u015fme S\u00fcreci<\/h3>\n<p>G\u00f6z kapa\u011f\u0131 esteti\u011fi di\u011fer estetik operasyonlara g\u00f6re daha h\u0131zl\u0131 iyile\u015fir. Tabii ki hastan\u0131n durumu da iyile\u015fme s\u00fcrecinde belirleyicidir. Hasta genellikle operasyondan 3-4 g\u00fcn sonra g\u00fcnl\u00fck hayat\u0131na d\u00f6ner. Hi\u00e7bir unsur onun uzanmas\u0131n\u0131 veya dinlenmesini gerektirmez. B\u00f6ylece s\u00fcrecin etkilerinden h\u0131zla kurtulur.<\/p>\n<h3>4- Blefaroplasti Ameliyat\u0131n\u0131 Kimler Yapar?<\/h3>\n<p>T\u00fcm genel estetik operasyonlarda oldu\u011fu gibi bu operasyon da alan\u0131nda uzman bir plastik cerrah taraf\u0131ndan ger\u00e7ekle\u015ftirilecektir. Estetik cerrah, hastan\u0131n durumu ve \u015fikayetleri hakk\u0131nda bilgi ald\u0131ktan k\u0131sa bir s\u00fcre sonra planlamay\u0131 yapacakt\u0131r. Planlama sonucunda cerrahi operasyonun ger\u00e7ekle\u015ftirilmesi i\u00e7in hastan\u0131n memnuniyeti ama\u00e7lan\u0131r.<\/p>\n<h3>5- Blefaroplasti Yapt\u0131ranlar Nelere Dikkat Etmeli?<\/h3>\n<p>Her ameliyatta oldu\u011fu gibi blefaroplasti sonras\u0131nda da dikkat edilmesi gereken hususlar vard\u0131r. \u00d6zellikle ameliyattan sonraki ilk gece yatarken ba\u015f y\u00fcksek tutulmal\u0131d\u0131r. \u0130lk g\u00fcnden itibaren hastan\u0131n operasyon b\u00f6lgesine su de\u011fdirmemesi ve ekstra g\u00fcne\u015fe maruz b\u0131rakmamas\u0131 esast\u0131r. Ameliyat b\u00f6lgesinin olas\u0131 enfeksiyonlardan korunmas\u0131 i\u00e7in \u00f6zellikle ilk hafta makyaj yap\u0131lmas\u0131 \u00f6nerilmez.<\/p>\n<h3>6- Blefaroplasti Yapt\u0131ranlar\u0131n Yorumlar\u0131 Nelerdir?<\/h3>\n<p>\u0130lerleyen ya\u015fla birlikte g\u00f6z kapa\u011f\u0131 esteti\u011fi yapt\u0131ranlar, do\u011fru cerrah se\u00e7ildi\u011finde sonu\u00e7lar\u0131n olumlu oldu\u011funu vurgulamaktad\u0131r. Sadece ya\u015f de\u011fil, bilgisayar kar\u015f\u0131s\u0131nda i\u015fi olanlar da ancak bu \u015fekilde g\u00f6z torbalar\u0131ndan kurtulduklar\u0131n\u0131 belirtiyor. Genelde kad\u0131nlar yorum yapsa da durum bununla s\u0131n\u0131rl\u0131 de\u011fil.<\/p>\n<p>Erkekler de kad\u0131nlar kadar g\u00f6z kapa\u011f\u0131 ve g\u00f6z torbas\u0131 esteti\u011fine sahiptir. Kad\u0131n ve erkek aras\u0131nda cerrahi bir fark olmad\u0131\u011f\u0131 i\u00e7in geli\u015ftirilen yorumlar\u0131n genel olarak olumlu oldu\u011fu vurgulanmal\u0131d\u0131r. Ancak g\u00f6z kapa\u011f\u0131 ve g\u00f6z torbas\u0131 esteti\u011finden \u00f6nce her zaman do\u011fru klinik ve uzman se\u00e7imine \u00f6nem verilir.<\/p>\n<h3>7- T\u00fcrkiye&#8217;de Blefaroplasti Fiyatlar\u0131?<\/h3>\n<p>G\u00f6z kapa\u011f\u0131 esteti\u011fi istiyorsan\u0131z \u0130stanbul&#8217;daki klini\u011fimizi ziyaret etmelisiniz. Ayr\u0131ca yurt d\u0131\u015f\u0131ndan gelen hastalar\u0131m\u0131za \u015fehirde konaklama ve gezi konusunda yard\u0131mc\u0131 oluyoruz. Ayr\u0131ca klini\u011fe gelen hastalar\u0131n doktor kontrol\u00fcnde kontrolleri yap\u0131larak g\u00fcncel g\u00f6z kapa\u011f\u0131 ve g\u00f6z torbas\u0131 esteti\u011fi fiyatlar\u0131 belirtilir.<\/p>\n","protected":false},"excerpt":{"rendered":"<p>Blefaroplasti (G\u00f6z Kapa\u011f\u0131 Esteti\u011fi), \u00f6zellikle g\u00f6z \u00e7evresinden rahats\u0131zl\u0131k duyanlar\u0131n tercih etti\u011fi bir estetik i\u015flemdir. Bu s\u00fcre\u00e7 kapsam\u0131nda cerrahi operasyonlar sa\u011flanmaktad\u0131r. Estetik cerrahlar taraf\u0131ndan yap\u0131lan i\u015flemler sonucunda g\u00f6z ve \u00e7evresi yeni bir form kazan\u0131r. B\u00f6ylece yorgun ve eski g\u00f6r\u00fcn\u00fcmden kurtulmak m\u00fcmk\u00fcnd\u00fcr&#8230;.<\/p>\n","protected":false},"author":1,"featured_media":325,"parent":130,"menu_order":0,"comment_status":"closed","ping_status":"closed","template":"templates\/template-right-sidebar.php","meta":{"inline_featured_image":false,"footnotes":""},"class_list":["post-136","page","type-page","status-publish","has-post-thumbnail","hentry"],"_links":{"self":[{"href":"https:\/\/westmodernclinic.com\/tr\/wp-json\/wp\/v2\/pages\/136","targetHints":{"allow":["GET"]}}],"collection":[{"href":"https:\/\/westmodernclinic.com\/tr\/wp-json\/wp\/v2\/pages"}],"about":[{"href":"https:\/\/westmodernclinic.com\/tr\/wp-json\/wp\/v2\/types\/page"}],"author":[{"embeddable":true,"href":"https:\/\/westmodernclinic.com\/tr\/wp-json\/wp\/v2\/users\/1"}],"replies":[{"embeddable":true,"href":"https:\/\/westmodernclinic.com\/tr\/wp-json\/wp\/v2\/comments?post=136"}],"version-history":[{"count":4,"href":"https:\/\/westmodernclinic.com\/tr\/wp-json\/wp\/v2\/pages\/136\/revisions"}],"predecessor-version":[{"id":327,"href":"https:\/\/westmodernclinic.com\/tr\/wp-json\/wp\/v2\/pages\/136\/revisions\/327"}],"up":[{"embeddable":true,"href":"https:\/\/westmodernclinic.com\/tr\/wp-json\/wp\/v2\/pages\/130"}],"wp:featuredmedia":[{"embeddable":true,"href":"https:\/\/westmodernclinic.com\/tr\/wp-json\/wp\/v2\/media\/325"}],"wp:attachment":[{"href":"https:\/\/westmodernclinic.com\/tr\/wp-json\/wp\/v2\/media?parent=136"}],"curies":[{"name":"wp","href":"https:\/\/api.w.org\/{rel}","templated":true}]}}