{"id":130,"date":"2022-11-06T15:51:07","date_gmt":"2022-11-06T15:51:07","guid":{"rendered":"https:\/\/westmodernclinic.com\/aesthetic-surgery\/"},"modified":"2022-12-19T04:06:23","modified_gmt":"2022-12-19T04:06:23","slug":"estetik-ameliyatlar","status":"publish","type":"page","link":"https:\/\/westmodernclinic.com\/tr\/estetik-ameliyatlar\/","title":{"rendered":"Estetik Ameliyatlar"},"content":{"rendered":"<p><strong><img loading=\"lazy\" decoding=\"async\" class=\"aligncenter wp-image-317 size-full\" src=\"https:\/\/westmodernclinic.com\/wp-content\/uploads\/2022\/11\/Estetik-Ameliyatlar.jpg\" alt=\"\" width=\"1060\" height=\"707\" srcset=\"https:\/\/westmodernclinic.com\/wp-content\/uploads\/2022\/11\/Estetik-Ameliyatlar.jpg 1060w, https:\/\/westmodernclinic.com\/wp-content\/uploads\/2022\/11\/Estetik-Ameliyatlar-300x200.jpg 300w, https:\/\/westmodernclinic.com\/wp-content\/uploads\/2022\/11\/Estetik-Ameliyatlar-1024x683.jpg 1024w, https:\/\/westmodernclinic.com\/wp-content\/uploads\/2022\/11\/Estetik-Ameliyatlar-768x512.jpg 768w\" sizes=\"auto, (max-width: 1060px) 100vw, 1060px\" \/>Estetik ameliyatlar<\/strong>,\u00a0 ki\u015finin v\u00fccudunda memnun olmad\u0131\u011f\u0131 bazen de zorunda kald\u0131\u011f\u0131 durumlarda yapt\u0131rd\u0131\u011f\u0131 cerrahi operasyonlard\u0131r. Bahsedilen bu operasyonlar \u2018estetik cerrahi\u2019 kapsam\u0131nda adland\u0131r\u0131l\u0131r. Yap\u0131lan cerrahi operasyonun bulundu\u011fu alana g\u00f6re isimlendirdi\u011fi g\u00f6r\u00fcl\u00fcr. Ayn\u0131 zamanda T\u00fcrkiye\u2019de estetik cerrahinin geli\u015fmesi bu alanda yap\u0131lan operasyonlar\u0131nda \u00e7e\u015fitlenmesini sa\u011flar.<\/p>\n<p>Alan\u0131nda uzman isimler taraf\u0131ndan yap\u0131lan ameliyat t\u00fcrleri ki\u015finin operasyon sonras\u0131 psikolojik ve fiziksel olarak iyi hissetmesini sa\u011flar. \u00d6zellikle psikolojik anlamda daha iyi hissedebilmek ad\u0131na g\u00fcn\u00fcm\u00fczde giderek yayg\u0131nla\u015ft\u0131\u011f\u0131n\u0131 s\u00f6ylemek m\u00fcmk\u00fcn. \u0130ste\u011fe ya da zorunlulu\u011fa ba\u011fl\u0131 olarak yapt\u0131raca\u011f\u0131n\u0131z estetik operasyonlar hakk\u0131nda bilgi edinerek siz de karar\u0131n\u0131z\u0131 verebilirsiniz.<\/p>\n<h2>Estetik Ameliyatlar Nelerdir? En Yayg\u0131n Uygulanan Estetik T\u00fcrleri<\/h2>\n<p>G\u00fcn\u00fcm\u00fczde ba\u015fta y\u00fcz esteti\u011fi \u00e7e\u015fitleri olmak \u00fczere v\u00fccudun her b\u00f6lgesinde <strong>estetik ameliyatlar<\/strong> ger\u00e7ekle\u015ftirilir. Her bir ameliyat\u0131n kendi i\u00e7erisinde riski bulunsa da doktorun alan\u0131nda uzman olmas\u0131, olas\u0131 risklerin azalmas\u0131n\u0131 sa\u011flar. Ayn\u0131 zamanda ameliyat sonras\u0131 da destek ve bilgi alarak sonu\u00e7tan memnun olma olas\u0131l\u0131\u011f\u0131n\u0131z\u0131 artt\u0131rabilirsiniz.<\/p>\n<h3>1- Liposak\u015f\u0131n<\/h3>\n<p><strong>Estetik ameliyat \u00e7e\u015fitleri<\/strong> aras\u0131nda bulunan bu y\u00f6ntem, spor ve diyet ile verilmeyen ya\u011flar\u0131n v\u00fccuttan uzakla\u015ft\u0131r\u0131lmas\u0131n\u0131 sa\u011flar. Kal\u00e7a, bel, basen ve bacaklarda biriken inat\u00e7\u0131 ya\u011flar\u0131n v\u00fccuttan al\u0131nmas\u0131 ile birlikte istenen v\u00fccut tipi elde edilir. Sa\u011fl\u0131k a\u00e7\u0131s\u0131ndan bir problemi g\u00f6r\u00fclmeyen hastan\u0131n uzman e\u015fli\u011finde 2-3 mm boyutunda kesiler a\u00e7\u0131larak ya\u011flar v\u00fccuttan al\u0131n\u0131r.<\/p>\n<h3>2- Tummy Tuck<\/h3>\n<p>Tummy Tuck, toplum aras\u0131nda \u2018kar\u0131n germe ameliyat\u0131\u2019 olarak da bilinmektedir. Bir uzman taraf\u0131ndan uygulanmad\u0131\u011f\u0131 m\u00fcddet\u00e7e <strong>en riskli estetik ameliyatlar<\/strong> aras\u0131nda say\u0131l\u0131r. Fakat uzman g\u00f6zetiminde yap\u0131ld\u0131\u011f\u0131nda k\u0131sa s\u00fcrede uygulan\u0131r ve sonras\u0131nda herhangi bir sorun \u00e7\u0131kmaz. V\u00fccutta bulunan fazla ya\u011f oran\u0131 ile birlikte k\u0131sa s\u00fcrede \u00e7ok kilo vermeye ba\u011fl\u0131 olarak olu\u015fan sarkmalar ortadan kald\u0131r\u0131l\u0131r.<\/p>\n<p>Ya\u011fa ya da kilo vermeye ba\u011fl\u0131 olarak olu\u015fan sarkmalar v\u00fccutta k\u00f6t\u00fc bir g\u00f6r\u00fcnt\u00fcye sebep olur. Olu\u015fan bu k\u00f6t\u00fc g\u00f6r\u00fcnt\u00fc fiziksel anlamda ba\u015fta olmak \u00fczere psikolojik etkilere neden olmaktad\u0131r. Hastan\u0131n kendini daha iyi hissetmesi i\u00e7in fazla ya\u011flar al\u0131n\u0131r ve abdominal \u00e7evrede kaslar gerginle\u015ftirilerek d\u00fcz bir kar\u0131n elde edilir.<\/p>\n<h3>3- Y\u00fcz Gerdirme<\/h3>\n<p><strong>Y\u00fcz esteti\u011fi \u00e7e\u015fitleri<\/strong> aras\u0131nda en \u00e7ok ya\u015flanmaya ba\u011fl\u0131 olarak uygulanan ancak ya\u015flanmadan da uygulanan bir y\u00f6ntemdir. Y\u00fcz\u00fcn kolajen eksikli\u011finden dolay\u0131 belirli ya\u015ftan itibaren sarkmalar meydana gelir. Cildin a\u015fa\u011f\u0131ya do\u011fru inmesi oldu\u011fundan daha ya\u015fl\u0131 g\u00f6r\u00fcnmeye neden olur. Gerdirme operasyonu sonras\u0131 cilt daha toplu ve gergin hal al\u0131r b\u00f6ylece gen\u00e7 bir g\u00f6r\u00fcn\u00fcm elde edilir.<\/p>\n<h3>4- Meme Ameliyatlar\u0131<\/h3>\n<p>Toplum aras\u0131nda <strong>estetik \u00e7e\u015fitleri ve fiyatlar\u0131<\/strong> kapsam\u0131nda kad\u0131nlar taraf\u0131ndan en \u00e7ok ara\u015ft\u0131r\u0131lan <strong>meme estetik ameliyatlar<\/strong> oluyor. Kad\u0131nlar\u0131n \u00f6zel bir ilgi g\u00f6sterdi\u011fi ve dikkat etti\u011fi memelerinde hem k\u00fc\u00e7\u00fcltme hem de b\u00fcy\u00fctme yap\u0131labilir. Boyut d\u0131\u015f\u0131nda ayn\u0131 zamanda dikle\u015ftirme ameliyatlar\u0131 \u00f6zellikle emzirme d\u00f6nemi sonras\u0131 deformasyona u\u011frayan annelere uygulanabilmektedir.<\/p>\n<h3>5- Jinekomasti<\/h3>\n<p><strong>Estetik ameliyatlar<\/strong> sadece kad\u0131nlara uygulanmaz. Jinekomasti, erkeklere \u00f6zel uygulanan bir y\u00f6ntemdir. Erkeklerin \u00f6strojen ve testosteron hormonlar\u0131n\u0131n dengesiz olmas\u0131 g\u00f6\u011f\u00fcs dokular\u0131n\u0131n normale nazaran fazla geli\u015fmesine yol a\u00e7ar. Erkeklerde bu g\u00f6r\u00fcnt\u00fc ho\u015fa gitmedi\u011finde estetik olarak daha uygun forma getirebilmek i\u00e7in jinekomasti ameliyat\u0131 yap\u0131l\u0131r.<\/p>\n<h3>6- Botoks<\/h3>\n<p>En yayg\u0131n kullan\u0131lan botoks; a\u015f\u0131r\u0131 hareketli y\u00fcz, ya\u015fl\u0131l\u0131k ve geneti\u011fe ba\u011fl\u0131 olarak olu\u015fan k\u0131r\u0131\u015f\u0131kl\u0131klar\u0131 gidermek i\u00e7in kullan\u0131l\u0131r. Her ne kadar \u00f6zellikle y\u00fcz ve \u00e7evresinde yap\u0131ld\u0131\u011f\u0131 d\u00fc\u015f\u00fcn\u00fclse de migren ve terleme sorununu gidermek ad\u0131na da uzman taraf\u0131ndan uygulanmaktad\u0131r. Di\u011fer uygulamalara g\u00f6re daha k\u0131sa s\u00fcrede sonlan\u0131r ve an\u0131nda etki g\u00f6r\u00fcl\u00fcr.<\/p>\n<h3>7- Dolgu<\/h3>\n<p>Dudak ba\u015fta olmak \u00fczere ka\u015f aras\u0131, \u015fakaklara, g\u00f6zalt\u0131na ve \u00e7eneye uygulanan estetik uygulamad\u0131r. Di\u011fer <strong>estetik ameliyatlar<\/strong> gibi ciddi bir s\u00fcre\u00e7 i\u00e7ermez. Hastan\u0131n hayalindeki g\u00f6r\u00fcn\u00fcm hakk\u0131nda konu\u015fulduktan sonra karar verilir doz ayarland\u0131ktan sonra uygulama yap\u0131l\u0131r.<\/p>\n<h3>8- Kulak Esteti\u011fi<\/h3>\n<p>Kep\u00e7e kulak \u015fikayeti toplumda yayg\u0131n durumlardan birisidir. Kep\u00e7e kulak d\u0131\u015f\u0131nda olu\u015fan travmatik durumlar neticesinde \u015fekilde bozukluk meydana gelebilir. Tam olarak bu tarz durumlarda kulak esteti\u011fi gerekir. Kulak esteti\u011fi ki\u015finin y\u00fcz hatlar\u0131 ve boyutuna ba\u011fl\u0131 olarak planlan\u0131r ve ger\u00e7ekle\u015ftirilir. Hasta operasyon sonras\u0131 istedi\u011fi g\u00f6r\u00fcn\u00fcme kavu\u015fur.<\/p>\n<h3>9- En Yayg\u0131n Estetik Ameliyatlar: G\u00f6z Kapa\u011f\u0131 ve G\u00f6z Torbas\u0131 Esteti\u011fi<\/h3>\n<p><strong>Estetik ameliyatlar<\/strong> aras\u0131nda son zamanlar\u0131n en yayg\u0131n uygulamalar\u0131 aras\u0131nda g\u00f6z kapa\u011f\u0131 ve \u00e7evresinde yap\u0131lan i\u015flemler bulunuyor. D\u00fc\u015f\u00fck g\u00f6z kapaklar\u0131 ki\u015finin g\u00f6r\u00fcn\u00fc\u015f\u00fcnde olumsuzluk yarat\u0131r. G\u00f6z kapa\u011f\u0131n\u0131 belirginle\u015ftirmek ya da daha yukar\u0131da tutmak i\u00e7in estetik cerrahi olarak uygulan\u0131r. \u00c7e\u015fitli sebeplere ba\u011fl\u0131 olarak g\u00f6z torbalar\u0131n\u0131 da yok etmek ve ortadan kald\u0131rmak ad\u0131na k\u0131sa bir operasyon ger\u00e7ekle\u015ftirilir.<\/p>\n<h3>Estetik Ameliyat Fiyatlar\u0131 2022 Bilgisi<\/h3>\n<p>Estetik ameliyat fiyatlar\u0131 uygulanan y\u00f6nteme g\u00f6re de\u011fi\u015fiklik g\u00f6sterir. G\u00fcncel ve do\u011fru fiyatlar\u0131 \u00f6\u011frenmek i\u00e7in klinik ile ileti\u015fime ge\u00e7mek gerekir. \u0130nternette sa\u011fl\u0131k ve estetik alanda yap\u0131lan uygulamalar\u0131n fiyatlar\u0131n\u0131 payla\u015fmak yasak oldu\u011fundan \u00fccret hakk\u0131nda bilgi almak imk\u00e2ns\u0131zd\u0131r.<\/p>\n<p>&nbsp;<\/p>\n","protected":false},"excerpt":{"rendered":"<p>Estetik ameliyatlar,\u00a0 ki\u015finin v\u00fccudunda memnun olmad\u0131\u011f\u0131 bazen de zorunda kald\u0131\u011f\u0131 durumlarda yapt\u0131rd\u0131\u011f\u0131 cerrahi operasyonlard\u0131r. Bahsedilen bu operasyonlar \u2018estetik cerrahi\u2019 kapsam\u0131nda adland\u0131r\u0131l\u0131r. Yap\u0131lan cerrahi operasyonun bulundu\u011fu alana g\u00f6re isimlendirdi\u011fi g\u00f6r\u00fcl\u00fcr. Ayn\u0131 zamanda T\u00fcrkiye\u2019de estetik cerrahinin geli\u015fmesi bu alanda yap\u0131lan operasyonlar\u0131nda \u00e7e\u015fitlenmesini&#8230;<\/p>\n","protected":false},"author":1,"featured_media":317,"parent":0,"menu_order":0,"comment_status":"closed","ping_status":"closed","template":"templates\/template-right-sidebar.php","meta":{"inline_featured_image":false,"footnotes":""},"class_list":["post-130","page","type-page","status-publish","has-post-thumbnail","hentry"],"_links":{"self":[{"href":"https:\/\/westmodernclinic.com\/tr\/wp-json\/wp\/v2\/pages\/130","targetHints":{"allow":["GET"]}}],"collection":[{"href":"https:\/\/westmodernclinic.com\/tr\/wp-json\/wp\/v2\/pages"}],"about":[{"href":"https:\/\/westmodernclinic.com\/tr\/wp-json\/wp\/v2\/types\/page"}],"author":[{"embeddable":true,"href":"https:\/\/westmodernclinic.com\/tr\/wp-json\/wp\/v2\/users\/1"}],"replies":[{"embeddable":true,"href":"https:\/\/westmodernclinic.com\/tr\/wp-json\/wp\/v2\/comments?post=130"}],"version-history":[{"count":4,"href":"https:\/\/westmodernclinic.com\/tr\/wp-json\/wp\/v2\/pages\/130\/revisions"}],"predecessor-version":[{"id":319,"href":"https:\/\/westmodernclinic.com\/tr\/wp-json\/wp\/v2\/pages\/130\/revisions\/319"}],"wp:featuredmedia":[{"embeddable":true,"href":"https:\/\/westmodernclinic.com\/tr\/wp-json\/wp\/v2\/media\/317"}],"wp:attachment":[{"href":"https:\/\/westmodernclinic.com\/tr\/wp-json\/wp\/v2\/media?parent=130"}],"curies":[{"name":"wp","href":"https:\/\/api.w.org\/{rel}","templated":true}]}}