{"id":129,"date":"2022-11-06T12:24:32","date_gmt":"2022-11-06T12:24:32","guid":{"rendered":"https:\/\/westmodernclinic.com\/about-us\/"},"modified":"2023-09-04T09:32:41","modified_gmt":"2023-09-04T09:32:41","slug":"hakkimizda","status":"publish","type":"page","link":"https:\/\/westmodernclinic.com\/tr\/hakkimizda\/","title":{"rendered":"Hakk\u0131m\u0131zda"},"content":{"rendered":"<div class=\"wpb-content-wrapper\"><p>[vc_row pix_particles_check=&#8221;&#8221; el_class=&#8221;sayfa about-us-text metin-edit&#8221;][vc_column][vc_column_text]WestModern Klinik hem estetik prosed\u00fcrler hem de di\u015f sa\u011fl\u0131\u011f\u0131 ve bak\u0131m\u0131 i\u00e7in kaliteli ve g\u00fcvenilir sa\u011fl\u0131k hizmetleri sunmaktad\u0131r. 12 y\u0131ll\u0131k tecr\u00fcbesiyle T\u00fcrkiye\u2019de aktif olarak hizmet hayat\u0131na devam eden klinik, yurtd\u0131\u015f\u0131ndaki yabanc\u0131 uyruklu vatanda\u015fl\u0131 ki\u015filere y\u00f6nelik de sa\u011fl\u0131k hizmetleri sunmaktad\u0131r. Uluslararas\u0131 standartlara uygun \u015fekilde hizmet sa\u011flayan WestModern Klinik, sa\u011fl\u0131k hizmetleri alan\u0131nda her daim g\u00fcvenilir olmu\u015ftur.<\/p>\n<p>Klinik b\u00fcnyesinde obezite, di\u015f ve a\u011f\u0131z sa\u011fl\u0131\u011f\u0131, sa\u00e7 ekimi, burun esteti\u011fi ve di\u011fer t\u00fcm estetik cerrahi alanlar\u0131nda uzman olan hekimler yer almaktad\u0131r. WestModern Klinik, \u0130stanbul\u2019dan t\u00fcm d\u00fcnyaya hizmet vermeyi ba\u015faran k\u00f6kl\u00fc ve geli\u015fmi\u015f bir klinik olman\u0131n gururunu da her daim ya\u015famaktad\u0131r.<\/p>\n<h2><span lang=\"tr\">WestModern Klinik ve Hasta Memnuniyeti<\/span><\/h2>\n<p>Bir klinikten beklentiniz her zaman g\u00fcvenilir ve kaliteli sa\u011fl\u0131k hizmeti vermesi olmal\u0131d\u0131r. Klini\u011fe ba\u015fvuran hastalar\u0131n problemlerine %100 \u00e7\u00f6z\u00fcm bulabilmek en \u00f6nemli \u015feydir. WestModern Klinik de hasta memnuniyetini minimum %100 oran\u0131nda tutmaya kuruldu\u011fu g\u00fcnden bug\u00fcne devam ediyor.<\/p>\n<p>S\u00f6z konusu estetik cerrahi, sa\u00e7 ekimi ve di\u015f sa\u011fl\u0131\u011f\u0131 oldu\u011funda akla klini\u011fimiz geliyor. Klini\u011fimizden 7\/24 kaliteli ve g\u00fcvenilir sa\u011fl\u0131k hizmetleri alabilirsiniz. Cerrahi prosed\u00fcrlerin yan\u0131 s\u0131ra botox ve lifting gibi estetik m\u00fcdahalelerden de faydalanabilirsiniz.<\/p>\n<h3><span lang=\"tr\">WestModern Klinik\u2019in Uluslararas\u0131 Ba\u015far\u0131s\u0131<\/span><\/h3>\n<p>Kuruldu\u011fu g\u00fcnden itibaren estetik cerrahi ve di\u015f sa\u011fl\u0131\u011f\u0131 alan\u0131nda hizmet veren WestModern, kalitesini t\u00fcm d\u00fcnyaya duyurmu\u015ftur. Klini\u011fimiz, \u00fclkemizi ziyaret eden yabanc\u0131 uyruklu vatanda\u015flara da g\u00fcvenilir sa\u011fl\u0131k hizmetleri sunmaktad\u0131r. Estetik cerrahide kendini kan\u0131tlam\u0131\u015f olan klini\u011fimiz b\u00fcnyesinde her biri ba\u015far\u0131 hikayesi ile \u00f6ne \u00e7\u0131kan cerrahlar\u0131m\u0131z yer almaktad\u0131r.<\/p>\n<p>WestModern Klinik, g\u00fcler y\u00fczl\u00fc hizmet anlay\u0131\u015f\u0131na sahip olup hastalar\u0131 tedavi s\u00fcre\u00e7lerinde konforlu hissettirmektedir. Klini\u011fimize ba\u015fvuran her hastam\u0131z hem tedavi \u00f6ncesinde hem de sonras\u0131nda d\u00f6rt d\u00f6rtl\u00fck bir uzman deste\u011fi almaktad\u0131r.<\/p>\n<p>Klini\u011fimizin en \u00f6nemli kriterlerinden olan memnuniyet ilkesi sayesinde t\u00fcm tedavileriniz \u00f6zenle yap\u0131lmaktad\u0131r. \u00dcstelik klini\u011fimizde tedavi olmay\u0131 tercih eden hastalar\u0131m\u0131za ula\u015f\u0131m, konaklama ve \u00e7e\u015fitli konfor sa\u011flayan destekler de sunulmaktad\u0131r. T\u00fcm bunlar, WestModern\u2019in uluslararas\u0131 ba\u015far\u0131s\u0131n\u0131n da nereden geldi\u011fini g\u00f6steren ilkelerdir.[\/vc_column_text][\/vc_column][\/vc_row]<\/p>\n<\/div>","protected":false},"excerpt":{"rendered":"<p>[vc_row pix_particles_check=&#8221;&#8221; el_class=&#8221;sayfa about-us-text metin-edit&#8221;][vc_column][vc_column_text]WestModern Klinik hem estetik prosed\u00fcrler hem de di\u015f sa\u011fl\u0131\u011f\u0131 ve bak\u0131m\u0131 i\u00e7in kaliteli ve g\u00fcvenilir sa\u011fl\u0131k hizmetleri sunmaktad\u0131r. 12 y\u0131ll\u0131k tecr\u00fcbesiyle T\u00fcrkiye\u2019de aktif olarak hizmet hayat\u0131na devam eden klinik, yurtd\u0131\u015f\u0131ndaki yabanc\u0131 uyruklu vatanda\u015fl\u0131 ki\u015filere y\u00f6nelik de&#8230;<\/p>\n","protected":false},"author":1,"featured_media":0,"parent":0,"menu_order":0,"comment_status":"closed","ping_status":"closed","template":"","meta":{"inline_featured_image":false,"footnotes":""},"class_list":["post-129","page","type-page","status-publish","hentry"],"_links":{"self":[{"href":"https:\/\/westmodernclinic.com\/tr\/wp-json\/wp\/v2\/pages\/129","targetHints":{"allow":["GET"]}}],"collection":[{"href":"https:\/\/westmodernclinic.com\/tr\/wp-json\/wp\/v2\/pages"}],"about":[{"href":"https:\/\/westmodernclinic.com\/tr\/wp-json\/wp\/v2\/types\/page"}],"author":[{"embeddable":true,"href":"https:\/\/westmodernclinic.com\/tr\/wp-json\/wp\/v2\/users\/1"}],"replies":[{"embeddable":true,"href":"https:\/\/westmodernclinic.com\/tr\/wp-json\/wp\/v2\/comments?post=129"}],"version-history":[{"count":5,"href":"https:\/\/westmodernclinic.com\/tr\/wp-json\/wp\/v2\/pages\/129\/revisions"}],"predecessor-version":[{"id":2042,"href":"https:\/\/westmodernclinic.com\/tr\/wp-json\/wp\/v2\/pages\/129\/revisions\/2042"}],"wp:attachment":[{"href":"https:\/\/westmodernclinic.com\/tr\/wp-json\/wp\/v2\/media?parent=129"}],"curies":[{"name":"wp","href":"https:\/\/api.w.org\/{rel}","templated":true}]}}