{"id":127,"date":"2022-11-06T15:38:54","date_gmt":"2022-11-06T15:38:54","guid":{"rendered":"https:\/\/westmodernclinic.com\/dis-tedavisi\/"},"modified":"2022-12-19T04:09:48","modified_gmt":"2022-12-19T04:09:48","slug":"dis-tedavisi","status":"publish","type":"page","link":"https:\/\/westmodernclinic.com\/tr\/dis-tedavisi\/","title":{"rendered":"Di\u015f Tedavisi"},"content":{"rendered":"<h1><img loading=\"lazy\" decoding=\"async\" class=\"aligncenter size-full wp-image-385\" src=\"https:\/\/westmodernclinic.com\/wp-content\/uploads\/2022\/11\/Dis-Tedavisi.jpg\" alt=\"\" width=\"1060\" height=\"707\" srcset=\"https:\/\/westmodernclinic.com\/wp-content\/uploads\/2022\/11\/Dis-Tedavisi.jpg 1060w, https:\/\/westmodernclinic.com\/wp-content\/uploads\/2022\/11\/Dis-Tedavisi-300x200.jpg 300w, https:\/\/westmodernclinic.com\/wp-content\/uploads\/2022\/11\/Dis-Tedavisi-1024x683.jpg 1024w, https:\/\/westmodernclinic.com\/wp-content\/uploads\/2022\/11\/Dis-Tedavisi-768x512.jpg 768w\" sizes=\"auto, (max-width: 1060px) 100vw, 1060px\" \/>Di\u015f Tedavisi Y\u00f6ntemleri Nelerdir?<\/h1>\n<p><strong>Di\u015f tedavisi<\/strong> hastalar\u0131 en \u00e7ok korkutan durumlardan bir tanesidir. \u0130nsanlar \u00e7o\u011fu zaman di\u015fleri ile alakl\u0131 bir problem ya\u015fasalar bile bir di\u015f hekimine gitmek istemezler. Bunun sebebi ise di\u015f ile alakal\u0131 tedavilere kar\u015f\u0131 \u00f6n yarg\u0131l\u0131 olmalar\u0131ndan kaynaklanmaktad\u0131r.<\/p>\n<p>Fakat di\u015f\u00e7iye gidip tedavi olmak san\u0131ld\u0131\u011f\u0131 kadar korkulacak bir \u015fey de\u011fildir. Hastan\u0131n tedavi s\u0131ras\u0131nda herhangi bir ac\u0131 ya da a\u011fr\u0131 hissetmesi bile olanaks\u0131zd\u0131r. \u00c7\u00fcnk\u00fc hemen hemen her tedavi y\u00f6nteminde hekim, hastaya lokal anestezi uygulamaktad\u0131r. Bu sayede hastan\u0131n tedavi boyunca ac\u0131 hissetmesi engellenmi\u015f olur. B\u00f6ylece hasta konforlu bir tedavi s\u00fcreci ge\u00e7irmi\u015f olur. Yaln\u0131zca i\u015flemden sonra birka\u00e7 g\u00fcn hafif a\u011fr\u0131 hissetmesi normaldir.<\/p>\n<h2>Di\u015f Tedavisi Y\u00f6ntemleri<\/h2>\n<p><strong>Di\u015f tedavisi <\/strong>her ge\u00e7en g\u00fcn teknolojik geli\u015fmelere ba\u011fl\u0131 olarak de\u011fi\u015fmekte ve geli\u015fmektedir. Hastan\u0131n \u015fikayetine ba\u011fl\u0131 olarak hekim hastaya \u00e7e\u015fitli tedavi y\u00f6ntemleri uygulayarak di\u015f ile alakal\u0131 problemini ortadan kald\u0131rmaktad\u0131r. Hastan\u0131n \u015fikayeti kimi zaman estetik kayg\u0131lar \u00fczerinedir. B\u00f6yle durumlarda hekimler genellikle kaplama tedavi y\u00f6ntemlerinden biri hastaya uygulamaktad\u0131r.<\/p>\n<h3>1 \u2013 Di\u015f Tedavisi \u2013 Dolgu<\/h3>\n<p>Dolgu en \u00e7ok kullan\u0131lan tedavi y\u00f6ntemlerinden biridir. Dolgu sayesinde \u00e7\u00fcr\u00fcm\u00fc\u015f \u00e7atlam\u0131\u015f ya da k\u0131r\u0131lm\u0131\u015f di\u015fler tedavi edilir. B\u00f6ylece di\u015fler eski sa\u011fl\u0131kl\u0131 haline d\u00f6n\u00fc\u015ft\u00fcr\u00fcl\u00fcr. Di\u015f ile alakal\u0131 problem ya\u015fand\u0131\u011f\u0131nda bir an \u00f6nce hekime gidilip dolgu i\u015fleminin yap\u0131lmas\u0131 gerekmektedir. Yoksa di\u015fte yer alan \u00e7\u00fcr\u00fck ilerleyerek kanal tedavisi y\u00f6nteminin zorunlu k\u0131labilir. Kanal tedavisinin de geciktirilmesi halinde di\u015fin kaybetme riski ile kar\u015f\u0131la\u015f\u0131labilir.<\/p>\n<p>Dolgu yap\u0131l\u0131rken ilk olarak b\u00f6lgeye lokal anestezi uygulan\u0131r. B\u00f6ylece hastan\u0131n ac\u0131 hissetmesinin \u00f6n\u00fcne ge\u00e7ilir. Sonras\u0131nda di\u015fin \u00e7\u00fcr\u00fckl\u00fc b\u00f6lgesi temizlenerek di\u015f bo\u015falt\u0131l\u0131r. Sonras\u0131nda dolgu i\u00e7in kullan\u0131lacak malzeme ile di\u015fin i\u00e7i doldurulur. Kullan\u0131lan malzeme di\u015fin konumuna ve fonksiyonuna g\u00f6re de\u011fi\u015fiklik g\u00f6sterebilmektedir. Sonras\u0131nda ise dolgunun \u00e7abuk donmas\u0131 i\u00e7in bir cihaz kullan\u0131l\u0131r. B\u00f6ylece i\u015flem tamamlanm\u0131\u015f olur.<\/p>\n<h3>2 \u2013 Kanal Tedavisi \u2013 Di\u015f Tedavisi<\/h3>\n<p>Kanal tedavisi uygulamas\u0131 da \u00e7\u00fcr\u00fck di\u015flerin onar\u0131lmas\u0131 i\u00e7in kullan\u0131lan bir y\u00f6ntemdir. Kanal tedavisi bir hekim ya da endodontist taraf\u0131ndan yap\u0131lmal\u0131d\u0131r. Kanal tedavisi yap\u0131lmadan \u00f6nce hekim hastay\u0131 muayene eder. Hastan\u0131n di\u015fi iltihapl\u0131 ise \u00f6ncelikle antibiyotik kullanmas\u0131 gerekmektedir. Di\u015fteki iltihap ar\u0131nd\u0131r\u0131ld\u0131ktan sonra i\u015fleme ba\u015flan\u0131r.<\/p>\n<p>Kanal tedavisine ba\u015flamadan \u00f6nce de lokal anestezi uygulanmaktad\u0131r. Anestezinin etkisini g\u00f6stermesi i\u00e7in yakla\u015f\u0131k 10 dk beklenir. Sonras\u0131nda hekim di\u015fin k\u00f6k\u00fcne eri\u015fmek i\u00e7in bir delik a\u00e7ar. Delikten i\u00e7eride bulunan zararl\u0131 bakteriler ve \u00e7\u00fcr\u00fcm\u00fc\u015f siniler \u00e7\u0131kart\u0131l\u0131r. Sonras\u0131nda di\u015f kanal\u0131n\u0131n doldurulmas\u0131 sa\u011flan\u0131r. \u0130\u015flem sona erer.<\/p>\n<h3>3 \u2013 Di\u015f Beyazlatma \u0130\u015flemi<\/h3>\n<p>Di\u015f beyazlatma i\u015flemi de di\u015f renginden memnun olmayan hastalar i\u00e7in yap\u0131lan bir i\u015flemdir. Di\u015flerin rengi genetik fakt\u00f6rlere ba\u011fl\u0131 oldu\u011fu gibi bazen de g\u00fcn i\u00e7erisinde fazla t\u00fcketilen \u00e7ay kahve gibi i\u00e7eceklerden dolay\u0131 da sararmaktad\u0131r. Sigara kullan\u0131m\u0131n\u0131n da di\u015f sararmas\u0131na etkisinin b\u00fcy\u00fck oldu\u011funu s\u00f6ylemek m\u00fcmk\u00fcnd\u00fcr.<\/p>\n<p>Di\u015f beyazlatma sayesinde hasta beyaz di\u015flere sahip olarak harika g\u00fcl\u00fcmsemesine kavu\u015fmu\u015f olur. Ofis tipi beyazlatma ve ev tipi beyazlatma olmak \u00fczere iki tip beyazlatma i\u015flemi bulunmaktad\u0131r. Fakat genellikle ofis beyazlatma i\u015flemi kullan\u0131lmaktad\u0131r.<\/p>\n<p>Beyazlatma i\u015flemi i\u00e7in \u00f6ncelikle hastaya di\u015f ta\u015f\u0131 temizli\u011fi yap\u0131l\u0131r. B\u00f6ylece beyazlatma i\u015fleminin daha kal\u0131c\u0131 hale gelmesi sa\u011flan\u0131r. \u0130\u015flemin di\u015f etlerine zarar vermemesi gerekmektedir. Bunun i\u00e7in hastan\u0131n di\u015f etleri bariyer ile kapat\u0131l\u0131r. Sonra da beyazlatma jeli hastan\u0131n di\u015flerine uygulanm\u0131\u015f olur. Bu jel 3 periyod halinde uygulanmaktad\u0131r.<\/p>\n<h3>4 \u2013 Lamine Di\u015f Kaplama<\/h3>\n<p>Estetik kayg\u0131lar ile yap\u0131lan <strong>di\u015f tedavisi <\/strong>denildi\u011finde genellikle lamine di\u015f kaplama akla gelmektedir. Bu kaplama t\u00fcr\u00fc yaprak kaplama olarak da ge\u00e7mektedir. Di\u015flerinin g\u00f6r\u00fcnt\u00fcs\u00fcnden memnun olmayan hastalar i\u00e7in uygulanmaktad\u0131r. Hekim \u00f6nce hastan\u0131n di\u015flerini muayene eder ve bu kaplama t\u00fcr\u00fcne uygun olup olmad\u0131\u011f\u0131na karar verir.<\/p>\n<p>Hastan\u0131n di\u015flerine s\u00f6z konusu <strong>di\u015f tedavisi<\/strong> yap\u0131lmadan \u00f6nce lokal anestezi uygulan\u0131r. Sonras\u0131nda ise kaplama uygulanacak di\u015flere t\u00f6rp\u00fcleme i\u015flemine ba\u015flan\u0131r. Bu kaplama t\u00fcr\u00fcnde di\u011fer kaplamalara nazaran daha az kesme ve t\u00f6rp\u00fcleme i\u015flemi uygulan\u0131r. Sonra da di\u015flerin \u00f6l\u00e7\u00fcs\u00fcn\u00fcn al\u0131nmas\u0131 gerekir.<\/p>\n<p>Di\u015flerin \u00f6l\u00e7\u00fcs\u00fc al\u0131nd\u0131ktan sonra kal\u0131b\u0131n haz\u0131r olmas\u0131 beklenir. Beklenmesi gereken s\u00fcre ise genellikle 1 haftad\u0131r. Bir hasta ge\u00e7tikten sonra prova i\u00e7in hastan\u0131n klini\u011fe gitmesi gerekir. Prova ile beraber di\u015flerin hastaya uygunlu\u011fu kontrol edilmi\u015f olur. Uygun oldu\u011funun anla\u015f\u0131lmas\u0131 halinde de kaplama i\u015flemine ba\u015flan\u0131r. Kaplaman\u0131n yap\u0131\u015ft\u0131r\u0131lmas\u0131 da yakla\u015f\u0131k olarak iki saat s\u00fcrmektedir. B\u00f6ylece de <strong>di\u015f tedavisi <\/strong>tamamlan\u0131r.<\/p>\n","protected":false},"excerpt":{"rendered":"<p>Di\u015f Tedavisi Y\u00f6ntemleri Nelerdir? Di\u015f tedavisi hastalar\u0131 en \u00e7ok korkutan durumlardan bir tanesidir. \u0130nsanlar \u00e7o\u011fu zaman di\u015fleri ile alakl\u0131 bir problem ya\u015fasalar bile bir di\u015f hekimine gitmek istemezler. Bunun sebebi ise di\u015f ile alakal\u0131 tedavilere kar\u015f\u0131 \u00f6n yarg\u0131l\u0131 olmalar\u0131ndan kaynaklanmaktad\u0131r&#8230;.<\/p>\n","protected":false},"author":1,"featured_media":385,"parent":0,"menu_order":0,"comment_status":"closed","ping_status":"closed","template":"templates\/template-right-sidebar.php","meta":{"inline_featured_image":false,"footnotes":""},"class_list":["post-127","page","type-page","status-publish","has-post-thumbnail","hentry"],"_links":{"self":[{"href":"https:\/\/westmodernclinic.com\/tr\/wp-json\/wp\/v2\/pages\/127","targetHints":{"allow":["GET"]}}],"collection":[{"href":"https:\/\/westmodernclinic.com\/tr\/wp-json\/wp\/v2\/pages"}],"about":[{"href":"https:\/\/westmodernclinic.com\/tr\/wp-json\/wp\/v2\/types\/page"}],"author":[{"embeddable":true,"href":"https:\/\/westmodernclinic.com\/tr\/wp-json\/wp\/v2\/users\/1"}],"replies":[{"embeddable":true,"href":"https:\/\/westmodernclinic.com\/tr\/wp-json\/wp\/v2\/comments?post=127"}],"version-history":[{"count":4,"href":"https:\/\/westmodernclinic.com\/tr\/wp-json\/wp\/v2\/pages\/127\/revisions"}],"predecessor-version":[{"id":387,"href":"https:\/\/westmodernclinic.com\/tr\/wp-json\/wp\/v2\/pages\/127\/revisions\/387"}],"wp:featuredmedia":[{"embeddable":true,"href":"https:\/\/westmodernclinic.com\/tr\/wp-json\/wp\/v2\/media\/385"}],"wp:attachment":[{"href":"https:\/\/westmodernclinic.com\/tr\/wp-json\/wp\/v2\/media?parent=127"}],"curies":[{"name":"wp","href":"https:\/\/api.w.org\/{rel}","templated":true}]}}